{"id":1536,"date":"2025-05-20T10:14:05","date_gmt":"2025-05-20T10:14:05","guid":{"rendered":"http:\/\/anchorallied.com\/fr\/?post_type=product&#038;p=1536"},"modified":"2025-07-27T15:43:25","modified_gmt":"2025-07-27T15:43:25","slug":"alu-pet-tapes","status":"publish","type":"product","link":"https:\/\/anchorallied.com\/fr\/product\/alu-pet-tapes\/","title":{"rendered":"Ruban aluminium PET"},"content":{"rendered":"<p>ALU PET TAPE<br \/>\nRuban \u00e0 support PET-aluminium (Polyester 12 microns \/ Aluminium 7 microns) lamin\u00e9, associ\u00e9 \u00e0 un adh\u00e9sif acrylique solvant\u00e9 haute performance.<br \/>\nLe support PET-aluminium assure une excellente r\u00e9flexion thermique et lumineuse.<br \/>\nAdh\u00e9sif de qualit\u00e9 sup\u00e9rieure offrant une forte adh\u00e9rence et une tenue durable.<br \/>\nUtilis\u00e9 pour le scellement permanent, la lamination dans les syst\u00e8mes de climatisation, les toitures (solins, joints, isolations).<br \/>\nFaible perm\u00e9abilit\u00e9 \u00e0 la vapeur d\u2019eau garantissant une \u00e9tanch\u00e9it\u00e9 et un collage optimaux.<\/p>\n","protected":false},"excerpt":{"rendered":"<p>RUBAN ALU PET : ruban adh\u00e9sif r\u00e9fl\u00e9chissant et durable en PET avec un adh\u00e9sif puissant pour l&#8217;\u00e9tanch\u00e9it\u00e9, l&#8217;isolation et la plastification.<\/p>\n","protected":false},"featured_media":1675,"comment_status":"open","ping_status":"closed","template":"","meta":{"_acf_changed":false},"product_brand":[],"product_cat":[179,180],"product_tag":[],"class_list":{"0":"post-1536","1":"product","2":"type-product","3":"status-publish","4":"has-post-thumbnail","6":"product_cat-rubans-adhesifs","7":"product_cat-rubans-en-aluminium","9":"first","10":"instock","11":"shipping-taxable","12":"product-type-simple"},"acf":[],"yoast_head":"<!-- This site is optimized with the Yoast SEO plugin v27.3 - https:\/\/yoast.com\/product\/yoast-seo-wordpress\/ -->\n<title>Ruban aluminium PET - anchoralliedfactory<\/title>\n<meta name=\"robots\" content=\"index, follow, max-snippet:-1, max-image-preview:large, max-video-preview:-1\" \/>\n<link rel=\"canonical\" href=\"https:\/\/anchorallied.com\/fr\/product\/alu-pet-tapes\/\" \/>\n<meta property=\"og:locale\" content=\"en_US\" \/>\n<meta property=\"og:type\" content=\"article\" \/>\n<meta property=\"og:title\" content=\"Ruban aluminium PET - anchoralliedfactory\" \/>\n<meta property=\"og:description\" content=\"RUBAN ALU PET : ruban adh\u00e9sif r\u00e9fl\u00e9chissant et durable en PET avec un adh\u00e9sif puissant pour l&#039;\u00e9tanch\u00e9it\u00e9, l&#039;isolation et la plastification.\" \/>\n<meta property=\"og:url\" content=\"https:\/\/anchorallied.com\/fr\/product\/alu-pet-tapes\/\" \/>\n<meta property=\"og:site_name\" content=\"anchoralliedfactory\" \/>\n<meta property=\"article:modified_time\" content=\"2025-07-27T15:43:25+00:00\" \/>\n<meta property=\"og:image\" content=\"https:\/\/anchorallied.com\/fr\/wp-content\/uploads\/2025\/05\/ALU-PET-TAPE-New_11zon-scaled.jpg\" \/>\n\t<meta property=\"og:image:width\" content=\"2560\" \/>\n\t<meta property=\"og:image:height\" content=\"2560\" \/>\n\t<meta property=\"og:image:type\" content=\"image\/jpeg\" \/>\n<meta name=\"twitter:card\" content=\"summary_large_image\" \/>\n<script type=\"application\/ld+json\" class=\"yoast-schema-graph\">{\"@context\":\"https:\\\/\\\/schema.org\",\"@graph\":[{\"@type\":\"WebPage\",\"@id\":\"https:\\\/\\\/anchorallied.com\\\/fr\\\/product\\\/alu-pet-tapes\\\/\",\"url\":\"https:\\\/\\\/anchorallied.com\\\/fr\\\/product\\\/alu-pet-tapes\\\/\",\"name\":\"Ruban aluminium PET - anchoralliedfactory\",\"isPartOf\":{\"@id\":\"https:\\\/\\\/anchorallied.com\\\/fr\\\/#website\"},\"primaryImageOfPage\":{\"@id\":\"https:\\\/\\\/anchorallied.com\\\/fr\\\/product\\\/alu-pet-tapes\\\/#primaryimage\"},\"image\":{\"@id\":\"https:\\\/\\\/anchorallied.com\\\/fr\\\/product\\\/alu-pet-tapes\\\/#primaryimage\"},\"thumbnailUrl\":\"https:\\\/\\\/anchorallied.com\\\/fr\\\/wp-content\\\/uploads\\\/2025\\\/05\\\/ALU-PET-TAPE-New_11zon-scaled.jpg\",\"datePublished\":\"2025-05-20T10:14:05+00:00\",\"dateModified\":\"2025-07-27T15:43:25+00:00\",\"breadcrumb\":{\"@id\":\"https:\\\/\\\/anchorallied.com\\\/fr\\\/product\\\/alu-pet-tapes\\\/#breadcrumb\"},\"inLanguage\":\"en\",\"potentialAction\":[{\"@type\":\"ReadAction\",\"target\":[\"https:\\\/\\\/anchorallied.com\\\/fr\\\/product\\\/alu-pet-tapes\\\/\"]}]},{\"@type\":\"ImageObject\",\"inLanguage\":\"en\",\"@id\":\"https:\\\/\\\/anchorallied.com\\\/fr\\\/product\\\/alu-pet-tapes\\\/#primaryimage\",\"url\":\"https:\\\/\\\/anchorallied.com\\\/fr\\\/wp-content\\\/uploads\\\/2025\\\/05\\\/ALU-PET-TAPE-New_11zon-scaled.jpg\",\"contentUrl\":\"https:\\\/\\\/anchorallied.com\\\/fr\\\/wp-content\\\/uploads\\\/2025\\\/05\\\/ALU-PET-TAPE-New_11zon-scaled.jpg\",\"width\":2560,\"height\":2560},{\"@type\":\"BreadcrumbList\",\"@id\":\"https:\\\/\\\/anchorallied.com\\\/fr\\\/product\\\/alu-pet-tapes\\\/#breadcrumb\",\"itemListElement\":[{\"@type\":\"ListItem\",\"position\":1,\"name\":\"Home\",\"item\":\"http:\\\/\\\/en.anchorallied.com\\\/fr\\\/\"},{\"@type\":\"ListItem\",\"position\":2,\"name\":\"Shop\",\"item\":\"https:\\\/\\\/en.anchorallied.com\\\/fr\\\/shop\\\/\"},{\"@type\":\"ListItem\",\"position\":3,\"name\":\"Ruban aluminium PET\"}]},{\"@type\":\"WebSite\",\"@id\":\"https:\\\/\\\/anchorallied.com\\\/fr\\\/#website\",\"url\":\"https:\\\/\\\/anchorallied.com\\\/fr\\\/\",\"name\":\"anchoralliedfactory\",\"description\":\"\",\"potentialAction\":[{\"@type\":\"SearchAction\",\"target\":{\"@type\":\"EntryPoint\",\"urlTemplate\":\"https:\\\/\\\/anchorallied.com\\\/fr\\\/?s={search_term_string}\"},\"query-input\":{\"@type\":\"PropertyValueSpecification\",\"valueRequired\":true,\"valueName\":\"search_term_string\"}}],\"inLanguage\":\"en\"}]}<\/script>\n<!-- \/ Yoast SEO plugin. -->","yoast_head_json":{"title":"Ruban aluminium PET - anchoralliedfactory","robots":{"index":"index","follow":"follow","max-snippet":"max-snippet:-1","max-image-preview":"max-image-preview:large","max-video-preview":"max-video-preview:-1"},"canonical":"https:\/\/anchorallied.com\/fr\/product\/alu-pet-tapes\/","og_locale":"en_US","og_type":"article","og_title":"Ruban aluminium PET - anchoralliedfactory","og_description":"RUBAN ALU PET : ruban adh\u00e9sif r\u00e9fl\u00e9chissant et durable en PET avec un adh\u00e9sif puissant pour l'\u00e9tanch\u00e9it\u00e9, l'isolation et la plastification.","og_url":"https:\/\/anchorallied.com\/fr\/product\/alu-pet-tapes\/","og_site_name":"anchoralliedfactory","article_modified_time":"2025-07-27T15:43:25+00:00","og_image":[{"width":2560,"height":2560,"url":"https:\/\/anchorallied.com\/fr\/wp-content\/uploads\/2025\/05\/ALU-PET-TAPE-New_11zon-scaled.jpg","type":"image\/jpeg"}],"twitter_card":"summary_large_image","schema":{"@context":"https:\/\/schema.org","@graph":[{"@type":"WebPage","@id":"https:\/\/anchorallied.com\/fr\/product\/alu-pet-tapes\/","url":"https:\/\/anchorallied.com\/fr\/product\/alu-pet-tapes\/","name":"Ruban aluminium PET - anchoralliedfactory","isPartOf":{"@id":"https:\/\/anchorallied.com\/fr\/#website"},"primaryImageOfPage":{"@id":"https:\/\/anchorallied.com\/fr\/product\/alu-pet-tapes\/#primaryimage"},"image":{"@id":"https:\/\/anchorallied.com\/fr\/product\/alu-pet-tapes\/#primaryimage"},"thumbnailUrl":"https:\/\/anchorallied.com\/fr\/wp-content\/uploads\/2025\/05\/ALU-PET-TAPE-New_11zon-scaled.jpg","datePublished":"2025-05-20T10:14:05+00:00","dateModified":"2025-07-27T15:43:25+00:00","breadcrumb":{"@id":"https:\/\/anchorallied.com\/fr\/product\/alu-pet-tapes\/#breadcrumb"},"inLanguage":"en","potentialAction":[{"@type":"ReadAction","target":["https:\/\/anchorallied.com\/fr\/product\/alu-pet-tapes\/"]}]},{"@type":"ImageObject","inLanguage":"en","@id":"https:\/\/anchorallied.com\/fr\/product\/alu-pet-tapes\/#primaryimage","url":"https:\/\/anchorallied.com\/fr\/wp-content\/uploads\/2025\/05\/ALU-PET-TAPE-New_11zon-scaled.jpg","contentUrl":"https:\/\/anchorallied.com\/fr\/wp-content\/uploads\/2025\/05\/ALU-PET-TAPE-New_11zon-scaled.jpg","width":2560,"height":2560},{"@type":"BreadcrumbList","@id":"https:\/\/anchorallied.com\/fr\/product\/alu-pet-tapes\/#breadcrumb","itemListElement":[{"@type":"ListItem","position":1,"name":"Home","item":"http:\/\/en.anchorallied.com\/fr\/"},{"@type":"ListItem","position":2,"name":"Shop","item":"https:\/\/en.anchorallied.com\/fr\/shop\/"},{"@type":"ListItem","position":3,"name":"Ruban aluminium PET"}]},{"@type":"WebSite","@id":"https:\/\/anchorallied.com\/fr\/#website","url":"https:\/\/anchorallied.com\/fr\/","name":"anchoralliedfactory","description":"","potentialAction":[{"@type":"SearchAction","target":{"@type":"EntryPoint","urlTemplate":"https:\/\/anchorallied.com\/fr\/?s={search_term_string}"},"query-input":{"@type":"PropertyValueSpecification","valueRequired":true,"valueName":"search_term_string"}}],"inLanguage":"en"}]}},"_links":{"self":[{"href":"https:\/\/anchorallied.com\/fr\/wp-json\/wp\/v2\/product\/1536","targetHints":{"allow":["GET"]}}],"collection":[{"href":"https:\/\/anchorallied.com\/fr\/wp-json\/wp\/v2\/product"}],"about":[{"href":"https:\/\/anchorallied.com\/fr\/wp-json\/wp\/v2\/types\/product"}],"replies":[{"embeddable":true,"href":"https:\/\/anchorallied.com\/fr\/wp-json\/wp\/v2\/comments?post=1536"}],"wp:featuredmedia":[{"embeddable":true,"href":"https:\/\/anchorallied.com\/fr\/wp-json\/wp\/v2\/media\/1675"}],"wp:attachment":[{"href":"https:\/\/anchorallied.com\/fr\/wp-json\/wp\/v2\/media?parent=1536"}],"wp:term":[{"taxonomy":"product_brand","embeddable":true,"href":"https:\/\/anchorallied.com\/fr\/wp-json\/wp\/v2\/product_brand?post=1536"},{"taxonomy":"product_cat","embeddable":true,"href":"https:\/\/anchorallied.com\/fr\/wp-json\/wp\/v2\/product_cat?post=1536"},{"taxonomy":"product_tag","embeddable":true,"href":"https:\/\/anchorallied.com\/fr\/wp-json\/wp\/v2\/product_tag?post=1536"}],"curies":[{"name":"wp","href":"https:\/\/api.w.org\/{rel}","templated":true}]}}