{"id":1582,"date":"2025-05-20T11:03:14","date_gmt":"2025-05-20T11:03:14","guid":{"rendered":"http:\/\/anchorallied.com\/fr\/?post_type=product&#038;p=1582"},"modified":"2026-04-13T05:47:02","modified_gmt":"2026-04-13T05:47:02","slug":"weldfix-cpvc-914","status":"publish","type":"product","link":"https:\/\/anchorallied.com\/fr\/product\/weldfix-cpvc-914\/","title":{"rendered":"Colle CPVC WELDFIX P 914"},"content":{"rendered":"<p>WELDFIX PVC CEMENT<br \/>\nAdh\u00e9sif haute performance pour PVC rigide et CPVC, garantissant un collage \u00e9tanche et r\u00e9sistant aux hautes pressions.<br \/>\nViscosit\u00e9 moyenne favorisant la p\u00e9n\u00e9tration dans les joints, assurant une liaison durable et sans fuite.<br \/>\nConvient aux syst\u00e8mes de plomberie potable, construction et industrie. Conforme aux normes internationales BS et ASTM.<\/p>\n","protected":false},"excerpt":{"rendered":"<p>Le ciment PVC WELDFIX est un adh\u00e9sif \u00e0 base de solvant sp\u00e9cialement formul\u00e9 pour le collage et l&#8217;\u00e9tanch\u00e9it\u00e9 des tuyaux et raccords en PVC rigide (U-PVC) et CPVC. Avec une viscosit\u00e9 moyenne viscosity and excellent penetrating properties, it provides a strong, waterproof bond that is ideal for high-pressure applications. Once fully cured, it is safe for use in drinking water systems and complies with international standards including BS and ASTM<\/p>\n","protected":false},"featured_media":2738,"comment_status":"open","ping_status":"closed","template":"","meta":{"_acf_changed":false},"product_brand":[],"product_cat":[148,145],"product_tag":[],"class_list":{"0":"post-1582","1":"product","2":"type-product","3":"status-publish","4":"has-post-thumbnail","6":"product_cat-adhesifs","7":"product_cat-ciments-pvc","9":"first","10":"instock","11":"shipping-taxable","12":"product-type-simple"},"acf":[],"yoast_head":"<!-- This site is optimized with the Yoast SEO plugin v27.3 - https:\/\/yoast.com\/product\/yoast-seo-wordpress\/ -->\n<title>Colle CPVC WELDFIX P 914 - anchoralliedfactory<\/title>\n<meta name=\"robots\" content=\"index, follow, max-snippet:-1, max-image-preview:large, max-video-preview:-1\" \/>\n<link rel=\"canonical\" href=\"https:\/\/anchorallied.com\/fr\/product\/weldfix-cpvc-914\/\" \/>\n<meta property=\"og:locale\" content=\"en_US\" \/>\n<meta property=\"og:type\" content=\"article\" \/>\n<meta property=\"og:title\" content=\"Colle CPVC WELDFIX P 914 - anchoralliedfactory\" \/>\n<meta property=\"og:description\" content=\"Le ciment PVC WELDFIX est un adh\u00e9sif \u00e0 base de solvant sp\u00e9cialement formul\u00e9 pour le collage et l&#039;\u00e9tanch\u00e9it\u00e9 des tuyaux et raccords en PVC rigide (U-PVC) et CPVC. Avec une viscosit\u00e9 moyenne viscosity and excellent penetrating properties, it provides a strong, waterproof bond that is ideal for high-pressure applications. Once fully cured, it is safe for use in drinking water systems and complies with international standards including BS and ASTM\" \/>\n<meta property=\"og:url\" content=\"https:\/\/anchorallied.com\/fr\/product\/weldfix-cpvc-914\/\" \/>\n<meta property=\"og:site_name\" content=\"anchoralliedfactory\" \/>\n<meta property=\"article:modified_time\" content=\"2026-04-13T05:47:02+00:00\" \/>\n<meta property=\"og:image\" content=\"http:\/\/anchorallied.com\/fr\/wp-content\/uploads\/2025\/05\/PVC-_0004_CPVC-118.jpg\" \/>\n\t<meta property=\"og:image:width\" content=\"1200\" \/>\n\t<meta property=\"og:image:height\" content=\"1200\" \/>\n\t<meta property=\"og:image:type\" content=\"image\/jpeg\" \/>\n<meta name=\"twitter:card\" content=\"summary_large_image\" \/>\n<meta name=\"twitter:label1\" content=\"Est. reading time\" \/>\n\t<meta name=\"twitter:data1\" content=\"1 minute\" \/>\n<script type=\"application\/ld+json\" class=\"yoast-schema-graph\">{\"@context\":\"https:\\\/\\\/schema.org\",\"@graph\":[{\"@type\":\"WebPage\",\"@id\":\"https:\\\/\\\/anchorallied.com\\\/fr\\\/product\\\/weldfix-cpvc-914\\\/\",\"url\":\"https:\\\/\\\/anchorallied.com\\\/fr\\\/product\\\/weldfix-cpvc-914\\\/\",\"name\":\"Colle CPVC WELDFIX P 914 - anchoralliedfactory\",\"isPartOf\":{\"@id\":\"https:\\\/\\\/anchorallied.com\\\/fr\\\/#website\"},\"primaryImageOfPage\":{\"@id\":\"https:\\\/\\\/anchorallied.com\\\/fr\\\/product\\\/weldfix-cpvc-914\\\/#primaryimage\"},\"image\":{\"@id\":\"https:\\\/\\\/anchorallied.com\\\/fr\\\/product\\\/weldfix-cpvc-914\\\/#primaryimage\"},\"thumbnailUrl\":\"https:\\\/\\\/anchorallied.com\\\/fr\\\/wp-content\\\/uploads\\\/2025\\\/05\\\/PVC-_0004_CPVC-118.jpg\",\"datePublished\":\"2025-05-20T11:03:14+00:00\",\"dateModified\":\"2026-04-13T05:47:02+00:00\",\"breadcrumb\":{\"@id\":\"https:\\\/\\\/anchorallied.com\\\/fr\\\/product\\\/weldfix-cpvc-914\\\/#breadcrumb\"},\"inLanguage\":\"en\",\"potentialAction\":[{\"@type\":\"ReadAction\",\"target\":[\"https:\\\/\\\/anchorallied.com\\\/fr\\\/product\\\/weldfix-cpvc-914\\\/\"]}]},{\"@type\":\"ImageObject\",\"inLanguage\":\"en\",\"@id\":\"https:\\\/\\\/anchorallied.com\\\/fr\\\/product\\\/weldfix-cpvc-914\\\/#primaryimage\",\"url\":\"https:\\\/\\\/anchorallied.com\\\/fr\\\/wp-content\\\/uploads\\\/2025\\\/05\\\/PVC-_0004_CPVC-118.jpg\",\"contentUrl\":\"https:\\\/\\\/anchorallied.com\\\/fr\\\/wp-content\\\/uploads\\\/2025\\\/05\\\/PVC-_0004_CPVC-118.jpg\",\"width\":1200,\"height\":1200},{\"@type\":\"BreadcrumbList\",\"@id\":\"https:\\\/\\\/anchorallied.com\\\/fr\\\/product\\\/weldfix-cpvc-914\\\/#breadcrumb\",\"itemListElement\":[{\"@type\":\"ListItem\",\"position\":1,\"name\":\"Home\",\"item\":\"http:\\\/\\\/en.anchorallied.com\\\/fr\\\/\"},{\"@type\":\"ListItem\",\"position\":2,\"name\":\"Shop\",\"item\":\"https:\\\/\\\/en.anchorallied.com\\\/fr\\\/shop\\\/\"},{\"@type\":\"ListItem\",\"position\":3,\"name\":\"Colle CPVC WELDFIX P 914\"}]},{\"@type\":\"WebSite\",\"@id\":\"https:\\\/\\\/anchorallied.com\\\/fr\\\/#website\",\"url\":\"https:\\\/\\\/anchorallied.com\\\/fr\\\/\",\"name\":\"anchoralliedfactory\",\"description\":\"\",\"potentialAction\":[{\"@type\":\"SearchAction\",\"target\":{\"@type\":\"EntryPoint\",\"urlTemplate\":\"https:\\\/\\\/anchorallied.com\\\/fr\\\/?s={search_term_string}\"},\"query-input\":{\"@type\":\"PropertyValueSpecification\",\"valueRequired\":true,\"valueName\":\"search_term_string\"}}],\"inLanguage\":\"en\"}]}<\/script>\n<!-- \/ Yoast SEO plugin. -->","yoast_head_json":{"title":"Colle CPVC WELDFIX P 914 - anchoralliedfactory","robots":{"index":"index","follow":"follow","max-snippet":"max-snippet:-1","max-image-preview":"max-image-preview:large","max-video-preview":"max-video-preview:-1"},"canonical":"https:\/\/anchorallied.com\/fr\/product\/weldfix-cpvc-914\/","og_locale":"en_US","og_type":"article","og_title":"Colle CPVC WELDFIX P 914 - anchoralliedfactory","og_description":"Le ciment PVC WELDFIX est un adh\u00e9sif \u00e0 base de solvant sp\u00e9cialement formul\u00e9 pour le collage et l'\u00e9tanch\u00e9it\u00e9 des tuyaux et raccords en PVC rigide (U-PVC) et CPVC. Avec une viscosit\u00e9 moyenne viscosity and excellent penetrating properties, it provides a strong, waterproof bond that is ideal for high-pressure applications. Once fully cured, it is safe for use in drinking water systems and complies with international standards including BS and ASTM","og_url":"https:\/\/anchorallied.com\/fr\/product\/weldfix-cpvc-914\/","og_site_name":"anchoralliedfactory","article_modified_time":"2026-04-13T05:47:02+00:00","og_image":[{"width":1200,"height":1200,"url":"http:\/\/anchorallied.com\/fr\/wp-content\/uploads\/2025\/05\/PVC-_0004_CPVC-118.jpg","type":"image\/jpeg"}],"twitter_card":"summary_large_image","twitter_misc":{"Est. reading time":"1 minute"},"schema":{"@context":"https:\/\/schema.org","@graph":[{"@type":"WebPage","@id":"https:\/\/anchorallied.com\/fr\/product\/weldfix-cpvc-914\/","url":"https:\/\/anchorallied.com\/fr\/product\/weldfix-cpvc-914\/","name":"Colle CPVC WELDFIX P 914 - anchoralliedfactory","isPartOf":{"@id":"https:\/\/anchorallied.com\/fr\/#website"},"primaryImageOfPage":{"@id":"https:\/\/anchorallied.com\/fr\/product\/weldfix-cpvc-914\/#primaryimage"},"image":{"@id":"https:\/\/anchorallied.com\/fr\/product\/weldfix-cpvc-914\/#primaryimage"},"thumbnailUrl":"https:\/\/anchorallied.com\/fr\/wp-content\/uploads\/2025\/05\/PVC-_0004_CPVC-118.jpg","datePublished":"2025-05-20T11:03:14+00:00","dateModified":"2026-04-13T05:47:02+00:00","breadcrumb":{"@id":"https:\/\/anchorallied.com\/fr\/product\/weldfix-cpvc-914\/#breadcrumb"},"inLanguage":"en","potentialAction":[{"@type":"ReadAction","target":["https:\/\/anchorallied.com\/fr\/product\/weldfix-cpvc-914\/"]}]},{"@type":"ImageObject","inLanguage":"en","@id":"https:\/\/anchorallied.com\/fr\/product\/weldfix-cpvc-914\/#primaryimage","url":"https:\/\/anchorallied.com\/fr\/wp-content\/uploads\/2025\/05\/PVC-_0004_CPVC-118.jpg","contentUrl":"https:\/\/anchorallied.com\/fr\/wp-content\/uploads\/2025\/05\/PVC-_0004_CPVC-118.jpg","width":1200,"height":1200},{"@type":"BreadcrumbList","@id":"https:\/\/anchorallied.com\/fr\/product\/weldfix-cpvc-914\/#breadcrumb","itemListElement":[{"@type":"ListItem","position":1,"name":"Home","item":"http:\/\/en.anchorallied.com\/fr\/"},{"@type":"ListItem","position":2,"name":"Shop","item":"https:\/\/en.anchorallied.com\/fr\/shop\/"},{"@type":"ListItem","position":3,"name":"Colle CPVC WELDFIX P 914"}]},{"@type":"WebSite","@id":"https:\/\/anchorallied.com\/fr\/#website","url":"https:\/\/anchorallied.com\/fr\/","name":"anchoralliedfactory","description":"","potentialAction":[{"@type":"SearchAction","target":{"@type":"EntryPoint","urlTemplate":"https:\/\/anchorallied.com\/fr\/?s={search_term_string}"},"query-input":{"@type":"PropertyValueSpecification","valueRequired":true,"valueName":"search_term_string"}}],"inLanguage":"en"}]}},"_links":{"self":[{"href":"https:\/\/anchorallied.com\/fr\/wp-json\/wp\/v2\/product\/1582","targetHints":{"allow":["GET"]}}],"collection":[{"href":"https:\/\/anchorallied.com\/fr\/wp-json\/wp\/v2\/product"}],"about":[{"href":"https:\/\/anchorallied.com\/fr\/wp-json\/wp\/v2\/types\/product"}],"replies":[{"embeddable":true,"href":"https:\/\/anchorallied.com\/fr\/wp-json\/wp\/v2\/comments?post=1582"}],"wp:featuredmedia":[{"embeddable":true,"href":"https:\/\/anchorallied.com\/fr\/wp-json\/wp\/v2\/media\/2738"}],"wp:attachment":[{"href":"https:\/\/anchorallied.com\/fr\/wp-json\/wp\/v2\/media?parent=1582"}],"wp:term":[{"taxonomy":"product_brand","embeddable":true,"href":"https:\/\/anchorallied.com\/fr\/wp-json\/wp\/v2\/product_brand?post=1582"},{"taxonomy":"product_cat","embeddable":true,"href":"https:\/\/anchorallied.com\/fr\/wp-json\/wp\/v2\/product_cat?post=1582"},{"taxonomy":"product_tag","embeddable":true,"href":"https:\/\/anchorallied.com\/fr\/wp-json\/wp\/v2\/product_tag?post=1582"}],"curies":[{"name":"wp","href":"https:\/\/api.w.org\/{rel}","templated":true}]}}