{"id":1601,"date":"2025-05-20T11:16:42","date_gmt":"2025-05-20T11:16:42","guid":{"rendered":"http:\/\/anchorallied.com\/fr\/?post_type=product&#038;p=1601"},"modified":"2026-04-13T05:55:30","modified_gmt":"2026-04-13T05:55:30","slug":"marble-adhesive","status":"publish","type":"product","link":"https:\/\/anchorallied.com\/fr\/product\/marble-adhesive\/","title":{"rendered":"Colle ASMACO pour granit et marbre"},"content":{"rendered":"<p>ASMACO GRANITE MARBLE ADHESIVE<br \/>\nAdh\u00e9sif bi-composant \u00e0 base de r\u00e9sine polyester insatur\u00e9e, \u00e0 s\u00e9chage rapide, sp\u00e9cialement con\u00e7u pour le collage, la r\u00e9paration et le rebouchage des marbres, pierres naturelles, travertins, c\u00e9ramiques, briques, etc.<br \/>\nUtilisable en application verticale et horizontale.<br \/>\nTemps de prise rapide (3\u20135 min \u00e0 25\u202f\u00b0C), faible retrait, haute brillance apr\u00e8s polissage, excellente r\u00e9sistance au vieillissement, forte r\u00e9activit\u00e9 et inertie chimique.<\/p>\n","protected":false},"excerpt":{"rendered":"<p>ADHESIF MARBRE GRANITE ASMACO : adh\u00e9sif bicomposant \u00e0 durcissement rapide pour la fixation, la r\u00e9paration du marbre et des pierres naturelles<\/p>\n","protected":false},"featured_media":2933,"comment_status":"open","ping_status":"closed","template":"","meta":{"_acf_changed":false},"product_brand":[],"product_cat":[148,191],"product_tag":[],"class_list":{"0":"post-1601","1":"product","2":"type-product","3":"status-publish","4":"has-post-thumbnail","6":"product_cat-adhesifs","7":"product_cat-colle-pour-marbre","9":"first","10":"instock","11":"shipping-taxable","12":"product-type-simple"},"acf":[],"yoast_head":"<!-- This site is optimized with the Yoast SEO plugin v27.3 - https:\/\/yoast.com\/product\/yoast-seo-wordpress\/ -->\n<title>Colle ASMACO pour granit et marbre - anchoralliedfactory<\/title>\n<meta name=\"robots\" content=\"index, follow, max-snippet:-1, max-image-preview:large, max-video-preview:-1\" \/>\n<link rel=\"canonical\" href=\"https:\/\/anchorallied.com\/fr\/product\/marble-adhesive\/\" \/>\n<meta property=\"og:locale\" content=\"en_US\" \/>\n<meta property=\"og:type\" content=\"article\" \/>\n<meta property=\"og:title\" content=\"Colle ASMACO pour granit et marbre - anchoralliedfactory\" \/>\n<meta property=\"og:description\" content=\"ADHESIF MARBRE GRANITE ASMACO : adh\u00e9sif bicomposant \u00e0 durcissement rapide pour la fixation, la r\u00e9paration du marbre et des pierres naturelles\" \/>\n<meta property=\"og:url\" content=\"https:\/\/anchorallied.com\/fr\/product\/marble-adhesive\/\" \/>\n<meta property=\"og:site_name\" content=\"anchoralliedfactory\" \/>\n<meta property=\"article:modified_time\" content=\"2026-04-13T05:55:30+00:00\" \/>\n<meta property=\"og:image\" content=\"http:\/\/anchorallied.com\/fr\/wp-content\/uploads\/2025\/05\/Anc__0012_Marble-adhesive-3d.jpg\" \/>\n\t<meta property=\"og:image:width\" content=\"1200\" \/>\n\t<meta property=\"og:image:height\" content=\"1200\" \/>\n\t<meta property=\"og:image:type\" content=\"image\/jpeg\" \/>\n<meta name=\"twitter:card\" content=\"summary_large_image\" \/>\n<meta name=\"twitter:label1\" content=\"Est. reading time\" \/>\n\t<meta name=\"twitter:data1\" content=\"1 minute\" \/>\n<script type=\"application\/ld+json\" class=\"yoast-schema-graph\">{\"@context\":\"https:\\\/\\\/schema.org\",\"@graph\":[{\"@type\":\"WebPage\",\"@id\":\"https:\\\/\\\/anchorallied.com\\\/fr\\\/product\\\/marble-adhesive\\\/\",\"url\":\"https:\\\/\\\/anchorallied.com\\\/fr\\\/product\\\/marble-adhesive\\\/\",\"name\":\"Colle ASMACO pour granit et marbre - anchoralliedfactory\",\"isPartOf\":{\"@id\":\"https:\\\/\\\/anchorallied.com\\\/fr\\\/#website\"},\"primaryImageOfPage\":{\"@id\":\"https:\\\/\\\/anchorallied.com\\\/fr\\\/product\\\/marble-adhesive\\\/#primaryimage\"},\"image\":{\"@id\":\"https:\\\/\\\/anchorallied.com\\\/fr\\\/product\\\/marble-adhesive\\\/#primaryimage\"},\"thumbnailUrl\":\"https:\\\/\\\/anchorallied.com\\\/fr\\\/wp-content\\\/uploads\\\/2025\\\/05\\\/Anc__0012_Marble-adhesive-3d.jpg\",\"datePublished\":\"2025-05-20T11:16:42+00:00\",\"dateModified\":\"2026-04-13T05:55:30+00:00\",\"breadcrumb\":{\"@id\":\"https:\\\/\\\/anchorallied.com\\\/fr\\\/product\\\/marble-adhesive\\\/#breadcrumb\"},\"inLanguage\":\"en\",\"potentialAction\":[{\"@type\":\"ReadAction\",\"target\":[\"https:\\\/\\\/anchorallied.com\\\/fr\\\/product\\\/marble-adhesive\\\/\"]}]},{\"@type\":\"ImageObject\",\"inLanguage\":\"en\",\"@id\":\"https:\\\/\\\/anchorallied.com\\\/fr\\\/product\\\/marble-adhesive\\\/#primaryimage\",\"url\":\"https:\\\/\\\/anchorallied.com\\\/fr\\\/wp-content\\\/uploads\\\/2025\\\/05\\\/Anc__0012_Marble-adhesive-3d.jpg\",\"contentUrl\":\"https:\\\/\\\/anchorallied.com\\\/fr\\\/wp-content\\\/uploads\\\/2025\\\/05\\\/Anc__0012_Marble-adhesive-3d.jpg\",\"width\":1200,\"height\":1200},{\"@type\":\"BreadcrumbList\",\"@id\":\"https:\\\/\\\/anchorallied.com\\\/fr\\\/product\\\/marble-adhesive\\\/#breadcrumb\",\"itemListElement\":[{\"@type\":\"ListItem\",\"position\":1,\"name\":\"Home\",\"item\":\"http:\\\/\\\/en.anchorallied.com\\\/fr\\\/\"},{\"@type\":\"ListItem\",\"position\":2,\"name\":\"Shop\",\"item\":\"https:\\\/\\\/en.anchorallied.com\\\/fr\\\/shop\\\/\"},{\"@type\":\"ListItem\",\"position\":3,\"name\":\"Colle ASMACO pour granit et marbre\"}]},{\"@type\":\"WebSite\",\"@id\":\"https:\\\/\\\/anchorallied.com\\\/fr\\\/#website\",\"url\":\"https:\\\/\\\/anchorallied.com\\\/fr\\\/\",\"name\":\"anchoralliedfactory\",\"description\":\"\",\"potentialAction\":[{\"@type\":\"SearchAction\",\"target\":{\"@type\":\"EntryPoint\",\"urlTemplate\":\"https:\\\/\\\/anchorallied.com\\\/fr\\\/?s={search_term_string}\"},\"query-input\":{\"@type\":\"PropertyValueSpecification\",\"valueRequired\":true,\"valueName\":\"search_term_string\"}}],\"inLanguage\":\"en\"}]}<\/script>\n<!-- \/ Yoast SEO plugin. -->","yoast_head_json":{"title":"Colle ASMACO pour granit et marbre - anchoralliedfactory","robots":{"index":"index","follow":"follow","max-snippet":"max-snippet:-1","max-image-preview":"max-image-preview:large","max-video-preview":"max-video-preview:-1"},"canonical":"https:\/\/anchorallied.com\/fr\/product\/marble-adhesive\/","og_locale":"en_US","og_type":"article","og_title":"Colle ASMACO pour granit et marbre - anchoralliedfactory","og_description":"ADHESIF MARBRE GRANITE ASMACO : adh\u00e9sif bicomposant \u00e0 durcissement rapide pour la fixation, la r\u00e9paration du marbre et des pierres naturelles","og_url":"https:\/\/anchorallied.com\/fr\/product\/marble-adhesive\/","og_site_name":"anchoralliedfactory","article_modified_time":"2026-04-13T05:55:30+00:00","og_image":[{"width":1200,"height":1200,"url":"http:\/\/anchorallied.com\/fr\/wp-content\/uploads\/2025\/05\/Anc__0012_Marble-adhesive-3d.jpg","type":"image\/jpeg"}],"twitter_card":"summary_large_image","twitter_misc":{"Est. reading time":"1 minute"},"schema":{"@context":"https:\/\/schema.org","@graph":[{"@type":"WebPage","@id":"https:\/\/anchorallied.com\/fr\/product\/marble-adhesive\/","url":"https:\/\/anchorallied.com\/fr\/product\/marble-adhesive\/","name":"Colle ASMACO pour granit et marbre - anchoralliedfactory","isPartOf":{"@id":"https:\/\/anchorallied.com\/fr\/#website"},"primaryImageOfPage":{"@id":"https:\/\/anchorallied.com\/fr\/product\/marble-adhesive\/#primaryimage"},"image":{"@id":"https:\/\/anchorallied.com\/fr\/product\/marble-adhesive\/#primaryimage"},"thumbnailUrl":"https:\/\/anchorallied.com\/fr\/wp-content\/uploads\/2025\/05\/Anc__0012_Marble-adhesive-3d.jpg","datePublished":"2025-05-20T11:16:42+00:00","dateModified":"2026-04-13T05:55:30+00:00","breadcrumb":{"@id":"https:\/\/anchorallied.com\/fr\/product\/marble-adhesive\/#breadcrumb"},"inLanguage":"en","potentialAction":[{"@type":"ReadAction","target":["https:\/\/anchorallied.com\/fr\/product\/marble-adhesive\/"]}]},{"@type":"ImageObject","inLanguage":"en","@id":"https:\/\/anchorallied.com\/fr\/product\/marble-adhesive\/#primaryimage","url":"https:\/\/anchorallied.com\/fr\/wp-content\/uploads\/2025\/05\/Anc__0012_Marble-adhesive-3d.jpg","contentUrl":"https:\/\/anchorallied.com\/fr\/wp-content\/uploads\/2025\/05\/Anc__0012_Marble-adhesive-3d.jpg","width":1200,"height":1200},{"@type":"BreadcrumbList","@id":"https:\/\/anchorallied.com\/fr\/product\/marble-adhesive\/#breadcrumb","itemListElement":[{"@type":"ListItem","position":1,"name":"Home","item":"http:\/\/en.anchorallied.com\/fr\/"},{"@type":"ListItem","position":2,"name":"Shop","item":"https:\/\/en.anchorallied.com\/fr\/shop\/"},{"@type":"ListItem","position":3,"name":"Colle ASMACO pour granit et marbre"}]},{"@type":"WebSite","@id":"https:\/\/anchorallied.com\/fr\/#website","url":"https:\/\/anchorallied.com\/fr\/","name":"anchoralliedfactory","description":"","potentialAction":[{"@type":"SearchAction","target":{"@type":"EntryPoint","urlTemplate":"https:\/\/anchorallied.com\/fr\/?s={search_term_string}"},"query-input":{"@type":"PropertyValueSpecification","valueRequired":true,"valueName":"search_term_string"}}],"inLanguage":"en"}]}},"_links":{"self":[{"href":"https:\/\/anchorallied.com\/fr\/wp-json\/wp\/v2\/product\/1601","targetHints":{"allow":["GET"]}}],"collection":[{"href":"https:\/\/anchorallied.com\/fr\/wp-json\/wp\/v2\/product"}],"about":[{"href":"https:\/\/anchorallied.com\/fr\/wp-json\/wp\/v2\/types\/product"}],"replies":[{"embeddable":true,"href":"https:\/\/anchorallied.com\/fr\/wp-json\/wp\/v2\/comments?post=1601"}],"wp:featuredmedia":[{"embeddable":true,"href":"https:\/\/anchorallied.com\/fr\/wp-json\/wp\/v2\/media\/2933"}],"wp:attachment":[{"href":"https:\/\/anchorallied.com\/fr\/wp-json\/wp\/v2\/media?parent=1601"}],"wp:term":[{"taxonomy":"product_brand","embeddable":true,"href":"https:\/\/anchorallied.com\/fr\/wp-json\/wp\/v2\/product_brand?post=1601"},{"taxonomy":"product_cat","embeddable":true,"href":"https:\/\/anchorallied.com\/fr\/wp-json\/wp\/v2\/product_cat?post=1601"},{"taxonomy":"product_tag","embeddable":true,"href":"https:\/\/anchorallied.com\/fr\/wp-json\/wp\/v2\/product_tag?post=1601"}],"curies":[{"name":"wp","href":"https:\/\/api.w.org\/{rel}","templated":true}]}}