{"id":1985,"date":"2025-05-23T09:17:06","date_gmt":"2025-05-23T09:17:06","guid":{"rendered":"http:\/\/anchorallied.com\/fr\/?post_type=product&#038;p=1985"},"modified":"2025-07-27T15:43:26","modified_gmt":"2025-07-27T15:43:26","slug":"attack","status":"publish","type":"product","link":"https:\/\/anchorallied.com\/fr\/product\/attack\/","title":{"rendered":"Attack \u2014 Insecticide Puissant et Efficace"},"content":{"rendered":"<p>ATTACK<br \/>\nFormulation sp\u00e9ciale solvant\u00e9e \u00e0 base de pyr\u00e9thrino\u00efdes puissants pour \u00e9liminer efficacement insectes rampants et volants.<br \/>\nSa formule professionnelle avec solvants \u00e0 haute performance p\u00e9n\u00e8tre l\u2019exosquelette des insectes et agit rapidement sur leur syst\u00e8me nerveux.<br \/>\nEfficace contre une large gamme d\u2019insectes : cafards, fourmis, mouches, etc.<\/p>\n","protected":false},"excerpt":{"rendered":"<p>ATTACK est un puissant spray insecticide qui utilise des pyr\u00e9thro\u00efdes et des solvants puissants pour tuer et contr\u00f4ler rapidement les insectes rampants et volants comme les cafards et les fourmis.<\/p>\n","protected":false},"featured_media":2777,"comment_status":"open","ping_status":"closed","template":"","meta":{"_acf_changed":false},"product_brand":[],"product_cat":[143],"product_tag":[],"class_list":{"0":"post-1985","1":"product","2":"type-product","3":"status-publish","4":"has-post-thumbnail","6":"product_cat-entretien-de-la-maison","8":"first","9":"instock","10":"shipping-taxable","11":"product-type-simple"},"acf":[],"yoast_head":"<!-- This site is optimized with the Yoast SEO plugin v27.3 - https:\/\/yoast.com\/product\/yoast-seo-wordpress\/ -->\n<title>Attack \u2014 Insecticide Puissant et Efficace - anchoralliedfactory<\/title>\n<meta name=\"robots\" content=\"index, follow, max-snippet:-1, max-image-preview:large, max-video-preview:-1\" \/>\n<link rel=\"canonical\" href=\"https:\/\/anchorallied.com\/fr\/product\/attack\/\" \/>\n<meta property=\"og:locale\" content=\"en_US\" \/>\n<meta property=\"og:type\" content=\"article\" \/>\n<meta property=\"og:title\" content=\"Attack \u2014 Insecticide Puissant et Efficace - anchoralliedfactory\" \/>\n<meta property=\"og:description\" content=\"ATTACK est un puissant spray insecticide qui utilise des pyr\u00e9thro\u00efdes et des solvants puissants pour tuer et contr\u00f4ler rapidement les insectes rampants et volants comme les cafards et les fourmis.\" \/>\n<meta property=\"og:url\" content=\"https:\/\/anchorallied.com\/fr\/product\/attack\/\" \/>\n<meta property=\"og:site_name\" content=\"anchoralliedfactory\" \/>\n<meta property=\"article:modified_time\" content=\"2025-07-27T15:43:26+00:00\" \/>\n<meta property=\"og:image\" content=\"https:\/\/anchorallied.com\/fr\/wp-content\/uploads\/2025\/05\/homecare_0012_Attack_New.jpg\" \/>\n\t<meta property=\"og:image:width\" content=\"1200\" \/>\n\t<meta property=\"og:image:height\" content=\"1200\" \/>\n\t<meta property=\"og:image:type\" content=\"image\/jpeg\" \/>\n<meta name=\"twitter:card\" content=\"summary_large_image\" \/>\n<script type=\"application\/ld+json\" class=\"yoast-schema-graph\">{\"@context\":\"https:\\\/\\\/schema.org\",\"@graph\":[{\"@type\":\"WebPage\",\"@id\":\"https:\\\/\\\/anchorallied.com\\\/fr\\\/product\\\/attack\\\/\",\"url\":\"https:\\\/\\\/anchorallied.com\\\/fr\\\/product\\\/attack\\\/\",\"name\":\"Attack \u2014 Insecticide Puissant et Efficace - anchoralliedfactory\",\"isPartOf\":{\"@id\":\"https:\\\/\\\/anchorallied.com\\\/fr\\\/#website\"},\"primaryImageOfPage\":{\"@id\":\"https:\\\/\\\/anchorallied.com\\\/fr\\\/product\\\/attack\\\/#primaryimage\"},\"image\":{\"@id\":\"https:\\\/\\\/anchorallied.com\\\/fr\\\/product\\\/attack\\\/#primaryimage\"},\"thumbnailUrl\":\"https:\\\/\\\/anchorallied.com\\\/fr\\\/wp-content\\\/uploads\\\/2025\\\/05\\\/homecare_0012_Attack_New.jpg\",\"datePublished\":\"2025-05-23T09:17:06+00:00\",\"dateModified\":\"2025-07-27T15:43:26+00:00\",\"breadcrumb\":{\"@id\":\"https:\\\/\\\/anchorallied.com\\\/fr\\\/product\\\/attack\\\/#breadcrumb\"},\"inLanguage\":\"en\",\"potentialAction\":[{\"@type\":\"ReadAction\",\"target\":[\"https:\\\/\\\/anchorallied.com\\\/fr\\\/product\\\/attack\\\/\"]}]},{\"@type\":\"ImageObject\",\"inLanguage\":\"en\",\"@id\":\"https:\\\/\\\/anchorallied.com\\\/fr\\\/product\\\/attack\\\/#primaryimage\",\"url\":\"https:\\\/\\\/anchorallied.com\\\/fr\\\/wp-content\\\/uploads\\\/2025\\\/05\\\/homecare_0012_Attack_New.jpg\",\"contentUrl\":\"https:\\\/\\\/anchorallied.com\\\/fr\\\/wp-content\\\/uploads\\\/2025\\\/05\\\/homecare_0012_Attack_New.jpg\",\"width\":1200,\"height\":1200},{\"@type\":\"BreadcrumbList\",\"@id\":\"https:\\\/\\\/anchorallied.com\\\/fr\\\/product\\\/attack\\\/#breadcrumb\",\"itemListElement\":[{\"@type\":\"ListItem\",\"position\":1,\"name\":\"Home\",\"item\":\"http:\\\/\\\/en.anchorallied.com\\\/fr\\\/\"},{\"@type\":\"ListItem\",\"position\":2,\"name\":\"Shop\",\"item\":\"https:\\\/\\\/en.anchorallied.com\\\/fr\\\/shop\\\/\"},{\"@type\":\"ListItem\",\"position\":3,\"name\":\"Attack \u2014 Insecticide Puissant et Efficace\"}]},{\"@type\":\"WebSite\",\"@id\":\"https:\\\/\\\/anchorallied.com\\\/fr\\\/#website\",\"url\":\"https:\\\/\\\/anchorallied.com\\\/fr\\\/\",\"name\":\"anchoralliedfactory\",\"description\":\"\",\"potentialAction\":[{\"@type\":\"SearchAction\",\"target\":{\"@type\":\"EntryPoint\",\"urlTemplate\":\"https:\\\/\\\/anchorallied.com\\\/fr\\\/?s={search_term_string}\"},\"query-input\":{\"@type\":\"PropertyValueSpecification\",\"valueRequired\":true,\"valueName\":\"search_term_string\"}}],\"inLanguage\":\"en\"}]}<\/script>\n<!-- \/ Yoast SEO plugin. -->","yoast_head_json":{"title":"Attack \u2014 Insecticide Puissant et Efficace - anchoralliedfactory","robots":{"index":"index","follow":"follow","max-snippet":"max-snippet:-1","max-image-preview":"max-image-preview:large","max-video-preview":"max-video-preview:-1"},"canonical":"https:\/\/anchorallied.com\/fr\/product\/attack\/","og_locale":"en_US","og_type":"article","og_title":"Attack \u2014 Insecticide Puissant et Efficace - anchoralliedfactory","og_description":"ATTACK est un puissant spray insecticide qui utilise des pyr\u00e9thro\u00efdes et des solvants puissants pour tuer et contr\u00f4ler rapidement les insectes rampants et volants comme les cafards et les fourmis.","og_url":"https:\/\/anchorallied.com\/fr\/product\/attack\/","og_site_name":"anchoralliedfactory","article_modified_time":"2025-07-27T15:43:26+00:00","og_image":[{"width":1200,"height":1200,"url":"https:\/\/anchorallied.com\/fr\/wp-content\/uploads\/2025\/05\/homecare_0012_Attack_New.jpg","type":"image\/jpeg"}],"twitter_card":"summary_large_image","schema":{"@context":"https:\/\/schema.org","@graph":[{"@type":"WebPage","@id":"https:\/\/anchorallied.com\/fr\/product\/attack\/","url":"https:\/\/anchorallied.com\/fr\/product\/attack\/","name":"Attack \u2014 Insecticide Puissant et Efficace - anchoralliedfactory","isPartOf":{"@id":"https:\/\/anchorallied.com\/fr\/#website"},"primaryImageOfPage":{"@id":"https:\/\/anchorallied.com\/fr\/product\/attack\/#primaryimage"},"image":{"@id":"https:\/\/anchorallied.com\/fr\/product\/attack\/#primaryimage"},"thumbnailUrl":"https:\/\/anchorallied.com\/fr\/wp-content\/uploads\/2025\/05\/homecare_0012_Attack_New.jpg","datePublished":"2025-05-23T09:17:06+00:00","dateModified":"2025-07-27T15:43:26+00:00","breadcrumb":{"@id":"https:\/\/anchorallied.com\/fr\/product\/attack\/#breadcrumb"},"inLanguage":"en","potentialAction":[{"@type":"ReadAction","target":["https:\/\/anchorallied.com\/fr\/product\/attack\/"]}]},{"@type":"ImageObject","inLanguage":"en","@id":"https:\/\/anchorallied.com\/fr\/product\/attack\/#primaryimage","url":"https:\/\/anchorallied.com\/fr\/wp-content\/uploads\/2025\/05\/homecare_0012_Attack_New.jpg","contentUrl":"https:\/\/anchorallied.com\/fr\/wp-content\/uploads\/2025\/05\/homecare_0012_Attack_New.jpg","width":1200,"height":1200},{"@type":"BreadcrumbList","@id":"https:\/\/anchorallied.com\/fr\/product\/attack\/#breadcrumb","itemListElement":[{"@type":"ListItem","position":1,"name":"Home","item":"http:\/\/en.anchorallied.com\/fr\/"},{"@type":"ListItem","position":2,"name":"Shop","item":"https:\/\/en.anchorallied.com\/fr\/shop\/"},{"@type":"ListItem","position":3,"name":"Attack \u2014 Insecticide Puissant et Efficace"}]},{"@type":"WebSite","@id":"https:\/\/anchorallied.com\/fr\/#website","url":"https:\/\/anchorallied.com\/fr\/","name":"anchoralliedfactory","description":"","potentialAction":[{"@type":"SearchAction","target":{"@type":"EntryPoint","urlTemplate":"https:\/\/anchorallied.com\/fr\/?s={search_term_string}"},"query-input":{"@type":"PropertyValueSpecification","valueRequired":true,"valueName":"search_term_string"}}],"inLanguage":"en"}]}},"_links":{"self":[{"href":"https:\/\/anchorallied.com\/fr\/wp-json\/wp\/v2\/product\/1985","targetHints":{"allow":["GET"]}}],"collection":[{"href":"https:\/\/anchorallied.com\/fr\/wp-json\/wp\/v2\/product"}],"about":[{"href":"https:\/\/anchorallied.com\/fr\/wp-json\/wp\/v2\/types\/product"}],"replies":[{"embeddable":true,"href":"https:\/\/anchorallied.com\/fr\/wp-json\/wp\/v2\/comments?post=1985"}],"wp:featuredmedia":[{"embeddable":true,"href":"https:\/\/anchorallied.com\/fr\/wp-json\/wp\/v2\/media\/2777"}],"wp:attachment":[{"href":"https:\/\/anchorallied.com\/fr\/wp-json\/wp\/v2\/media?parent=1985"}],"wp:term":[{"taxonomy":"product_brand","embeddable":true,"href":"https:\/\/anchorallied.com\/fr\/wp-json\/wp\/v2\/product_brand?post=1985"},{"taxonomy":"product_cat","embeddable":true,"href":"https:\/\/anchorallied.com\/fr\/wp-json\/wp\/v2\/product_cat?post=1985"},{"taxonomy":"product_tag","embeddable":true,"href":"https:\/\/anchorallied.com\/fr\/wp-json\/wp\/v2\/product_tag?post=1985"}],"curies":[{"name":"wp","href":"https:\/\/api.w.org\/{rel}","templated":true}]}}