{"id":1996,"date":"2025-05-23T09:17:41","date_gmt":"2025-05-23T09:17:41","guid":{"rendered":"http:\/\/anchorallied.com\/fr\/?post_type=product&#038;p=1996"},"modified":"2025-07-27T15:43:26","modified_gmt":"2025-07-27T15:43:26","slug":"paradise-body-spray-sport-deo","status":"publish","type":"product","link":"https:\/\/anchorallied.com\/fr\/product\/paradise-body-spray-sport-deo\/","title":{"rendered":"PARADISE SPRAY CORPOREL D\u00c9ODORANT SPORT"},"content":{"rendered":"<p>PARADISE BODY SPRAY DEODORANT<br \/>\nFormule unique offrant une fra\u00eecheur naturelle durable toute la journ\u00e9e et une protection efficace contre les odeurs corporelles.<br \/>\nEnrichi en agents hydratants, doux pour la peau et les aisselles.<br \/>\nProtection 24 heures avec des parfums longue dur\u00e9e, stimulant un bien-\u00eatre naturel et harmonieux.<br \/>\nSans danger pour la peau.<\/p>\n","protected":false},"excerpt":{"rendered":"<p>Le d\u00e9odorant en spray corporel PARADISE offre une fra\u00eecheur et une protection contre les odeurs 24 heures sur 24 avec une formule douce et respectueuse de la peau et un parfum longue dur\u00e9e.<\/p>\n","protected":false},"featured_media":2765,"comment_status":"open","ping_status":"closed","template":"","meta":{"_acf_changed":false},"product_brand":[],"product_cat":[143,177],"product_tag":[],"class_list":{"0":"post-1996","1":"product","2":"type-product","3":"status-publish","4":"has-post-thumbnail","6":"product_cat-entretien-de-la-maison","7":"product_cat-spray-deodorant","9":"first","10":"instock","11":"shipping-taxable","12":"product-type-simple"},"acf":[],"yoast_head":"<!-- This site is optimized with the Yoast SEO plugin v27.3 - https:\/\/yoast.com\/product\/yoast-seo-wordpress\/ -->\n<title>PARADISE SPRAY CORPOREL D\u00c9ODORANT SPORT - anchoralliedfactory<\/title>\n<meta name=\"robots\" content=\"index, follow, max-snippet:-1, max-image-preview:large, max-video-preview:-1\" \/>\n<link rel=\"canonical\" href=\"https:\/\/anchorallied.com\/fr\/product\/paradise-body-spray-sport-deo\/\" \/>\n<meta property=\"og:locale\" content=\"en_US\" \/>\n<meta property=\"og:type\" content=\"article\" \/>\n<meta property=\"og:title\" content=\"PARADISE SPRAY CORPOREL D\u00c9ODORANT SPORT - anchoralliedfactory\" \/>\n<meta property=\"og:description\" content=\"Le d\u00e9odorant en spray corporel PARADISE offre une fra\u00eecheur et une protection contre les odeurs 24 heures sur 24 avec une formule douce et respectueuse de la peau et un parfum longue dur\u00e9e.\" \/>\n<meta property=\"og:url\" content=\"https:\/\/anchorallied.com\/fr\/product\/paradise-body-spray-sport-deo\/\" \/>\n<meta property=\"og:site_name\" content=\"anchoralliedfactory\" \/>\n<meta property=\"article:modified_time\" content=\"2025-07-27T15:43:26+00:00\" \/>\n<meta property=\"og:image\" content=\"https:\/\/anchorallied.com\/fr\/wp-content\/uploads\/2025\/05\/homecare_0000_Paradise-Sport-All.jpg\" \/>\n\t<meta property=\"og:image:width\" content=\"1200\" \/>\n\t<meta property=\"og:image:height\" content=\"1200\" \/>\n\t<meta property=\"og:image:type\" content=\"image\/jpeg\" \/>\n<meta name=\"twitter:card\" content=\"summary_large_image\" \/>\n<script type=\"application\/ld+json\" class=\"yoast-schema-graph\">{\"@context\":\"https:\\\/\\\/schema.org\",\"@graph\":[{\"@type\":\"WebPage\",\"@id\":\"https:\\\/\\\/anchorallied.com\\\/fr\\\/product\\\/paradise-body-spray-sport-deo\\\/\",\"url\":\"https:\\\/\\\/anchorallied.com\\\/fr\\\/product\\\/paradise-body-spray-sport-deo\\\/\",\"name\":\"PARADISE SPRAY CORPOREL D\u00c9ODORANT SPORT - anchoralliedfactory\",\"isPartOf\":{\"@id\":\"https:\\\/\\\/anchorallied.com\\\/fr\\\/#website\"},\"primaryImageOfPage\":{\"@id\":\"https:\\\/\\\/anchorallied.com\\\/fr\\\/product\\\/paradise-body-spray-sport-deo\\\/#primaryimage\"},\"image\":{\"@id\":\"https:\\\/\\\/anchorallied.com\\\/fr\\\/product\\\/paradise-body-spray-sport-deo\\\/#primaryimage\"},\"thumbnailUrl\":\"https:\\\/\\\/anchorallied.com\\\/fr\\\/wp-content\\\/uploads\\\/2025\\\/05\\\/homecare_0000_Paradise-Sport-All.jpg\",\"datePublished\":\"2025-05-23T09:17:41+00:00\",\"dateModified\":\"2025-07-27T15:43:26+00:00\",\"breadcrumb\":{\"@id\":\"https:\\\/\\\/anchorallied.com\\\/fr\\\/product\\\/paradise-body-spray-sport-deo\\\/#breadcrumb\"},\"inLanguage\":\"en\",\"potentialAction\":[{\"@type\":\"ReadAction\",\"target\":[\"https:\\\/\\\/anchorallied.com\\\/fr\\\/product\\\/paradise-body-spray-sport-deo\\\/\"]}]},{\"@type\":\"ImageObject\",\"inLanguage\":\"en\",\"@id\":\"https:\\\/\\\/anchorallied.com\\\/fr\\\/product\\\/paradise-body-spray-sport-deo\\\/#primaryimage\",\"url\":\"https:\\\/\\\/anchorallied.com\\\/fr\\\/wp-content\\\/uploads\\\/2025\\\/05\\\/homecare_0000_Paradise-Sport-All.jpg\",\"contentUrl\":\"https:\\\/\\\/anchorallied.com\\\/fr\\\/wp-content\\\/uploads\\\/2025\\\/05\\\/homecare_0000_Paradise-Sport-All.jpg\",\"width\":1200,\"height\":1200},{\"@type\":\"BreadcrumbList\",\"@id\":\"https:\\\/\\\/anchorallied.com\\\/fr\\\/product\\\/paradise-body-spray-sport-deo\\\/#breadcrumb\",\"itemListElement\":[{\"@type\":\"ListItem\",\"position\":1,\"name\":\"Home\",\"item\":\"http:\\\/\\\/en.anchorallied.com\\\/fr\\\/\"},{\"@type\":\"ListItem\",\"position\":2,\"name\":\"Shop\",\"item\":\"https:\\\/\\\/en.anchorallied.com\\\/fr\\\/shop\\\/\"},{\"@type\":\"ListItem\",\"position\":3,\"name\":\"PARADISE SPRAY CORPOREL D\u00c9ODORANT SPORT\"}]},{\"@type\":\"WebSite\",\"@id\":\"https:\\\/\\\/anchorallied.com\\\/fr\\\/#website\",\"url\":\"https:\\\/\\\/anchorallied.com\\\/fr\\\/\",\"name\":\"anchoralliedfactory\",\"description\":\"\",\"potentialAction\":[{\"@type\":\"SearchAction\",\"target\":{\"@type\":\"EntryPoint\",\"urlTemplate\":\"https:\\\/\\\/anchorallied.com\\\/fr\\\/?s={search_term_string}\"},\"query-input\":{\"@type\":\"PropertyValueSpecification\",\"valueRequired\":true,\"valueName\":\"search_term_string\"}}],\"inLanguage\":\"en\"}]}<\/script>\n<!-- \/ Yoast SEO plugin. -->","yoast_head_json":{"title":"PARADISE SPRAY CORPOREL D\u00c9ODORANT SPORT - anchoralliedfactory","robots":{"index":"index","follow":"follow","max-snippet":"max-snippet:-1","max-image-preview":"max-image-preview:large","max-video-preview":"max-video-preview:-1"},"canonical":"https:\/\/anchorallied.com\/fr\/product\/paradise-body-spray-sport-deo\/","og_locale":"en_US","og_type":"article","og_title":"PARADISE SPRAY CORPOREL D\u00c9ODORANT SPORT - anchoralliedfactory","og_description":"Le d\u00e9odorant en spray corporel PARADISE offre une fra\u00eecheur et une protection contre les odeurs 24 heures sur 24 avec une formule douce et respectueuse de la peau et un parfum longue dur\u00e9e.","og_url":"https:\/\/anchorallied.com\/fr\/product\/paradise-body-spray-sport-deo\/","og_site_name":"anchoralliedfactory","article_modified_time":"2025-07-27T15:43:26+00:00","og_image":[{"width":1200,"height":1200,"url":"https:\/\/anchorallied.com\/fr\/wp-content\/uploads\/2025\/05\/homecare_0000_Paradise-Sport-All.jpg","type":"image\/jpeg"}],"twitter_card":"summary_large_image","schema":{"@context":"https:\/\/schema.org","@graph":[{"@type":"WebPage","@id":"https:\/\/anchorallied.com\/fr\/product\/paradise-body-spray-sport-deo\/","url":"https:\/\/anchorallied.com\/fr\/product\/paradise-body-spray-sport-deo\/","name":"PARADISE SPRAY CORPOREL D\u00c9ODORANT SPORT - anchoralliedfactory","isPartOf":{"@id":"https:\/\/anchorallied.com\/fr\/#website"},"primaryImageOfPage":{"@id":"https:\/\/anchorallied.com\/fr\/product\/paradise-body-spray-sport-deo\/#primaryimage"},"image":{"@id":"https:\/\/anchorallied.com\/fr\/product\/paradise-body-spray-sport-deo\/#primaryimage"},"thumbnailUrl":"https:\/\/anchorallied.com\/fr\/wp-content\/uploads\/2025\/05\/homecare_0000_Paradise-Sport-All.jpg","datePublished":"2025-05-23T09:17:41+00:00","dateModified":"2025-07-27T15:43:26+00:00","breadcrumb":{"@id":"https:\/\/anchorallied.com\/fr\/product\/paradise-body-spray-sport-deo\/#breadcrumb"},"inLanguage":"en","potentialAction":[{"@type":"ReadAction","target":["https:\/\/anchorallied.com\/fr\/product\/paradise-body-spray-sport-deo\/"]}]},{"@type":"ImageObject","inLanguage":"en","@id":"https:\/\/anchorallied.com\/fr\/product\/paradise-body-spray-sport-deo\/#primaryimage","url":"https:\/\/anchorallied.com\/fr\/wp-content\/uploads\/2025\/05\/homecare_0000_Paradise-Sport-All.jpg","contentUrl":"https:\/\/anchorallied.com\/fr\/wp-content\/uploads\/2025\/05\/homecare_0000_Paradise-Sport-All.jpg","width":1200,"height":1200},{"@type":"BreadcrumbList","@id":"https:\/\/anchorallied.com\/fr\/product\/paradise-body-spray-sport-deo\/#breadcrumb","itemListElement":[{"@type":"ListItem","position":1,"name":"Home","item":"http:\/\/en.anchorallied.com\/fr\/"},{"@type":"ListItem","position":2,"name":"Shop","item":"https:\/\/en.anchorallied.com\/fr\/shop\/"},{"@type":"ListItem","position":3,"name":"PARADISE SPRAY CORPOREL D\u00c9ODORANT SPORT"}]},{"@type":"WebSite","@id":"https:\/\/anchorallied.com\/fr\/#website","url":"https:\/\/anchorallied.com\/fr\/","name":"anchoralliedfactory","description":"","potentialAction":[{"@type":"SearchAction","target":{"@type":"EntryPoint","urlTemplate":"https:\/\/anchorallied.com\/fr\/?s={search_term_string}"},"query-input":{"@type":"PropertyValueSpecification","valueRequired":true,"valueName":"search_term_string"}}],"inLanguage":"en"}]}},"_links":{"self":[{"href":"https:\/\/anchorallied.com\/fr\/wp-json\/wp\/v2\/product\/1996","targetHints":{"allow":["GET"]}}],"collection":[{"href":"https:\/\/anchorallied.com\/fr\/wp-json\/wp\/v2\/product"}],"about":[{"href":"https:\/\/anchorallied.com\/fr\/wp-json\/wp\/v2\/types\/product"}],"replies":[{"embeddable":true,"href":"https:\/\/anchorallied.com\/fr\/wp-json\/wp\/v2\/comments?post=1996"}],"wp:featuredmedia":[{"embeddable":true,"href":"https:\/\/anchorallied.com\/fr\/wp-json\/wp\/v2\/media\/2765"}],"wp:attachment":[{"href":"https:\/\/anchorallied.com\/fr\/wp-json\/wp\/v2\/media?parent=1996"}],"wp:term":[{"taxonomy":"product_brand","embeddable":true,"href":"https:\/\/anchorallied.com\/fr\/wp-json\/wp\/v2\/product_brand?post=1996"},{"taxonomy":"product_cat","embeddable":true,"href":"https:\/\/anchorallied.com\/fr\/wp-json\/wp\/v2\/product_cat?post=1996"},{"taxonomy":"product_tag","embeddable":true,"href":"https:\/\/anchorallied.com\/fr\/wp-json\/wp\/v2\/product_tag?post=1996"}],"curies":[{"name":"wp","href":"https:\/\/api.w.org\/{rel}","templated":true}]}}