{"id":1998,"date":"2025-05-23T09:18:17","date_gmt":"2025-05-23T09:18:17","guid":{"rendered":"http:\/\/anchorallied.com\/fr\/?post_type=product&#038;p=1998"},"modified":"2025-07-27T15:43:26","modified_gmt":"2025-07-27T15:43:26","slug":"camping-gas-450g","status":"publish","type":"product","link":"https:\/\/anchorallied.com\/fr\/product\/camping-gas-450g\/","title":{"rendered":"Gaz pour camping"},"content":{"rendered":"<p>Cartouche de gaz butane \u2013 Consignes de s\u00e9curit\u00e9<br \/>\nLa cartouche contient un gaz extr\u00eamement inflammable et doit \u00eatre manipul\u00e9e avec pr\u00e9caution.<br \/>\nStocker dans un endroit frais, sec et bien ventil\u00e9, \u00e0 l\u2019\u00e9cart de toute source de chaleur, \u00e9tincelles, flammes nues et temp\u00e9ratures sup\u00e9rieures \u00e0 50\u00b0C.<br \/>\nNe pas exposer au soleil, percer, puncturer ou incin\u00e9rer, m\u00eame vide.<br \/>\nChanger la cartouche uniquement en zone ventil\u00e9e, sans source d\u2019ignition.<br \/>\nFermer la valve de l\u2019appareil et s\u2019assurer que la cartouche est vide avant retrait.<br \/>\nRemplacer toute bague d\u2019\u00e9tanch\u00e9it\u00e9 endommag\u00e9e ou manquante avant r\u00e9utilisation.<br \/>\nEn cas de fuite, n\u2019\u00e9teindre un feu qu\u2019en s\u2019assurant que la fuite peut<\/p>\n","protected":false},"excerpt":{"rendered":"<p>Cette cartouche de gaz butane est con\u00e7ue pour \u00eatre utilis\u00e9e avec des appareils \u00e0 pression directe conformes \u00e0 la norme EN 521 et dispose d&#8217;une valve \u00e0 bossage central (7\/16&#8243;). Id\u00e9ale pour les appareils de cuisson, de chauffage ou d&#8217;\u00e9clairage portables, elle assure une alimentation en combustible s\u00fbre et efficace pour une utilisation en ext\u00e9rieur ou en cas d&#8217;urgence. La cartouche est conforme \u00e0 la norme de s\u00e9curit\u00e9 EN 417.<\/p>\n","protected":false},"featured_media":2771,"comment_status":"open","ping_status":"closed","template":"","meta":{"_acf_changed":false},"product_brand":[],"product_cat":[195,150],"product_tag":[],"class_list":{"0":"post-1998","1":"product","2":"type-product","3":"status-publish","4":"has-post-thumbnail","6":"product_cat-gaz-de-camping","7":"product_cat-gaz-portable","9":"first","10":"instock","11":"shipping-taxable","12":"product-type-simple"},"acf":[],"yoast_head":"<!-- This site is optimized with the Yoast SEO plugin v27.3 - https:\/\/yoast.com\/product\/yoast-seo-wordpress\/ -->\n<title>Gaz pour camping - anchoralliedfactory<\/title>\n<meta name=\"robots\" content=\"index, follow, max-snippet:-1, max-image-preview:large, max-video-preview:-1\" \/>\n<link rel=\"canonical\" href=\"https:\/\/anchorallied.com\/fr\/product\/camping-gas-450g\/\" \/>\n<meta property=\"og:locale\" content=\"en_US\" \/>\n<meta property=\"og:type\" content=\"article\" \/>\n<meta property=\"og:title\" content=\"Gaz pour camping - anchoralliedfactory\" \/>\n<meta property=\"og:description\" content=\"Cette cartouche de gaz butane est con\u00e7ue pour \u00eatre utilis\u00e9e avec des appareils \u00e0 pression directe conformes \u00e0 la norme EN 521 et dispose d&#039;une valve \u00e0 bossage central (7\/16&quot;). Id\u00e9ale pour les appareils de cuisson, de chauffage ou d&#039;\u00e9clairage portables, elle assure une alimentation en combustible s\u00fbre et efficace pour une utilisation en ext\u00e9rieur ou en cas d&#039;urgence. La cartouche est conforme \u00e0 la norme de s\u00e9curit\u00e9 EN 417.\" \/>\n<meta property=\"og:url\" content=\"https:\/\/anchorallied.com\/fr\/product\/camping-gas-450g\/\" \/>\n<meta property=\"og:site_name\" content=\"anchoralliedfactory\" \/>\n<meta property=\"article:modified_time\" content=\"2025-07-27T15:43:26+00:00\" \/>\n<meta property=\"og:image\" content=\"https:\/\/anchorallied.com\/fr\/wp-content\/uploads\/2025\/05\/homecare_0006_Camping-gas-450g.jpg\" \/>\n\t<meta property=\"og:image:width\" content=\"1200\" \/>\n\t<meta property=\"og:image:height\" content=\"1200\" \/>\n\t<meta property=\"og:image:type\" content=\"image\/jpeg\" \/>\n<meta name=\"twitter:card\" content=\"summary_large_image\" \/>\n<meta name=\"twitter:label1\" content=\"Est. reading time\" \/>\n\t<meta name=\"twitter:data1\" content=\"1 minute\" \/>\n<script type=\"application\/ld+json\" class=\"yoast-schema-graph\">{\"@context\":\"https:\\\/\\\/schema.org\",\"@graph\":[{\"@type\":\"WebPage\",\"@id\":\"https:\\\/\\\/anchorallied.com\\\/fr\\\/product\\\/camping-gas-450g\\\/\",\"url\":\"https:\\\/\\\/anchorallied.com\\\/fr\\\/product\\\/camping-gas-450g\\\/\",\"name\":\"Gaz pour camping - anchoralliedfactory\",\"isPartOf\":{\"@id\":\"https:\\\/\\\/anchorallied.com\\\/fr\\\/#website\"},\"primaryImageOfPage\":{\"@id\":\"https:\\\/\\\/anchorallied.com\\\/fr\\\/product\\\/camping-gas-450g\\\/#primaryimage\"},\"image\":{\"@id\":\"https:\\\/\\\/anchorallied.com\\\/fr\\\/product\\\/camping-gas-450g\\\/#primaryimage\"},\"thumbnailUrl\":\"https:\\\/\\\/anchorallied.com\\\/fr\\\/wp-content\\\/uploads\\\/2025\\\/05\\\/homecare_0006_Camping-gas-450g.jpg\",\"datePublished\":\"2025-05-23T09:18:17+00:00\",\"dateModified\":\"2025-07-27T15:43:26+00:00\",\"breadcrumb\":{\"@id\":\"https:\\\/\\\/anchorallied.com\\\/fr\\\/product\\\/camping-gas-450g\\\/#breadcrumb\"},\"inLanguage\":\"en\",\"potentialAction\":[{\"@type\":\"ReadAction\",\"target\":[\"https:\\\/\\\/anchorallied.com\\\/fr\\\/product\\\/camping-gas-450g\\\/\"]}]},{\"@type\":\"ImageObject\",\"inLanguage\":\"en\",\"@id\":\"https:\\\/\\\/anchorallied.com\\\/fr\\\/product\\\/camping-gas-450g\\\/#primaryimage\",\"url\":\"https:\\\/\\\/anchorallied.com\\\/fr\\\/wp-content\\\/uploads\\\/2025\\\/05\\\/homecare_0006_Camping-gas-450g.jpg\",\"contentUrl\":\"https:\\\/\\\/anchorallied.com\\\/fr\\\/wp-content\\\/uploads\\\/2025\\\/05\\\/homecare_0006_Camping-gas-450g.jpg\",\"width\":1200,\"height\":1200},{\"@type\":\"BreadcrumbList\",\"@id\":\"https:\\\/\\\/anchorallied.com\\\/fr\\\/product\\\/camping-gas-450g\\\/#breadcrumb\",\"itemListElement\":[{\"@type\":\"ListItem\",\"position\":1,\"name\":\"Home\",\"item\":\"http:\\\/\\\/en.anchorallied.com\\\/fr\\\/\"},{\"@type\":\"ListItem\",\"position\":2,\"name\":\"Shop\",\"item\":\"https:\\\/\\\/en.anchorallied.com\\\/fr\\\/shop\\\/\"},{\"@type\":\"ListItem\",\"position\":3,\"name\":\"Gaz pour camping\"}]},{\"@type\":\"WebSite\",\"@id\":\"https:\\\/\\\/anchorallied.com\\\/fr\\\/#website\",\"url\":\"https:\\\/\\\/anchorallied.com\\\/fr\\\/\",\"name\":\"anchoralliedfactory\",\"description\":\"\",\"potentialAction\":[{\"@type\":\"SearchAction\",\"target\":{\"@type\":\"EntryPoint\",\"urlTemplate\":\"https:\\\/\\\/anchorallied.com\\\/fr\\\/?s={search_term_string}\"},\"query-input\":{\"@type\":\"PropertyValueSpecification\",\"valueRequired\":true,\"valueName\":\"search_term_string\"}}],\"inLanguage\":\"en\"}]}<\/script>\n<!-- \/ Yoast SEO plugin. -->","yoast_head_json":{"title":"Gaz pour camping - anchoralliedfactory","robots":{"index":"index","follow":"follow","max-snippet":"max-snippet:-1","max-image-preview":"max-image-preview:large","max-video-preview":"max-video-preview:-1"},"canonical":"https:\/\/anchorallied.com\/fr\/product\/camping-gas-450g\/","og_locale":"en_US","og_type":"article","og_title":"Gaz pour camping - anchoralliedfactory","og_description":"Cette cartouche de gaz butane est con\u00e7ue pour \u00eatre utilis\u00e9e avec des appareils \u00e0 pression directe conformes \u00e0 la norme EN 521 et dispose d'une valve \u00e0 bossage central (7\/16\"). Id\u00e9ale pour les appareils de cuisson, de chauffage ou d'\u00e9clairage portables, elle assure une alimentation en combustible s\u00fbre et efficace pour une utilisation en ext\u00e9rieur ou en cas d'urgence. La cartouche est conforme \u00e0 la norme de s\u00e9curit\u00e9 EN 417.","og_url":"https:\/\/anchorallied.com\/fr\/product\/camping-gas-450g\/","og_site_name":"anchoralliedfactory","article_modified_time":"2025-07-27T15:43:26+00:00","og_image":[{"width":1200,"height":1200,"url":"https:\/\/anchorallied.com\/fr\/wp-content\/uploads\/2025\/05\/homecare_0006_Camping-gas-450g.jpg","type":"image\/jpeg"}],"twitter_card":"summary_large_image","twitter_misc":{"Est. reading time":"1 minute"},"schema":{"@context":"https:\/\/schema.org","@graph":[{"@type":"WebPage","@id":"https:\/\/anchorallied.com\/fr\/product\/camping-gas-450g\/","url":"https:\/\/anchorallied.com\/fr\/product\/camping-gas-450g\/","name":"Gaz pour camping - anchoralliedfactory","isPartOf":{"@id":"https:\/\/anchorallied.com\/fr\/#website"},"primaryImageOfPage":{"@id":"https:\/\/anchorallied.com\/fr\/product\/camping-gas-450g\/#primaryimage"},"image":{"@id":"https:\/\/anchorallied.com\/fr\/product\/camping-gas-450g\/#primaryimage"},"thumbnailUrl":"https:\/\/anchorallied.com\/fr\/wp-content\/uploads\/2025\/05\/homecare_0006_Camping-gas-450g.jpg","datePublished":"2025-05-23T09:18:17+00:00","dateModified":"2025-07-27T15:43:26+00:00","breadcrumb":{"@id":"https:\/\/anchorallied.com\/fr\/product\/camping-gas-450g\/#breadcrumb"},"inLanguage":"en","potentialAction":[{"@type":"ReadAction","target":["https:\/\/anchorallied.com\/fr\/product\/camping-gas-450g\/"]}]},{"@type":"ImageObject","inLanguage":"en","@id":"https:\/\/anchorallied.com\/fr\/product\/camping-gas-450g\/#primaryimage","url":"https:\/\/anchorallied.com\/fr\/wp-content\/uploads\/2025\/05\/homecare_0006_Camping-gas-450g.jpg","contentUrl":"https:\/\/anchorallied.com\/fr\/wp-content\/uploads\/2025\/05\/homecare_0006_Camping-gas-450g.jpg","width":1200,"height":1200},{"@type":"BreadcrumbList","@id":"https:\/\/anchorallied.com\/fr\/product\/camping-gas-450g\/#breadcrumb","itemListElement":[{"@type":"ListItem","position":1,"name":"Home","item":"http:\/\/en.anchorallied.com\/fr\/"},{"@type":"ListItem","position":2,"name":"Shop","item":"https:\/\/en.anchorallied.com\/fr\/shop\/"},{"@type":"ListItem","position":3,"name":"Gaz pour camping"}]},{"@type":"WebSite","@id":"https:\/\/anchorallied.com\/fr\/#website","url":"https:\/\/anchorallied.com\/fr\/","name":"anchoralliedfactory","description":"","potentialAction":[{"@type":"SearchAction","target":{"@type":"EntryPoint","urlTemplate":"https:\/\/anchorallied.com\/fr\/?s={search_term_string}"},"query-input":{"@type":"PropertyValueSpecification","valueRequired":true,"valueName":"search_term_string"}}],"inLanguage":"en"}]}},"_links":{"self":[{"href":"https:\/\/anchorallied.com\/fr\/wp-json\/wp\/v2\/product\/1998","targetHints":{"allow":["GET"]}}],"collection":[{"href":"https:\/\/anchorallied.com\/fr\/wp-json\/wp\/v2\/product"}],"about":[{"href":"https:\/\/anchorallied.com\/fr\/wp-json\/wp\/v2\/types\/product"}],"replies":[{"embeddable":true,"href":"https:\/\/anchorallied.com\/fr\/wp-json\/wp\/v2\/comments?post=1998"}],"wp:featuredmedia":[{"embeddable":true,"href":"https:\/\/anchorallied.com\/fr\/wp-json\/wp\/v2\/media\/2771"}],"wp:attachment":[{"href":"https:\/\/anchorallied.com\/fr\/wp-json\/wp\/v2\/media?parent=1998"}],"wp:term":[{"taxonomy":"product_brand","embeddable":true,"href":"https:\/\/anchorallied.com\/fr\/wp-json\/wp\/v2\/product_brand?post=1998"},{"taxonomy":"product_cat","embeddable":true,"href":"https:\/\/anchorallied.com\/fr\/wp-json\/wp\/v2\/product_cat?post=1998"},{"taxonomy":"product_tag","embeddable":true,"href":"https:\/\/anchorallied.com\/fr\/wp-json\/wp\/v2\/product_tag?post=1998"}],"curies":[{"name":"wp","href":"https:\/\/api.w.org\/{rel}","templated":true}]}}