{"id":2002,"date":"2025-05-23T09:19:28","date_gmt":"2025-05-23T09:19:28","guid":{"rendered":"http:\/\/anchorallied.com\/fr\/?post_type=product&#038;p=2002"},"modified":"2025-07-27T15:43:27","modified_gmt":"2025-07-27T15:43:27","slug":"aura-air-freshner-refill","status":"publish","type":"product","link":"https:\/\/anchorallied.com\/fr\/product\/aura-air-freshner-refill\/","title":{"rendered":"Recharge parfum d\u2019air AURA"},"content":{"rendered":"<p>AURA RECHARGE D\u00c9SODORISANT AUTOMATIQUE<br \/>\nRecharge pour d\u00e9sodorisant automatique, con\u00e7ue pour neutraliser les odeurs et diffuser un parfum frais et agr\u00e9able. Sans CFC et respectueuse de l\u2019environnement. Id\u00e9ale pour la maison, sanitaires, halls, h\u00f4pitaux, bureaux, h\u00f4tels et autres espaces n\u00e9cessitant une ambiance fra\u00eeche et accueillante.<\/p>\n","protected":false},"excerpt":{"rendered":"<p>La recharge de d\u00e9sodorisant AURA est un spray automatique \u00e9cologique sans CFC qui neutralise les odeurs et ajoute un ar\u00f4me frais \u00e0 n&#8217;importe quel espace, id\u00e9al pour les maisons, les bureaux et les espaces publics.<\/p>\n","protected":false},"featured_media":2776,"comment_status":"open","ping_status":"closed","template":"","meta":{"_acf_changed":false},"product_brand":[],"product_cat":[176,143],"product_tag":[],"class_list":{"0":"post-2002","1":"product","2":"type-product","3":"status-publish","4":"has-post-thumbnail","6":"product_cat-desodorisant","7":"product_cat-entretien-de-la-maison","9":"first","10":"instock","11":"shipping-taxable","12":"product-type-simple"},"acf":[],"yoast_head":"<!-- This site is optimized with the Yoast SEO plugin v27.3 - https:\/\/yoast.com\/product\/yoast-seo-wordpress\/ -->\n<title>Recharge parfum d\u2019air AURA - anchoralliedfactory<\/title>\n<meta name=\"robots\" content=\"index, follow, max-snippet:-1, max-image-preview:large, max-video-preview:-1\" \/>\n<link rel=\"canonical\" href=\"https:\/\/anchorallied.com\/fr\/product\/aura-air-freshner-refill\/\" \/>\n<meta property=\"og:locale\" content=\"en_US\" \/>\n<meta property=\"og:type\" content=\"article\" \/>\n<meta property=\"og:title\" content=\"Recharge parfum d\u2019air AURA - anchoralliedfactory\" \/>\n<meta property=\"og:description\" content=\"La recharge de d\u00e9sodorisant AURA est un spray automatique \u00e9cologique sans CFC qui neutralise les odeurs et ajoute un ar\u00f4me frais \u00e0 n&#039;importe quel espace, id\u00e9al pour les maisons, les bureaux et les espaces publics.\" \/>\n<meta property=\"og:url\" content=\"https:\/\/anchorallied.com\/fr\/product\/aura-air-freshner-refill\/\" \/>\n<meta property=\"og:site_name\" content=\"anchoralliedfactory\" \/>\n<meta property=\"article:modified_time\" content=\"2025-07-27T15:43:27+00:00\" \/>\n<meta property=\"og:image\" content=\"https:\/\/anchorallied.com\/fr\/wp-content\/uploads\/2025\/05\/homecare_0011_Aura-Airfreshener-Image-New.jpg\" \/>\n\t<meta property=\"og:image:width\" content=\"1200\" \/>\n\t<meta property=\"og:image:height\" content=\"1200\" \/>\n\t<meta property=\"og:image:type\" content=\"image\/jpeg\" \/>\n<meta name=\"twitter:card\" content=\"summary_large_image\" \/>\n<script type=\"application\/ld+json\" class=\"yoast-schema-graph\">{\"@context\":\"https:\\\/\\\/schema.org\",\"@graph\":[{\"@type\":\"WebPage\",\"@id\":\"https:\\\/\\\/anchorallied.com\\\/fr\\\/product\\\/aura-air-freshner-refill\\\/\",\"url\":\"https:\\\/\\\/anchorallied.com\\\/fr\\\/product\\\/aura-air-freshner-refill\\\/\",\"name\":\"Recharge parfum d\u2019air AURA - anchoralliedfactory\",\"isPartOf\":{\"@id\":\"https:\\\/\\\/anchorallied.com\\\/fr\\\/#website\"},\"primaryImageOfPage\":{\"@id\":\"https:\\\/\\\/anchorallied.com\\\/fr\\\/product\\\/aura-air-freshner-refill\\\/#primaryimage\"},\"image\":{\"@id\":\"https:\\\/\\\/anchorallied.com\\\/fr\\\/product\\\/aura-air-freshner-refill\\\/#primaryimage\"},\"thumbnailUrl\":\"https:\\\/\\\/anchorallied.com\\\/fr\\\/wp-content\\\/uploads\\\/2025\\\/05\\\/homecare_0011_Aura-Airfreshener-Image-New.jpg\",\"datePublished\":\"2025-05-23T09:19:28+00:00\",\"dateModified\":\"2025-07-27T15:43:27+00:00\",\"breadcrumb\":{\"@id\":\"https:\\\/\\\/anchorallied.com\\\/fr\\\/product\\\/aura-air-freshner-refill\\\/#breadcrumb\"},\"inLanguage\":\"en\",\"potentialAction\":[{\"@type\":\"ReadAction\",\"target\":[\"https:\\\/\\\/anchorallied.com\\\/fr\\\/product\\\/aura-air-freshner-refill\\\/\"]}]},{\"@type\":\"ImageObject\",\"inLanguage\":\"en\",\"@id\":\"https:\\\/\\\/anchorallied.com\\\/fr\\\/product\\\/aura-air-freshner-refill\\\/#primaryimage\",\"url\":\"https:\\\/\\\/anchorallied.com\\\/fr\\\/wp-content\\\/uploads\\\/2025\\\/05\\\/homecare_0011_Aura-Airfreshener-Image-New.jpg\",\"contentUrl\":\"https:\\\/\\\/anchorallied.com\\\/fr\\\/wp-content\\\/uploads\\\/2025\\\/05\\\/homecare_0011_Aura-Airfreshener-Image-New.jpg\",\"width\":1200,\"height\":1200},{\"@type\":\"BreadcrumbList\",\"@id\":\"https:\\\/\\\/anchorallied.com\\\/fr\\\/product\\\/aura-air-freshner-refill\\\/#breadcrumb\",\"itemListElement\":[{\"@type\":\"ListItem\",\"position\":1,\"name\":\"Home\",\"item\":\"http:\\\/\\\/en.anchorallied.com\\\/fr\\\/\"},{\"@type\":\"ListItem\",\"position\":2,\"name\":\"Shop\",\"item\":\"https:\\\/\\\/en.anchorallied.com\\\/fr\\\/shop\\\/\"},{\"@type\":\"ListItem\",\"position\":3,\"name\":\"Recharge parfum d\u2019air AURA\"}]},{\"@type\":\"WebSite\",\"@id\":\"https:\\\/\\\/anchorallied.com\\\/fr\\\/#website\",\"url\":\"https:\\\/\\\/anchorallied.com\\\/fr\\\/\",\"name\":\"anchoralliedfactory\",\"description\":\"\",\"potentialAction\":[{\"@type\":\"SearchAction\",\"target\":{\"@type\":\"EntryPoint\",\"urlTemplate\":\"https:\\\/\\\/anchorallied.com\\\/fr\\\/?s={search_term_string}\"},\"query-input\":{\"@type\":\"PropertyValueSpecification\",\"valueRequired\":true,\"valueName\":\"search_term_string\"}}],\"inLanguage\":\"en\"}]}<\/script>\n<!-- \/ Yoast SEO plugin. -->","yoast_head_json":{"title":"Recharge parfum d\u2019air AURA - anchoralliedfactory","robots":{"index":"index","follow":"follow","max-snippet":"max-snippet:-1","max-image-preview":"max-image-preview:large","max-video-preview":"max-video-preview:-1"},"canonical":"https:\/\/anchorallied.com\/fr\/product\/aura-air-freshner-refill\/","og_locale":"en_US","og_type":"article","og_title":"Recharge parfum d\u2019air AURA - anchoralliedfactory","og_description":"La recharge de d\u00e9sodorisant AURA est un spray automatique \u00e9cologique sans CFC qui neutralise les odeurs et ajoute un ar\u00f4me frais \u00e0 n'importe quel espace, id\u00e9al pour les maisons, les bureaux et les espaces publics.","og_url":"https:\/\/anchorallied.com\/fr\/product\/aura-air-freshner-refill\/","og_site_name":"anchoralliedfactory","article_modified_time":"2025-07-27T15:43:27+00:00","og_image":[{"width":1200,"height":1200,"url":"https:\/\/anchorallied.com\/fr\/wp-content\/uploads\/2025\/05\/homecare_0011_Aura-Airfreshener-Image-New.jpg","type":"image\/jpeg"}],"twitter_card":"summary_large_image","schema":{"@context":"https:\/\/schema.org","@graph":[{"@type":"WebPage","@id":"https:\/\/anchorallied.com\/fr\/product\/aura-air-freshner-refill\/","url":"https:\/\/anchorallied.com\/fr\/product\/aura-air-freshner-refill\/","name":"Recharge parfum d\u2019air AURA - anchoralliedfactory","isPartOf":{"@id":"https:\/\/anchorallied.com\/fr\/#website"},"primaryImageOfPage":{"@id":"https:\/\/anchorallied.com\/fr\/product\/aura-air-freshner-refill\/#primaryimage"},"image":{"@id":"https:\/\/anchorallied.com\/fr\/product\/aura-air-freshner-refill\/#primaryimage"},"thumbnailUrl":"https:\/\/anchorallied.com\/fr\/wp-content\/uploads\/2025\/05\/homecare_0011_Aura-Airfreshener-Image-New.jpg","datePublished":"2025-05-23T09:19:28+00:00","dateModified":"2025-07-27T15:43:27+00:00","breadcrumb":{"@id":"https:\/\/anchorallied.com\/fr\/product\/aura-air-freshner-refill\/#breadcrumb"},"inLanguage":"en","potentialAction":[{"@type":"ReadAction","target":["https:\/\/anchorallied.com\/fr\/product\/aura-air-freshner-refill\/"]}]},{"@type":"ImageObject","inLanguage":"en","@id":"https:\/\/anchorallied.com\/fr\/product\/aura-air-freshner-refill\/#primaryimage","url":"https:\/\/anchorallied.com\/fr\/wp-content\/uploads\/2025\/05\/homecare_0011_Aura-Airfreshener-Image-New.jpg","contentUrl":"https:\/\/anchorallied.com\/fr\/wp-content\/uploads\/2025\/05\/homecare_0011_Aura-Airfreshener-Image-New.jpg","width":1200,"height":1200},{"@type":"BreadcrumbList","@id":"https:\/\/anchorallied.com\/fr\/product\/aura-air-freshner-refill\/#breadcrumb","itemListElement":[{"@type":"ListItem","position":1,"name":"Home","item":"http:\/\/en.anchorallied.com\/fr\/"},{"@type":"ListItem","position":2,"name":"Shop","item":"https:\/\/en.anchorallied.com\/fr\/shop\/"},{"@type":"ListItem","position":3,"name":"Recharge parfum d\u2019air AURA"}]},{"@type":"WebSite","@id":"https:\/\/anchorallied.com\/fr\/#website","url":"https:\/\/anchorallied.com\/fr\/","name":"anchoralliedfactory","description":"","potentialAction":[{"@type":"SearchAction","target":{"@type":"EntryPoint","urlTemplate":"https:\/\/anchorallied.com\/fr\/?s={search_term_string}"},"query-input":{"@type":"PropertyValueSpecification","valueRequired":true,"valueName":"search_term_string"}}],"inLanguage":"en"}]}},"_links":{"self":[{"href":"https:\/\/anchorallied.com\/fr\/wp-json\/wp\/v2\/product\/2002","targetHints":{"allow":["GET"]}}],"collection":[{"href":"https:\/\/anchorallied.com\/fr\/wp-json\/wp\/v2\/product"}],"about":[{"href":"https:\/\/anchorallied.com\/fr\/wp-json\/wp\/v2\/types\/product"}],"replies":[{"embeddable":true,"href":"https:\/\/anchorallied.com\/fr\/wp-json\/wp\/v2\/comments?post=2002"}],"wp:featuredmedia":[{"embeddable":true,"href":"https:\/\/anchorallied.com\/fr\/wp-json\/wp\/v2\/media\/2776"}],"wp:attachment":[{"href":"https:\/\/anchorallied.com\/fr\/wp-json\/wp\/v2\/media?parent=2002"}],"wp:term":[{"taxonomy":"product_brand","embeddable":true,"href":"https:\/\/anchorallied.com\/fr\/wp-json\/wp\/v2\/product_brand?post=2002"},{"taxonomy":"product_cat","embeddable":true,"href":"https:\/\/anchorallied.com\/fr\/wp-json\/wp\/v2\/product_cat?post=2002"},{"taxonomy":"product_tag","embeddable":true,"href":"https:\/\/anchorallied.com\/fr\/wp-json\/wp\/v2\/product_tag?post=2002"}],"curies":[{"name":"wp","href":"https:\/\/api.w.org\/{rel}","templated":true}]}}