{"id":2005,"date":"2025-05-23T09:21:54","date_gmt":"2025-05-23T09:21:54","guid":{"rendered":"http:\/\/anchorallied.com\/fr\/?post_type=product&#038;p=2005"},"modified":"2025-07-27T15:43:27","modified_gmt":"2025-07-27T15:43:27","slug":"camping-gas-230g","status":"publish","type":"product","link":"https:\/\/anchorallied.com\/fr\/product\/camping-gas-230g\/","title":{"rendered":"Gaz de camping 230 g"},"content":{"rendered":"<p>Gaz extr\u00eamement inflammable.<br \/>\nTenir hors de port\u00e9e des enfants. \u00c9loigner des sources de chaleur, surfaces chaudes, \u00e9tincelles, flammes nues et autres sources d\u2019inflammation. D\u00e9fense de fumer.<\/p>\n<p>En cas d\u2019incendie d\u00fb \u00e0 une fuite de gaz : ne pas \u00e9teindre tant que la fuite ne peut \u00eatre arr\u00eat\u00e9e en toute s\u00e9curit\u00e9. En cas de fuite, \u00e9liminer toutes les sources d\u2019ignition.<\/p>\n<p>Stocker dans un endroit frais, sec et bien ventil\u00e9. Prot\u00e9ger de la lumi\u00e8re directe du soleil. Ne pas exposer \u00e0 des temp\u00e9ratures sup\u00e9rieures \u00e0 50\u00b0C.<\/p>\n<p>Cette cartouche doit \u00eatre utilis\u00e9e uniquement avec des appareils \u00e0 pression directe de butane conformes \u00e0 la norme EN 521 (Valve centrale 7\/16). Cette cartouche est conforme \u00e0 la norme EN 417.<\/p>\n<p>Suivre les instructions d\u2019utilisation fournies avec l\u2019appareil.<\/p>\n<p>Changement de cartouche : effectuer ces op\u00e9rations dans un endroit bien ventil\u00e9 et sans sources d\u2019ignition. Fermer la vanne de l\u2019appareil. Retirer la cartouche de l\u2019appareil. V\u00e9rifier que la cartouche est vide (secouer pour d\u00e9tecter un contenu liquide). Remplacer le joint de connexion s\u2019il est endommag\u00e9 ou perdu.<\/p>\n<p>Ne pas percer, poin\u00e7onner ou incin\u00e9rer, m\u00eame apr\u00e8s usage. \u00c9liminer dans un lieu s\u00fbr.<\/p>\n","protected":false},"excerpt":{"rendered":"<p>Cartouche de gaz butane hautement inflammable. Tenir \u00e0 l&#8217;\u00e9cart de la chaleur, des flammes et des sources d&#8217;inflammation. Utiliser uniquement avec des appareils compatibles (norme EN 521), respecter les consignes de s\u00e9curit\u00e9 et conserver dans un endroit frais et a\u00e9r\u00e9. Ne pas exposer \u00e0 des temp\u00e9ratures sup\u00e9rieures \u00e0 50 \u00b0C ni incin\u00e9rer.<\/p>\n","protected":false},"featured_media":2772,"comment_status":"open","ping_status":"closed","template":"","meta":{"_acf_changed":false},"product_brand":[],"product_cat":[195,150],"product_tag":[],"class_list":{"0":"post-2005","1":"product","2":"type-product","3":"status-publish","4":"has-post-thumbnail","6":"product_cat-gaz-de-camping","7":"product_cat-gaz-portable","9":"first","10":"instock","11":"shipping-taxable","12":"product-type-simple"},"acf":[],"yoast_head":"<!-- This site is optimized with the Yoast SEO plugin v27.3 - https:\/\/yoast.com\/product\/yoast-seo-wordpress\/ -->\n<title>Gaz de camping 230 g - anchoralliedfactory<\/title>\n<meta name=\"robots\" content=\"index, follow, max-snippet:-1, max-image-preview:large, max-video-preview:-1\" \/>\n<link rel=\"canonical\" href=\"https:\/\/anchorallied.com\/fr\/product\/camping-gas-230g\/\" \/>\n<meta property=\"og:locale\" content=\"en_US\" \/>\n<meta property=\"og:type\" content=\"article\" \/>\n<meta property=\"og:title\" content=\"Gaz de camping 230 g - anchoralliedfactory\" \/>\n<meta property=\"og:description\" content=\"Cartouche de gaz butane hautement inflammable. Tenir \u00e0 l&#039;\u00e9cart de la chaleur, des flammes et des sources d&#039;inflammation. Utiliser uniquement avec des appareils compatibles (norme EN 521), respecter les consignes de s\u00e9curit\u00e9 et conserver dans un endroit frais et a\u00e9r\u00e9. Ne pas exposer \u00e0 des temp\u00e9ratures sup\u00e9rieures \u00e0 50 \u00b0C ni incin\u00e9rer.\" \/>\n<meta property=\"og:url\" content=\"https:\/\/anchorallied.com\/fr\/product\/camping-gas-230g\/\" \/>\n<meta property=\"og:site_name\" content=\"anchoralliedfactory\" \/>\n<meta property=\"article:modified_time\" content=\"2025-07-27T15:43:27+00:00\" \/>\n<meta property=\"og:image\" content=\"https:\/\/anchorallied.com\/fr\/wp-content\/uploads\/2025\/05\/homecare_0007_Camping-gas-230g.jpg\" \/>\n\t<meta property=\"og:image:width\" content=\"1200\" \/>\n\t<meta property=\"og:image:height\" content=\"1200\" \/>\n\t<meta property=\"og:image:type\" content=\"image\/jpeg\" \/>\n<meta name=\"twitter:card\" content=\"summary_large_image\" \/>\n<meta name=\"twitter:label1\" content=\"Est. reading time\" \/>\n\t<meta name=\"twitter:data1\" content=\"1 minute\" \/>\n<script type=\"application\/ld+json\" class=\"yoast-schema-graph\">{\"@context\":\"https:\\\/\\\/schema.org\",\"@graph\":[{\"@type\":\"WebPage\",\"@id\":\"https:\\\/\\\/anchorallied.com\\\/fr\\\/product\\\/camping-gas-230g\\\/\",\"url\":\"https:\\\/\\\/anchorallied.com\\\/fr\\\/product\\\/camping-gas-230g\\\/\",\"name\":\"Gaz de camping 230 g - anchoralliedfactory\",\"isPartOf\":{\"@id\":\"https:\\\/\\\/anchorallied.com\\\/fr\\\/#website\"},\"primaryImageOfPage\":{\"@id\":\"https:\\\/\\\/anchorallied.com\\\/fr\\\/product\\\/camping-gas-230g\\\/#primaryimage\"},\"image\":{\"@id\":\"https:\\\/\\\/anchorallied.com\\\/fr\\\/product\\\/camping-gas-230g\\\/#primaryimage\"},\"thumbnailUrl\":\"https:\\\/\\\/anchorallied.com\\\/fr\\\/wp-content\\\/uploads\\\/2025\\\/05\\\/homecare_0007_Camping-gas-230g.jpg\",\"datePublished\":\"2025-05-23T09:21:54+00:00\",\"dateModified\":\"2025-07-27T15:43:27+00:00\",\"breadcrumb\":{\"@id\":\"https:\\\/\\\/anchorallied.com\\\/fr\\\/product\\\/camping-gas-230g\\\/#breadcrumb\"},\"inLanguage\":\"en\",\"potentialAction\":[{\"@type\":\"ReadAction\",\"target\":[\"https:\\\/\\\/anchorallied.com\\\/fr\\\/product\\\/camping-gas-230g\\\/\"]}]},{\"@type\":\"ImageObject\",\"inLanguage\":\"en\",\"@id\":\"https:\\\/\\\/anchorallied.com\\\/fr\\\/product\\\/camping-gas-230g\\\/#primaryimage\",\"url\":\"https:\\\/\\\/anchorallied.com\\\/fr\\\/wp-content\\\/uploads\\\/2025\\\/05\\\/homecare_0007_Camping-gas-230g.jpg\",\"contentUrl\":\"https:\\\/\\\/anchorallied.com\\\/fr\\\/wp-content\\\/uploads\\\/2025\\\/05\\\/homecare_0007_Camping-gas-230g.jpg\",\"width\":1200,\"height\":1200},{\"@type\":\"BreadcrumbList\",\"@id\":\"https:\\\/\\\/anchorallied.com\\\/fr\\\/product\\\/camping-gas-230g\\\/#breadcrumb\",\"itemListElement\":[{\"@type\":\"ListItem\",\"position\":1,\"name\":\"Home\",\"item\":\"http:\\\/\\\/en.anchorallied.com\\\/fr\\\/\"},{\"@type\":\"ListItem\",\"position\":2,\"name\":\"Shop\",\"item\":\"https:\\\/\\\/en.anchorallied.com\\\/fr\\\/shop\\\/\"},{\"@type\":\"ListItem\",\"position\":3,\"name\":\"Gaz de camping 230 g\"}]},{\"@type\":\"WebSite\",\"@id\":\"https:\\\/\\\/anchorallied.com\\\/fr\\\/#website\",\"url\":\"https:\\\/\\\/anchorallied.com\\\/fr\\\/\",\"name\":\"anchoralliedfactory\",\"description\":\"\",\"potentialAction\":[{\"@type\":\"SearchAction\",\"target\":{\"@type\":\"EntryPoint\",\"urlTemplate\":\"https:\\\/\\\/anchorallied.com\\\/fr\\\/?s={search_term_string}\"},\"query-input\":{\"@type\":\"PropertyValueSpecification\",\"valueRequired\":true,\"valueName\":\"search_term_string\"}}],\"inLanguage\":\"en\"}]}<\/script>\n<!-- \/ Yoast SEO plugin. -->","yoast_head_json":{"title":"Gaz de camping 230 g - anchoralliedfactory","robots":{"index":"index","follow":"follow","max-snippet":"max-snippet:-1","max-image-preview":"max-image-preview:large","max-video-preview":"max-video-preview:-1"},"canonical":"https:\/\/anchorallied.com\/fr\/product\/camping-gas-230g\/","og_locale":"en_US","og_type":"article","og_title":"Gaz de camping 230 g - anchoralliedfactory","og_description":"Cartouche de gaz butane hautement inflammable. Tenir \u00e0 l'\u00e9cart de la chaleur, des flammes et des sources d'inflammation. Utiliser uniquement avec des appareils compatibles (norme EN 521), respecter les consignes de s\u00e9curit\u00e9 et conserver dans un endroit frais et a\u00e9r\u00e9. Ne pas exposer \u00e0 des temp\u00e9ratures sup\u00e9rieures \u00e0 50 \u00b0C ni incin\u00e9rer.","og_url":"https:\/\/anchorallied.com\/fr\/product\/camping-gas-230g\/","og_site_name":"anchoralliedfactory","article_modified_time":"2025-07-27T15:43:27+00:00","og_image":[{"width":1200,"height":1200,"url":"https:\/\/anchorallied.com\/fr\/wp-content\/uploads\/2025\/05\/homecare_0007_Camping-gas-230g.jpg","type":"image\/jpeg"}],"twitter_card":"summary_large_image","twitter_misc":{"Est. reading time":"1 minute"},"schema":{"@context":"https:\/\/schema.org","@graph":[{"@type":"WebPage","@id":"https:\/\/anchorallied.com\/fr\/product\/camping-gas-230g\/","url":"https:\/\/anchorallied.com\/fr\/product\/camping-gas-230g\/","name":"Gaz de camping 230 g - anchoralliedfactory","isPartOf":{"@id":"https:\/\/anchorallied.com\/fr\/#website"},"primaryImageOfPage":{"@id":"https:\/\/anchorallied.com\/fr\/product\/camping-gas-230g\/#primaryimage"},"image":{"@id":"https:\/\/anchorallied.com\/fr\/product\/camping-gas-230g\/#primaryimage"},"thumbnailUrl":"https:\/\/anchorallied.com\/fr\/wp-content\/uploads\/2025\/05\/homecare_0007_Camping-gas-230g.jpg","datePublished":"2025-05-23T09:21:54+00:00","dateModified":"2025-07-27T15:43:27+00:00","breadcrumb":{"@id":"https:\/\/anchorallied.com\/fr\/product\/camping-gas-230g\/#breadcrumb"},"inLanguage":"en","potentialAction":[{"@type":"ReadAction","target":["https:\/\/anchorallied.com\/fr\/product\/camping-gas-230g\/"]}]},{"@type":"ImageObject","inLanguage":"en","@id":"https:\/\/anchorallied.com\/fr\/product\/camping-gas-230g\/#primaryimage","url":"https:\/\/anchorallied.com\/fr\/wp-content\/uploads\/2025\/05\/homecare_0007_Camping-gas-230g.jpg","contentUrl":"https:\/\/anchorallied.com\/fr\/wp-content\/uploads\/2025\/05\/homecare_0007_Camping-gas-230g.jpg","width":1200,"height":1200},{"@type":"BreadcrumbList","@id":"https:\/\/anchorallied.com\/fr\/product\/camping-gas-230g\/#breadcrumb","itemListElement":[{"@type":"ListItem","position":1,"name":"Home","item":"http:\/\/en.anchorallied.com\/fr\/"},{"@type":"ListItem","position":2,"name":"Shop","item":"https:\/\/en.anchorallied.com\/fr\/shop\/"},{"@type":"ListItem","position":3,"name":"Gaz de camping 230 g"}]},{"@type":"WebSite","@id":"https:\/\/anchorallied.com\/fr\/#website","url":"https:\/\/anchorallied.com\/fr\/","name":"anchoralliedfactory","description":"","potentialAction":[{"@type":"SearchAction","target":{"@type":"EntryPoint","urlTemplate":"https:\/\/anchorallied.com\/fr\/?s={search_term_string}"},"query-input":{"@type":"PropertyValueSpecification","valueRequired":true,"valueName":"search_term_string"}}],"inLanguage":"en"}]}},"_links":{"self":[{"href":"https:\/\/anchorallied.com\/fr\/wp-json\/wp\/v2\/product\/2005","targetHints":{"allow":["GET"]}}],"collection":[{"href":"https:\/\/anchorallied.com\/fr\/wp-json\/wp\/v2\/product"}],"about":[{"href":"https:\/\/anchorallied.com\/fr\/wp-json\/wp\/v2\/types\/product"}],"replies":[{"embeddable":true,"href":"https:\/\/anchorallied.com\/fr\/wp-json\/wp\/v2\/comments?post=2005"}],"wp:featuredmedia":[{"embeddable":true,"href":"https:\/\/anchorallied.com\/fr\/wp-json\/wp\/v2\/media\/2772"}],"wp:attachment":[{"href":"https:\/\/anchorallied.com\/fr\/wp-json\/wp\/v2\/media?parent=2005"}],"wp:term":[{"taxonomy":"product_brand","embeddable":true,"href":"https:\/\/anchorallied.com\/fr\/wp-json\/wp\/v2\/product_brand?post=2005"},{"taxonomy":"product_cat","embeddable":true,"href":"https:\/\/anchorallied.com\/fr\/wp-json\/wp\/v2\/product_cat?post=2005"},{"taxonomy":"product_tag","embeddable":true,"href":"https:\/\/anchorallied.com\/fr\/wp-json\/wp\/v2\/product_tag?post=2005"}],"curies":[{"name":"wp","href":"https:\/\/api.w.org\/{rel}","templated":true}]}}