{"id":2509,"date":"2025-05-26T07:19:57","date_gmt":"2025-05-26T07:19:57","guid":{"rendered":"http:\/\/anchorallied.com\/fr\/?post_type=product&#038;p=2509"},"modified":"2026-04-13T05:21:46","modified_gmt":"2026-04-13T05:21:46","slug":"g-2100-silicone-sealant","status":"publish","type":"product","link":"https:\/\/anchorallied.com\/fr\/product\/g-2100-silicone-sealant\/","title":{"rendered":"Mastic silicone ASMACO G2100"},"content":{"rendered":"<p>G2100 est un mastic silicone ac\u00e9tique monocomposant, offrant une adh\u00e9rence excellente sur mat\u00e9riaux non poreux (verre, c\u00e9ramique \u00e9maill\u00e9e, aluminium). Il polym\u00e9rise \u00e0 temp\u00e9rature ambiante par humidit\u00e9, formant un joint durable et flexible. Facile \u00e0 appliquer, il conserve ses performances face aux variations climatiques, id\u00e9al pour les travaux de construction et vitrage, r\u00e9sidentiels ou commerciaux.<\/p>\n","protected":false},"excerpt":{"rendered":"<p>Le G2100 est un mastic silicone monocomposant \u00e0 durcissement ac\u00e9tique qui forme un joint \u00e9lastom\u00e8re flexible lorsqu&#8217;il est expos\u00e9 \u00e0 l&#8217;humidit\u00e9 de l&#8217;air. Con\u00e7u pour diverses applications de construction et de vitrage, il offre une forte adh\u00e9rence sur les surfaces non poreuses et s&#8217;applique facilement \u00e0 toutes les temp\u00e9ratures.<\/p>\n","protected":false},"featured_media":2510,"comment_status":"open","ping_status":"closed","template":"","meta":{"_acf_changed":false},"product_brand":[],"product_cat":[142,197],"product_tag":[],"class_list":{"0":"post-2509","1":"product","2":"type-product","3":"status-publish","4":"has-post-thumbnail","6":"product_cat-mastics","7":"product_cat-mastics-acetoxys","9":"first","10":"instock","11":"shipping-taxable","12":"product-type-simple"},"acf":[],"yoast_head":"<!-- This site is optimized with the Yoast SEO plugin v27.3 - https:\/\/yoast.com\/product\/yoast-seo-wordpress\/ -->\n<title>Mastic silicone ASMACO G2100 - anchoralliedfactory<\/title>\n<meta name=\"robots\" content=\"index, follow, max-snippet:-1, max-image-preview:large, max-video-preview:-1\" \/>\n<link rel=\"canonical\" href=\"https:\/\/anchorallied.com\/fr\/product\/g-2100-silicone-sealant\/\" \/>\n<meta property=\"og:locale\" content=\"en_US\" \/>\n<meta property=\"og:type\" content=\"article\" \/>\n<meta property=\"og:title\" content=\"Mastic silicone ASMACO G2100 - anchoralliedfactory\" \/>\n<meta property=\"og:description\" content=\"Le G2100 est un mastic silicone monocomposant \u00e0 durcissement ac\u00e9tique qui forme un joint \u00e9lastom\u00e8re flexible lorsqu&#039;il est expos\u00e9 \u00e0 l&#039;humidit\u00e9 de l&#039;air. Con\u00e7u pour diverses applications de construction et de vitrage, il offre une forte adh\u00e9rence sur les surfaces non poreuses et s&#039;applique facilement \u00e0 toutes les temp\u00e9ratures.\" \/>\n<meta property=\"og:url\" content=\"https:\/\/anchorallied.com\/fr\/product\/g-2100-silicone-sealant\/\" \/>\n<meta property=\"og:site_name\" content=\"anchoralliedfactory\" \/>\n<meta property=\"article:modified_time\" content=\"2026-04-13T05:21:46+00:00\" \/>\n<meta property=\"og:image\" content=\"http:\/\/anchorallied.com\/fr\/wp-content\/uploads\/2025\/05\/sealants_0006_G2100-CTG.jpg\" \/>\n\t<meta property=\"og:image:width\" content=\"1200\" \/>\n\t<meta property=\"og:image:height\" content=\"1200\" \/>\n\t<meta property=\"og:image:type\" content=\"image\/jpeg\" \/>\n<meta name=\"twitter:card\" content=\"summary_large_image\" \/>\n<meta name=\"twitter:label1\" content=\"Est. reading time\" \/>\n\t<meta name=\"twitter:data1\" content=\"1 minute\" \/>\n<script type=\"application\/ld+json\" class=\"yoast-schema-graph\">{\"@context\":\"https:\\\/\\\/schema.org\",\"@graph\":[{\"@type\":\"WebPage\",\"@id\":\"https:\\\/\\\/anchorallied.com\\\/fr\\\/product\\\/g-2100-silicone-sealant\\\/\",\"url\":\"https:\\\/\\\/anchorallied.com\\\/fr\\\/product\\\/g-2100-silicone-sealant\\\/\",\"name\":\"Mastic silicone ASMACO G2100 - anchoralliedfactory\",\"isPartOf\":{\"@id\":\"https:\\\/\\\/anchorallied.com\\\/fr\\\/#website\"},\"primaryImageOfPage\":{\"@id\":\"https:\\\/\\\/anchorallied.com\\\/fr\\\/product\\\/g-2100-silicone-sealant\\\/#primaryimage\"},\"image\":{\"@id\":\"https:\\\/\\\/anchorallied.com\\\/fr\\\/product\\\/g-2100-silicone-sealant\\\/#primaryimage\"},\"thumbnailUrl\":\"https:\\\/\\\/anchorallied.com\\\/fr\\\/wp-content\\\/uploads\\\/2025\\\/05\\\/sealants_0006_G2100-CTG.jpg\",\"datePublished\":\"2025-05-26T07:19:57+00:00\",\"dateModified\":\"2026-04-13T05:21:46+00:00\",\"breadcrumb\":{\"@id\":\"https:\\\/\\\/anchorallied.com\\\/fr\\\/product\\\/g-2100-silicone-sealant\\\/#breadcrumb\"},\"inLanguage\":\"en\",\"potentialAction\":[{\"@type\":\"ReadAction\",\"target\":[\"https:\\\/\\\/anchorallied.com\\\/fr\\\/product\\\/g-2100-silicone-sealant\\\/\"]}]},{\"@type\":\"ImageObject\",\"inLanguage\":\"en\",\"@id\":\"https:\\\/\\\/anchorallied.com\\\/fr\\\/product\\\/g-2100-silicone-sealant\\\/#primaryimage\",\"url\":\"https:\\\/\\\/anchorallied.com\\\/fr\\\/wp-content\\\/uploads\\\/2025\\\/05\\\/sealants_0006_G2100-CTG.jpg\",\"contentUrl\":\"https:\\\/\\\/anchorallied.com\\\/fr\\\/wp-content\\\/uploads\\\/2025\\\/05\\\/sealants_0006_G2100-CTG.jpg\",\"width\":1200,\"height\":1200},{\"@type\":\"BreadcrumbList\",\"@id\":\"https:\\\/\\\/anchorallied.com\\\/fr\\\/product\\\/g-2100-silicone-sealant\\\/#breadcrumb\",\"itemListElement\":[{\"@type\":\"ListItem\",\"position\":1,\"name\":\"Home\",\"item\":\"http:\\\/\\\/en.anchorallied.com\\\/fr\\\/\"},{\"@type\":\"ListItem\",\"position\":2,\"name\":\"Shop\",\"item\":\"https:\\\/\\\/en.anchorallied.com\\\/fr\\\/shop\\\/\"},{\"@type\":\"ListItem\",\"position\":3,\"name\":\"Mastic silicone ASMACO G2100\"}]},{\"@type\":\"WebSite\",\"@id\":\"https:\\\/\\\/anchorallied.com\\\/fr\\\/#website\",\"url\":\"https:\\\/\\\/anchorallied.com\\\/fr\\\/\",\"name\":\"anchoralliedfactory\",\"description\":\"\",\"potentialAction\":[{\"@type\":\"SearchAction\",\"target\":{\"@type\":\"EntryPoint\",\"urlTemplate\":\"https:\\\/\\\/anchorallied.com\\\/fr\\\/?s={search_term_string}\"},\"query-input\":{\"@type\":\"PropertyValueSpecification\",\"valueRequired\":true,\"valueName\":\"search_term_string\"}}],\"inLanguage\":\"en\"}]}<\/script>\n<!-- \/ Yoast SEO plugin. -->","yoast_head_json":{"title":"Mastic silicone ASMACO G2100 - anchoralliedfactory","robots":{"index":"index","follow":"follow","max-snippet":"max-snippet:-1","max-image-preview":"max-image-preview:large","max-video-preview":"max-video-preview:-1"},"canonical":"https:\/\/anchorallied.com\/fr\/product\/g-2100-silicone-sealant\/","og_locale":"en_US","og_type":"article","og_title":"Mastic silicone ASMACO G2100 - anchoralliedfactory","og_description":"Le G2100 est un mastic silicone monocomposant \u00e0 durcissement ac\u00e9tique qui forme un joint \u00e9lastom\u00e8re flexible lorsqu'il est expos\u00e9 \u00e0 l'humidit\u00e9 de l'air. Con\u00e7u pour diverses applications de construction et de vitrage, il offre une forte adh\u00e9rence sur les surfaces non poreuses et s'applique facilement \u00e0 toutes les temp\u00e9ratures.","og_url":"https:\/\/anchorallied.com\/fr\/product\/g-2100-silicone-sealant\/","og_site_name":"anchoralliedfactory","article_modified_time":"2026-04-13T05:21:46+00:00","og_image":[{"width":1200,"height":1200,"url":"http:\/\/anchorallied.com\/fr\/wp-content\/uploads\/2025\/05\/sealants_0006_G2100-CTG.jpg","type":"image\/jpeg"}],"twitter_card":"summary_large_image","twitter_misc":{"Est. reading time":"1 minute"},"schema":{"@context":"https:\/\/schema.org","@graph":[{"@type":"WebPage","@id":"https:\/\/anchorallied.com\/fr\/product\/g-2100-silicone-sealant\/","url":"https:\/\/anchorallied.com\/fr\/product\/g-2100-silicone-sealant\/","name":"Mastic silicone ASMACO G2100 - anchoralliedfactory","isPartOf":{"@id":"https:\/\/anchorallied.com\/fr\/#website"},"primaryImageOfPage":{"@id":"https:\/\/anchorallied.com\/fr\/product\/g-2100-silicone-sealant\/#primaryimage"},"image":{"@id":"https:\/\/anchorallied.com\/fr\/product\/g-2100-silicone-sealant\/#primaryimage"},"thumbnailUrl":"https:\/\/anchorallied.com\/fr\/wp-content\/uploads\/2025\/05\/sealants_0006_G2100-CTG.jpg","datePublished":"2025-05-26T07:19:57+00:00","dateModified":"2026-04-13T05:21:46+00:00","breadcrumb":{"@id":"https:\/\/anchorallied.com\/fr\/product\/g-2100-silicone-sealant\/#breadcrumb"},"inLanguage":"en","potentialAction":[{"@type":"ReadAction","target":["https:\/\/anchorallied.com\/fr\/product\/g-2100-silicone-sealant\/"]}]},{"@type":"ImageObject","inLanguage":"en","@id":"https:\/\/anchorallied.com\/fr\/product\/g-2100-silicone-sealant\/#primaryimage","url":"https:\/\/anchorallied.com\/fr\/wp-content\/uploads\/2025\/05\/sealants_0006_G2100-CTG.jpg","contentUrl":"https:\/\/anchorallied.com\/fr\/wp-content\/uploads\/2025\/05\/sealants_0006_G2100-CTG.jpg","width":1200,"height":1200},{"@type":"BreadcrumbList","@id":"https:\/\/anchorallied.com\/fr\/product\/g-2100-silicone-sealant\/#breadcrumb","itemListElement":[{"@type":"ListItem","position":1,"name":"Home","item":"http:\/\/en.anchorallied.com\/fr\/"},{"@type":"ListItem","position":2,"name":"Shop","item":"https:\/\/en.anchorallied.com\/fr\/shop\/"},{"@type":"ListItem","position":3,"name":"Mastic silicone ASMACO G2100"}]},{"@type":"WebSite","@id":"https:\/\/anchorallied.com\/fr\/#website","url":"https:\/\/anchorallied.com\/fr\/","name":"anchoralliedfactory","description":"","potentialAction":[{"@type":"SearchAction","target":{"@type":"EntryPoint","urlTemplate":"https:\/\/anchorallied.com\/fr\/?s={search_term_string}"},"query-input":{"@type":"PropertyValueSpecification","valueRequired":true,"valueName":"search_term_string"}}],"inLanguage":"en"}]}},"_links":{"self":[{"href":"https:\/\/anchorallied.com\/fr\/wp-json\/wp\/v2\/product\/2509","targetHints":{"allow":["GET"]}}],"collection":[{"href":"https:\/\/anchorallied.com\/fr\/wp-json\/wp\/v2\/product"}],"about":[{"href":"https:\/\/anchorallied.com\/fr\/wp-json\/wp\/v2\/types\/product"}],"replies":[{"embeddable":true,"href":"https:\/\/anchorallied.com\/fr\/wp-json\/wp\/v2\/comments?post=2509"}],"wp:featuredmedia":[{"embeddable":true,"href":"https:\/\/anchorallied.com\/fr\/wp-json\/wp\/v2\/media\/2510"}],"wp:attachment":[{"href":"https:\/\/anchorallied.com\/fr\/wp-json\/wp\/v2\/media?parent=2509"}],"wp:term":[{"taxonomy":"product_brand","embeddable":true,"href":"https:\/\/anchorallied.com\/fr\/wp-json\/wp\/v2\/product_brand?post=2509"},{"taxonomy":"product_cat","embeddable":true,"href":"https:\/\/anchorallied.com\/fr\/wp-json\/wp\/v2\/product_cat?post=2509"},{"taxonomy":"product_tag","embeddable":true,"href":"https:\/\/anchorallied.com\/fr\/wp-json\/wp\/v2\/product_tag?post=2509"}],"curies":[{"name":"wp","href":"https:\/\/api.w.org\/{rel}","templated":true}]}}