{"id":2520,"date":"2025-05-26T08:11:22","date_gmt":"2025-05-26T08:11:22","guid":{"rendered":"http:\/\/anchorallied.com\/fr\/?post_type=product&#038;p=2520"},"modified":"2026-04-13T05:25:56","modified_gmt":"2026-04-13T05:25:56","slug":"asmaco-2880-silicone-sealant","status":"publish","type":"product","link":"https:\/\/anchorallied.com\/fr\/product\/asmaco-2880-silicone-sealant\/","title":{"rendered":"Mastic silicone ASMACO 2880"},"content":{"rendered":"<p>ASMACO 2880 est un mastic silicone haute performance \u00e0 durcissement neutre, compatible avec une large gamme de substrats poreux et non poreux, tels que le verre, les m\u00e9taux et la plupart des plastiques. Sa formulation \u00e0 faible odeur et non corrosive le rend id\u00e9al pour les environnements sensibles. Con\u00e7u pour les applications exigeantes de vitrage structurel et de bardage, il offre une excellente \u00e9lasticit\u00e9 et r\u00e9sistance, m\u00eame sous des conditions climatiques extr\u00eames. Sa r\u00e9sistance aux agressions environnementales telles que l\u2019ozone, les rayons UV et les variations de temp\u00e9rature assure une durabilit\u00e9 et une int\u00e9grit\u00e9 structurelle \u00e0 long terme, aussi bien en milieu r\u00e9sidentiel que commercial.<\/p>\n","protected":false},"excerpt":{"rendered":"<p>ASMACO 2880 est un mastic silicone monocomposant \u00e0 durcissement neutre haut de gamme, sp\u00e9cialement formul\u00e9 pour les applications de vitrage structurel et de bardage. Faiblement odorant et non corrosif, il offre une adh\u00e9rence solide et durable sur une grande vari\u00e9t\u00e9 de mat\u00e9riaux de construction, en int\u00e9rieur comme en ext\u00e9rieur.<\/p>\n","protected":false},"featured_media":2521,"comment_status":"open","ping_status":"closed","template":"","meta":{"_acf_changed":false},"product_brand":[],"product_cat":[142,152],"product_tag":[],"class_list":{"0":"post-2520","1":"product","2":"type-product","3":"status-publish","4":"has-post-thumbnail","6":"product_cat-mastics","7":"product_cat-mastics-neutres","9":"first","10":"instock","11":"shipping-taxable","12":"product-type-simple"},"acf":[],"yoast_head":"<!-- This site is optimized with the Yoast SEO plugin v27.3 - https:\/\/yoast.com\/product\/yoast-seo-wordpress\/ -->\n<title>Mastic silicone ASMACO 2880 - anchoralliedfactory<\/title>\n<meta name=\"robots\" content=\"index, follow, max-snippet:-1, max-image-preview:large, max-video-preview:-1\" \/>\n<link rel=\"canonical\" href=\"https:\/\/anchorallied.com\/fr\/product\/asmaco-2880-silicone-sealant\/\" \/>\n<meta property=\"og:locale\" content=\"en_US\" \/>\n<meta property=\"og:type\" content=\"article\" \/>\n<meta property=\"og:title\" content=\"Mastic silicone ASMACO 2880 - anchoralliedfactory\" \/>\n<meta property=\"og:description\" content=\"ASMACO 2880 est un mastic silicone monocomposant \u00e0 durcissement neutre haut de gamme, sp\u00e9cialement formul\u00e9 pour les applications de vitrage structurel et de bardage. Faiblement odorant et non corrosif, il offre une adh\u00e9rence solide et durable sur une grande vari\u00e9t\u00e9 de mat\u00e9riaux de construction, en int\u00e9rieur comme en ext\u00e9rieur.\" \/>\n<meta property=\"og:url\" content=\"https:\/\/anchorallied.com\/fr\/product\/asmaco-2880-silicone-sealant\/\" \/>\n<meta property=\"og:site_name\" content=\"anchoralliedfactory\" \/>\n<meta property=\"article:modified_time\" content=\"2026-04-13T05:25:56+00:00\" \/>\n<meta property=\"og:image\" content=\"http:\/\/anchorallied.com\/fr\/wp-content\/uploads\/2025\/05\/sealants_0022_2880-Sausage.jpg\" \/>\n\t<meta property=\"og:image:width\" content=\"1200\" \/>\n\t<meta property=\"og:image:height\" content=\"1200\" \/>\n\t<meta property=\"og:image:type\" content=\"image\/jpeg\" \/>\n<meta name=\"twitter:card\" content=\"summary_large_image\" \/>\n<meta name=\"twitter:label1\" content=\"Est. reading time\" \/>\n\t<meta name=\"twitter:data1\" content=\"1 minute\" \/>\n<script type=\"application\/ld+json\" class=\"yoast-schema-graph\">{\"@context\":\"https:\\\/\\\/schema.org\",\"@graph\":[{\"@type\":\"WebPage\",\"@id\":\"https:\\\/\\\/anchorallied.com\\\/fr\\\/product\\\/asmaco-2880-silicone-sealant\\\/\",\"url\":\"https:\\\/\\\/anchorallied.com\\\/fr\\\/product\\\/asmaco-2880-silicone-sealant\\\/\",\"name\":\"Mastic silicone ASMACO 2880 - anchoralliedfactory\",\"isPartOf\":{\"@id\":\"https:\\\/\\\/anchorallied.com\\\/fr\\\/#website\"},\"primaryImageOfPage\":{\"@id\":\"https:\\\/\\\/anchorallied.com\\\/fr\\\/product\\\/asmaco-2880-silicone-sealant\\\/#primaryimage\"},\"image\":{\"@id\":\"https:\\\/\\\/anchorallied.com\\\/fr\\\/product\\\/asmaco-2880-silicone-sealant\\\/#primaryimage\"},\"thumbnailUrl\":\"https:\\\/\\\/anchorallied.com\\\/fr\\\/wp-content\\\/uploads\\\/2025\\\/05\\\/sealants_0022_2880-Sausage.jpg\",\"datePublished\":\"2025-05-26T08:11:22+00:00\",\"dateModified\":\"2026-04-13T05:25:56+00:00\",\"breadcrumb\":{\"@id\":\"https:\\\/\\\/anchorallied.com\\\/fr\\\/product\\\/asmaco-2880-silicone-sealant\\\/#breadcrumb\"},\"inLanguage\":\"en\",\"potentialAction\":[{\"@type\":\"ReadAction\",\"target\":[\"https:\\\/\\\/anchorallied.com\\\/fr\\\/product\\\/asmaco-2880-silicone-sealant\\\/\"]}]},{\"@type\":\"ImageObject\",\"inLanguage\":\"en\",\"@id\":\"https:\\\/\\\/anchorallied.com\\\/fr\\\/product\\\/asmaco-2880-silicone-sealant\\\/#primaryimage\",\"url\":\"https:\\\/\\\/anchorallied.com\\\/fr\\\/wp-content\\\/uploads\\\/2025\\\/05\\\/sealants_0022_2880-Sausage.jpg\",\"contentUrl\":\"https:\\\/\\\/anchorallied.com\\\/fr\\\/wp-content\\\/uploads\\\/2025\\\/05\\\/sealants_0022_2880-Sausage.jpg\",\"width\":1200,\"height\":1200},{\"@type\":\"BreadcrumbList\",\"@id\":\"https:\\\/\\\/anchorallied.com\\\/fr\\\/product\\\/asmaco-2880-silicone-sealant\\\/#breadcrumb\",\"itemListElement\":[{\"@type\":\"ListItem\",\"position\":1,\"name\":\"Home\",\"item\":\"http:\\\/\\\/en.anchorallied.com\\\/fr\\\/\"},{\"@type\":\"ListItem\",\"position\":2,\"name\":\"Shop\",\"item\":\"https:\\\/\\\/en.anchorallied.com\\\/fr\\\/shop\\\/\"},{\"@type\":\"ListItem\",\"position\":3,\"name\":\"Mastic silicone ASMACO 2880\"}]},{\"@type\":\"WebSite\",\"@id\":\"https:\\\/\\\/anchorallied.com\\\/fr\\\/#website\",\"url\":\"https:\\\/\\\/anchorallied.com\\\/fr\\\/\",\"name\":\"anchoralliedfactory\",\"description\":\"\",\"potentialAction\":[{\"@type\":\"SearchAction\",\"target\":{\"@type\":\"EntryPoint\",\"urlTemplate\":\"https:\\\/\\\/anchorallied.com\\\/fr\\\/?s={search_term_string}\"},\"query-input\":{\"@type\":\"PropertyValueSpecification\",\"valueRequired\":true,\"valueName\":\"search_term_string\"}}],\"inLanguage\":\"en\"}]}<\/script>\n<!-- \/ Yoast SEO plugin. -->","yoast_head_json":{"title":"Mastic silicone ASMACO 2880 - anchoralliedfactory","robots":{"index":"index","follow":"follow","max-snippet":"max-snippet:-1","max-image-preview":"max-image-preview:large","max-video-preview":"max-video-preview:-1"},"canonical":"https:\/\/anchorallied.com\/fr\/product\/asmaco-2880-silicone-sealant\/","og_locale":"en_US","og_type":"article","og_title":"Mastic silicone ASMACO 2880 - anchoralliedfactory","og_description":"ASMACO 2880 est un mastic silicone monocomposant \u00e0 durcissement neutre haut de gamme, sp\u00e9cialement formul\u00e9 pour les applications de vitrage structurel et de bardage. Faiblement odorant et non corrosif, il offre une adh\u00e9rence solide et durable sur une grande vari\u00e9t\u00e9 de mat\u00e9riaux de construction, en int\u00e9rieur comme en ext\u00e9rieur.","og_url":"https:\/\/anchorallied.com\/fr\/product\/asmaco-2880-silicone-sealant\/","og_site_name":"anchoralliedfactory","article_modified_time":"2026-04-13T05:25:56+00:00","og_image":[{"width":1200,"height":1200,"url":"http:\/\/anchorallied.com\/fr\/wp-content\/uploads\/2025\/05\/sealants_0022_2880-Sausage.jpg","type":"image\/jpeg"}],"twitter_card":"summary_large_image","twitter_misc":{"Est. reading time":"1 minute"},"schema":{"@context":"https:\/\/schema.org","@graph":[{"@type":"WebPage","@id":"https:\/\/anchorallied.com\/fr\/product\/asmaco-2880-silicone-sealant\/","url":"https:\/\/anchorallied.com\/fr\/product\/asmaco-2880-silicone-sealant\/","name":"Mastic silicone ASMACO 2880 - anchoralliedfactory","isPartOf":{"@id":"https:\/\/anchorallied.com\/fr\/#website"},"primaryImageOfPage":{"@id":"https:\/\/anchorallied.com\/fr\/product\/asmaco-2880-silicone-sealant\/#primaryimage"},"image":{"@id":"https:\/\/anchorallied.com\/fr\/product\/asmaco-2880-silicone-sealant\/#primaryimage"},"thumbnailUrl":"https:\/\/anchorallied.com\/fr\/wp-content\/uploads\/2025\/05\/sealants_0022_2880-Sausage.jpg","datePublished":"2025-05-26T08:11:22+00:00","dateModified":"2026-04-13T05:25:56+00:00","breadcrumb":{"@id":"https:\/\/anchorallied.com\/fr\/product\/asmaco-2880-silicone-sealant\/#breadcrumb"},"inLanguage":"en","potentialAction":[{"@type":"ReadAction","target":["https:\/\/anchorallied.com\/fr\/product\/asmaco-2880-silicone-sealant\/"]}]},{"@type":"ImageObject","inLanguage":"en","@id":"https:\/\/anchorallied.com\/fr\/product\/asmaco-2880-silicone-sealant\/#primaryimage","url":"https:\/\/anchorallied.com\/fr\/wp-content\/uploads\/2025\/05\/sealants_0022_2880-Sausage.jpg","contentUrl":"https:\/\/anchorallied.com\/fr\/wp-content\/uploads\/2025\/05\/sealants_0022_2880-Sausage.jpg","width":1200,"height":1200},{"@type":"BreadcrumbList","@id":"https:\/\/anchorallied.com\/fr\/product\/asmaco-2880-silicone-sealant\/#breadcrumb","itemListElement":[{"@type":"ListItem","position":1,"name":"Home","item":"http:\/\/en.anchorallied.com\/fr\/"},{"@type":"ListItem","position":2,"name":"Shop","item":"https:\/\/en.anchorallied.com\/fr\/shop\/"},{"@type":"ListItem","position":3,"name":"Mastic silicone ASMACO 2880"}]},{"@type":"WebSite","@id":"https:\/\/anchorallied.com\/fr\/#website","url":"https:\/\/anchorallied.com\/fr\/","name":"anchoralliedfactory","description":"","potentialAction":[{"@type":"SearchAction","target":{"@type":"EntryPoint","urlTemplate":"https:\/\/anchorallied.com\/fr\/?s={search_term_string}"},"query-input":{"@type":"PropertyValueSpecification","valueRequired":true,"valueName":"search_term_string"}}],"inLanguage":"en"}]}},"_links":{"self":[{"href":"https:\/\/anchorallied.com\/fr\/wp-json\/wp\/v2\/product\/2520","targetHints":{"allow":["GET"]}}],"collection":[{"href":"https:\/\/anchorallied.com\/fr\/wp-json\/wp\/v2\/product"}],"about":[{"href":"https:\/\/anchorallied.com\/fr\/wp-json\/wp\/v2\/types\/product"}],"replies":[{"embeddable":true,"href":"https:\/\/anchorallied.com\/fr\/wp-json\/wp\/v2\/comments?post=2520"}],"wp:featuredmedia":[{"embeddable":true,"href":"https:\/\/anchorallied.com\/fr\/wp-json\/wp\/v2\/media\/2521"}],"wp:attachment":[{"href":"https:\/\/anchorallied.com\/fr\/wp-json\/wp\/v2\/media?parent=2520"}],"wp:term":[{"taxonomy":"product_brand","embeddable":true,"href":"https:\/\/anchorallied.com\/fr\/wp-json\/wp\/v2\/product_brand?post=2520"},{"taxonomy":"product_cat","embeddable":true,"href":"https:\/\/anchorallied.com\/fr\/wp-json\/wp\/v2\/product_cat?post=2520"},{"taxonomy":"product_tag","embeddable":true,"href":"https:\/\/anchorallied.com\/fr\/wp-json\/wp\/v2\/product_tag?post=2520"}],"curies":[{"name":"wp","href":"https:\/\/api.w.org\/{rel}","templated":true}]}}