{"id":2524,"date":"2025-05-26T08:22:25","date_gmt":"2025-05-26T08:22:25","guid":{"rendered":"http:\/\/anchorallied.com\/fr\/?post_type=product&#038;p=2524"},"modified":"2025-07-27T15:43:27","modified_gmt":"2025-07-27T15:43:27","slug":"asmaco-hi-temp-rtv-rtv-sealant","status":"publish","type":"product","link":"https:\/\/anchorallied.com\/fr\/product\/asmaco-hi-temp-rtv-rtv-sealant\/","title":{"rendered":"Mastic silicone RTV haute temp\u00e9rature ASMACO"},"content":{"rendered":"<p>ASMACO HI-TEMP RTV Silicone est un mastic RTV 100 % \u00e0 prise \u00e0 temp\u00e9rature ambiante, non affaissant, offrant une adh\u00e9rence exceptionnelle sur divers supports. Il forme un \u00e9lastom\u00e8re r\u00e9sistant et flexible sous contraintes thermiques \u00e9lev\u00e9es. Non corrosif, il convient aux composants sensibles et r\u00e9siste \u00e0 une exposition continue \u00e0 haute temp\u00e9rature. Id\u00e9al pour joints automobiles, \u00e9quipements industriels, fours et syst\u00e8mes de chauffage, il garantit durabilit\u00e9 et performance dans des environnements exigeants.<\/p>\n","protected":false},"excerpt":{"rendered":"<p>Le silicone RTV haute temp\u00e9rature ASMACO est un mastic monocomposant hautes performances con\u00e7u pour les applications \u00e0 temp\u00e9ratures extr\u00eames. Durcissant \u00e0 temp\u00e9rature ambiante apr\u00e8s exposition \u00e0 l&#8217;humidit\u00e9, il forme un joint durable, flexible et caoutchouteux, capable de r\u00e9sister \u00e0 des temp\u00e9ratures continues allant jusqu&#8217;\u00e0 300 \u00b0C, ce qui le rend id\u00e9al pour les applications industrielles et automobiles.<\/p>\n","protected":false},"featured_media":2525,"comment_status":"open","ping_status":"closed","template":"","meta":{"_acf_changed":false},"product_brand":[],"product_cat":[142,197],"product_tag":[],"class_list":{"0":"post-2524","1":"product","2":"type-product","3":"status-publish","4":"has-post-thumbnail","6":"product_cat-mastics","7":"product_cat-mastics-acetoxys","9":"first","10":"instock","11":"shipping-taxable","12":"product-type-simple"},"acf":[],"yoast_head":"<!-- This site is optimized with the Yoast SEO plugin v27.3 - https:\/\/yoast.com\/product\/yoast-seo-wordpress\/ -->\n<title>Mastic silicone RTV haute temp\u00e9rature ASMACO - anchoralliedfactory<\/title>\n<meta name=\"robots\" content=\"index, follow, max-snippet:-1, max-image-preview:large, max-video-preview:-1\" \/>\n<link rel=\"canonical\" href=\"https:\/\/anchorallied.com\/fr\/product\/asmaco-hi-temp-rtv-rtv-sealant\/\" \/>\n<meta property=\"og:locale\" content=\"en_US\" \/>\n<meta property=\"og:type\" content=\"article\" \/>\n<meta property=\"og:title\" content=\"Mastic silicone RTV haute temp\u00e9rature ASMACO - anchoralliedfactory\" \/>\n<meta property=\"og:description\" content=\"Le silicone RTV haute temp\u00e9rature ASMACO est un mastic monocomposant hautes performances con\u00e7u pour les applications \u00e0 temp\u00e9ratures extr\u00eames. Durcissant \u00e0 temp\u00e9rature ambiante apr\u00e8s exposition \u00e0 l&#039;humidit\u00e9, il forme un joint durable, flexible et caoutchouteux, capable de r\u00e9sister \u00e0 des temp\u00e9ratures continues allant jusqu&#039;\u00e0 300 \u00b0C, ce qui le rend id\u00e9al pour les applications industrielles et automobiles.\" \/>\n<meta property=\"og:url\" content=\"https:\/\/anchorallied.com\/fr\/product\/asmaco-hi-temp-rtv-rtv-sealant\/\" \/>\n<meta property=\"og:site_name\" content=\"anchoralliedfactory\" \/>\n<meta property=\"article:modified_time\" content=\"2025-07-27T15:43:27+00:00\" \/>\n<meta property=\"og:image\" content=\"https:\/\/anchorallied.com\/fr\/wp-content\/uploads\/2025\/05\/sealants_0002_Hitemp-RTV-CTG.jpg\" \/>\n\t<meta property=\"og:image:width\" content=\"1200\" \/>\n\t<meta property=\"og:image:height\" content=\"1200\" \/>\n\t<meta property=\"og:image:type\" content=\"image\/jpeg\" \/>\n<meta name=\"twitter:card\" content=\"summary_large_image\" \/>\n<script type=\"application\/ld+json\" class=\"yoast-schema-graph\">{\"@context\":\"https:\\\/\\\/schema.org\",\"@graph\":[{\"@type\":\"WebPage\",\"@id\":\"https:\\\/\\\/anchorallied.com\\\/fr\\\/product\\\/asmaco-hi-temp-rtv-rtv-sealant\\\/\",\"url\":\"https:\\\/\\\/anchorallied.com\\\/fr\\\/product\\\/asmaco-hi-temp-rtv-rtv-sealant\\\/\",\"name\":\"Mastic silicone RTV haute temp\u00e9rature ASMACO - anchoralliedfactory\",\"isPartOf\":{\"@id\":\"https:\\\/\\\/anchorallied.com\\\/fr\\\/#website\"},\"primaryImageOfPage\":{\"@id\":\"https:\\\/\\\/anchorallied.com\\\/fr\\\/product\\\/asmaco-hi-temp-rtv-rtv-sealant\\\/#primaryimage\"},\"image\":{\"@id\":\"https:\\\/\\\/anchorallied.com\\\/fr\\\/product\\\/asmaco-hi-temp-rtv-rtv-sealant\\\/#primaryimage\"},\"thumbnailUrl\":\"https:\\\/\\\/anchorallied.com\\\/fr\\\/wp-content\\\/uploads\\\/2025\\\/05\\\/sealants_0002_Hitemp-RTV-CTG.jpg\",\"datePublished\":\"2025-05-26T08:22:25+00:00\",\"dateModified\":\"2025-07-27T15:43:27+00:00\",\"breadcrumb\":{\"@id\":\"https:\\\/\\\/anchorallied.com\\\/fr\\\/product\\\/asmaco-hi-temp-rtv-rtv-sealant\\\/#breadcrumb\"},\"inLanguage\":\"en\",\"potentialAction\":[{\"@type\":\"ReadAction\",\"target\":[\"https:\\\/\\\/anchorallied.com\\\/fr\\\/product\\\/asmaco-hi-temp-rtv-rtv-sealant\\\/\"]}]},{\"@type\":\"ImageObject\",\"inLanguage\":\"en\",\"@id\":\"https:\\\/\\\/anchorallied.com\\\/fr\\\/product\\\/asmaco-hi-temp-rtv-rtv-sealant\\\/#primaryimage\",\"url\":\"https:\\\/\\\/anchorallied.com\\\/fr\\\/wp-content\\\/uploads\\\/2025\\\/05\\\/sealants_0002_Hitemp-RTV-CTG.jpg\",\"contentUrl\":\"https:\\\/\\\/anchorallied.com\\\/fr\\\/wp-content\\\/uploads\\\/2025\\\/05\\\/sealants_0002_Hitemp-RTV-CTG.jpg\",\"width\":1200,\"height\":1200},{\"@type\":\"BreadcrumbList\",\"@id\":\"https:\\\/\\\/anchorallied.com\\\/fr\\\/product\\\/asmaco-hi-temp-rtv-rtv-sealant\\\/#breadcrumb\",\"itemListElement\":[{\"@type\":\"ListItem\",\"position\":1,\"name\":\"Home\",\"item\":\"http:\\\/\\\/en.anchorallied.com\\\/fr\\\/\"},{\"@type\":\"ListItem\",\"position\":2,\"name\":\"Shop\",\"item\":\"https:\\\/\\\/en.anchorallied.com\\\/fr\\\/shop\\\/\"},{\"@type\":\"ListItem\",\"position\":3,\"name\":\"Mastic silicone RTV haute temp\u00e9rature ASMACO\"}]},{\"@type\":\"WebSite\",\"@id\":\"https:\\\/\\\/anchorallied.com\\\/fr\\\/#website\",\"url\":\"https:\\\/\\\/anchorallied.com\\\/fr\\\/\",\"name\":\"anchoralliedfactory\",\"description\":\"\",\"potentialAction\":[{\"@type\":\"SearchAction\",\"target\":{\"@type\":\"EntryPoint\",\"urlTemplate\":\"https:\\\/\\\/anchorallied.com\\\/fr\\\/?s={search_term_string}\"},\"query-input\":{\"@type\":\"PropertyValueSpecification\",\"valueRequired\":true,\"valueName\":\"search_term_string\"}}],\"inLanguage\":\"en\"}]}<\/script>\n<!-- \/ Yoast SEO plugin. -->","yoast_head_json":{"title":"Mastic silicone RTV haute temp\u00e9rature ASMACO - anchoralliedfactory","robots":{"index":"index","follow":"follow","max-snippet":"max-snippet:-1","max-image-preview":"max-image-preview:large","max-video-preview":"max-video-preview:-1"},"canonical":"https:\/\/anchorallied.com\/fr\/product\/asmaco-hi-temp-rtv-rtv-sealant\/","og_locale":"en_US","og_type":"article","og_title":"Mastic silicone RTV haute temp\u00e9rature ASMACO - anchoralliedfactory","og_description":"Le silicone RTV haute temp\u00e9rature ASMACO est un mastic monocomposant hautes performances con\u00e7u pour les applications \u00e0 temp\u00e9ratures extr\u00eames. Durcissant \u00e0 temp\u00e9rature ambiante apr\u00e8s exposition \u00e0 l'humidit\u00e9, il forme un joint durable, flexible et caoutchouteux, capable de r\u00e9sister \u00e0 des temp\u00e9ratures continues allant jusqu'\u00e0 300 \u00b0C, ce qui le rend id\u00e9al pour les applications industrielles et automobiles.","og_url":"https:\/\/anchorallied.com\/fr\/product\/asmaco-hi-temp-rtv-rtv-sealant\/","og_site_name":"anchoralliedfactory","article_modified_time":"2025-07-27T15:43:27+00:00","og_image":[{"width":1200,"height":1200,"url":"https:\/\/anchorallied.com\/fr\/wp-content\/uploads\/2025\/05\/sealants_0002_Hitemp-RTV-CTG.jpg","type":"image\/jpeg"}],"twitter_card":"summary_large_image","schema":{"@context":"https:\/\/schema.org","@graph":[{"@type":"WebPage","@id":"https:\/\/anchorallied.com\/fr\/product\/asmaco-hi-temp-rtv-rtv-sealant\/","url":"https:\/\/anchorallied.com\/fr\/product\/asmaco-hi-temp-rtv-rtv-sealant\/","name":"Mastic silicone RTV haute temp\u00e9rature ASMACO - anchoralliedfactory","isPartOf":{"@id":"https:\/\/anchorallied.com\/fr\/#website"},"primaryImageOfPage":{"@id":"https:\/\/anchorallied.com\/fr\/product\/asmaco-hi-temp-rtv-rtv-sealant\/#primaryimage"},"image":{"@id":"https:\/\/anchorallied.com\/fr\/product\/asmaco-hi-temp-rtv-rtv-sealant\/#primaryimage"},"thumbnailUrl":"https:\/\/anchorallied.com\/fr\/wp-content\/uploads\/2025\/05\/sealants_0002_Hitemp-RTV-CTG.jpg","datePublished":"2025-05-26T08:22:25+00:00","dateModified":"2025-07-27T15:43:27+00:00","breadcrumb":{"@id":"https:\/\/anchorallied.com\/fr\/product\/asmaco-hi-temp-rtv-rtv-sealant\/#breadcrumb"},"inLanguage":"en","potentialAction":[{"@type":"ReadAction","target":["https:\/\/anchorallied.com\/fr\/product\/asmaco-hi-temp-rtv-rtv-sealant\/"]}]},{"@type":"ImageObject","inLanguage":"en","@id":"https:\/\/anchorallied.com\/fr\/product\/asmaco-hi-temp-rtv-rtv-sealant\/#primaryimage","url":"https:\/\/anchorallied.com\/fr\/wp-content\/uploads\/2025\/05\/sealants_0002_Hitemp-RTV-CTG.jpg","contentUrl":"https:\/\/anchorallied.com\/fr\/wp-content\/uploads\/2025\/05\/sealants_0002_Hitemp-RTV-CTG.jpg","width":1200,"height":1200},{"@type":"BreadcrumbList","@id":"https:\/\/anchorallied.com\/fr\/product\/asmaco-hi-temp-rtv-rtv-sealant\/#breadcrumb","itemListElement":[{"@type":"ListItem","position":1,"name":"Home","item":"http:\/\/en.anchorallied.com\/fr\/"},{"@type":"ListItem","position":2,"name":"Shop","item":"https:\/\/en.anchorallied.com\/fr\/shop\/"},{"@type":"ListItem","position":3,"name":"Mastic silicone RTV haute temp\u00e9rature ASMACO"}]},{"@type":"WebSite","@id":"https:\/\/anchorallied.com\/fr\/#website","url":"https:\/\/anchorallied.com\/fr\/","name":"anchoralliedfactory","description":"","potentialAction":[{"@type":"SearchAction","target":{"@type":"EntryPoint","urlTemplate":"https:\/\/anchorallied.com\/fr\/?s={search_term_string}"},"query-input":{"@type":"PropertyValueSpecification","valueRequired":true,"valueName":"search_term_string"}}],"inLanguage":"en"}]}},"_links":{"self":[{"href":"https:\/\/anchorallied.com\/fr\/wp-json\/wp\/v2\/product\/2524","targetHints":{"allow":["GET"]}}],"collection":[{"href":"https:\/\/anchorallied.com\/fr\/wp-json\/wp\/v2\/product"}],"about":[{"href":"https:\/\/anchorallied.com\/fr\/wp-json\/wp\/v2\/types\/product"}],"replies":[{"embeddable":true,"href":"https:\/\/anchorallied.com\/fr\/wp-json\/wp\/v2\/comments?post=2524"}],"wp:featuredmedia":[{"embeddable":true,"href":"https:\/\/anchorallied.com\/fr\/wp-json\/wp\/v2\/media\/2525"}],"wp:attachment":[{"href":"https:\/\/anchorallied.com\/fr\/wp-json\/wp\/v2\/media?parent=2524"}],"wp:term":[{"taxonomy":"product_brand","embeddable":true,"href":"https:\/\/anchorallied.com\/fr\/wp-json\/wp\/v2\/product_brand?post=2524"},{"taxonomy":"product_cat","embeddable":true,"href":"https:\/\/anchorallied.com\/fr\/wp-json\/wp\/v2\/product_cat?post=2524"},{"taxonomy":"product_tag","embeddable":true,"href":"https:\/\/anchorallied.com\/fr\/wp-json\/wp\/v2\/product_tag?post=2524"}],"curies":[{"name":"wp","href":"https:\/\/api.w.org\/{rel}","templated":true}]}}