{"id":2531,"date":"2025-05-26T08:38:52","date_gmt":"2025-05-26T08:38:52","guid":{"rendered":"http:\/\/anchorallied.com\/fr\/?post_type=product&#038;p=2531"},"modified":"2025-07-27T15:43:27","modified_gmt":"2025-07-27T15:43:27","slug":"asmacryl-55-acrylic-sealant","status":"publish","type":"product","link":"https:\/\/anchorallied.com\/fr\/product\/asmacryl-55-acrylic-sealant\/","title":{"rendered":"Mastic acrylique ASMACRYL 55"},"content":{"rendered":"<p>ASMACRYL-55 est formul\u00e9 avec des additifs ignifuges sp\u00e9cialis\u00e9s et des \u00e9mulsions acryliques pour offrir une protection fiable contre le feu dans les joints de b\u00e2timent soumis \u00e0 des mouvements mod\u00e9r\u00e9s. Facile \u00e0 appliquer, il durcit en formant un joint durable et partiellement flexible qui se dilate lorsqu\u2019il est expos\u00e9 \u00e0 des temp\u00e9ratures sup\u00e9rieures \u00e0 +120\u00b0C, contribuant ainsi \u00e0 bloquer la propagation du feu, de la fum\u00e9e et des gaz toxiques. Capable d\u2019assurer jusqu\u2019\u00e0 4 heures de r\u00e9sistance au feu, il est id\u00e9al pour l\u2019\u00e9tanch\u00e9it\u00e9 des joints entre \u00e9l\u00e9ments de construction dans les b\u00e2timents r\u00e9sidentiels, commerciaux et industriels o\u00f9 la s\u00e9curit\u00e9 incendie est primordiale. Sa consistance adapt\u00e9e pour pistolet permet une application pr\u00e9cise, faisant de ce produit une solution pratique et efficace pour les constructions neuves comme pour la r\u00e9novation des joints coupe-feu.<\/p>\n","protected":false},"excerpt":{"rendered":"<p>ASMACRYL-55 est un mastic monocomposant haute performance, applicable au pistolet, \u00e0 base d&#8217;\u00e9mulsions acryliques r\u00e9sistantes au feu. Sp\u00e9cialement con\u00e7u pour les applications de calfeutrage, il offre un joint partiellement flexible qui se dilate sous l&#8217;effet de la chaleur, offrant une protection efficace contre le feu, la fum\u00e9e et les gaz dans les joints de construction.<\/p>\n","protected":false},"featured_media":2532,"comment_status":"open","ping_status":"closed","template":"","meta":{"_acf_changed":false},"product_brand":[],"product_cat":[142,198],"product_tag":[],"class_list":{"0":"post-2531","1":"product","2":"type-product","3":"status-publish","4":"has-post-thumbnail","6":"product_cat-mastics","7":"product_cat-mastics-coupe-feu","9":"first","10":"instock","11":"shipping-taxable","12":"product-type-simple"},"acf":[],"yoast_head":"<!-- This site is optimized with the Yoast SEO plugin v27.3 - https:\/\/yoast.com\/product\/yoast-seo-wordpress\/ -->\n<title>Mastic acrylique ASMACRYL 55 - anchoralliedfactory<\/title>\n<meta name=\"robots\" content=\"index, follow, max-snippet:-1, max-image-preview:large, max-video-preview:-1\" \/>\n<link rel=\"canonical\" href=\"https:\/\/anchorallied.com\/fr\/product\/asmacryl-55-acrylic-sealant\/\" \/>\n<meta property=\"og:locale\" content=\"en_US\" \/>\n<meta property=\"og:type\" content=\"article\" \/>\n<meta property=\"og:title\" content=\"Mastic acrylique ASMACRYL 55 - anchoralliedfactory\" \/>\n<meta property=\"og:description\" content=\"ASMACRYL-55 est un mastic monocomposant haute performance, applicable au pistolet, \u00e0 base d&#039;\u00e9mulsions acryliques r\u00e9sistantes au feu. Sp\u00e9cialement con\u00e7u pour les applications de calfeutrage, il offre un joint partiellement flexible qui se dilate sous l&#039;effet de la chaleur, offrant une protection efficace contre le feu, la fum\u00e9e et les gaz dans les joints de construction.\" \/>\n<meta property=\"og:url\" content=\"https:\/\/anchorallied.com\/fr\/product\/asmacryl-55-acrylic-sealant\/\" \/>\n<meta property=\"og:site_name\" content=\"anchoralliedfactory\" \/>\n<meta property=\"article:modified_time\" content=\"2025-07-27T15:43:27+00:00\" \/>\n<meta property=\"og:image\" content=\"https:\/\/anchorallied.com\/fr\/wp-content\/uploads\/2025\/05\/sealants_0009_Asmacyrl-55.jpg\" \/>\n\t<meta property=\"og:image:width\" content=\"1200\" \/>\n\t<meta property=\"og:image:height\" content=\"1200\" \/>\n\t<meta property=\"og:image:type\" content=\"image\/jpeg\" \/>\n<meta name=\"twitter:card\" content=\"summary_large_image\" \/>\n<meta name=\"twitter:label1\" content=\"Est. reading time\" \/>\n\t<meta name=\"twitter:data1\" content=\"1 minute\" \/>\n<script type=\"application\/ld+json\" class=\"yoast-schema-graph\">{\"@context\":\"https:\\\/\\\/schema.org\",\"@graph\":[{\"@type\":\"WebPage\",\"@id\":\"https:\\\/\\\/anchorallied.com\\\/fr\\\/product\\\/asmacryl-55-acrylic-sealant\\\/\",\"url\":\"https:\\\/\\\/anchorallied.com\\\/fr\\\/product\\\/asmacryl-55-acrylic-sealant\\\/\",\"name\":\"Mastic acrylique ASMACRYL 55 - anchoralliedfactory\",\"isPartOf\":{\"@id\":\"https:\\\/\\\/anchorallied.com\\\/fr\\\/#website\"},\"primaryImageOfPage\":{\"@id\":\"https:\\\/\\\/anchorallied.com\\\/fr\\\/product\\\/asmacryl-55-acrylic-sealant\\\/#primaryimage\"},\"image\":{\"@id\":\"https:\\\/\\\/anchorallied.com\\\/fr\\\/product\\\/asmacryl-55-acrylic-sealant\\\/#primaryimage\"},\"thumbnailUrl\":\"https:\\\/\\\/anchorallied.com\\\/fr\\\/wp-content\\\/uploads\\\/2025\\\/05\\\/sealants_0009_Asmacyrl-55.jpg\",\"datePublished\":\"2025-05-26T08:38:52+00:00\",\"dateModified\":\"2025-07-27T15:43:27+00:00\",\"breadcrumb\":{\"@id\":\"https:\\\/\\\/anchorallied.com\\\/fr\\\/product\\\/asmacryl-55-acrylic-sealant\\\/#breadcrumb\"},\"inLanguage\":\"en\",\"potentialAction\":[{\"@type\":\"ReadAction\",\"target\":[\"https:\\\/\\\/anchorallied.com\\\/fr\\\/product\\\/asmacryl-55-acrylic-sealant\\\/\"]}]},{\"@type\":\"ImageObject\",\"inLanguage\":\"en\",\"@id\":\"https:\\\/\\\/anchorallied.com\\\/fr\\\/product\\\/asmacryl-55-acrylic-sealant\\\/#primaryimage\",\"url\":\"https:\\\/\\\/anchorallied.com\\\/fr\\\/wp-content\\\/uploads\\\/2025\\\/05\\\/sealants_0009_Asmacyrl-55.jpg\",\"contentUrl\":\"https:\\\/\\\/anchorallied.com\\\/fr\\\/wp-content\\\/uploads\\\/2025\\\/05\\\/sealants_0009_Asmacyrl-55.jpg\",\"width\":1200,\"height\":1200},{\"@type\":\"BreadcrumbList\",\"@id\":\"https:\\\/\\\/anchorallied.com\\\/fr\\\/product\\\/asmacryl-55-acrylic-sealant\\\/#breadcrumb\",\"itemListElement\":[{\"@type\":\"ListItem\",\"position\":1,\"name\":\"Home\",\"item\":\"http:\\\/\\\/en.anchorallied.com\\\/fr\\\/\"},{\"@type\":\"ListItem\",\"position\":2,\"name\":\"Shop\",\"item\":\"https:\\\/\\\/en.anchorallied.com\\\/fr\\\/shop\\\/\"},{\"@type\":\"ListItem\",\"position\":3,\"name\":\"Mastic acrylique ASMACRYL 55\"}]},{\"@type\":\"WebSite\",\"@id\":\"https:\\\/\\\/anchorallied.com\\\/fr\\\/#website\",\"url\":\"https:\\\/\\\/anchorallied.com\\\/fr\\\/\",\"name\":\"anchoralliedfactory\",\"description\":\"\",\"potentialAction\":[{\"@type\":\"SearchAction\",\"target\":{\"@type\":\"EntryPoint\",\"urlTemplate\":\"https:\\\/\\\/anchorallied.com\\\/fr\\\/?s={search_term_string}\"},\"query-input\":{\"@type\":\"PropertyValueSpecification\",\"valueRequired\":true,\"valueName\":\"search_term_string\"}}],\"inLanguage\":\"en\"}]}<\/script>\n<!-- \/ Yoast SEO plugin. -->","yoast_head_json":{"title":"Mastic acrylique ASMACRYL 55 - anchoralliedfactory","robots":{"index":"index","follow":"follow","max-snippet":"max-snippet:-1","max-image-preview":"max-image-preview:large","max-video-preview":"max-video-preview:-1"},"canonical":"https:\/\/anchorallied.com\/fr\/product\/asmacryl-55-acrylic-sealant\/","og_locale":"en_US","og_type":"article","og_title":"Mastic acrylique ASMACRYL 55 - anchoralliedfactory","og_description":"ASMACRYL-55 est un mastic monocomposant haute performance, applicable au pistolet, \u00e0 base d'\u00e9mulsions acryliques r\u00e9sistantes au feu. Sp\u00e9cialement con\u00e7u pour les applications de calfeutrage, il offre un joint partiellement flexible qui se dilate sous l'effet de la chaleur, offrant une protection efficace contre le feu, la fum\u00e9e et les gaz dans les joints de construction.","og_url":"https:\/\/anchorallied.com\/fr\/product\/asmacryl-55-acrylic-sealant\/","og_site_name":"anchoralliedfactory","article_modified_time":"2025-07-27T15:43:27+00:00","og_image":[{"width":1200,"height":1200,"url":"https:\/\/anchorallied.com\/fr\/wp-content\/uploads\/2025\/05\/sealants_0009_Asmacyrl-55.jpg","type":"image\/jpeg"}],"twitter_card":"summary_large_image","twitter_misc":{"Est. reading time":"1 minute"},"schema":{"@context":"https:\/\/schema.org","@graph":[{"@type":"WebPage","@id":"https:\/\/anchorallied.com\/fr\/product\/asmacryl-55-acrylic-sealant\/","url":"https:\/\/anchorallied.com\/fr\/product\/asmacryl-55-acrylic-sealant\/","name":"Mastic acrylique ASMACRYL 55 - anchoralliedfactory","isPartOf":{"@id":"https:\/\/anchorallied.com\/fr\/#website"},"primaryImageOfPage":{"@id":"https:\/\/anchorallied.com\/fr\/product\/asmacryl-55-acrylic-sealant\/#primaryimage"},"image":{"@id":"https:\/\/anchorallied.com\/fr\/product\/asmacryl-55-acrylic-sealant\/#primaryimage"},"thumbnailUrl":"https:\/\/anchorallied.com\/fr\/wp-content\/uploads\/2025\/05\/sealants_0009_Asmacyrl-55.jpg","datePublished":"2025-05-26T08:38:52+00:00","dateModified":"2025-07-27T15:43:27+00:00","breadcrumb":{"@id":"https:\/\/anchorallied.com\/fr\/product\/asmacryl-55-acrylic-sealant\/#breadcrumb"},"inLanguage":"en","potentialAction":[{"@type":"ReadAction","target":["https:\/\/anchorallied.com\/fr\/product\/asmacryl-55-acrylic-sealant\/"]}]},{"@type":"ImageObject","inLanguage":"en","@id":"https:\/\/anchorallied.com\/fr\/product\/asmacryl-55-acrylic-sealant\/#primaryimage","url":"https:\/\/anchorallied.com\/fr\/wp-content\/uploads\/2025\/05\/sealants_0009_Asmacyrl-55.jpg","contentUrl":"https:\/\/anchorallied.com\/fr\/wp-content\/uploads\/2025\/05\/sealants_0009_Asmacyrl-55.jpg","width":1200,"height":1200},{"@type":"BreadcrumbList","@id":"https:\/\/anchorallied.com\/fr\/product\/asmacryl-55-acrylic-sealant\/#breadcrumb","itemListElement":[{"@type":"ListItem","position":1,"name":"Home","item":"http:\/\/en.anchorallied.com\/fr\/"},{"@type":"ListItem","position":2,"name":"Shop","item":"https:\/\/en.anchorallied.com\/fr\/shop\/"},{"@type":"ListItem","position":3,"name":"Mastic acrylique ASMACRYL 55"}]},{"@type":"WebSite","@id":"https:\/\/anchorallied.com\/fr\/#website","url":"https:\/\/anchorallied.com\/fr\/","name":"anchoralliedfactory","description":"","potentialAction":[{"@type":"SearchAction","target":{"@type":"EntryPoint","urlTemplate":"https:\/\/anchorallied.com\/fr\/?s={search_term_string}"},"query-input":{"@type":"PropertyValueSpecification","valueRequired":true,"valueName":"search_term_string"}}],"inLanguage":"en"}]}},"_links":{"self":[{"href":"https:\/\/anchorallied.com\/fr\/wp-json\/wp\/v2\/product\/2531","targetHints":{"allow":["GET"]}}],"collection":[{"href":"https:\/\/anchorallied.com\/fr\/wp-json\/wp\/v2\/product"}],"about":[{"href":"https:\/\/anchorallied.com\/fr\/wp-json\/wp\/v2\/types\/product"}],"replies":[{"embeddable":true,"href":"https:\/\/anchorallied.com\/fr\/wp-json\/wp\/v2\/comments?post=2531"}],"wp:featuredmedia":[{"embeddable":true,"href":"https:\/\/anchorallied.com\/fr\/wp-json\/wp\/v2\/media\/2532"}],"wp:attachment":[{"href":"https:\/\/anchorallied.com\/fr\/wp-json\/wp\/v2\/media?parent=2531"}],"wp:term":[{"taxonomy":"product_brand","embeddable":true,"href":"https:\/\/anchorallied.com\/fr\/wp-json\/wp\/v2\/product_brand?post=2531"},{"taxonomy":"product_cat","embeddable":true,"href":"https:\/\/anchorallied.com\/fr\/wp-json\/wp\/v2\/product_cat?post=2531"},{"taxonomy":"product_tag","embeddable":true,"href":"https:\/\/anchorallied.com\/fr\/wp-json\/wp\/v2\/product_tag?post=2531"}],"curies":[{"name":"wp","href":"https:\/\/api.w.org\/{rel}","templated":true}]}}