{"id":2539,"date":"2025-05-26T09:14:05","date_gmt":"2025-05-26T09:14:05","guid":{"rendered":"http:\/\/anchorallied.com\/fr\/?post_type=product&#038;p=2539"},"modified":"2025-07-27T15:43:28","modified_gmt":"2025-07-27T15:43:28","slug":"asmaco-intumescent-acrylic-sealant-acrylic-sealant","status":"publish","type":"product","link":"https:\/\/anchorallied.com\/fr\/product\/asmaco-intumescent-acrylic-sealant-acrylic-sealant\/","title":{"rendered":"Mastic acrylique intumescents ASMACO"},"content":{"rendered":"<p>ASMACO INTUMESCENT ACRYLIC SEALANT est un mastic acrylique intumescent haute performance, sp\u00e9cialement con\u00e7u pour les applications int\u00e9rieures n\u00e9cessitant une r\u00e9sistance au feu. Il adh\u00e8re efficacement \u00e0 divers mat\u00e9riaux de construction et convient parfaitement au calfeutrement des joints autour des cadres de portes et fen\u00eatres soumis \u00e0 des contraintes mod\u00e9r\u00e9es. En cas d\u2019exposition au feu, il gonfle pour former une barri\u00e8re dense et r\u00e9sistante \u00e0 la chaleur, ralentissant la propagation des flammes et de la fum\u00e9e. Facile \u00e0 appliquer avec un pistolet standard, il permet une pose propre et rapide. Sa fiabilit\u00e9 en tant que coupe-feu passif en fait un \u00e9l\u00e9ment essentiel dans les syst\u00e8mes de protection incendie des b\u00e2timents r\u00e9sidentiels, tertiaires et industriels.<\/p>\n","protected":false},"excerpt":{"rendered":"<p>Le MASTIC ACRYLIQUE INTUMESCENT ASMACO est un mastic monocomposant coupe-feu con\u00e7u pour l&#8217;\u00e9tanch\u00e9it\u00e9 p\u00e9rim\u00e9trique int\u00e9rieure des cadres de portes et fen\u00eatres coupe-feu. Facile \u00e0 appliquer, il assure une \u00e9tanch\u00e9it\u00e9 fiable des joints tout en offrant des propri\u00e9t\u00e9s intumescentes qui se dilatent sous l&#8217;effet du feu pour une meilleure protection contre l&#8217;incendie.<\/p>\n","protected":false},"featured_media":2540,"comment_status":"open","ping_status":"closed","template":"","meta":{"_acf_changed":false},"product_brand":[],"product_cat":[142,198],"product_tag":[],"class_list":{"0":"post-2539","1":"product","2":"type-product","3":"status-publish","4":"has-post-thumbnail","6":"product_cat-mastics","7":"product_cat-mastics-coupe-feu","9":"first","10":"instock","11":"shipping-taxable","12":"product-type-simple"},"acf":[],"yoast_head":"<!-- This site is optimized with the Yoast SEO plugin v27.3 - https:\/\/yoast.com\/product\/yoast-seo-wordpress\/ -->\n<title>Mastic acrylique intumescents ASMACO - anchoralliedfactory<\/title>\n<meta name=\"robots\" content=\"index, follow, max-snippet:-1, max-image-preview:large, max-video-preview:-1\" \/>\n<link rel=\"canonical\" href=\"https:\/\/anchorallied.com\/fr\/product\/asmaco-intumescent-acrylic-sealant-acrylic-sealant\/\" \/>\n<meta property=\"og:locale\" content=\"en_US\" \/>\n<meta property=\"og:type\" content=\"article\" \/>\n<meta property=\"og:title\" content=\"Mastic acrylique intumescents ASMACO - anchoralliedfactory\" \/>\n<meta property=\"og:description\" content=\"Le MASTIC ACRYLIQUE INTUMESCENT ASMACO est un mastic monocomposant coupe-feu con\u00e7u pour l&#039;\u00e9tanch\u00e9it\u00e9 p\u00e9rim\u00e9trique int\u00e9rieure des cadres de portes et fen\u00eatres coupe-feu. Facile \u00e0 appliquer, il assure une \u00e9tanch\u00e9it\u00e9 fiable des joints tout en offrant des propri\u00e9t\u00e9s intumescentes qui se dilatent sous l&#039;effet du feu pour une meilleure protection contre l&#039;incendie.\" \/>\n<meta property=\"og:url\" content=\"https:\/\/anchorallied.com\/fr\/product\/asmaco-intumescent-acrylic-sealant-acrylic-sealant\/\" \/>\n<meta property=\"og:site_name\" content=\"anchoralliedfactory\" \/>\n<meta property=\"article:modified_time\" content=\"2025-07-27T15:43:28+00:00\" \/>\n<meta property=\"og:image\" content=\"https:\/\/anchorallied.com\/fr\/wp-content\/uploads\/2025\/05\/sealants_0001_Intumescent_Ctg.jpg\" \/>\n\t<meta property=\"og:image:width\" content=\"1200\" \/>\n\t<meta property=\"og:image:height\" content=\"1200\" \/>\n\t<meta property=\"og:image:type\" content=\"image\/jpeg\" \/>\n<meta name=\"twitter:card\" content=\"summary_large_image\" \/>\n<meta name=\"twitter:label1\" content=\"Est. reading time\" \/>\n\t<meta name=\"twitter:data1\" content=\"1 minute\" \/>\n<script type=\"application\/ld+json\" class=\"yoast-schema-graph\">{\"@context\":\"https:\\\/\\\/schema.org\",\"@graph\":[{\"@type\":\"WebPage\",\"@id\":\"https:\\\/\\\/anchorallied.com\\\/fr\\\/product\\\/asmaco-intumescent-acrylic-sealant-acrylic-sealant\\\/\",\"url\":\"https:\\\/\\\/anchorallied.com\\\/fr\\\/product\\\/asmaco-intumescent-acrylic-sealant-acrylic-sealant\\\/\",\"name\":\"Mastic acrylique intumescents ASMACO - anchoralliedfactory\",\"isPartOf\":{\"@id\":\"https:\\\/\\\/anchorallied.com\\\/fr\\\/#website\"},\"primaryImageOfPage\":{\"@id\":\"https:\\\/\\\/anchorallied.com\\\/fr\\\/product\\\/asmaco-intumescent-acrylic-sealant-acrylic-sealant\\\/#primaryimage\"},\"image\":{\"@id\":\"https:\\\/\\\/anchorallied.com\\\/fr\\\/product\\\/asmaco-intumescent-acrylic-sealant-acrylic-sealant\\\/#primaryimage\"},\"thumbnailUrl\":\"https:\\\/\\\/anchorallied.com\\\/fr\\\/wp-content\\\/uploads\\\/2025\\\/05\\\/sealants_0001_Intumescent_Ctg.jpg\",\"datePublished\":\"2025-05-26T09:14:05+00:00\",\"dateModified\":\"2025-07-27T15:43:28+00:00\",\"breadcrumb\":{\"@id\":\"https:\\\/\\\/anchorallied.com\\\/fr\\\/product\\\/asmaco-intumescent-acrylic-sealant-acrylic-sealant\\\/#breadcrumb\"},\"inLanguage\":\"en\",\"potentialAction\":[{\"@type\":\"ReadAction\",\"target\":[\"https:\\\/\\\/anchorallied.com\\\/fr\\\/product\\\/asmaco-intumescent-acrylic-sealant-acrylic-sealant\\\/\"]}]},{\"@type\":\"ImageObject\",\"inLanguage\":\"en\",\"@id\":\"https:\\\/\\\/anchorallied.com\\\/fr\\\/product\\\/asmaco-intumescent-acrylic-sealant-acrylic-sealant\\\/#primaryimage\",\"url\":\"https:\\\/\\\/anchorallied.com\\\/fr\\\/wp-content\\\/uploads\\\/2025\\\/05\\\/sealants_0001_Intumescent_Ctg.jpg\",\"contentUrl\":\"https:\\\/\\\/anchorallied.com\\\/fr\\\/wp-content\\\/uploads\\\/2025\\\/05\\\/sealants_0001_Intumescent_Ctg.jpg\",\"width\":1200,\"height\":1200},{\"@type\":\"BreadcrumbList\",\"@id\":\"https:\\\/\\\/anchorallied.com\\\/fr\\\/product\\\/asmaco-intumescent-acrylic-sealant-acrylic-sealant\\\/#breadcrumb\",\"itemListElement\":[{\"@type\":\"ListItem\",\"position\":1,\"name\":\"Home\",\"item\":\"http:\\\/\\\/en.anchorallied.com\\\/fr\\\/\"},{\"@type\":\"ListItem\",\"position\":2,\"name\":\"Shop\",\"item\":\"https:\\\/\\\/en.anchorallied.com\\\/fr\\\/shop\\\/\"},{\"@type\":\"ListItem\",\"position\":3,\"name\":\"Mastic acrylique intumescents ASMACO\"}]},{\"@type\":\"WebSite\",\"@id\":\"https:\\\/\\\/anchorallied.com\\\/fr\\\/#website\",\"url\":\"https:\\\/\\\/anchorallied.com\\\/fr\\\/\",\"name\":\"anchoralliedfactory\",\"description\":\"\",\"potentialAction\":[{\"@type\":\"SearchAction\",\"target\":{\"@type\":\"EntryPoint\",\"urlTemplate\":\"https:\\\/\\\/anchorallied.com\\\/fr\\\/?s={search_term_string}\"},\"query-input\":{\"@type\":\"PropertyValueSpecification\",\"valueRequired\":true,\"valueName\":\"search_term_string\"}}],\"inLanguage\":\"en\"}]}<\/script>\n<!-- \/ Yoast SEO plugin. -->","yoast_head_json":{"title":"Mastic acrylique intumescents ASMACO - anchoralliedfactory","robots":{"index":"index","follow":"follow","max-snippet":"max-snippet:-1","max-image-preview":"max-image-preview:large","max-video-preview":"max-video-preview:-1"},"canonical":"https:\/\/anchorallied.com\/fr\/product\/asmaco-intumescent-acrylic-sealant-acrylic-sealant\/","og_locale":"en_US","og_type":"article","og_title":"Mastic acrylique intumescents ASMACO - anchoralliedfactory","og_description":"Le MASTIC ACRYLIQUE INTUMESCENT ASMACO est un mastic monocomposant coupe-feu con\u00e7u pour l'\u00e9tanch\u00e9it\u00e9 p\u00e9rim\u00e9trique int\u00e9rieure des cadres de portes et fen\u00eatres coupe-feu. Facile \u00e0 appliquer, il assure une \u00e9tanch\u00e9it\u00e9 fiable des joints tout en offrant des propri\u00e9t\u00e9s intumescentes qui se dilatent sous l'effet du feu pour une meilleure protection contre l'incendie.","og_url":"https:\/\/anchorallied.com\/fr\/product\/asmaco-intumescent-acrylic-sealant-acrylic-sealant\/","og_site_name":"anchoralliedfactory","article_modified_time":"2025-07-27T15:43:28+00:00","og_image":[{"width":1200,"height":1200,"url":"https:\/\/anchorallied.com\/fr\/wp-content\/uploads\/2025\/05\/sealants_0001_Intumescent_Ctg.jpg","type":"image\/jpeg"}],"twitter_card":"summary_large_image","twitter_misc":{"Est. reading time":"1 minute"},"schema":{"@context":"https:\/\/schema.org","@graph":[{"@type":"WebPage","@id":"https:\/\/anchorallied.com\/fr\/product\/asmaco-intumescent-acrylic-sealant-acrylic-sealant\/","url":"https:\/\/anchorallied.com\/fr\/product\/asmaco-intumescent-acrylic-sealant-acrylic-sealant\/","name":"Mastic acrylique intumescents ASMACO - anchoralliedfactory","isPartOf":{"@id":"https:\/\/anchorallied.com\/fr\/#website"},"primaryImageOfPage":{"@id":"https:\/\/anchorallied.com\/fr\/product\/asmaco-intumescent-acrylic-sealant-acrylic-sealant\/#primaryimage"},"image":{"@id":"https:\/\/anchorallied.com\/fr\/product\/asmaco-intumescent-acrylic-sealant-acrylic-sealant\/#primaryimage"},"thumbnailUrl":"https:\/\/anchorallied.com\/fr\/wp-content\/uploads\/2025\/05\/sealants_0001_Intumescent_Ctg.jpg","datePublished":"2025-05-26T09:14:05+00:00","dateModified":"2025-07-27T15:43:28+00:00","breadcrumb":{"@id":"https:\/\/anchorallied.com\/fr\/product\/asmaco-intumescent-acrylic-sealant-acrylic-sealant\/#breadcrumb"},"inLanguage":"en","potentialAction":[{"@type":"ReadAction","target":["https:\/\/anchorallied.com\/fr\/product\/asmaco-intumescent-acrylic-sealant-acrylic-sealant\/"]}]},{"@type":"ImageObject","inLanguage":"en","@id":"https:\/\/anchorallied.com\/fr\/product\/asmaco-intumescent-acrylic-sealant-acrylic-sealant\/#primaryimage","url":"https:\/\/anchorallied.com\/fr\/wp-content\/uploads\/2025\/05\/sealants_0001_Intumescent_Ctg.jpg","contentUrl":"https:\/\/anchorallied.com\/fr\/wp-content\/uploads\/2025\/05\/sealants_0001_Intumescent_Ctg.jpg","width":1200,"height":1200},{"@type":"BreadcrumbList","@id":"https:\/\/anchorallied.com\/fr\/product\/asmaco-intumescent-acrylic-sealant-acrylic-sealant\/#breadcrumb","itemListElement":[{"@type":"ListItem","position":1,"name":"Home","item":"http:\/\/en.anchorallied.com\/fr\/"},{"@type":"ListItem","position":2,"name":"Shop","item":"https:\/\/en.anchorallied.com\/fr\/shop\/"},{"@type":"ListItem","position":3,"name":"Mastic acrylique intumescents ASMACO"}]},{"@type":"WebSite","@id":"https:\/\/anchorallied.com\/fr\/#website","url":"https:\/\/anchorallied.com\/fr\/","name":"anchoralliedfactory","description":"","potentialAction":[{"@type":"SearchAction","target":{"@type":"EntryPoint","urlTemplate":"https:\/\/anchorallied.com\/fr\/?s={search_term_string}"},"query-input":{"@type":"PropertyValueSpecification","valueRequired":true,"valueName":"search_term_string"}}],"inLanguage":"en"}]}},"_links":{"self":[{"href":"https:\/\/anchorallied.com\/fr\/wp-json\/wp\/v2\/product\/2539","targetHints":{"allow":["GET"]}}],"collection":[{"href":"https:\/\/anchorallied.com\/fr\/wp-json\/wp\/v2\/product"}],"about":[{"href":"https:\/\/anchorallied.com\/fr\/wp-json\/wp\/v2\/types\/product"}],"replies":[{"embeddable":true,"href":"https:\/\/anchorallied.com\/fr\/wp-json\/wp\/v2\/comments?post=2539"}],"wp:featuredmedia":[{"embeddable":true,"href":"https:\/\/anchorallied.com\/fr\/wp-json\/wp\/v2\/media\/2540"}],"wp:attachment":[{"href":"https:\/\/anchorallied.com\/fr\/wp-json\/wp\/v2\/media?parent=2539"}],"wp:term":[{"taxonomy":"product_brand","embeddable":true,"href":"https:\/\/anchorallied.com\/fr\/wp-json\/wp\/v2\/product_brand?post=2539"},{"taxonomy":"product_cat","embeddable":true,"href":"https:\/\/anchorallied.com\/fr\/wp-json\/wp\/v2\/product_cat?post=2539"},{"taxonomy":"product_tag","embeddable":true,"href":"https:\/\/anchorallied.com\/fr\/wp-json\/wp\/v2\/product_tag?post=2539"}],"curies":[{"name":"wp","href":"https:\/\/api.w.org\/{rel}","templated":true}]}}