{"id":2542,"date":"2025-05-26T09:25:31","date_gmt":"2025-05-26T09:25:31","guid":{"rendered":"http:\/\/anchorallied.com\/fr\/?post_type=product&#038;p=2542"},"modified":"2025-07-27T15:43:28","modified_gmt":"2025-07-27T15:43:28","slug":"asmaco-instant-grab-grab-adhesive-sealant","status":"publish","type":"product","link":"https:\/\/anchorallied.com\/fr\/product\/asmaco-instant-grab-grab-adhesive-sealant\/","title":{"rendered":"ASMACO Prise Instantan\u00e9e"},"content":{"rendered":"<p>ASMACO INSTANT GRAB se distingue par sa formulation avanc\u00e9e I-Tech Sealant, offrant une adh\u00e9rence imm\u00e9diate et forte m\u00eame dans des environnements difficiles. Sa capacit\u00e9 de prise instantan\u00e9e \u00e9limine le besoin de serrage ou d\u2019\u00e9tayage, permettant des installations rapides et pr\u00e9cises. Ce mastic polyvalent durcit en 24 \u00e0 48 heures et atteint sa r\u00e9sistance maximale en 7 jours, garantissant un joint fiable et durable. Con\u00e7u sp\u00e9cialement pour fonctionner sous l\u2019eau, il est particuli\u00e8rement efficace pour colmater les fuites actives sans n\u00e9cessiter la vidange de la zone concern\u00e9e, ce qui en fait une solution id\u00e9ale pour les r\u00e9parations de plomberie, les installations ext\u00e9rieures et les interventions d\u2019urgence. Ses propri\u00e9t\u00e9s imperm\u00e9ables et r\u00e9sistantes aux intemp\u00e9ries le rendent adapt\u00e9 \u00e0 une large gamme de travaux de construction, d\u2019entretien et de r\u00e9paration.<\/p>\n","protected":false},"excerpt":{"rendered":"<p>ASMACO INSTANT GRAB est un adh\u00e9sif et mastic d&#8217;\u00e9tanch\u00e9it\u00e9 haute r\u00e9sistance et imperm\u00e9able, con\u00e7u pour des applications de collage, d&#8217;\u00e9tanch\u00e9it\u00e9 et de r\u00e9paration rapides et fiables. Dot\u00e9 d&#8217;une adh\u00e9rence instantan\u00e9e, il fixe les mat\u00e9riaux en place sans support suppl\u00e9mentaire et durcit compl\u00e8tement en 7 jours, offrant des performances durables pour une large gamme d&#8217;applications.<\/p>\n","protected":false},"featured_media":3068,"comment_status":"open","ping_status":"closed","template":"","meta":{"_acf_changed":false},"product_brand":[],"product_cat":[142,154],"product_tag":[],"class_list":{"0":"post-2542","1":"product","2":"type-product","3":"status-publish","4":"has-post-thumbnail","6":"product_cat-mastics","7":"product_cat-mastics-hybrides","9":"first","10":"instock","11":"shipping-taxable","12":"product-type-simple"},"acf":[],"yoast_head":"<!-- This site is optimized with the Yoast SEO plugin v27.3 - https:\/\/yoast.com\/product\/yoast-seo-wordpress\/ -->\n<title>ASMACO Prise Instantan\u00e9e - anchoralliedfactory<\/title>\n<meta name=\"robots\" content=\"index, follow, max-snippet:-1, max-image-preview:large, max-video-preview:-1\" \/>\n<link rel=\"canonical\" href=\"https:\/\/anchorallied.com\/fr\/product\/asmaco-instant-grab-grab-adhesive-sealant\/\" \/>\n<meta property=\"og:locale\" content=\"en_US\" \/>\n<meta property=\"og:type\" content=\"article\" \/>\n<meta property=\"og:title\" content=\"ASMACO Prise Instantan\u00e9e - anchoralliedfactory\" \/>\n<meta property=\"og:description\" content=\"ASMACO INSTANT GRAB est un adh\u00e9sif et mastic d&#039;\u00e9tanch\u00e9it\u00e9 haute r\u00e9sistance et imperm\u00e9able, con\u00e7u pour des applications de collage, d&#039;\u00e9tanch\u00e9it\u00e9 et de r\u00e9paration rapides et fiables. Dot\u00e9 d&#039;une adh\u00e9rence instantan\u00e9e, il fixe les mat\u00e9riaux en place sans support suppl\u00e9mentaire et durcit compl\u00e8tement en 7 jours, offrant des performances durables pour une large gamme d&#039;applications.\" \/>\n<meta property=\"og:url\" content=\"https:\/\/anchorallied.com\/fr\/product\/asmaco-instant-grab-grab-adhesive-sealant\/\" \/>\n<meta property=\"og:site_name\" content=\"anchoralliedfactory\" \/>\n<meta property=\"article:modified_time\" content=\"2025-07-27T15:43:28+00:00\" \/>\n<meta property=\"og:image\" content=\"https:\/\/anchorallied.com\/fr\/wp-content\/uploads\/2025\/05\/Anc_0008_Instant-Grab-Sealant_New.jpg\" \/>\n\t<meta property=\"og:image:width\" content=\"1200\" \/>\n\t<meta property=\"og:image:height\" content=\"1200\" \/>\n\t<meta property=\"og:image:type\" content=\"image\/jpeg\" \/>\n<meta name=\"twitter:card\" content=\"summary_large_image\" \/>\n<meta name=\"twitter:label1\" content=\"Est. reading time\" \/>\n\t<meta name=\"twitter:data1\" content=\"1 minute\" \/>\n<script type=\"application\/ld+json\" class=\"yoast-schema-graph\">{\"@context\":\"https:\\\/\\\/schema.org\",\"@graph\":[{\"@type\":\"WebPage\",\"@id\":\"https:\\\/\\\/anchorallied.com\\\/fr\\\/product\\\/asmaco-instant-grab-grab-adhesive-sealant\\\/\",\"url\":\"https:\\\/\\\/anchorallied.com\\\/fr\\\/product\\\/asmaco-instant-grab-grab-adhesive-sealant\\\/\",\"name\":\"ASMACO Prise Instantan\u00e9e - anchoralliedfactory\",\"isPartOf\":{\"@id\":\"https:\\\/\\\/anchorallied.com\\\/fr\\\/#website\"},\"primaryImageOfPage\":{\"@id\":\"https:\\\/\\\/anchorallied.com\\\/fr\\\/product\\\/asmaco-instant-grab-grab-adhesive-sealant\\\/#primaryimage\"},\"image\":{\"@id\":\"https:\\\/\\\/anchorallied.com\\\/fr\\\/product\\\/asmaco-instant-grab-grab-adhesive-sealant\\\/#primaryimage\"},\"thumbnailUrl\":\"https:\\\/\\\/anchorallied.com\\\/fr\\\/wp-content\\\/uploads\\\/2025\\\/05\\\/Anc_0008_Instant-Grab-Sealant_New.jpg\",\"datePublished\":\"2025-05-26T09:25:31+00:00\",\"dateModified\":\"2025-07-27T15:43:28+00:00\",\"breadcrumb\":{\"@id\":\"https:\\\/\\\/anchorallied.com\\\/fr\\\/product\\\/asmaco-instant-grab-grab-adhesive-sealant\\\/#breadcrumb\"},\"inLanguage\":\"en\",\"potentialAction\":[{\"@type\":\"ReadAction\",\"target\":[\"https:\\\/\\\/anchorallied.com\\\/fr\\\/product\\\/asmaco-instant-grab-grab-adhesive-sealant\\\/\"]}]},{\"@type\":\"ImageObject\",\"inLanguage\":\"en\",\"@id\":\"https:\\\/\\\/anchorallied.com\\\/fr\\\/product\\\/asmaco-instant-grab-grab-adhesive-sealant\\\/#primaryimage\",\"url\":\"https:\\\/\\\/anchorallied.com\\\/fr\\\/wp-content\\\/uploads\\\/2025\\\/05\\\/Anc_0008_Instant-Grab-Sealant_New.jpg\",\"contentUrl\":\"https:\\\/\\\/anchorallied.com\\\/fr\\\/wp-content\\\/uploads\\\/2025\\\/05\\\/Anc_0008_Instant-Grab-Sealant_New.jpg\",\"width\":1200,\"height\":1200},{\"@type\":\"BreadcrumbList\",\"@id\":\"https:\\\/\\\/anchorallied.com\\\/fr\\\/product\\\/asmaco-instant-grab-grab-adhesive-sealant\\\/#breadcrumb\",\"itemListElement\":[{\"@type\":\"ListItem\",\"position\":1,\"name\":\"Home\",\"item\":\"http:\\\/\\\/en.anchorallied.com\\\/fr\\\/\"},{\"@type\":\"ListItem\",\"position\":2,\"name\":\"Shop\",\"item\":\"https:\\\/\\\/en.anchorallied.com\\\/fr\\\/shop\\\/\"},{\"@type\":\"ListItem\",\"position\":3,\"name\":\"ASMACO Prise Instantan\u00e9e\"}]},{\"@type\":\"WebSite\",\"@id\":\"https:\\\/\\\/anchorallied.com\\\/fr\\\/#website\",\"url\":\"https:\\\/\\\/anchorallied.com\\\/fr\\\/\",\"name\":\"anchoralliedfactory\",\"description\":\"\",\"potentialAction\":[{\"@type\":\"SearchAction\",\"target\":{\"@type\":\"EntryPoint\",\"urlTemplate\":\"https:\\\/\\\/anchorallied.com\\\/fr\\\/?s={search_term_string}\"},\"query-input\":{\"@type\":\"PropertyValueSpecification\",\"valueRequired\":true,\"valueName\":\"search_term_string\"}}],\"inLanguage\":\"en\"}]}<\/script>\n<!-- \/ Yoast SEO plugin. -->","yoast_head_json":{"title":"ASMACO Prise Instantan\u00e9e - anchoralliedfactory","robots":{"index":"index","follow":"follow","max-snippet":"max-snippet:-1","max-image-preview":"max-image-preview:large","max-video-preview":"max-video-preview:-1"},"canonical":"https:\/\/anchorallied.com\/fr\/product\/asmaco-instant-grab-grab-adhesive-sealant\/","og_locale":"en_US","og_type":"article","og_title":"ASMACO Prise Instantan\u00e9e - anchoralliedfactory","og_description":"ASMACO INSTANT GRAB est un adh\u00e9sif et mastic d'\u00e9tanch\u00e9it\u00e9 haute r\u00e9sistance et imperm\u00e9able, con\u00e7u pour des applications de collage, d'\u00e9tanch\u00e9it\u00e9 et de r\u00e9paration rapides et fiables. Dot\u00e9 d'une adh\u00e9rence instantan\u00e9e, il fixe les mat\u00e9riaux en place sans support suppl\u00e9mentaire et durcit compl\u00e8tement en 7 jours, offrant des performances durables pour une large gamme d'applications.","og_url":"https:\/\/anchorallied.com\/fr\/product\/asmaco-instant-grab-grab-adhesive-sealant\/","og_site_name":"anchoralliedfactory","article_modified_time":"2025-07-27T15:43:28+00:00","og_image":[{"width":1200,"height":1200,"url":"https:\/\/anchorallied.com\/fr\/wp-content\/uploads\/2025\/05\/Anc_0008_Instant-Grab-Sealant_New.jpg","type":"image\/jpeg"}],"twitter_card":"summary_large_image","twitter_misc":{"Est. reading time":"1 minute"},"schema":{"@context":"https:\/\/schema.org","@graph":[{"@type":"WebPage","@id":"https:\/\/anchorallied.com\/fr\/product\/asmaco-instant-grab-grab-adhesive-sealant\/","url":"https:\/\/anchorallied.com\/fr\/product\/asmaco-instant-grab-grab-adhesive-sealant\/","name":"ASMACO Prise Instantan\u00e9e - anchoralliedfactory","isPartOf":{"@id":"https:\/\/anchorallied.com\/fr\/#website"},"primaryImageOfPage":{"@id":"https:\/\/anchorallied.com\/fr\/product\/asmaco-instant-grab-grab-adhesive-sealant\/#primaryimage"},"image":{"@id":"https:\/\/anchorallied.com\/fr\/product\/asmaco-instant-grab-grab-adhesive-sealant\/#primaryimage"},"thumbnailUrl":"https:\/\/anchorallied.com\/fr\/wp-content\/uploads\/2025\/05\/Anc_0008_Instant-Grab-Sealant_New.jpg","datePublished":"2025-05-26T09:25:31+00:00","dateModified":"2025-07-27T15:43:28+00:00","breadcrumb":{"@id":"https:\/\/anchorallied.com\/fr\/product\/asmaco-instant-grab-grab-adhesive-sealant\/#breadcrumb"},"inLanguage":"en","potentialAction":[{"@type":"ReadAction","target":["https:\/\/anchorallied.com\/fr\/product\/asmaco-instant-grab-grab-adhesive-sealant\/"]}]},{"@type":"ImageObject","inLanguage":"en","@id":"https:\/\/anchorallied.com\/fr\/product\/asmaco-instant-grab-grab-adhesive-sealant\/#primaryimage","url":"https:\/\/anchorallied.com\/fr\/wp-content\/uploads\/2025\/05\/Anc_0008_Instant-Grab-Sealant_New.jpg","contentUrl":"https:\/\/anchorallied.com\/fr\/wp-content\/uploads\/2025\/05\/Anc_0008_Instant-Grab-Sealant_New.jpg","width":1200,"height":1200},{"@type":"BreadcrumbList","@id":"https:\/\/anchorallied.com\/fr\/product\/asmaco-instant-grab-grab-adhesive-sealant\/#breadcrumb","itemListElement":[{"@type":"ListItem","position":1,"name":"Home","item":"http:\/\/en.anchorallied.com\/fr\/"},{"@type":"ListItem","position":2,"name":"Shop","item":"https:\/\/en.anchorallied.com\/fr\/shop\/"},{"@type":"ListItem","position":3,"name":"ASMACO Prise Instantan\u00e9e"}]},{"@type":"WebSite","@id":"https:\/\/anchorallied.com\/fr\/#website","url":"https:\/\/anchorallied.com\/fr\/","name":"anchoralliedfactory","description":"","potentialAction":[{"@type":"SearchAction","target":{"@type":"EntryPoint","urlTemplate":"https:\/\/anchorallied.com\/fr\/?s={search_term_string}"},"query-input":{"@type":"PropertyValueSpecification","valueRequired":true,"valueName":"search_term_string"}}],"inLanguage":"en"}]}},"_links":{"self":[{"href":"https:\/\/anchorallied.com\/fr\/wp-json\/wp\/v2\/product\/2542","targetHints":{"allow":["GET"]}}],"collection":[{"href":"https:\/\/anchorallied.com\/fr\/wp-json\/wp\/v2\/product"}],"about":[{"href":"https:\/\/anchorallied.com\/fr\/wp-json\/wp\/v2\/types\/product"}],"replies":[{"embeddable":true,"href":"https:\/\/anchorallied.com\/fr\/wp-json\/wp\/v2\/comments?post=2542"}],"wp:featuredmedia":[{"embeddable":true,"href":"https:\/\/anchorallied.com\/fr\/wp-json\/wp\/v2\/media\/3068"}],"wp:attachment":[{"href":"https:\/\/anchorallied.com\/fr\/wp-json\/wp\/v2\/media?parent=2542"}],"wp:term":[{"taxonomy":"product_brand","embeddable":true,"href":"https:\/\/anchorallied.com\/fr\/wp-json\/wp\/v2\/product_brand?post=2542"},{"taxonomy":"product_cat","embeddable":true,"href":"https:\/\/anchorallied.com\/fr\/wp-json\/wp\/v2\/product_cat?post=2542"},{"taxonomy":"product_tag","embeddable":true,"href":"https:\/\/anchorallied.com\/fr\/wp-json\/wp\/v2\/product_tag?post=2542"}],"curies":[{"name":"wp","href":"https:\/\/api.w.org\/{rel}","templated":true}]}}