{"id":2550,"date":"2025-05-26T09:44:44","date_gmt":"2025-05-26T09:44:44","guid":{"rendered":"http:\/\/anchorallied.com\/fr\/?post_type=product&#038;p=2550"},"modified":"2025-07-27T15:43:28","modified_gmt":"2025-07-27T15:43:28","slug":"asmaco-anchorseal-crystal-clear-anchor-seal","status":"publish","type":"product","link":"https:\/\/anchorallied.com\/fr\/product\/asmaco-anchorseal-crystal-clear-anchor-seal\/","title":{"rendered":"ASMACO ANCHORSEAL Cristal Transparent"},"content":{"rendered":"<p>ASMACO ANCHORSEAL CRYSTAL CLEAR allie polyvalence exceptionnelle et transparence, en faisant la solution id\u00e9ale pour les applications o\u00f9 l\u2019esth\u00e9tique est aussi importante que la performance. Sa base polym\u00e8re de haute technologie assure une adh\u00e9rence solide sur une large gamme de substrats, notamment le verre, le m\u00e9tal, le bois et les plastiques, sans n\u00e9cessiter de primaire. Sa finition cristalline le rend parfait pour les joints apparents et les d\u00e9tails soign\u00e9s, tandis que sa flexibilit\u00e9 absorbe les mouvements sans fissurer ni perdre d\u2019adh\u00e9rence. R\u00e9sistant \u00e0 l\u2019humidit\u00e9, aux rayons UV et aux intemp\u00e9ries, ce mastic garantit une durabilit\u00e9 optimale en int\u00e9rieur comme en ext\u00e9rieur. Facile \u00e0 appliquer, il durcit en formant une liaison \u00e9lastique durable qui conserve sa transparence au fil du temps.<\/p>\n","protected":false},"excerpt":{"rendered":"<p>ASMACO ANCHORSEAL CRYSTAL CLEAR est un adh\u00e9sif monocomposant multi-usages formul\u00e9 \u00e0 partir d&#8217;une technologie polym\u00e8re avanc\u00e9e. Sp\u00e9cialement con\u00e7u pour les travaux de collage et d&#8217;\u00e9tanch\u00e9it\u00e9, il cr\u00e9e un joint flexible et transparent, id\u00e9al pour les applications de construction et de bricolage.<\/p>\n","protected":false},"featured_media":2551,"comment_status":"open","ping_status":"closed","template":"","meta":{"_acf_changed":false},"product_brand":[],"product_cat":[142,154],"product_tag":[],"class_list":{"0":"post-2550","1":"product","2":"type-product","3":"status-publish","4":"has-post-thumbnail","6":"product_cat-mastics","7":"product_cat-mastics-hybrides","9":"first","10":"instock","11":"shipping-taxable","12":"product-type-simple"},"acf":[],"yoast_head":"<!-- This site is optimized with the Yoast SEO plugin v27.3 - https:\/\/yoast.com\/product\/yoast-seo-wordpress\/ -->\n<title>ASMACO ANCHORSEAL Cristal Transparent - anchoralliedfactory<\/title>\n<meta name=\"robots\" content=\"index, follow, max-snippet:-1, max-image-preview:large, max-video-preview:-1\" \/>\n<link rel=\"canonical\" href=\"https:\/\/anchorallied.com\/fr\/product\/asmaco-anchorseal-crystal-clear-anchor-seal\/\" \/>\n<meta property=\"og:locale\" content=\"en_US\" \/>\n<meta property=\"og:type\" content=\"article\" \/>\n<meta property=\"og:title\" content=\"ASMACO ANCHORSEAL Cristal Transparent - anchoralliedfactory\" \/>\n<meta property=\"og:description\" content=\"ASMACO ANCHORSEAL CRYSTAL CLEAR est un adh\u00e9sif monocomposant multi-usages formul\u00e9 \u00e0 partir d&#039;une technologie polym\u00e8re avanc\u00e9e. Sp\u00e9cialement con\u00e7u pour les travaux de collage et d&#039;\u00e9tanch\u00e9it\u00e9, il cr\u00e9e un joint flexible et transparent, id\u00e9al pour les applications de construction et de bricolage.\" \/>\n<meta property=\"og:url\" content=\"https:\/\/anchorallied.com\/fr\/product\/asmaco-anchorseal-crystal-clear-anchor-seal\/\" \/>\n<meta property=\"og:site_name\" content=\"anchoralliedfactory\" \/>\n<meta property=\"article:modified_time\" content=\"2025-07-27T15:43:28+00:00\" \/>\n<meta property=\"og:image\" content=\"https:\/\/anchorallied.com\/fr\/wp-content\/uploads\/2025\/05\/sealants_0019_Anchor-Seal-Clear.jpg\" \/>\n\t<meta property=\"og:image:width\" content=\"1200\" \/>\n\t<meta property=\"og:image:height\" content=\"1200\" \/>\n\t<meta property=\"og:image:type\" content=\"image\/jpeg\" \/>\n<meta name=\"twitter:card\" content=\"summary_large_image\" \/>\n<meta name=\"twitter:label1\" content=\"Est. reading time\" \/>\n\t<meta name=\"twitter:data1\" content=\"1 minute\" \/>\n<script type=\"application\/ld+json\" class=\"yoast-schema-graph\">{\"@context\":\"https:\\\/\\\/schema.org\",\"@graph\":[{\"@type\":\"WebPage\",\"@id\":\"https:\\\/\\\/anchorallied.com\\\/fr\\\/product\\\/asmaco-anchorseal-crystal-clear-anchor-seal\\\/\",\"url\":\"https:\\\/\\\/anchorallied.com\\\/fr\\\/product\\\/asmaco-anchorseal-crystal-clear-anchor-seal\\\/\",\"name\":\"ASMACO ANCHORSEAL Cristal Transparent - anchoralliedfactory\",\"isPartOf\":{\"@id\":\"https:\\\/\\\/anchorallied.com\\\/fr\\\/#website\"},\"primaryImageOfPage\":{\"@id\":\"https:\\\/\\\/anchorallied.com\\\/fr\\\/product\\\/asmaco-anchorseal-crystal-clear-anchor-seal\\\/#primaryimage\"},\"image\":{\"@id\":\"https:\\\/\\\/anchorallied.com\\\/fr\\\/product\\\/asmaco-anchorseal-crystal-clear-anchor-seal\\\/#primaryimage\"},\"thumbnailUrl\":\"https:\\\/\\\/anchorallied.com\\\/fr\\\/wp-content\\\/uploads\\\/2025\\\/05\\\/sealants_0019_Anchor-Seal-Clear.jpg\",\"datePublished\":\"2025-05-26T09:44:44+00:00\",\"dateModified\":\"2025-07-27T15:43:28+00:00\",\"breadcrumb\":{\"@id\":\"https:\\\/\\\/anchorallied.com\\\/fr\\\/product\\\/asmaco-anchorseal-crystal-clear-anchor-seal\\\/#breadcrumb\"},\"inLanguage\":\"en\",\"potentialAction\":[{\"@type\":\"ReadAction\",\"target\":[\"https:\\\/\\\/anchorallied.com\\\/fr\\\/product\\\/asmaco-anchorseal-crystal-clear-anchor-seal\\\/\"]}]},{\"@type\":\"ImageObject\",\"inLanguage\":\"en\",\"@id\":\"https:\\\/\\\/anchorallied.com\\\/fr\\\/product\\\/asmaco-anchorseal-crystal-clear-anchor-seal\\\/#primaryimage\",\"url\":\"https:\\\/\\\/anchorallied.com\\\/fr\\\/wp-content\\\/uploads\\\/2025\\\/05\\\/sealants_0019_Anchor-Seal-Clear.jpg\",\"contentUrl\":\"https:\\\/\\\/anchorallied.com\\\/fr\\\/wp-content\\\/uploads\\\/2025\\\/05\\\/sealants_0019_Anchor-Seal-Clear.jpg\",\"width\":1200,\"height\":1200},{\"@type\":\"BreadcrumbList\",\"@id\":\"https:\\\/\\\/anchorallied.com\\\/fr\\\/product\\\/asmaco-anchorseal-crystal-clear-anchor-seal\\\/#breadcrumb\",\"itemListElement\":[{\"@type\":\"ListItem\",\"position\":1,\"name\":\"Home\",\"item\":\"http:\\\/\\\/en.anchorallied.com\\\/fr\\\/\"},{\"@type\":\"ListItem\",\"position\":2,\"name\":\"Shop\",\"item\":\"https:\\\/\\\/en.anchorallied.com\\\/fr\\\/shop\\\/\"},{\"@type\":\"ListItem\",\"position\":3,\"name\":\"ASMACO ANCHORSEAL Cristal Transparent\"}]},{\"@type\":\"WebSite\",\"@id\":\"https:\\\/\\\/anchorallied.com\\\/fr\\\/#website\",\"url\":\"https:\\\/\\\/anchorallied.com\\\/fr\\\/\",\"name\":\"anchoralliedfactory\",\"description\":\"\",\"potentialAction\":[{\"@type\":\"SearchAction\",\"target\":{\"@type\":\"EntryPoint\",\"urlTemplate\":\"https:\\\/\\\/anchorallied.com\\\/fr\\\/?s={search_term_string}\"},\"query-input\":{\"@type\":\"PropertyValueSpecification\",\"valueRequired\":true,\"valueName\":\"search_term_string\"}}],\"inLanguage\":\"en\"}]}<\/script>\n<!-- \/ Yoast SEO plugin. -->","yoast_head_json":{"title":"ASMACO ANCHORSEAL Cristal Transparent - anchoralliedfactory","robots":{"index":"index","follow":"follow","max-snippet":"max-snippet:-1","max-image-preview":"max-image-preview:large","max-video-preview":"max-video-preview:-1"},"canonical":"https:\/\/anchorallied.com\/fr\/product\/asmaco-anchorseal-crystal-clear-anchor-seal\/","og_locale":"en_US","og_type":"article","og_title":"ASMACO ANCHORSEAL Cristal Transparent - anchoralliedfactory","og_description":"ASMACO ANCHORSEAL CRYSTAL CLEAR est un adh\u00e9sif monocomposant multi-usages formul\u00e9 \u00e0 partir d'une technologie polym\u00e8re avanc\u00e9e. Sp\u00e9cialement con\u00e7u pour les travaux de collage et d'\u00e9tanch\u00e9it\u00e9, il cr\u00e9e un joint flexible et transparent, id\u00e9al pour les applications de construction et de bricolage.","og_url":"https:\/\/anchorallied.com\/fr\/product\/asmaco-anchorseal-crystal-clear-anchor-seal\/","og_site_name":"anchoralliedfactory","article_modified_time":"2025-07-27T15:43:28+00:00","og_image":[{"width":1200,"height":1200,"url":"https:\/\/anchorallied.com\/fr\/wp-content\/uploads\/2025\/05\/sealants_0019_Anchor-Seal-Clear.jpg","type":"image\/jpeg"}],"twitter_card":"summary_large_image","twitter_misc":{"Est. reading time":"1 minute"},"schema":{"@context":"https:\/\/schema.org","@graph":[{"@type":"WebPage","@id":"https:\/\/anchorallied.com\/fr\/product\/asmaco-anchorseal-crystal-clear-anchor-seal\/","url":"https:\/\/anchorallied.com\/fr\/product\/asmaco-anchorseal-crystal-clear-anchor-seal\/","name":"ASMACO ANCHORSEAL Cristal Transparent - anchoralliedfactory","isPartOf":{"@id":"https:\/\/anchorallied.com\/fr\/#website"},"primaryImageOfPage":{"@id":"https:\/\/anchorallied.com\/fr\/product\/asmaco-anchorseal-crystal-clear-anchor-seal\/#primaryimage"},"image":{"@id":"https:\/\/anchorallied.com\/fr\/product\/asmaco-anchorseal-crystal-clear-anchor-seal\/#primaryimage"},"thumbnailUrl":"https:\/\/anchorallied.com\/fr\/wp-content\/uploads\/2025\/05\/sealants_0019_Anchor-Seal-Clear.jpg","datePublished":"2025-05-26T09:44:44+00:00","dateModified":"2025-07-27T15:43:28+00:00","breadcrumb":{"@id":"https:\/\/anchorallied.com\/fr\/product\/asmaco-anchorseal-crystal-clear-anchor-seal\/#breadcrumb"},"inLanguage":"en","potentialAction":[{"@type":"ReadAction","target":["https:\/\/anchorallied.com\/fr\/product\/asmaco-anchorseal-crystal-clear-anchor-seal\/"]}]},{"@type":"ImageObject","inLanguage":"en","@id":"https:\/\/anchorallied.com\/fr\/product\/asmaco-anchorseal-crystal-clear-anchor-seal\/#primaryimage","url":"https:\/\/anchorallied.com\/fr\/wp-content\/uploads\/2025\/05\/sealants_0019_Anchor-Seal-Clear.jpg","contentUrl":"https:\/\/anchorallied.com\/fr\/wp-content\/uploads\/2025\/05\/sealants_0019_Anchor-Seal-Clear.jpg","width":1200,"height":1200},{"@type":"BreadcrumbList","@id":"https:\/\/anchorallied.com\/fr\/product\/asmaco-anchorseal-crystal-clear-anchor-seal\/#breadcrumb","itemListElement":[{"@type":"ListItem","position":1,"name":"Home","item":"http:\/\/en.anchorallied.com\/fr\/"},{"@type":"ListItem","position":2,"name":"Shop","item":"https:\/\/en.anchorallied.com\/fr\/shop\/"},{"@type":"ListItem","position":3,"name":"ASMACO ANCHORSEAL Cristal Transparent"}]},{"@type":"WebSite","@id":"https:\/\/anchorallied.com\/fr\/#website","url":"https:\/\/anchorallied.com\/fr\/","name":"anchoralliedfactory","description":"","potentialAction":[{"@type":"SearchAction","target":{"@type":"EntryPoint","urlTemplate":"https:\/\/anchorallied.com\/fr\/?s={search_term_string}"},"query-input":{"@type":"PropertyValueSpecification","valueRequired":true,"valueName":"search_term_string"}}],"inLanguage":"en"}]}},"_links":{"self":[{"href":"https:\/\/anchorallied.com\/fr\/wp-json\/wp\/v2\/product\/2550","targetHints":{"allow":["GET"]}}],"collection":[{"href":"https:\/\/anchorallied.com\/fr\/wp-json\/wp\/v2\/product"}],"about":[{"href":"https:\/\/anchorallied.com\/fr\/wp-json\/wp\/v2\/types\/product"}],"replies":[{"embeddable":true,"href":"https:\/\/anchorallied.com\/fr\/wp-json\/wp\/v2\/comments?post=2550"}],"wp:featuredmedia":[{"embeddable":true,"href":"https:\/\/anchorallied.com\/fr\/wp-json\/wp\/v2\/media\/2551"}],"wp:attachment":[{"href":"https:\/\/anchorallied.com\/fr\/wp-json\/wp\/v2\/media?parent=2550"}],"wp:term":[{"taxonomy":"product_brand","embeddable":true,"href":"https:\/\/anchorallied.com\/fr\/wp-json\/wp\/v2\/product_brand?post=2550"},{"taxonomy":"product_cat","embeddable":true,"href":"https:\/\/anchorallied.com\/fr\/wp-json\/wp\/v2\/product_cat?post=2550"},{"taxonomy":"product_tag","embeddable":true,"href":"https:\/\/anchorallied.com\/fr\/wp-json\/wp\/v2\/product_tag?post=2550"}],"curies":[{"name":"wp","href":"https:\/\/api.w.org\/{rel}","templated":true}]}}