{"id":2557,"date":"2025-05-26T10:02:51","date_gmt":"2025-05-26T10:02:51","guid":{"rendered":"http:\/\/anchorallied.com\/fr\/?post_type=product&#038;p=2557"},"modified":"2025-07-27T15:43:28","modified_gmt":"2025-07-27T15:43:28","slug":"anchor-prime-p1-priming-system","status":"publish","type":"product","link":"https:\/\/anchorallied.com\/fr\/product\/anchor-prime-p1-priming-system\/","title":{"rendered":"ANCHOR PRIME P1 &#8211; Syst\u00e8me de primaire"},"content":{"rendered":"<p>ANCHORSEAL 963 PG &#038; GG sont des mastics bi-composants haute performance qui durcissent par r\u00e9action chimique pour former un joint \u00e9lastom\u00e8re r\u00e9silient et flexible. Ils offrent une adh\u00e9rence exceptionnelle au b\u00e9ton ainsi qu\u2019\u00e0 de nombreux substrats utilis\u00e9s dans la construction. Leur grande souplesse leur permet d\u2019absorber les mouvements du support et les vibrations sans fissuration ni perte d\u2019int\u00e9grit\u00e9. Con\u00e7us pour une durabilit\u00e9 optimale, ils r\u00e9sistent efficacement aux contraintes environnementales, garantissant une \u00e9tanch\u00e9it\u00e9 durable des joints et interstices. Compatibles avec une large vari\u00e9t\u00e9 de mat\u00e9riaux, ANCHORSEAL 963 PG &#038; GG assurent une performance fiable en applications int\u00e9rieures et ext\u00e9rieures.<\/p>\n","protected":false},"excerpt":{"rendered":"<p>ANCHOR PRIME P1 est un primaire solvant\u00e9 monocomposant \u00e0 faible viscosit\u00e9, con\u00e7u pour \u00eatre utilis\u00e9 sur les joints de b\u00e9ton avant l&#8217;application des mastics de jointoiement ANCHORSEAL 963. Il pr\u00e9pare les surfaces en b\u00e9ton pour garantir une adh\u00e9rence et une \u00e9tanch\u00e9it\u00e9 optimales.<\/p>\n","protected":false},"featured_media":3073,"comment_status":"open","ping_status":"closed","template":"","meta":{"_acf_changed":false},"product_brand":[],"product_cat":[142],"product_tag":[],"class_list":{"0":"post-2557","1":"product","2":"type-product","3":"status-publish","4":"has-post-thumbnail","6":"product_cat-mastics","8":"first","9":"instock","10":"shipping-taxable","11":"product-type-simple"},"acf":[],"yoast_head":"<!-- This site is optimized with the Yoast SEO plugin v27.3 - https:\/\/yoast.com\/product\/yoast-seo-wordpress\/ -->\n<title>ANCHOR PRIME P1 - Syst\u00e8me de primaire - anchoralliedfactory<\/title>\n<meta name=\"robots\" content=\"index, follow, max-snippet:-1, max-image-preview:large, max-video-preview:-1\" \/>\n<link rel=\"canonical\" href=\"https:\/\/anchorallied.com\/fr\/product\/anchor-prime-p1-priming-system\/\" \/>\n<meta property=\"og:locale\" content=\"en_US\" \/>\n<meta property=\"og:type\" content=\"article\" \/>\n<meta property=\"og:title\" content=\"ANCHOR PRIME P1 - Syst\u00e8me de primaire - anchoralliedfactory\" \/>\n<meta property=\"og:description\" content=\"ANCHOR PRIME P1 est un primaire solvant\u00e9 monocomposant \u00e0 faible viscosit\u00e9, con\u00e7u pour \u00eatre utilis\u00e9 sur les joints de b\u00e9ton avant l&#039;application des mastics de jointoiement ANCHORSEAL 963. Il pr\u00e9pare les surfaces en b\u00e9ton pour garantir une adh\u00e9rence et une \u00e9tanch\u00e9it\u00e9 optimales.\" \/>\n<meta property=\"og:url\" content=\"https:\/\/anchorallied.com\/fr\/product\/anchor-prime-p1-priming-system\/\" \/>\n<meta property=\"og:site_name\" content=\"anchoralliedfactory\" \/>\n<meta property=\"article:modified_time\" content=\"2025-07-27T15:43:28+00:00\" \/>\n<meta property=\"og:image\" content=\"https:\/\/anchorallied.com\/fr\/wp-content\/uploads\/2025\/05\/Anc_0001_Anchor-Prime-P1.jpg\" \/>\n\t<meta property=\"og:image:width\" content=\"1200\" \/>\n\t<meta property=\"og:image:height\" content=\"1200\" \/>\n\t<meta property=\"og:image:type\" content=\"image\/jpeg\" \/>\n<meta name=\"twitter:card\" content=\"summary_large_image\" \/>\n<meta name=\"twitter:label1\" content=\"Est. reading time\" \/>\n\t<meta name=\"twitter:data1\" content=\"1 minute\" \/>\n<script type=\"application\/ld+json\" class=\"yoast-schema-graph\">{\"@context\":\"https:\\\/\\\/schema.org\",\"@graph\":[{\"@type\":\"WebPage\",\"@id\":\"https:\\\/\\\/anchorallied.com\\\/fr\\\/product\\\/anchor-prime-p1-priming-system\\\/\",\"url\":\"https:\\\/\\\/anchorallied.com\\\/fr\\\/product\\\/anchor-prime-p1-priming-system\\\/\",\"name\":\"ANCHOR PRIME P1 - Syst\u00e8me de primaire - anchoralliedfactory\",\"isPartOf\":{\"@id\":\"https:\\\/\\\/anchorallied.com\\\/fr\\\/#website\"},\"primaryImageOfPage\":{\"@id\":\"https:\\\/\\\/anchorallied.com\\\/fr\\\/product\\\/anchor-prime-p1-priming-system\\\/#primaryimage\"},\"image\":{\"@id\":\"https:\\\/\\\/anchorallied.com\\\/fr\\\/product\\\/anchor-prime-p1-priming-system\\\/#primaryimage\"},\"thumbnailUrl\":\"https:\\\/\\\/anchorallied.com\\\/fr\\\/wp-content\\\/uploads\\\/2025\\\/05\\\/Anc_0001_Anchor-Prime-P1.jpg\",\"datePublished\":\"2025-05-26T10:02:51+00:00\",\"dateModified\":\"2025-07-27T15:43:28+00:00\",\"breadcrumb\":{\"@id\":\"https:\\\/\\\/anchorallied.com\\\/fr\\\/product\\\/anchor-prime-p1-priming-system\\\/#breadcrumb\"},\"inLanguage\":\"en\",\"potentialAction\":[{\"@type\":\"ReadAction\",\"target\":[\"https:\\\/\\\/anchorallied.com\\\/fr\\\/product\\\/anchor-prime-p1-priming-system\\\/\"]}]},{\"@type\":\"ImageObject\",\"inLanguage\":\"en\",\"@id\":\"https:\\\/\\\/anchorallied.com\\\/fr\\\/product\\\/anchor-prime-p1-priming-system\\\/#primaryimage\",\"url\":\"https:\\\/\\\/anchorallied.com\\\/fr\\\/wp-content\\\/uploads\\\/2025\\\/05\\\/Anc_0001_Anchor-Prime-P1.jpg\",\"contentUrl\":\"https:\\\/\\\/anchorallied.com\\\/fr\\\/wp-content\\\/uploads\\\/2025\\\/05\\\/Anc_0001_Anchor-Prime-P1.jpg\",\"width\":1200,\"height\":1200},{\"@type\":\"BreadcrumbList\",\"@id\":\"https:\\\/\\\/anchorallied.com\\\/fr\\\/product\\\/anchor-prime-p1-priming-system\\\/#breadcrumb\",\"itemListElement\":[{\"@type\":\"ListItem\",\"position\":1,\"name\":\"Home\",\"item\":\"http:\\\/\\\/en.anchorallied.com\\\/fr\\\/\"},{\"@type\":\"ListItem\",\"position\":2,\"name\":\"Shop\",\"item\":\"https:\\\/\\\/en.anchorallied.com\\\/fr\\\/shop\\\/\"},{\"@type\":\"ListItem\",\"position\":3,\"name\":\"ANCHOR PRIME P1 &#8211; Syst\u00e8me de primaire\"}]},{\"@type\":\"WebSite\",\"@id\":\"https:\\\/\\\/anchorallied.com\\\/fr\\\/#website\",\"url\":\"https:\\\/\\\/anchorallied.com\\\/fr\\\/\",\"name\":\"anchoralliedfactory\",\"description\":\"\",\"potentialAction\":[{\"@type\":\"SearchAction\",\"target\":{\"@type\":\"EntryPoint\",\"urlTemplate\":\"https:\\\/\\\/anchorallied.com\\\/fr\\\/?s={search_term_string}\"},\"query-input\":{\"@type\":\"PropertyValueSpecification\",\"valueRequired\":true,\"valueName\":\"search_term_string\"}}],\"inLanguage\":\"en\"}]}<\/script>\n<!-- \/ Yoast SEO plugin. -->","yoast_head_json":{"title":"ANCHOR PRIME P1 - Syst\u00e8me de primaire - anchoralliedfactory","robots":{"index":"index","follow":"follow","max-snippet":"max-snippet:-1","max-image-preview":"max-image-preview:large","max-video-preview":"max-video-preview:-1"},"canonical":"https:\/\/anchorallied.com\/fr\/product\/anchor-prime-p1-priming-system\/","og_locale":"en_US","og_type":"article","og_title":"ANCHOR PRIME P1 - Syst\u00e8me de primaire - anchoralliedfactory","og_description":"ANCHOR PRIME P1 est un primaire solvant\u00e9 monocomposant \u00e0 faible viscosit\u00e9, con\u00e7u pour \u00eatre utilis\u00e9 sur les joints de b\u00e9ton avant l'application des mastics de jointoiement ANCHORSEAL 963. Il pr\u00e9pare les surfaces en b\u00e9ton pour garantir une adh\u00e9rence et une \u00e9tanch\u00e9it\u00e9 optimales.","og_url":"https:\/\/anchorallied.com\/fr\/product\/anchor-prime-p1-priming-system\/","og_site_name":"anchoralliedfactory","article_modified_time":"2025-07-27T15:43:28+00:00","og_image":[{"width":1200,"height":1200,"url":"https:\/\/anchorallied.com\/fr\/wp-content\/uploads\/2025\/05\/Anc_0001_Anchor-Prime-P1.jpg","type":"image\/jpeg"}],"twitter_card":"summary_large_image","twitter_misc":{"Est. reading time":"1 minute"},"schema":{"@context":"https:\/\/schema.org","@graph":[{"@type":"WebPage","@id":"https:\/\/anchorallied.com\/fr\/product\/anchor-prime-p1-priming-system\/","url":"https:\/\/anchorallied.com\/fr\/product\/anchor-prime-p1-priming-system\/","name":"ANCHOR PRIME P1 - Syst\u00e8me de primaire - anchoralliedfactory","isPartOf":{"@id":"https:\/\/anchorallied.com\/fr\/#website"},"primaryImageOfPage":{"@id":"https:\/\/anchorallied.com\/fr\/product\/anchor-prime-p1-priming-system\/#primaryimage"},"image":{"@id":"https:\/\/anchorallied.com\/fr\/product\/anchor-prime-p1-priming-system\/#primaryimage"},"thumbnailUrl":"https:\/\/anchorallied.com\/fr\/wp-content\/uploads\/2025\/05\/Anc_0001_Anchor-Prime-P1.jpg","datePublished":"2025-05-26T10:02:51+00:00","dateModified":"2025-07-27T15:43:28+00:00","breadcrumb":{"@id":"https:\/\/anchorallied.com\/fr\/product\/anchor-prime-p1-priming-system\/#breadcrumb"},"inLanguage":"en","potentialAction":[{"@type":"ReadAction","target":["https:\/\/anchorallied.com\/fr\/product\/anchor-prime-p1-priming-system\/"]}]},{"@type":"ImageObject","inLanguage":"en","@id":"https:\/\/anchorallied.com\/fr\/product\/anchor-prime-p1-priming-system\/#primaryimage","url":"https:\/\/anchorallied.com\/fr\/wp-content\/uploads\/2025\/05\/Anc_0001_Anchor-Prime-P1.jpg","contentUrl":"https:\/\/anchorallied.com\/fr\/wp-content\/uploads\/2025\/05\/Anc_0001_Anchor-Prime-P1.jpg","width":1200,"height":1200},{"@type":"BreadcrumbList","@id":"https:\/\/anchorallied.com\/fr\/product\/anchor-prime-p1-priming-system\/#breadcrumb","itemListElement":[{"@type":"ListItem","position":1,"name":"Home","item":"http:\/\/en.anchorallied.com\/fr\/"},{"@type":"ListItem","position":2,"name":"Shop","item":"https:\/\/en.anchorallied.com\/fr\/shop\/"},{"@type":"ListItem","position":3,"name":"ANCHOR PRIME P1 &#8211; Syst\u00e8me de primaire"}]},{"@type":"WebSite","@id":"https:\/\/anchorallied.com\/fr\/#website","url":"https:\/\/anchorallied.com\/fr\/","name":"anchoralliedfactory","description":"","potentialAction":[{"@type":"SearchAction","target":{"@type":"EntryPoint","urlTemplate":"https:\/\/anchorallied.com\/fr\/?s={search_term_string}"},"query-input":{"@type":"PropertyValueSpecification","valueRequired":true,"valueName":"search_term_string"}}],"inLanguage":"en"}]}},"_links":{"self":[{"href":"https:\/\/anchorallied.com\/fr\/wp-json\/wp\/v2\/product\/2557","targetHints":{"allow":["GET"]}}],"collection":[{"href":"https:\/\/anchorallied.com\/fr\/wp-json\/wp\/v2\/product"}],"about":[{"href":"https:\/\/anchorallied.com\/fr\/wp-json\/wp\/v2\/types\/product"}],"replies":[{"embeddable":true,"href":"https:\/\/anchorallied.com\/fr\/wp-json\/wp\/v2\/comments?post=2557"}],"wp:featuredmedia":[{"embeddable":true,"href":"https:\/\/anchorallied.com\/fr\/wp-json\/wp\/v2\/media\/3073"}],"wp:attachment":[{"href":"https:\/\/anchorallied.com\/fr\/wp-json\/wp\/v2\/media?parent=2557"}],"wp:term":[{"taxonomy":"product_brand","embeddable":true,"href":"https:\/\/anchorallied.com\/fr\/wp-json\/wp\/v2\/product_brand?post=2557"},{"taxonomy":"product_cat","embeddable":true,"href":"https:\/\/anchorallied.com\/fr\/wp-json\/wp\/v2\/product_cat?post=2557"},{"taxonomy":"product_tag","embeddable":true,"href":"https:\/\/anchorallied.com\/fr\/wp-json\/wp\/v2\/product_tag?post=2557"}],"curies":[{"name":"wp","href":"https:\/\/api.w.org\/{rel}","templated":true}]}}