{"id":2563,"date":"2025-05-26T10:21:00","date_gmt":"2025-05-26T10:21:00","guid":{"rendered":"http:\/\/anchorallied.com\/fr\/?post_type=product&#038;p=2563"},"modified":"2025-07-27T15:43:28","modified_gmt":"2025-07-27T15:43:28","slug":"asmaco-gold-universal-multi-foam-pu-foam-gold","status":"publish","type":"product","link":"https:\/\/anchorallied.com\/fr\/product\/asmaco-gold-universal-multi-foam-pu-foam-gold\/","title":{"rendered":"Mousse polyur\u00e9thane universelle Gold ASMACO"},"content":{"rendered":"<p>ASMACO Gold Universal Multi Foam<br \/>\nMousse PU multi-usages pour l\u2019\u00e9tanch\u00e9it\u00e9, l\u2019isolation et le remplissage<\/p>\n<p>ASMACO Gold Universal Multi Foam est une mousse polyur\u00e9thane haute performance con\u00e7ue pour les applications d\u2019\u00e9tanch\u00e9it\u00e9, d\u2019isolation et de remplissage. Elle adh\u00e8re efficacement \u00e0 la plupart des mat\u00e9riaux de construction (b\u00e9ton, bois, m\u00e9tal, plastique), garantissant une \u00e9tanch\u00e9it\u00e9 \u00e0 l\u2019air et \u00e0 l\u2019eau.<\/p>\n<p>Id\u00e9ale pour colmater les passages de c\u00e2bles, tuyaux et gaines, elle offre une excellente isolation thermique et acoustique. Son applicateur avec tube paille permet une utilisation pr\u00e9cise et propre, m\u00eame dans les zones difficiles d\u2019acc\u00e8s.<\/p>\n<p>Formul\u00e9e dans une d\u00e9marche respectueuse de l\u2019environnement, elle s\u2019adapte aux exigences des chantiers modernes, r\u00e9sidentiels comme professionnels.<\/p>\n","protected":false},"excerpt":{"rendered":"<p>La mousse universelle multi-usages ASMACO Gold est une mousse polyur\u00e9thane a\u00e9rosol monocomposant, auto-expansible et durcissant \u00e0 l&#8217;humidit\u00e9, formul\u00e9e pour une application facile \u00e0 l&#8217;aide du pistolet paille inclus. Elle offre une solution d&#8217;isolation et d&#8217;\u00e9tanch\u00e9it\u00e9 \u00e9cologique, exempte de substances appauvrissant la couche d&#8217;ozone telles que les CFC et les HCFC.<\/p>\n","protected":false},"featured_media":2564,"comment_status":"open","ping_status":"closed","template":"","meta":{"_acf_changed":false},"product_brand":[],"product_cat":[144,157],"product_tag":[],"class_list":{"0":"post-2563","1":"product","2":"type-product","3":"status-publish","4":"has-post-thumbnail","6":"product_cat-mousse-pu","7":"product_cat-mousse-pu-mousse-pu","9":"first","10":"instock","11":"shipping-taxable","12":"product-type-simple"},"acf":[],"yoast_head":"<!-- This site is optimized with the Yoast SEO plugin v27.3 - https:\/\/yoast.com\/product\/yoast-seo-wordpress\/ -->\n<title>Mousse polyur\u00e9thane universelle Gold ASMACO - anchoralliedfactory<\/title>\n<meta name=\"robots\" content=\"index, follow, max-snippet:-1, max-image-preview:large, max-video-preview:-1\" \/>\n<link rel=\"canonical\" href=\"https:\/\/anchorallied.com\/fr\/product\/asmaco-gold-universal-multi-foam-pu-foam-gold\/\" \/>\n<meta property=\"og:locale\" content=\"en_US\" \/>\n<meta property=\"og:type\" content=\"article\" \/>\n<meta property=\"og:title\" content=\"Mousse polyur\u00e9thane universelle Gold ASMACO - anchoralliedfactory\" \/>\n<meta property=\"og:description\" content=\"La mousse universelle multi-usages ASMACO Gold est une mousse polyur\u00e9thane a\u00e9rosol monocomposant, auto-expansible et durcissant \u00e0 l&#039;humidit\u00e9, formul\u00e9e pour une application facile \u00e0 l&#039;aide du pistolet paille inclus. Elle offre une solution d&#039;isolation et d&#039;\u00e9tanch\u00e9it\u00e9 \u00e9cologique, exempte de substances appauvrissant la couche d&#039;ozone telles que les CFC et les HCFC.\" \/>\n<meta property=\"og:url\" content=\"https:\/\/anchorallied.com\/fr\/product\/asmaco-gold-universal-multi-foam-pu-foam-gold\/\" \/>\n<meta property=\"og:site_name\" content=\"anchoralliedfactory\" \/>\n<meta property=\"article:modified_time\" content=\"2025-07-27T15:43:28+00:00\" \/>\n<meta property=\"og:image\" content=\"https:\/\/anchorallied.com\/fr\/wp-content\/uploads\/2025\/05\/PU-foam_0006_PU_Foam_Gold.jpg\" \/>\n\t<meta property=\"og:image:width\" content=\"1200\" \/>\n\t<meta property=\"og:image:height\" content=\"1200\" \/>\n\t<meta property=\"og:image:type\" content=\"image\/jpeg\" \/>\n<meta name=\"twitter:card\" content=\"summary_large_image\" \/>\n<meta name=\"twitter:label1\" content=\"Est. reading time\" \/>\n\t<meta name=\"twitter:data1\" content=\"1 minute\" \/>\n<script type=\"application\/ld+json\" class=\"yoast-schema-graph\">{\"@context\":\"https:\\\/\\\/schema.org\",\"@graph\":[{\"@type\":\"WebPage\",\"@id\":\"https:\\\/\\\/anchorallied.com\\\/fr\\\/product\\\/asmaco-gold-universal-multi-foam-pu-foam-gold\\\/\",\"url\":\"https:\\\/\\\/anchorallied.com\\\/fr\\\/product\\\/asmaco-gold-universal-multi-foam-pu-foam-gold\\\/\",\"name\":\"Mousse polyur\u00e9thane universelle Gold ASMACO - anchoralliedfactory\",\"isPartOf\":{\"@id\":\"https:\\\/\\\/anchorallied.com\\\/fr\\\/#website\"},\"primaryImageOfPage\":{\"@id\":\"https:\\\/\\\/anchorallied.com\\\/fr\\\/product\\\/asmaco-gold-universal-multi-foam-pu-foam-gold\\\/#primaryimage\"},\"image\":{\"@id\":\"https:\\\/\\\/anchorallied.com\\\/fr\\\/product\\\/asmaco-gold-universal-multi-foam-pu-foam-gold\\\/#primaryimage\"},\"thumbnailUrl\":\"https:\\\/\\\/anchorallied.com\\\/fr\\\/wp-content\\\/uploads\\\/2025\\\/05\\\/PU-foam_0006_PU_Foam_Gold.jpg\",\"datePublished\":\"2025-05-26T10:21:00+00:00\",\"dateModified\":\"2025-07-27T15:43:28+00:00\",\"breadcrumb\":{\"@id\":\"https:\\\/\\\/anchorallied.com\\\/fr\\\/product\\\/asmaco-gold-universal-multi-foam-pu-foam-gold\\\/#breadcrumb\"},\"inLanguage\":\"en\",\"potentialAction\":[{\"@type\":\"ReadAction\",\"target\":[\"https:\\\/\\\/anchorallied.com\\\/fr\\\/product\\\/asmaco-gold-universal-multi-foam-pu-foam-gold\\\/\"]}]},{\"@type\":\"ImageObject\",\"inLanguage\":\"en\",\"@id\":\"https:\\\/\\\/anchorallied.com\\\/fr\\\/product\\\/asmaco-gold-universal-multi-foam-pu-foam-gold\\\/#primaryimage\",\"url\":\"https:\\\/\\\/anchorallied.com\\\/fr\\\/wp-content\\\/uploads\\\/2025\\\/05\\\/PU-foam_0006_PU_Foam_Gold.jpg\",\"contentUrl\":\"https:\\\/\\\/anchorallied.com\\\/fr\\\/wp-content\\\/uploads\\\/2025\\\/05\\\/PU-foam_0006_PU_Foam_Gold.jpg\",\"width\":1200,\"height\":1200},{\"@type\":\"BreadcrumbList\",\"@id\":\"https:\\\/\\\/anchorallied.com\\\/fr\\\/product\\\/asmaco-gold-universal-multi-foam-pu-foam-gold\\\/#breadcrumb\",\"itemListElement\":[{\"@type\":\"ListItem\",\"position\":1,\"name\":\"Home\",\"item\":\"http:\\\/\\\/en.anchorallied.com\\\/fr\\\/\"},{\"@type\":\"ListItem\",\"position\":2,\"name\":\"Shop\",\"item\":\"https:\\\/\\\/en.anchorallied.com\\\/fr\\\/shop\\\/\"},{\"@type\":\"ListItem\",\"position\":3,\"name\":\"Mousse polyur\u00e9thane universelle Gold ASMACO\"}]},{\"@type\":\"WebSite\",\"@id\":\"https:\\\/\\\/anchorallied.com\\\/fr\\\/#website\",\"url\":\"https:\\\/\\\/anchorallied.com\\\/fr\\\/\",\"name\":\"anchoralliedfactory\",\"description\":\"\",\"potentialAction\":[{\"@type\":\"SearchAction\",\"target\":{\"@type\":\"EntryPoint\",\"urlTemplate\":\"https:\\\/\\\/anchorallied.com\\\/fr\\\/?s={search_term_string}\"},\"query-input\":{\"@type\":\"PropertyValueSpecification\",\"valueRequired\":true,\"valueName\":\"search_term_string\"}}],\"inLanguage\":\"en\"}]}<\/script>\n<!-- \/ Yoast SEO plugin. -->","yoast_head_json":{"title":"Mousse polyur\u00e9thane universelle Gold ASMACO - anchoralliedfactory","robots":{"index":"index","follow":"follow","max-snippet":"max-snippet:-1","max-image-preview":"max-image-preview:large","max-video-preview":"max-video-preview:-1"},"canonical":"https:\/\/anchorallied.com\/fr\/product\/asmaco-gold-universal-multi-foam-pu-foam-gold\/","og_locale":"en_US","og_type":"article","og_title":"Mousse polyur\u00e9thane universelle Gold ASMACO - anchoralliedfactory","og_description":"La mousse universelle multi-usages ASMACO Gold est une mousse polyur\u00e9thane a\u00e9rosol monocomposant, auto-expansible et durcissant \u00e0 l'humidit\u00e9, formul\u00e9e pour une application facile \u00e0 l'aide du pistolet paille inclus. Elle offre une solution d'isolation et d'\u00e9tanch\u00e9it\u00e9 \u00e9cologique, exempte de substances appauvrissant la couche d'ozone telles que les CFC et les HCFC.","og_url":"https:\/\/anchorallied.com\/fr\/product\/asmaco-gold-universal-multi-foam-pu-foam-gold\/","og_site_name":"anchoralliedfactory","article_modified_time":"2025-07-27T15:43:28+00:00","og_image":[{"width":1200,"height":1200,"url":"https:\/\/anchorallied.com\/fr\/wp-content\/uploads\/2025\/05\/PU-foam_0006_PU_Foam_Gold.jpg","type":"image\/jpeg"}],"twitter_card":"summary_large_image","twitter_misc":{"Est. reading time":"1 minute"},"schema":{"@context":"https:\/\/schema.org","@graph":[{"@type":"WebPage","@id":"https:\/\/anchorallied.com\/fr\/product\/asmaco-gold-universal-multi-foam-pu-foam-gold\/","url":"https:\/\/anchorallied.com\/fr\/product\/asmaco-gold-universal-multi-foam-pu-foam-gold\/","name":"Mousse polyur\u00e9thane universelle Gold ASMACO - anchoralliedfactory","isPartOf":{"@id":"https:\/\/anchorallied.com\/fr\/#website"},"primaryImageOfPage":{"@id":"https:\/\/anchorallied.com\/fr\/product\/asmaco-gold-universal-multi-foam-pu-foam-gold\/#primaryimage"},"image":{"@id":"https:\/\/anchorallied.com\/fr\/product\/asmaco-gold-universal-multi-foam-pu-foam-gold\/#primaryimage"},"thumbnailUrl":"https:\/\/anchorallied.com\/fr\/wp-content\/uploads\/2025\/05\/PU-foam_0006_PU_Foam_Gold.jpg","datePublished":"2025-05-26T10:21:00+00:00","dateModified":"2025-07-27T15:43:28+00:00","breadcrumb":{"@id":"https:\/\/anchorallied.com\/fr\/product\/asmaco-gold-universal-multi-foam-pu-foam-gold\/#breadcrumb"},"inLanguage":"en","potentialAction":[{"@type":"ReadAction","target":["https:\/\/anchorallied.com\/fr\/product\/asmaco-gold-universal-multi-foam-pu-foam-gold\/"]}]},{"@type":"ImageObject","inLanguage":"en","@id":"https:\/\/anchorallied.com\/fr\/product\/asmaco-gold-universal-multi-foam-pu-foam-gold\/#primaryimage","url":"https:\/\/anchorallied.com\/fr\/wp-content\/uploads\/2025\/05\/PU-foam_0006_PU_Foam_Gold.jpg","contentUrl":"https:\/\/anchorallied.com\/fr\/wp-content\/uploads\/2025\/05\/PU-foam_0006_PU_Foam_Gold.jpg","width":1200,"height":1200},{"@type":"BreadcrumbList","@id":"https:\/\/anchorallied.com\/fr\/product\/asmaco-gold-universal-multi-foam-pu-foam-gold\/#breadcrumb","itemListElement":[{"@type":"ListItem","position":1,"name":"Home","item":"http:\/\/en.anchorallied.com\/fr\/"},{"@type":"ListItem","position":2,"name":"Shop","item":"https:\/\/en.anchorallied.com\/fr\/shop\/"},{"@type":"ListItem","position":3,"name":"Mousse polyur\u00e9thane universelle Gold ASMACO"}]},{"@type":"WebSite","@id":"https:\/\/anchorallied.com\/fr\/#website","url":"https:\/\/anchorallied.com\/fr\/","name":"anchoralliedfactory","description":"","potentialAction":[{"@type":"SearchAction","target":{"@type":"EntryPoint","urlTemplate":"https:\/\/anchorallied.com\/fr\/?s={search_term_string}"},"query-input":{"@type":"PropertyValueSpecification","valueRequired":true,"valueName":"search_term_string"}}],"inLanguage":"en"}]}},"_links":{"self":[{"href":"https:\/\/anchorallied.com\/fr\/wp-json\/wp\/v2\/product\/2563","targetHints":{"allow":["GET"]}}],"collection":[{"href":"https:\/\/anchorallied.com\/fr\/wp-json\/wp\/v2\/product"}],"about":[{"href":"https:\/\/anchorallied.com\/fr\/wp-json\/wp\/v2\/types\/product"}],"replies":[{"embeddable":true,"href":"https:\/\/anchorallied.com\/fr\/wp-json\/wp\/v2\/comments?post=2563"}],"wp:featuredmedia":[{"embeddable":true,"href":"https:\/\/anchorallied.com\/fr\/wp-json\/wp\/v2\/media\/2564"}],"wp:attachment":[{"href":"https:\/\/anchorallied.com\/fr\/wp-json\/wp\/v2\/media?parent=2563"}],"wp:term":[{"taxonomy":"product_brand","embeddable":true,"href":"https:\/\/anchorallied.com\/fr\/wp-json\/wp\/v2\/product_brand?post=2563"},{"taxonomy":"product_cat","embeddable":true,"href":"https:\/\/anchorallied.com\/fr\/wp-json\/wp\/v2\/product_cat?post=2563"},{"taxonomy":"product_tag","embeddable":true,"href":"https:\/\/anchorallied.com\/fr\/wp-json\/wp\/v2\/product_tag?post=2563"}],"curies":[{"name":"wp","href":"https:\/\/api.w.org\/{rel}","templated":true}]}}