{"id":2565,"date":"2025-05-26T10:25:32","date_gmt":"2025-05-26T10:25:32","guid":{"rendered":"http:\/\/anchorallied.com\/fr\/?post_type=product&#038;p=2565"},"modified":"2025-07-27T15:43:28","modified_gmt":"2025-07-27T15:43:28","slug":"asmaco-gold-universal-multifoam-fire-retardant-b2-pu-foam-fire-retardant","status":"publish","type":"product","link":"https:\/\/anchorallied.com\/fr\/product\/asmaco-gold-universal-multifoam-fire-retardant-b2-pu-foam-fire-retardant\/","title":{"rendered":"Mousse polyur\u00e9thane universelle Gold Multifoam B2 ASMACO"},"content":{"rendered":"<p>Mousse PU polyvalente avec protection feu<\/p>\n<p>ASMACO Gold Multifoam B2 est une mousse polyur\u00e9thane ignifuge, class\u00e9e B2, con\u00e7ue pour l\u2019isolation et l\u2019\u00e9tanch\u00e9it\u00e9 dans les projets de construction. Elle adh\u00e8re \u00e0 de nombreux mat\u00e9riaux (b\u00e9ton, bois, m\u00e9tal, ma\u00e7onnerie) et comble efficacement les joints, cavit\u00e9s, encadrements de portes et fen\u00eatres.<\/p>\n<p>Sa formulation auto-expansive forme une barri\u00e8re r\u00e9sistante \u00e0 l\u2019humidit\u00e9, au feu, \u00e0 la chaleur et au bruit. Un choix fiable pour les professionnels exigeants en mati\u00e8re de s\u00e9curit\u00e9 et de performance.<\/p>\n","protected":false},"excerpt":{"rendered":"<p>La mousse polyur\u00e9thane universelle multi-composants ignifuge ASMACO Gold B2 est une mousse polyur\u00e9thane auto-expansible monocomposant de haute qualit\u00e9, durcissant \u00e0 l&#8217;humidit\u00e9, con\u00e7ue pour les travaux d&#8217;isolation et d&#8217;\u00e9tanch\u00e9it\u00e9 professionnels. Elle offre une adh\u00e9rence sup\u00e9rieure et des propri\u00e9t\u00e9s ignifuges, id\u00e9ales pour une utilisation s\u00fbre et efficace dans les environnements de construction.<\/p>\n","protected":false},"featured_media":2566,"comment_status":"open","ping_status":"closed","template":"","meta":{"_acf_changed":false},"product_brand":[],"product_cat":[158,144],"product_tag":[],"class_list":{"0":"post-2565","1":"product","2":"type-product","3":"status-publish","4":"has-post-thumbnail","6":"product_cat-mousse-ignifuge","7":"product_cat-mousse-pu","9":"first","10":"instock","11":"shipping-taxable","12":"product-type-simple"},"acf":[],"yoast_head":"<!-- This site is optimized with the Yoast SEO plugin v27.3 - https:\/\/yoast.com\/product\/yoast-seo-wordpress\/ -->\n<title>Mousse polyur\u00e9thane universelle Gold Multifoam B2 ASMACO - anchoralliedfactory<\/title>\n<meta name=\"robots\" content=\"index, follow, max-snippet:-1, max-image-preview:large, max-video-preview:-1\" \/>\n<link rel=\"canonical\" href=\"https:\/\/anchorallied.com\/fr\/product\/asmaco-gold-universal-multifoam-fire-retardant-b2-pu-foam-fire-retardant\/\" \/>\n<meta property=\"og:locale\" content=\"en_US\" \/>\n<meta property=\"og:type\" content=\"article\" \/>\n<meta property=\"og:title\" content=\"Mousse polyur\u00e9thane universelle Gold Multifoam B2 ASMACO - anchoralliedfactory\" \/>\n<meta property=\"og:description\" content=\"La mousse polyur\u00e9thane universelle multi-composants ignifuge ASMACO Gold B2 est une mousse polyur\u00e9thane auto-expansible monocomposant de haute qualit\u00e9, durcissant \u00e0 l&#039;humidit\u00e9, con\u00e7ue pour les travaux d&#039;isolation et d&#039;\u00e9tanch\u00e9it\u00e9 professionnels. Elle offre une adh\u00e9rence sup\u00e9rieure et des propri\u00e9t\u00e9s ignifuges, id\u00e9ales pour une utilisation s\u00fbre et efficace dans les environnements de construction.\" \/>\n<meta property=\"og:url\" content=\"https:\/\/anchorallied.com\/fr\/product\/asmaco-gold-universal-multifoam-fire-retardant-b2-pu-foam-fire-retardant\/\" \/>\n<meta property=\"og:site_name\" content=\"anchoralliedfactory\" \/>\n<meta property=\"article:modified_time\" content=\"2025-07-27T15:43:28+00:00\" \/>\n<meta property=\"og:image\" content=\"https:\/\/anchorallied.com\/fr\/wp-content\/uploads\/2025\/05\/PU-foam_0000_PU_Foam_B2.jpg\" \/>\n\t<meta property=\"og:image:width\" content=\"1200\" \/>\n\t<meta property=\"og:image:height\" content=\"1200\" \/>\n\t<meta property=\"og:image:type\" content=\"image\/jpeg\" \/>\n<meta name=\"twitter:card\" content=\"summary_large_image\" \/>\n<script type=\"application\/ld+json\" class=\"yoast-schema-graph\">{\"@context\":\"https:\\\/\\\/schema.org\",\"@graph\":[{\"@type\":\"WebPage\",\"@id\":\"https:\\\/\\\/anchorallied.com\\\/fr\\\/product\\\/asmaco-gold-universal-multifoam-fire-retardant-b2-pu-foam-fire-retardant\\\/\",\"url\":\"https:\\\/\\\/anchorallied.com\\\/fr\\\/product\\\/asmaco-gold-universal-multifoam-fire-retardant-b2-pu-foam-fire-retardant\\\/\",\"name\":\"Mousse polyur\u00e9thane universelle Gold Multifoam B2 ASMACO - anchoralliedfactory\",\"isPartOf\":{\"@id\":\"https:\\\/\\\/anchorallied.com\\\/fr\\\/#website\"},\"primaryImageOfPage\":{\"@id\":\"https:\\\/\\\/anchorallied.com\\\/fr\\\/product\\\/asmaco-gold-universal-multifoam-fire-retardant-b2-pu-foam-fire-retardant\\\/#primaryimage\"},\"image\":{\"@id\":\"https:\\\/\\\/anchorallied.com\\\/fr\\\/product\\\/asmaco-gold-universal-multifoam-fire-retardant-b2-pu-foam-fire-retardant\\\/#primaryimage\"},\"thumbnailUrl\":\"https:\\\/\\\/anchorallied.com\\\/fr\\\/wp-content\\\/uploads\\\/2025\\\/05\\\/PU-foam_0000_PU_Foam_B2.jpg\",\"datePublished\":\"2025-05-26T10:25:32+00:00\",\"dateModified\":\"2025-07-27T15:43:28+00:00\",\"breadcrumb\":{\"@id\":\"https:\\\/\\\/anchorallied.com\\\/fr\\\/product\\\/asmaco-gold-universal-multifoam-fire-retardant-b2-pu-foam-fire-retardant\\\/#breadcrumb\"},\"inLanguage\":\"en\",\"potentialAction\":[{\"@type\":\"ReadAction\",\"target\":[\"https:\\\/\\\/anchorallied.com\\\/fr\\\/product\\\/asmaco-gold-universal-multifoam-fire-retardant-b2-pu-foam-fire-retardant\\\/\"]}]},{\"@type\":\"ImageObject\",\"inLanguage\":\"en\",\"@id\":\"https:\\\/\\\/anchorallied.com\\\/fr\\\/product\\\/asmaco-gold-universal-multifoam-fire-retardant-b2-pu-foam-fire-retardant\\\/#primaryimage\",\"url\":\"https:\\\/\\\/anchorallied.com\\\/fr\\\/wp-content\\\/uploads\\\/2025\\\/05\\\/PU-foam_0000_PU_Foam_B2.jpg\",\"contentUrl\":\"https:\\\/\\\/anchorallied.com\\\/fr\\\/wp-content\\\/uploads\\\/2025\\\/05\\\/PU-foam_0000_PU_Foam_B2.jpg\",\"width\":1200,\"height\":1200},{\"@type\":\"BreadcrumbList\",\"@id\":\"https:\\\/\\\/anchorallied.com\\\/fr\\\/product\\\/asmaco-gold-universal-multifoam-fire-retardant-b2-pu-foam-fire-retardant\\\/#breadcrumb\",\"itemListElement\":[{\"@type\":\"ListItem\",\"position\":1,\"name\":\"Home\",\"item\":\"http:\\\/\\\/en.anchorallied.com\\\/fr\\\/\"},{\"@type\":\"ListItem\",\"position\":2,\"name\":\"Shop\",\"item\":\"https:\\\/\\\/en.anchorallied.com\\\/fr\\\/shop\\\/\"},{\"@type\":\"ListItem\",\"position\":3,\"name\":\"Mousse polyur\u00e9thane universelle Gold Multifoam B2 ASMACO\"}]},{\"@type\":\"WebSite\",\"@id\":\"https:\\\/\\\/anchorallied.com\\\/fr\\\/#website\",\"url\":\"https:\\\/\\\/anchorallied.com\\\/fr\\\/\",\"name\":\"anchoralliedfactory\",\"description\":\"\",\"potentialAction\":[{\"@type\":\"SearchAction\",\"target\":{\"@type\":\"EntryPoint\",\"urlTemplate\":\"https:\\\/\\\/anchorallied.com\\\/fr\\\/?s={search_term_string}\"},\"query-input\":{\"@type\":\"PropertyValueSpecification\",\"valueRequired\":true,\"valueName\":\"search_term_string\"}}],\"inLanguage\":\"en\"}]}<\/script>\n<!-- \/ Yoast SEO plugin. -->","yoast_head_json":{"title":"Mousse polyur\u00e9thane universelle Gold Multifoam B2 ASMACO - anchoralliedfactory","robots":{"index":"index","follow":"follow","max-snippet":"max-snippet:-1","max-image-preview":"max-image-preview:large","max-video-preview":"max-video-preview:-1"},"canonical":"https:\/\/anchorallied.com\/fr\/product\/asmaco-gold-universal-multifoam-fire-retardant-b2-pu-foam-fire-retardant\/","og_locale":"en_US","og_type":"article","og_title":"Mousse polyur\u00e9thane universelle Gold Multifoam B2 ASMACO - anchoralliedfactory","og_description":"La mousse polyur\u00e9thane universelle multi-composants ignifuge ASMACO Gold B2 est une mousse polyur\u00e9thane auto-expansible monocomposant de haute qualit\u00e9, durcissant \u00e0 l'humidit\u00e9, con\u00e7ue pour les travaux d'isolation et d'\u00e9tanch\u00e9it\u00e9 professionnels. Elle offre une adh\u00e9rence sup\u00e9rieure et des propri\u00e9t\u00e9s ignifuges, id\u00e9ales pour une utilisation s\u00fbre et efficace dans les environnements de construction.","og_url":"https:\/\/anchorallied.com\/fr\/product\/asmaco-gold-universal-multifoam-fire-retardant-b2-pu-foam-fire-retardant\/","og_site_name":"anchoralliedfactory","article_modified_time":"2025-07-27T15:43:28+00:00","og_image":[{"width":1200,"height":1200,"url":"https:\/\/anchorallied.com\/fr\/wp-content\/uploads\/2025\/05\/PU-foam_0000_PU_Foam_B2.jpg","type":"image\/jpeg"}],"twitter_card":"summary_large_image","schema":{"@context":"https:\/\/schema.org","@graph":[{"@type":"WebPage","@id":"https:\/\/anchorallied.com\/fr\/product\/asmaco-gold-universal-multifoam-fire-retardant-b2-pu-foam-fire-retardant\/","url":"https:\/\/anchorallied.com\/fr\/product\/asmaco-gold-universal-multifoam-fire-retardant-b2-pu-foam-fire-retardant\/","name":"Mousse polyur\u00e9thane universelle Gold Multifoam B2 ASMACO - anchoralliedfactory","isPartOf":{"@id":"https:\/\/anchorallied.com\/fr\/#website"},"primaryImageOfPage":{"@id":"https:\/\/anchorallied.com\/fr\/product\/asmaco-gold-universal-multifoam-fire-retardant-b2-pu-foam-fire-retardant\/#primaryimage"},"image":{"@id":"https:\/\/anchorallied.com\/fr\/product\/asmaco-gold-universal-multifoam-fire-retardant-b2-pu-foam-fire-retardant\/#primaryimage"},"thumbnailUrl":"https:\/\/anchorallied.com\/fr\/wp-content\/uploads\/2025\/05\/PU-foam_0000_PU_Foam_B2.jpg","datePublished":"2025-05-26T10:25:32+00:00","dateModified":"2025-07-27T15:43:28+00:00","breadcrumb":{"@id":"https:\/\/anchorallied.com\/fr\/product\/asmaco-gold-universal-multifoam-fire-retardant-b2-pu-foam-fire-retardant\/#breadcrumb"},"inLanguage":"en","potentialAction":[{"@type":"ReadAction","target":["https:\/\/anchorallied.com\/fr\/product\/asmaco-gold-universal-multifoam-fire-retardant-b2-pu-foam-fire-retardant\/"]}]},{"@type":"ImageObject","inLanguage":"en","@id":"https:\/\/anchorallied.com\/fr\/product\/asmaco-gold-universal-multifoam-fire-retardant-b2-pu-foam-fire-retardant\/#primaryimage","url":"https:\/\/anchorallied.com\/fr\/wp-content\/uploads\/2025\/05\/PU-foam_0000_PU_Foam_B2.jpg","contentUrl":"https:\/\/anchorallied.com\/fr\/wp-content\/uploads\/2025\/05\/PU-foam_0000_PU_Foam_B2.jpg","width":1200,"height":1200},{"@type":"BreadcrumbList","@id":"https:\/\/anchorallied.com\/fr\/product\/asmaco-gold-universal-multifoam-fire-retardant-b2-pu-foam-fire-retardant\/#breadcrumb","itemListElement":[{"@type":"ListItem","position":1,"name":"Home","item":"http:\/\/en.anchorallied.com\/fr\/"},{"@type":"ListItem","position":2,"name":"Shop","item":"https:\/\/en.anchorallied.com\/fr\/shop\/"},{"@type":"ListItem","position":3,"name":"Mousse polyur\u00e9thane universelle Gold Multifoam B2 ASMACO"}]},{"@type":"WebSite","@id":"https:\/\/anchorallied.com\/fr\/#website","url":"https:\/\/anchorallied.com\/fr\/","name":"anchoralliedfactory","description":"","potentialAction":[{"@type":"SearchAction","target":{"@type":"EntryPoint","urlTemplate":"https:\/\/anchorallied.com\/fr\/?s={search_term_string}"},"query-input":{"@type":"PropertyValueSpecification","valueRequired":true,"valueName":"search_term_string"}}],"inLanguage":"en"}]}},"_links":{"self":[{"href":"https:\/\/anchorallied.com\/fr\/wp-json\/wp\/v2\/product\/2565","targetHints":{"allow":["GET"]}}],"collection":[{"href":"https:\/\/anchorallied.com\/fr\/wp-json\/wp\/v2\/product"}],"about":[{"href":"https:\/\/anchorallied.com\/fr\/wp-json\/wp\/v2\/types\/product"}],"replies":[{"embeddable":true,"href":"https:\/\/anchorallied.com\/fr\/wp-json\/wp\/v2\/comments?post=2565"}],"wp:featuredmedia":[{"embeddable":true,"href":"https:\/\/anchorallied.com\/fr\/wp-json\/wp\/v2\/media\/2566"}],"wp:attachment":[{"href":"https:\/\/anchorallied.com\/fr\/wp-json\/wp\/v2\/media?parent=2565"}],"wp:term":[{"taxonomy":"product_brand","embeddable":true,"href":"https:\/\/anchorallied.com\/fr\/wp-json\/wp\/v2\/product_brand?post=2565"},{"taxonomy":"product_cat","embeddable":true,"href":"https:\/\/anchorallied.com\/fr\/wp-json\/wp\/v2\/product_cat?post=2565"},{"taxonomy":"product_tag","embeddable":true,"href":"https:\/\/anchorallied.com\/fr\/wp-json\/wp\/v2\/product_tag?post=2565"}],"curies":[{"name":"wp","href":"https:\/\/api.w.org\/{rel}","templated":true}]}}