{"id":2570,"date":"2025-05-26T10:34:59","date_gmt":"2025-05-26T10:34:59","guid":{"rendered":"http:\/\/anchorallied.com\/fr\/?post_type=product&#038;p=2570"},"modified":"2025-07-27T15:43:29","modified_gmt":"2025-07-27T15:43:29","slug":"asmaco-pu-850-primer-waterproofing-primer","status":"publish","type":"product","link":"https:\/\/anchorallied.com\/fr\/product\/asmaco-pu-850-primer-waterproofing-primer\/","title":{"rendered":"Primaire PU 850 ASMACO \u2013 Appr\u00eat imperm\u00e9abilisant"},"content":{"rendered":"<p>ASMACO PU 850 PRIMER<br \/>\nPrimaire d\u2019adh\u00e9rence pour membranes d\u2019\u00e9tanch\u00e9it\u00e9 polyur\u00e9thane<\/p>\n<p>ASMACO PU 850 PRIMER est un primaire essentiel con\u00e7u pour renforcer l\u2019adh\u00e9rence entre les supports et les membranes d\u2019\u00e9tanch\u00e9it\u00e9 polyur\u00e9thane telles que ASMACO WP 810, WP 900 et WP 936.<\/p>\n<p>Sa technologie de durcissement \u00e0 l\u2019humidit\u00e9 assure une performance fiable, m\u00eame en environnement humide. Sa formule \u00e0 base de solvant permet une p\u00e9n\u00e9tration en profondeur dans les surfaces poreuses (b\u00e9ton, m\u00e9tal, chapes cimentaires), garantissant une accroche optimale.<\/p>\n<p>Ce primaire am\u00e9liore la r\u00e9sistance au d\u00e9collement et \u00e0 la p\u00e9n\u00e9tration d\u2019eau, favoris<\/p>\n","protected":false},"excerpt":{"rendered":"<p>L&#8217;appr\u00eat polyur\u00e9thane ASMACO PU 850 est un appr\u00eat polyur\u00e9thane haute performance \u00e0 base de solvant, durcissant \u00e0 l&#8217;humidit\u00e9, con\u00e7u pour favoriser une adh\u00e9rence sup\u00e9rieure et une durabilit\u00e9 \u00e0 long terme sur les surfaces en b\u00e9ton, en m\u00e9tal et en chape cimentaire. Il est sp\u00e9cialement formul\u00e9 pour optimiser les performances des syst\u00e8mes d&#8217;\u00e9tanch\u00e9it\u00e9 polyur\u00e9thane ASMACO.<\/p>\n","protected":false},"featured_media":3076,"comment_status":"open","ping_status":"closed","template":"","meta":{"_acf_changed":false},"product_brand":[],"product_cat":[139,151],"product_tag":[],"class_list":{"0":"post-2570","1":"product","2":"type-product","3":"status-publish","4":"has-post-thumbnail","6":"product_cat-etancheite-et-revetements-de-sol","7":"product_cat-revetement-detancheite","9":"first","10":"instock","11":"shipping-taxable","12":"product-type-simple"},"acf":[],"yoast_head":"<!-- This site is optimized with the Yoast SEO plugin v27.3 - https:\/\/yoast.com\/product\/yoast-seo-wordpress\/ -->\n<title>Primaire PU 850 ASMACO \u2013 Appr\u00eat imperm\u00e9abilisant - anchoralliedfactory<\/title>\n<meta name=\"robots\" content=\"index, follow, max-snippet:-1, max-image-preview:large, max-video-preview:-1\" \/>\n<link rel=\"canonical\" href=\"https:\/\/anchorallied.com\/fr\/product\/asmaco-pu-850-primer-waterproofing-primer\/\" \/>\n<meta property=\"og:locale\" content=\"en_US\" \/>\n<meta property=\"og:type\" content=\"article\" \/>\n<meta property=\"og:title\" content=\"Primaire PU 850 ASMACO \u2013 Appr\u00eat imperm\u00e9abilisant - anchoralliedfactory\" \/>\n<meta property=\"og:description\" content=\"L&#039;appr\u00eat polyur\u00e9thane ASMACO PU 850 est un appr\u00eat polyur\u00e9thane haute performance \u00e0 base de solvant, durcissant \u00e0 l&#039;humidit\u00e9, con\u00e7u pour favoriser une adh\u00e9rence sup\u00e9rieure et une durabilit\u00e9 \u00e0 long terme sur les surfaces en b\u00e9ton, en m\u00e9tal et en chape cimentaire. Il est sp\u00e9cialement formul\u00e9 pour optimiser les performances des syst\u00e8mes d&#039;\u00e9tanch\u00e9it\u00e9 polyur\u00e9thane ASMACO.\" \/>\n<meta property=\"og:url\" content=\"https:\/\/anchorallied.com\/fr\/product\/asmaco-pu-850-primer-waterproofing-primer\/\" \/>\n<meta property=\"og:site_name\" content=\"anchoralliedfactory\" \/>\n<meta property=\"article:modified_time\" content=\"2025-07-27T15:43:29+00:00\" \/>\n<meta property=\"og:image\" content=\"https:\/\/anchorallied.com\/fr\/wp-content\/uploads\/2025\/05\/Anc_0005_PU-850_Primer.jpg\" \/>\n\t<meta property=\"og:image:width\" content=\"1200\" \/>\n\t<meta property=\"og:image:height\" content=\"1200\" \/>\n\t<meta property=\"og:image:type\" content=\"image\/jpeg\" \/>\n<meta name=\"twitter:card\" content=\"summary_large_image\" \/>\n<meta name=\"twitter:label1\" content=\"Est. reading time\" \/>\n\t<meta name=\"twitter:data1\" content=\"1 minute\" \/>\n<script type=\"application\/ld+json\" class=\"yoast-schema-graph\">{\"@context\":\"https:\\\/\\\/schema.org\",\"@graph\":[{\"@type\":\"WebPage\",\"@id\":\"https:\\\/\\\/anchorallied.com\\\/fr\\\/product\\\/asmaco-pu-850-primer-waterproofing-primer\\\/\",\"url\":\"https:\\\/\\\/anchorallied.com\\\/fr\\\/product\\\/asmaco-pu-850-primer-waterproofing-primer\\\/\",\"name\":\"Primaire PU 850 ASMACO \u2013 Appr\u00eat imperm\u00e9abilisant - anchoralliedfactory\",\"isPartOf\":{\"@id\":\"https:\\\/\\\/anchorallied.com\\\/fr\\\/#website\"},\"primaryImageOfPage\":{\"@id\":\"https:\\\/\\\/anchorallied.com\\\/fr\\\/product\\\/asmaco-pu-850-primer-waterproofing-primer\\\/#primaryimage\"},\"image\":{\"@id\":\"https:\\\/\\\/anchorallied.com\\\/fr\\\/product\\\/asmaco-pu-850-primer-waterproofing-primer\\\/#primaryimage\"},\"thumbnailUrl\":\"https:\\\/\\\/anchorallied.com\\\/fr\\\/wp-content\\\/uploads\\\/2025\\\/05\\\/Anc_0005_PU-850_Primer.jpg\",\"datePublished\":\"2025-05-26T10:34:59+00:00\",\"dateModified\":\"2025-07-27T15:43:29+00:00\",\"breadcrumb\":{\"@id\":\"https:\\\/\\\/anchorallied.com\\\/fr\\\/product\\\/asmaco-pu-850-primer-waterproofing-primer\\\/#breadcrumb\"},\"inLanguage\":\"en\",\"potentialAction\":[{\"@type\":\"ReadAction\",\"target\":[\"https:\\\/\\\/anchorallied.com\\\/fr\\\/product\\\/asmaco-pu-850-primer-waterproofing-primer\\\/\"]}]},{\"@type\":\"ImageObject\",\"inLanguage\":\"en\",\"@id\":\"https:\\\/\\\/anchorallied.com\\\/fr\\\/product\\\/asmaco-pu-850-primer-waterproofing-primer\\\/#primaryimage\",\"url\":\"https:\\\/\\\/anchorallied.com\\\/fr\\\/wp-content\\\/uploads\\\/2025\\\/05\\\/Anc_0005_PU-850_Primer.jpg\",\"contentUrl\":\"https:\\\/\\\/anchorallied.com\\\/fr\\\/wp-content\\\/uploads\\\/2025\\\/05\\\/Anc_0005_PU-850_Primer.jpg\",\"width\":1200,\"height\":1200},{\"@type\":\"BreadcrumbList\",\"@id\":\"https:\\\/\\\/anchorallied.com\\\/fr\\\/product\\\/asmaco-pu-850-primer-waterproofing-primer\\\/#breadcrumb\",\"itemListElement\":[{\"@type\":\"ListItem\",\"position\":1,\"name\":\"Home\",\"item\":\"http:\\\/\\\/en.anchorallied.com\\\/fr\\\/\"},{\"@type\":\"ListItem\",\"position\":2,\"name\":\"Shop\",\"item\":\"https:\\\/\\\/en.anchorallied.com\\\/fr\\\/shop\\\/\"},{\"@type\":\"ListItem\",\"position\":3,\"name\":\"Primaire PU 850 ASMACO \u2013 Appr\u00eat imperm\u00e9abilisant\"}]},{\"@type\":\"WebSite\",\"@id\":\"https:\\\/\\\/anchorallied.com\\\/fr\\\/#website\",\"url\":\"https:\\\/\\\/anchorallied.com\\\/fr\\\/\",\"name\":\"anchoralliedfactory\",\"description\":\"\",\"potentialAction\":[{\"@type\":\"SearchAction\",\"target\":{\"@type\":\"EntryPoint\",\"urlTemplate\":\"https:\\\/\\\/anchorallied.com\\\/fr\\\/?s={search_term_string}\"},\"query-input\":{\"@type\":\"PropertyValueSpecification\",\"valueRequired\":true,\"valueName\":\"search_term_string\"}}],\"inLanguage\":\"en\"}]}<\/script>\n<!-- \/ Yoast SEO plugin. -->","yoast_head_json":{"title":"Primaire PU 850 ASMACO \u2013 Appr\u00eat imperm\u00e9abilisant - anchoralliedfactory","robots":{"index":"index","follow":"follow","max-snippet":"max-snippet:-1","max-image-preview":"max-image-preview:large","max-video-preview":"max-video-preview:-1"},"canonical":"https:\/\/anchorallied.com\/fr\/product\/asmaco-pu-850-primer-waterproofing-primer\/","og_locale":"en_US","og_type":"article","og_title":"Primaire PU 850 ASMACO \u2013 Appr\u00eat imperm\u00e9abilisant - anchoralliedfactory","og_description":"L'appr\u00eat polyur\u00e9thane ASMACO PU 850 est un appr\u00eat polyur\u00e9thane haute performance \u00e0 base de solvant, durcissant \u00e0 l'humidit\u00e9, con\u00e7u pour favoriser une adh\u00e9rence sup\u00e9rieure et une durabilit\u00e9 \u00e0 long terme sur les surfaces en b\u00e9ton, en m\u00e9tal et en chape cimentaire. Il est sp\u00e9cialement formul\u00e9 pour optimiser les performances des syst\u00e8mes d'\u00e9tanch\u00e9it\u00e9 polyur\u00e9thane ASMACO.","og_url":"https:\/\/anchorallied.com\/fr\/product\/asmaco-pu-850-primer-waterproofing-primer\/","og_site_name":"anchoralliedfactory","article_modified_time":"2025-07-27T15:43:29+00:00","og_image":[{"width":1200,"height":1200,"url":"https:\/\/anchorallied.com\/fr\/wp-content\/uploads\/2025\/05\/Anc_0005_PU-850_Primer.jpg","type":"image\/jpeg"}],"twitter_card":"summary_large_image","twitter_misc":{"Est. reading time":"1 minute"},"schema":{"@context":"https:\/\/schema.org","@graph":[{"@type":"WebPage","@id":"https:\/\/anchorallied.com\/fr\/product\/asmaco-pu-850-primer-waterproofing-primer\/","url":"https:\/\/anchorallied.com\/fr\/product\/asmaco-pu-850-primer-waterproofing-primer\/","name":"Primaire PU 850 ASMACO \u2013 Appr\u00eat imperm\u00e9abilisant - anchoralliedfactory","isPartOf":{"@id":"https:\/\/anchorallied.com\/fr\/#website"},"primaryImageOfPage":{"@id":"https:\/\/anchorallied.com\/fr\/product\/asmaco-pu-850-primer-waterproofing-primer\/#primaryimage"},"image":{"@id":"https:\/\/anchorallied.com\/fr\/product\/asmaco-pu-850-primer-waterproofing-primer\/#primaryimage"},"thumbnailUrl":"https:\/\/anchorallied.com\/fr\/wp-content\/uploads\/2025\/05\/Anc_0005_PU-850_Primer.jpg","datePublished":"2025-05-26T10:34:59+00:00","dateModified":"2025-07-27T15:43:29+00:00","breadcrumb":{"@id":"https:\/\/anchorallied.com\/fr\/product\/asmaco-pu-850-primer-waterproofing-primer\/#breadcrumb"},"inLanguage":"en","potentialAction":[{"@type":"ReadAction","target":["https:\/\/anchorallied.com\/fr\/product\/asmaco-pu-850-primer-waterproofing-primer\/"]}]},{"@type":"ImageObject","inLanguage":"en","@id":"https:\/\/anchorallied.com\/fr\/product\/asmaco-pu-850-primer-waterproofing-primer\/#primaryimage","url":"https:\/\/anchorallied.com\/fr\/wp-content\/uploads\/2025\/05\/Anc_0005_PU-850_Primer.jpg","contentUrl":"https:\/\/anchorallied.com\/fr\/wp-content\/uploads\/2025\/05\/Anc_0005_PU-850_Primer.jpg","width":1200,"height":1200},{"@type":"BreadcrumbList","@id":"https:\/\/anchorallied.com\/fr\/product\/asmaco-pu-850-primer-waterproofing-primer\/#breadcrumb","itemListElement":[{"@type":"ListItem","position":1,"name":"Home","item":"http:\/\/en.anchorallied.com\/fr\/"},{"@type":"ListItem","position":2,"name":"Shop","item":"https:\/\/en.anchorallied.com\/fr\/shop\/"},{"@type":"ListItem","position":3,"name":"Primaire PU 850 ASMACO \u2013 Appr\u00eat imperm\u00e9abilisant"}]},{"@type":"WebSite","@id":"https:\/\/anchorallied.com\/fr\/#website","url":"https:\/\/anchorallied.com\/fr\/","name":"anchoralliedfactory","description":"","potentialAction":[{"@type":"SearchAction","target":{"@type":"EntryPoint","urlTemplate":"https:\/\/anchorallied.com\/fr\/?s={search_term_string}"},"query-input":{"@type":"PropertyValueSpecification","valueRequired":true,"valueName":"search_term_string"}}],"inLanguage":"en"}]}},"_links":{"self":[{"href":"https:\/\/anchorallied.com\/fr\/wp-json\/wp\/v2\/product\/2570","targetHints":{"allow":["GET"]}}],"collection":[{"href":"https:\/\/anchorallied.com\/fr\/wp-json\/wp\/v2\/product"}],"about":[{"href":"https:\/\/anchorallied.com\/fr\/wp-json\/wp\/v2\/types\/product"}],"replies":[{"embeddable":true,"href":"https:\/\/anchorallied.com\/fr\/wp-json\/wp\/v2\/comments?post=2570"}],"wp:featuredmedia":[{"embeddable":true,"href":"https:\/\/anchorallied.com\/fr\/wp-json\/wp\/v2\/media\/3076"}],"wp:attachment":[{"href":"https:\/\/anchorallied.com\/fr\/wp-json\/wp\/v2\/media?parent=2570"}],"wp:term":[{"taxonomy":"product_brand","embeddable":true,"href":"https:\/\/anchorallied.com\/fr\/wp-json\/wp\/v2\/product_brand?post=2570"},{"taxonomy":"product_cat","embeddable":true,"href":"https:\/\/anchorallied.com\/fr\/wp-json\/wp\/v2\/product_cat?post=2570"},{"taxonomy":"product_tag","embeddable":true,"href":"https:\/\/anchorallied.com\/fr\/wp-json\/wp\/v2\/product_tag?post=2570"}],"curies":[{"name":"wp","href":"https:\/\/api.w.org\/{rel}","templated":true}]}}