{"id":2571,"date":"2025-05-26T10:43:56","date_gmt":"2025-05-26T10:43:56","guid":{"rendered":"http:\/\/anchorallied.com\/fr\/?post_type=product&#038;p=2571"},"modified":"2025-07-27T15:43:29","modified_gmt":"2025-07-27T15:43:29","slug":"asmaco-puf-40-puf-40-puf-mdi-pu-foam-two-part","status":"publish","type":"product","link":"https:\/\/anchorallied.com\/fr\/product\/asmaco-puf-40-puf-40-puf-mdi-pu-foam-two-part\/","title":{"rendered":"Mousse polyur\u00e9thane PUF 40 ASMACO"},"content":{"rendered":"<p>ASMACO PUF 40<br \/>\nSyst\u00e8me de mousse rigide polyur\u00e9thane pour l\u2019isolation thermique<\/p>\n<p>ASMACO PUF 40 est un syst\u00e8me \u00e0 deux composants comprenant une phase polyol formul\u00e9e avec un m\u00e9lange pr\u00e9cis de polyols de base, stabilisants, retardateurs de flamme, catalyseurs et agent de gonflement. En r\u00e9agissant avec le composant isocyanate (MDI &#8211; diph\u00e9nylm\u00e9thane diisocyanate polym\u00e9rique), il forme une mousse rigide polyur\u00e9thane \u00e0 haute performance isolante et finition de surface lisse.<\/p>\n<p>Ce syst\u00e8me offre une excellente adh\u00e9rence \u00e0 divers supports, ce qui le rend id\u00e9al pour l\u2019isolation des b\u00e2timents. Sa structure \u00e0 cellules ferm\u00e9es r\u00e9duit efficacement les transferts thermiques, am\u00e9liorant l\u2019efficacit\u00e9 \u00e9nerg\u00e9tique. Les retardateurs de flamme int\u00e9gr\u00e9s renforcent la s\u00e9curit\u00e9 dans les applications r\u00e9sidentielles, commerciales et industrielles.<\/p>\n","protected":false},"excerpt":{"rendered":"<p>ASMACO PUF 40 est un syst\u00e8me de polyol polyur\u00e9thane pulv\u00e9ris\u00e9 rigide pr\u00e9-m\u00e9lang\u00e9, sp\u00e9cialement formul\u00e9 pour les applications d&#8217;isolation thermique sur toitures, murs et sols. Associ\u00e9 \u00e0 l&#8217;ASMACO PUF MDI dans les conditions recommand\u00e9es, il produit une mousse de haute qualit\u00e9 offrant une excellente adh\u00e9rence et une structure cellulaire uniforme.<\/p>\n","protected":false},"featured_media":2572,"comment_status":"open","ping_status":"closed","template":"","meta":{"_acf_changed":false},"product_brand":[],"product_cat":[203,139],"product_tag":[],"class_list":{"0":"post-2571","1":"product","2":"type-product","3":"status-publish","4":"has-post-thumbnail","6":"product_cat-assemblage-de-toit-chaud-asmaco","7":"product_cat-etancheite-et-revetements-de-sol","9":"first","10":"instock","11":"shipping-taxable","12":"product-type-simple"},"acf":[],"yoast_head":"<!-- This site is optimized with the Yoast SEO plugin v27.3 - https:\/\/yoast.com\/product\/yoast-seo-wordpress\/ -->\n<title>Mousse polyur\u00e9thane PUF 40 ASMACO - anchoralliedfactory<\/title>\n<meta name=\"robots\" content=\"index, follow, max-snippet:-1, max-image-preview:large, max-video-preview:-1\" \/>\n<link rel=\"canonical\" href=\"https:\/\/anchorallied.com\/fr\/product\/asmaco-puf-40-puf-40-puf-mdi-pu-foam-two-part\/\" \/>\n<meta property=\"og:locale\" content=\"en_US\" \/>\n<meta property=\"og:type\" content=\"article\" \/>\n<meta property=\"og:title\" content=\"Mousse polyur\u00e9thane PUF 40 ASMACO - anchoralliedfactory\" \/>\n<meta property=\"og:description\" content=\"ASMACO PUF 40 est un syst\u00e8me de polyol polyur\u00e9thane pulv\u00e9ris\u00e9 rigide pr\u00e9-m\u00e9lang\u00e9, sp\u00e9cialement formul\u00e9 pour les applications d&#039;isolation thermique sur toitures, murs et sols. Associ\u00e9 \u00e0 l&#039;ASMACO PUF MDI dans les conditions recommand\u00e9es, il produit une mousse de haute qualit\u00e9 offrant une excellente adh\u00e9rence et une structure cellulaire uniforme.\" \/>\n<meta property=\"og:url\" content=\"https:\/\/anchorallied.com\/fr\/product\/asmaco-puf-40-puf-40-puf-mdi-pu-foam-two-part\/\" \/>\n<meta property=\"og:site_name\" content=\"anchoralliedfactory\" \/>\n<meta property=\"article:modified_time\" content=\"2025-07-27T15:43:29+00:00\" \/>\n<meta property=\"og:image\" content=\"https:\/\/anchorallied.com\/fr\/wp-content\/uploads\/2025\/05\/water-proof_0007_Asmaco-PUF-40.jpg\" \/>\n\t<meta property=\"og:image:width\" content=\"1200\" \/>\n\t<meta property=\"og:image:height\" content=\"1200\" \/>\n\t<meta property=\"og:image:type\" content=\"image\/jpeg\" \/>\n<meta name=\"twitter:card\" content=\"summary_large_image\" \/>\n<meta name=\"twitter:label1\" content=\"Est. reading time\" \/>\n\t<meta name=\"twitter:data1\" content=\"1 minute\" \/>\n<script type=\"application\/ld+json\" class=\"yoast-schema-graph\">{\"@context\":\"https:\\\/\\\/schema.org\",\"@graph\":[{\"@type\":\"WebPage\",\"@id\":\"https:\\\/\\\/anchorallied.com\\\/fr\\\/product\\\/asmaco-puf-40-puf-40-puf-mdi-pu-foam-two-part\\\/\",\"url\":\"https:\\\/\\\/anchorallied.com\\\/fr\\\/product\\\/asmaco-puf-40-puf-40-puf-mdi-pu-foam-two-part\\\/\",\"name\":\"Mousse polyur\u00e9thane PUF 40 ASMACO - anchoralliedfactory\",\"isPartOf\":{\"@id\":\"https:\\\/\\\/anchorallied.com\\\/fr\\\/#website\"},\"primaryImageOfPage\":{\"@id\":\"https:\\\/\\\/anchorallied.com\\\/fr\\\/product\\\/asmaco-puf-40-puf-40-puf-mdi-pu-foam-two-part\\\/#primaryimage\"},\"image\":{\"@id\":\"https:\\\/\\\/anchorallied.com\\\/fr\\\/product\\\/asmaco-puf-40-puf-40-puf-mdi-pu-foam-two-part\\\/#primaryimage\"},\"thumbnailUrl\":\"https:\\\/\\\/anchorallied.com\\\/fr\\\/wp-content\\\/uploads\\\/2025\\\/05\\\/water-proof_0007_Asmaco-PUF-40.jpg\",\"datePublished\":\"2025-05-26T10:43:56+00:00\",\"dateModified\":\"2025-07-27T15:43:29+00:00\",\"breadcrumb\":{\"@id\":\"https:\\\/\\\/anchorallied.com\\\/fr\\\/product\\\/asmaco-puf-40-puf-40-puf-mdi-pu-foam-two-part\\\/#breadcrumb\"},\"inLanguage\":\"en\",\"potentialAction\":[{\"@type\":\"ReadAction\",\"target\":[\"https:\\\/\\\/anchorallied.com\\\/fr\\\/product\\\/asmaco-puf-40-puf-40-puf-mdi-pu-foam-two-part\\\/\"]}]},{\"@type\":\"ImageObject\",\"inLanguage\":\"en\",\"@id\":\"https:\\\/\\\/anchorallied.com\\\/fr\\\/product\\\/asmaco-puf-40-puf-40-puf-mdi-pu-foam-two-part\\\/#primaryimage\",\"url\":\"https:\\\/\\\/anchorallied.com\\\/fr\\\/wp-content\\\/uploads\\\/2025\\\/05\\\/water-proof_0007_Asmaco-PUF-40.jpg\",\"contentUrl\":\"https:\\\/\\\/anchorallied.com\\\/fr\\\/wp-content\\\/uploads\\\/2025\\\/05\\\/water-proof_0007_Asmaco-PUF-40.jpg\",\"width\":1200,\"height\":1200},{\"@type\":\"BreadcrumbList\",\"@id\":\"https:\\\/\\\/anchorallied.com\\\/fr\\\/product\\\/asmaco-puf-40-puf-40-puf-mdi-pu-foam-two-part\\\/#breadcrumb\",\"itemListElement\":[{\"@type\":\"ListItem\",\"position\":1,\"name\":\"Home\",\"item\":\"http:\\\/\\\/en.anchorallied.com\\\/fr\\\/\"},{\"@type\":\"ListItem\",\"position\":2,\"name\":\"Shop\",\"item\":\"https:\\\/\\\/en.anchorallied.com\\\/fr\\\/shop\\\/\"},{\"@type\":\"ListItem\",\"position\":3,\"name\":\"Mousse polyur\u00e9thane PUF 40 ASMACO\"}]},{\"@type\":\"WebSite\",\"@id\":\"https:\\\/\\\/anchorallied.com\\\/fr\\\/#website\",\"url\":\"https:\\\/\\\/anchorallied.com\\\/fr\\\/\",\"name\":\"anchoralliedfactory\",\"description\":\"\",\"potentialAction\":[{\"@type\":\"SearchAction\",\"target\":{\"@type\":\"EntryPoint\",\"urlTemplate\":\"https:\\\/\\\/anchorallied.com\\\/fr\\\/?s={search_term_string}\"},\"query-input\":{\"@type\":\"PropertyValueSpecification\",\"valueRequired\":true,\"valueName\":\"search_term_string\"}}],\"inLanguage\":\"en\"}]}<\/script>\n<!-- \/ Yoast SEO plugin. -->","yoast_head_json":{"title":"Mousse polyur\u00e9thane PUF 40 ASMACO - anchoralliedfactory","robots":{"index":"index","follow":"follow","max-snippet":"max-snippet:-1","max-image-preview":"max-image-preview:large","max-video-preview":"max-video-preview:-1"},"canonical":"https:\/\/anchorallied.com\/fr\/product\/asmaco-puf-40-puf-40-puf-mdi-pu-foam-two-part\/","og_locale":"en_US","og_type":"article","og_title":"Mousse polyur\u00e9thane PUF 40 ASMACO - anchoralliedfactory","og_description":"ASMACO PUF 40 est un syst\u00e8me de polyol polyur\u00e9thane pulv\u00e9ris\u00e9 rigide pr\u00e9-m\u00e9lang\u00e9, sp\u00e9cialement formul\u00e9 pour les applications d'isolation thermique sur toitures, murs et sols. Associ\u00e9 \u00e0 l'ASMACO PUF MDI dans les conditions recommand\u00e9es, il produit une mousse de haute qualit\u00e9 offrant une excellente adh\u00e9rence et une structure cellulaire uniforme.","og_url":"https:\/\/anchorallied.com\/fr\/product\/asmaco-puf-40-puf-40-puf-mdi-pu-foam-two-part\/","og_site_name":"anchoralliedfactory","article_modified_time":"2025-07-27T15:43:29+00:00","og_image":[{"width":1200,"height":1200,"url":"https:\/\/anchorallied.com\/fr\/wp-content\/uploads\/2025\/05\/water-proof_0007_Asmaco-PUF-40.jpg","type":"image\/jpeg"}],"twitter_card":"summary_large_image","twitter_misc":{"Est. reading time":"1 minute"},"schema":{"@context":"https:\/\/schema.org","@graph":[{"@type":"WebPage","@id":"https:\/\/anchorallied.com\/fr\/product\/asmaco-puf-40-puf-40-puf-mdi-pu-foam-two-part\/","url":"https:\/\/anchorallied.com\/fr\/product\/asmaco-puf-40-puf-40-puf-mdi-pu-foam-two-part\/","name":"Mousse polyur\u00e9thane PUF 40 ASMACO - anchoralliedfactory","isPartOf":{"@id":"https:\/\/anchorallied.com\/fr\/#website"},"primaryImageOfPage":{"@id":"https:\/\/anchorallied.com\/fr\/product\/asmaco-puf-40-puf-40-puf-mdi-pu-foam-two-part\/#primaryimage"},"image":{"@id":"https:\/\/anchorallied.com\/fr\/product\/asmaco-puf-40-puf-40-puf-mdi-pu-foam-two-part\/#primaryimage"},"thumbnailUrl":"https:\/\/anchorallied.com\/fr\/wp-content\/uploads\/2025\/05\/water-proof_0007_Asmaco-PUF-40.jpg","datePublished":"2025-05-26T10:43:56+00:00","dateModified":"2025-07-27T15:43:29+00:00","breadcrumb":{"@id":"https:\/\/anchorallied.com\/fr\/product\/asmaco-puf-40-puf-40-puf-mdi-pu-foam-two-part\/#breadcrumb"},"inLanguage":"en","potentialAction":[{"@type":"ReadAction","target":["https:\/\/anchorallied.com\/fr\/product\/asmaco-puf-40-puf-40-puf-mdi-pu-foam-two-part\/"]}]},{"@type":"ImageObject","inLanguage":"en","@id":"https:\/\/anchorallied.com\/fr\/product\/asmaco-puf-40-puf-40-puf-mdi-pu-foam-two-part\/#primaryimage","url":"https:\/\/anchorallied.com\/fr\/wp-content\/uploads\/2025\/05\/water-proof_0007_Asmaco-PUF-40.jpg","contentUrl":"https:\/\/anchorallied.com\/fr\/wp-content\/uploads\/2025\/05\/water-proof_0007_Asmaco-PUF-40.jpg","width":1200,"height":1200},{"@type":"BreadcrumbList","@id":"https:\/\/anchorallied.com\/fr\/product\/asmaco-puf-40-puf-40-puf-mdi-pu-foam-two-part\/#breadcrumb","itemListElement":[{"@type":"ListItem","position":1,"name":"Home","item":"http:\/\/en.anchorallied.com\/fr\/"},{"@type":"ListItem","position":2,"name":"Shop","item":"https:\/\/en.anchorallied.com\/fr\/shop\/"},{"@type":"ListItem","position":3,"name":"Mousse polyur\u00e9thane PUF 40 ASMACO"}]},{"@type":"WebSite","@id":"https:\/\/anchorallied.com\/fr\/#website","url":"https:\/\/anchorallied.com\/fr\/","name":"anchoralliedfactory","description":"","potentialAction":[{"@type":"SearchAction","target":{"@type":"EntryPoint","urlTemplate":"https:\/\/anchorallied.com\/fr\/?s={search_term_string}"},"query-input":{"@type":"PropertyValueSpecification","valueRequired":true,"valueName":"search_term_string"}}],"inLanguage":"en"}]}},"_links":{"self":[{"href":"https:\/\/anchorallied.com\/fr\/wp-json\/wp\/v2\/product\/2571","targetHints":{"allow":["GET"]}}],"collection":[{"href":"https:\/\/anchorallied.com\/fr\/wp-json\/wp\/v2\/product"}],"about":[{"href":"https:\/\/anchorallied.com\/fr\/wp-json\/wp\/v2\/types\/product"}],"replies":[{"embeddable":true,"href":"https:\/\/anchorallied.com\/fr\/wp-json\/wp\/v2\/comments?post=2571"}],"wp:featuredmedia":[{"embeddable":true,"href":"https:\/\/anchorallied.com\/fr\/wp-json\/wp\/v2\/media\/2572"}],"wp:attachment":[{"href":"https:\/\/anchorallied.com\/fr\/wp-json\/wp\/v2\/media?parent=2571"}],"wp:term":[{"taxonomy":"product_brand","embeddable":true,"href":"https:\/\/anchorallied.com\/fr\/wp-json\/wp\/v2\/product_brand?post=2571"},{"taxonomy":"product_cat","embeddable":true,"href":"https:\/\/anchorallied.com\/fr\/wp-json\/wp\/v2\/product_cat?post=2571"},{"taxonomy":"product_tag","embeddable":true,"href":"https:\/\/anchorallied.com\/fr\/wp-json\/wp\/v2\/product_tag?post=2571"}],"curies":[{"name":"wp","href":"https:\/\/api.w.org\/{rel}","templated":true}]}}