{"id":2573,"date":"2025-05-26T10:47:39","date_gmt":"2025-05-26T10:47:39","guid":{"rendered":"http:\/\/anchorallied.com\/fr\/?post_type=product&#038;p=2573"},"modified":"2025-07-27T15:43:29","modified_gmt":"2025-07-27T15:43:29","slug":"asmacoat-wp-905-pu-coating","status":"publish","type":"product","link":"https:\/\/anchorallied.com\/fr\/product\/asmacoat-wp-905-pu-coating\/","title":{"rendered":"ASMACOAT WP 905 &#8211; Enduit polyur\u00e9thane"},"content":{"rendered":"<p>ASMACOAT WP 905<br \/>\nMembrane \u00e9lastom\u00e8re bi-composant pour \u00e9tanch\u00e9it\u00e9 durable<\/p>\n<p>ASMACOAT WP 905 durcit par r\u00e9action chimique pour former une membrane \u00e9lastom\u00e8re \u00e0 la fois r\u00e9sistante et flexible, offrant des performances d\u2019\u00e9tanch\u00e9it\u00e9 exceptionnelles. Sa formulation bi-composant garantit une durabilit\u00e9 et un durcissement homog\u00e8ne, produisant une membrane \u00e0 haute r\u00e9sistance qui adh\u00e8re efficacement \u00e0 une large gamme de mat\u00e9riaux poreux et non poreux.<\/p>\n<p>Id\u00e9ale pour les surfaces complexes et les zones de transition, elle offre une excellente capacit\u00e9 de pontage de fissures et r\u00e9siste aux agressions environnementales telles que l\u2019humidit\u00e9, les variations de temp\u00e9rature et les UV. ASMACOAT WP 905 consti<\/p>\n","protected":false},"excerpt":{"rendered":"<p>ASMACOAT WP 905 est un rev\u00eatement polyur\u00e9thane bicomposant formul\u00e9 pour cr\u00e9er une membrane d&#8217;\u00e9tanch\u00e9it\u00e9 \u00e9lastom\u00e8re sans joint. Con\u00e7u pour les surfaces horizontales et verticales, il offre une protection durable et flexible pour une vari\u00e9t\u00e9 de supports de construction, notamment le b\u00e9ton arm\u00e9, les parpaings, la ma\u00e7onnerie, l&#8217;enduit de ciment, les plaques de pl\u00e2tre et le ciment fibr\u00e9.<\/p>\n","protected":false},"featured_media":2574,"comment_status":"open","ping_status":"closed","template":"","meta":{"_acf_changed":false},"product_brand":[],"product_cat":[139,151],"product_tag":[],"class_list":{"0":"post-2573","1":"product","2":"type-product","3":"status-publish","4":"has-post-thumbnail","6":"product_cat-etancheite-et-revetements-de-sol","7":"product_cat-revetement-detancheite","9":"first","10":"instock","11":"shipping-taxable","12":"product-type-simple"},"acf":[],"yoast_head":"<!-- This site is optimized with the Yoast SEO plugin v27.3 - https:\/\/yoast.com\/product\/yoast-seo-wordpress\/ -->\n<title>ASMACOAT WP 905 - Enduit polyur\u00e9thane - anchoralliedfactory<\/title>\n<meta name=\"robots\" content=\"index, follow, max-snippet:-1, max-image-preview:large, max-video-preview:-1\" \/>\n<link rel=\"canonical\" href=\"https:\/\/anchorallied.com\/fr\/product\/asmacoat-wp-905-pu-coating\/\" \/>\n<meta property=\"og:locale\" content=\"en_US\" \/>\n<meta property=\"og:type\" content=\"article\" \/>\n<meta property=\"og:title\" content=\"ASMACOAT WP 905 - Enduit polyur\u00e9thane - anchoralliedfactory\" \/>\n<meta property=\"og:description\" content=\"ASMACOAT WP 905 est un rev\u00eatement polyur\u00e9thane bicomposant formul\u00e9 pour cr\u00e9er une membrane d&#039;\u00e9tanch\u00e9it\u00e9 \u00e9lastom\u00e8re sans joint. Con\u00e7u pour les surfaces horizontales et verticales, il offre une protection durable et flexible pour une vari\u00e9t\u00e9 de supports de construction, notamment le b\u00e9ton arm\u00e9, les parpaings, la ma\u00e7onnerie, l&#039;enduit de ciment, les plaques de pl\u00e2tre et le ciment fibr\u00e9.\" \/>\n<meta property=\"og:url\" content=\"https:\/\/anchorallied.com\/fr\/product\/asmacoat-wp-905-pu-coating\/\" \/>\n<meta property=\"og:site_name\" content=\"anchoralliedfactory\" \/>\n<meta property=\"article:modified_time\" content=\"2025-07-27T15:43:29+00:00\" \/>\n<meta property=\"og:image\" content=\"https:\/\/anchorallied.com\/fr\/wp-content\/uploads\/2025\/05\/water-proof_0004_Asmacoat_905_Part-AB.jpg\" \/>\n\t<meta property=\"og:image:width\" content=\"1200\" \/>\n\t<meta property=\"og:image:height\" content=\"1200\" \/>\n\t<meta property=\"og:image:type\" content=\"image\/jpeg\" \/>\n<meta name=\"twitter:card\" content=\"summary_large_image\" \/>\n<meta name=\"twitter:label1\" content=\"Est. reading time\" \/>\n\t<meta name=\"twitter:data1\" content=\"1 minute\" \/>\n<script type=\"application\/ld+json\" class=\"yoast-schema-graph\">{\"@context\":\"https:\\\/\\\/schema.org\",\"@graph\":[{\"@type\":\"WebPage\",\"@id\":\"https:\\\/\\\/anchorallied.com\\\/fr\\\/product\\\/asmacoat-wp-905-pu-coating\\\/\",\"url\":\"https:\\\/\\\/anchorallied.com\\\/fr\\\/product\\\/asmacoat-wp-905-pu-coating\\\/\",\"name\":\"ASMACOAT WP 905 - Enduit polyur\u00e9thane - anchoralliedfactory\",\"isPartOf\":{\"@id\":\"https:\\\/\\\/anchorallied.com\\\/fr\\\/#website\"},\"primaryImageOfPage\":{\"@id\":\"https:\\\/\\\/anchorallied.com\\\/fr\\\/product\\\/asmacoat-wp-905-pu-coating\\\/#primaryimage\"},\"image\":{\"@id\":\"https:\\\/\\\/anchorallied.com\\\/fr\\\/product\\\/asmacoat-wp-905-pu-coating\\\/#primaryimage\"},\"thumbnailUrl\":\"https:\\\/\\\/anchorallied.com\\\/fr\\\/wp-content\\\/uploads\\\/2025\\\/05\\\/water-proof_0004_Asmacoat_905_Part-AB.jpg\",\"datePublished\":\"2025-05-26T10:47:39+00:00\",\"dateModified\":\"2025-07-27T15:43:29+00:00\",\"breadcrumb\":{\"@id\":\"https:\\\/\\\/anchorallied.com\\\/fr\\\/product\\\/asmacoat-wp-905-pu-coating\\\/#breadcrumb\"},\"inLanguage\":\"en\",\"potentialAction\":[{\"@type\":\"ReadAction\",\"target\":[\"https:\\\/\\\/anchorallied.com\\\/fr\\\/product\\\/asmacoat-wp-905-pu-coating\\\/\"]}]},{\"@type\":\"ImageObject\",\"inLanguage\":\"en\",\"@id\":\"https:\\\/\\\/anchorallied.com\\\/fr\\\/product\\\/asmacoat-wp-905-pu-coating\\\/#primaryimage\",\"url\":\"https:\\\/\\\/anchorallied.com\\\/fr\\\/wp-content\\\/uploads\\\/2025\\\/05\\\/water-proof_0004_Asmacoat_905_Part-AB.jpg\",\"contentUrl\":\"https:\\\/\\\/anchorallied.com\\\/fr\\\/wp-content\\\/uploads\\\/2025\\\/05\\\/water-proof_0004_Asmacoat_905_Part-AB.jpg\",\"width\":1200,\"height\":1200},{\"@type\":\"BreadcrumbList\",\"@id\":\"https:\\\/\\\/anchorallied.com\\\/fr\\\/product\\\/asmacoat-wp-905-pu-coating\\\/#breadcrumb\",\"itemListElement\":[{\"@type\":\"ListItem\",\"position\":1,\"name\":\"Home\",\"item\":\"http:\\\/\\\/en.anchorallied.com\\\/fr\\\/\"},{\"@type\":\"ListItem\",\"position\":2,\"name\":\"Shop\",\"item\":\"https:\\\/\\\/en.anchorallied.com\\\/fr\\\/shop\\\/\"},{\"@type\":\"ListItem\",\"position\":3,\"name\":\"ASMACOAT WP 905 &#8211; Enduit polyur\u00e9thane\"}]},{\"@type\":\"WebSite\",\"@id\":\"https:\\\/\\\/anchorallied.com\\\/fr\\\/#website\",\"url\":\"https:\\\/\\\/anchorallied.com\\\/fr\\\/\",\"name\":\"anchoralliedfactory\",\"description\":\"\",\"potentialAction\":[{\"@type\":\"SearchAction\",\"target\":{\"@type\":\"EntryPoint\",\"urlTemplate\":\"https:\\\/\\\/anchorallied.com\\\/fr\\\/?s={search_term_string}\"},\"query-input\":{\"@type\":\"PropertyValueSpecification\",\"valueRequired\":true,\"valueName\":\"search_term_string\"}}],\"inLanguage\":\"en\"}]}<\/script>\n<!-- \/ Yoast SEO plugin. -->","yoast_head_json":{"title":"ASMACOAT WP 905 - Enduit polyur\u00e9thane - anchoralliedfactory","robots":{"index":"index","follow":"follow","max-snippet":"max-snippet:-1","max-image-preview":"max-image-preview:large","max-video-preview":"max-video-preview:-1"},"canonical":"https:\/\/anchorallied.com\/fr\/product\/asmacoat-wp-905-pu-coating\/","og_locale":"en_US","og_type":"article","og_title":"ASMACOAT WP 905 - Enduit polyur\u00e9thane - anchoralliedfactory","og_description":"ASMACOAT WP 905 est un rev\u00eatement polyur\u00e9thane bicomposant formul\u00e9 pour cr\u00e9er une membrane d'\u00e9tanch\u00e9it\u00e9 \u00e9lastom\u00e8re sans joint. Con\u00e7u pour les surfaces horizontales et verticales, il offre une protection durable et flexible pour une vari\u00e9t\u00e9 de supports de construction, notamment le b\u00e9ton arm\u00e9, les parpaings, la ma\u00e7onnerie, l'enduit de ciment, les plaques de pl\u00e2tre et le ciment fibr\u00e9.","og_url":"https:\/\/anchorallied.com\/fr\/product\/asmacoat-wp-905-pu-coating\/","og_site_name":"anchoralliedfactory","article_modified_time":"2025-07-27T15:43:29+00:00","og_image":[{"width":1200,"height":1200,"url":"https:\/\/anchorallied.com\/fr\/wp-content\/uploads\/2025\/05\/water-proof_0004_Asmacoat_905_Part-AB.jpg","type":"image\/jpeg"}],"twitter_card":"summary_large_image","twitter_misc":{"Est. reading time":"1 minute"},"schema":{"@context":"https:\/\/schema.org","@graph":[{"@type":"WebPage","@id":"https:\/\/anchorallied.com\/fr\/product\/asmacoat-wp-905-pu-coating\/","url":"https:\/\/anchorallied.com\/fr\/product\/asmacoat-wp-905-pu-coating\/","name":"ASMACOAT WP 905 - Enduit polyur\u00e9thane - anchoralliedfactory","isPartOf":{"@id":"https:\/\/anchorallied.com\/fr\/#website"},"primaryImageOfPage":{"@id":"https:\/\/anchorallied.com\/fr\/product\/asmacoat-wp-905-pu-coating\/#primaryimage"},"image":{"@id":"https:\/\/anchorallied.com\/fr\/product\/asmacoat-wp-905-pu-coating\/#primaryimage"},"thumbnailUrl":"https:\/\/anchorallied.com\/fr\/wp-content\/uploads\/2025\/05\/water-proof_0004_Asmacoat_905_Part-AB.jpg","datePublished":"2025-05-26T10:47:39+00:00","dateModified":"2025-07-27T15:43:29+00:00","breadcrumb":{"@id":"https:\/\/anchorallied.com\/fr\/product\/asmacoat-wp-905-pu-coating\/#breadcrumb"},"inLanguage":"en","potentialAction":[{"@type":"ReadAction","target":["https:\/\/anchorallied.com\/fr\/product\/asmacoat-wp-905-pu-coating\/"]}]},{"@type":"ImageObject","inLanguage":"en","@id":"https:\/\/anchorallied.com\/fr\/product\/asmacoat-wp-905-pu-coating\/#primaryimage","url":"https:\/\/anchorallied.com\/fr\/wp-content\/uploads\/2025\/05\/water-proof_0004_Asmacoat_905_Part-AB.jpg","contentUrl":"https:\/\/anchorallied.com\/fr\/wp-content\/uploads\/2025\/05\/water-proof_0004_Asmacoat_905_Part-AB.jpg","width":1200,"height":1200},{"@type":"BreadcrumbList","@id":"https:\/\/anchorallied.com\/fr\/product\/asmacoat-wp-905-pu-coating\/#breadcrumb","itemListElement":[{"@type":"ListItem","position":1,"name":"Home","item":"http:\/\/en.anchorallied.com\/fr\/"},{"@type":"ListItem","position":2,"name":"Shop","item":"https:\/\/en.anchorallied.com\/fr\/shop\/"},{"@type":"ListItem","position":3,"name":"ASMACOAT WP 905 &#8211; Enduit polyur\u00e9thane"}]},{"@type":"WebSite","@id":"https:\/\/anchorallied.com\/fr\/#website","url":"https:\/\/anchorallied.com\/fr\/","name":"anchoralliedfactory","description":"","potentialAction":[{"@type":"SearchAction","target":{"@type":"EntryPoint","urlTemplate":"https:\/\/anchorallied.com\/fr\/?s={search_term_string}"},"query-input":{"@type":"PropertyValueSpecification","valueRequired":true,"valueName":"search_term_string"}}],"inLanguage":"en"}]}},"_links":{"self":[{"href":"https:\/\/anchorallied.com\/fr\/wp-json\/wp\/v2\/product\/2573","targetHints":{"allow":["GET"]}}],"collection":[{"href":"https:\/\/anchorallied.com\/fr\/wp-json\/wp\/v2\/product"}],"about":[{"href":"https:\/\/anchorallied.com\/fr\/wp-json\/wp\/v2\/types\/product"}],"replies":[{"embeddable":true,"href":"https:\/\/anchorallied.com\/fr\/wp-json\/wp\/v2\/comments?post=2573"}],"wp:featuredmedia":[{"embeddable":true,"href":"https:\/\/anchorallied.com\/fr\/wp-json\/wp\/v2\/media\/2574"}],"wp:attachment":[{"href":"https:\/\/anchorallied.com\/fr\/wp-json\/wp\/v2\/media?parent=2573"}],"wp:term":[{"taxonomy":"product_brand","embeddable":true,"href":"https:\/\/anchorallied.com\/fr\/wp-json\/wp\/v2\/product_brand?post=2573"},{"taxonomy":"product_cat","embeddable":true,"href":"https:\/\/anchorallied.com\/fr\/wp-json\/wp\/v2\/product_cat?post=2573"},{"taxonomy":"product_tag","embeddable":true,"href":"https:\/\/anchorallied.com\/fr\/wp-json\/wp\/v2\/product_tag?post=2573"}],"curies":[{"name":"wp","href":"https:\/\/api.w.org\/{rel}","templated":true}]}}