{"id":2586,"date":"2025-05-26T11:14:56","date_gmt":"2025-05-26T11:14:56","guid":{"rendered":"http:\/\/anchorallied.com\/fr\/?post_type=product&#038;p=2586"},"modified":"2025-07-27T15:43:29","modified_gmt":"2025-07-27T15:43:29","slug":"asmaco-floor-antislip-grain-pu-based","status":"publish","type":"product","link":"https:\/\/anchorallied.com\/fr\/product\/asmaco-floor-antislip-grain-pu-based\/","title":{"rendered":"ASMACO ANTID\u00c9RAPANT POUR SOL"},"content":{"rendered":"<p>ASMACO FLOOR ANTISLIP GRAIN<br \/>\nGranulat antid\u00e9rapant pour rev\u00eatements \u00e9poxy et polyur\u00e9thane<\/p>\n<p>ASMACO FLOOR ANTISLIP GRAIN est sp\u00e9cialement formul\u00e9 pour cr\u00e9er des sols antid\u00e9rapants avec des textures vari\u00e9es, de fines \u00e0 moyennes, lorsqu\u2019il est combin\u00e9 \u00e0 des r\u00e9sines \u00e9poxy ou polyur\u00e9thane.<\/p>\n<p>Id\u00e9al pour les surfaces expos\u00e9es \u00e0 l\u2019humidit\u00e9 et aux \u00e9claboussures, telles que les laiteries, usines chimiques, industries agroalimentaires, quais de chargement, parkings, rampes, passerelles, abattoirs et brasseries.<\/p>\n<p>Ce granulat assure une excellente adh\u00e9rence, r\u00e9duisant significativement les risques de glissade et garantissant ainsi des conditions de travail plus s\u00fbres en milieu sec ou humide. Les agr\u00e9gats de silice calibr\u00e9s s\u2019int\u00e8grent parfaitement aux rev\u00eatements, alliant durabilit\u00e9 et s\u00e9curit\u00e9.<\/p>\n","protected":false},"excerpt":{"rendered":"<p>ASMACO FLOOR ANTISLIP GRAIN est compos\u00e9 de granulats de silice calibr\u00e9s, con\u00e7us pour \u00eatre utilis\u00e9s avec des rev\u00eatements de sol \u00e0 base de r\u00e9sine \u00e9poxy et de polyur\u00e9thane. Il am\u00e9liore les surfaces en cr\u00e9ant des finitions antid\u00e9rapantes et textur\u00e9es, am\u00e9liorant ainsi la s\u00e9curit\u00e9 dans divers environnements industriels et commerciaux.<\/p>\n","protected":false},"featured_media":2587,"comment_status":"open","ping_status":"closed","template":"","meta":{"_acf_changed":false},"product_brand":[],"product_cat":[139,160],"product_tag":[],"class_list":{"0":"post-2586","1":"product","2":"type-product","3":"status-publish","4":"has-post-thumbnail","6":"product_cat-etancheite-et-revetements-de-sol","7":"product_cat-reparation-et-revetement-de-sol","9":"first","10":"instock","11":"shipping-taxable","12":"product-type-simple"},"acf":[],"yoast_head":"<!-- This site is optimized with the Yoast SEO plugin v27.3 - https:\/\/yoast.com\/product\/yoast-seo-wordpress\/ -->\n<title>ASMACO ANTID\u00c9RAPANT POUR SOL - anchoralliedfactory<\/title>\n<meta name=\"robots\" content=\"index, follow, max-snippet:-1, max-image-preview:large, max-video-preview:-1\" \/>\n<link rel=\"canonical\" href=\"https:\/\/anchorallied.com\/fr\/product\/asmaco-floor-antislip-grain-pu-based\/\" \/>\n<meta property=\"og:locale\" content=\"en_US\" \/>\n<meta property=\"og:type\" content=\"article\" \/>\n<meta property=\"og:title\" content=\"ASMACO ANTID\u00c9RAPANT POUR SOL - anchoralliedfactory\" \/>\n<meta property=\"og:description\" content=\"ASMACO FLOOR ANTISLIP GRAIN est compos\u00e9 de granulats de silice calibr\u00e9s, con\u00e7us pour \u00eatre utilis\u00e9s avec des rev\u00eatements de sol \u00e0 base de r\u00e9sine \u00e9poxy et de polyur\u00e9thane. Il am\u00e9liore les surfaces en cr\u00e9ant des finitions antid\u00e9rapantes et textur\u00e9es, am\u00e9liorant ainsi la s\u00e9curit\u00e9 dans divers environnements industriels et commerciaux.\" \/>\n<meta property=\"og:url\" content=\"https:\/\/anchorallied.com\/fr\/product\/asmaco-floor-antislip-grain-pu-based\/\" \/>\n<meta property=\"og:site_name\" content=\"anchoralliedfactory\" \/>\n<meta property=\"article:modified_time\" content=\"2025-07-27T15:43:29+00:00\" \/>\n<meta property=\"og:image\" content=\"https:\/\/anchorallied.com\/fr\/wp-content\/uploads\/2025\/05\/flooring_0010_Asmaco_Floor-Anti-slip.jpg\" \/>\n\t<meta property=\"og:image:width\" content=\"1200\" \/>\n\t<meta property=\"og:image:height\" content=\"1200\" \/>\n\t<meta property=\"og:image:type\" content=\"image\/jpeg\" \/>\n<meta name=\"twitter:card\" content=\"summary_large_image\" \/>\n<meta name=\"twitter:label1\" content=\"Est. reading time\" \/>\n\t<meta name=\"twitter:data1\" content=\"1 minute\" \/>\n<script type=\"application\/ld+json\" class=\"yoast-schema-graph\">{\"@context\":\"https:\\\/\\\/schema.org\",\"@graph\":[{\"@type\":\"WebPage\",\"@id\":\"https:\\\/\\\/anchorallied.com\\\/fr\\\/product\\\/asmaco-floor-antislip-grain-pu-based\\\/\",\"url\":\"https:\\\/\\\/anchorallied.com\\\/fr\\\/product\\\/asmaco-floor-antislip-grain-pu-based\\\/\",\"name\":\"ASMACO ANTID\u00c9RAPANT POUR SOL - anchoralliedfactory\",\"isPartOf\":{\"@id\":\"https:\\\/\\\/anchorallied.com\\\/fr\\\/#website\"},\"primaryImageOfPage\":{\"@id\":\"https:\\\/\\\/anchorallied.com\\\/fr\\\/product\\\/asmaco-floor-antislip-grain-pu-based\\\/#primaryimage\"},\"image\":{\"@id\":\"https:\\\/\\\/anchorallied.com\\\/fr\\\/product\\\/asmaco-floor-antislip-grain-pu-based\\\/#primaryimage\"},\"thumbnailUrl\":\"https:\\\/\\\/anchorallied.com\\\/fr\\\/wp-content\\\/uploads\\\/2025\\\/05\\\/flooring_0010_Asmaco_Floor-Anti-slip.jpg\",\"datePublished\":\"2025-05-26T11:14:56+00:00\",\"dateModified\":\"2025-07-27T15:43:29+00:00\",\"breadcrumb\":{\"@id\":\"https:\\\/\\\/anchorallied.com\\\/fr\\\/product\\\/asmaco-floor-antislip-grain-pu-based\\\/#breadcrumb\"},\"inLanguage\":\"en\",\"potentialAction\":[{\"@type\":\"ReadAction\",\"target\":[\"https:\\\/\\\/anchorallied.com\\\/fr\\\/product\\\/asmaco-floor-antislip-grain-pu-based\\\/\"]}]},{\"@type\":\"ImageObject\",\"inLanguage\":\"en\",\"@id\":\"https:\\\/\\\/anchorallied.com\\\/fr\\\/product\\\/asmaco-floor-antislip-grain-pu-based\\\/#primaryimage\",\"url\":\"https:\\\/\\\/anchorallied.com\\\/fr\\\/wp-content\\\/uploads\\\/2025\\\/05\\\/flooring_0010_Asmaco_Floor-Anti-slip.jpg\",\"contentUrl\":\"https:\\\/\\\/anchorallied.com\\\/fr\\\/wp-content\\\/uploads\\\/2025\\\/05\\\/flooring_0010_Asmaco_Floor-Anti-slip.jpg\",\"width\":1200,\"height\":1200},{\"@type\":\"BreadcrumbList\",\"@id\":\"https:\\\/\\\/anchorallied.com\\\/fr\\\/product\\\/asmaco-floor-antislip-grain-pu-based\\\/#breadcrumb\",\"itemListElement\":[{\"@type\":\"ListItem\",\"position\":1,\"name\":\"Home\",\"item\":\"http:\\\/\\\/en.anchorallied.com\\\/fr\\\/\"},{\"@type\":\"ListItem\",\"position\":2,\"name\":\"Shop\",\"item\":\"https:\\\/\\\/en.anchorallied.com\\\/fr\\\/shop\\\/\"},{\"@type\":\"ListItem\",\"position\":3,\"name\":\"ASMACO ANTID\u00c9RAPANT POUR SOL\"}]},{\"@type\":\"WebSite\",\"@id\":\"https:\\\/\\\/anchorallied.com\\\/fr\\\/#website\",\"url\":\"https:\\\/\\\/anchorallied.com\\\/fr\\\/\",\"name\":\"anchoralliedfactory\",\"description\":\"\",\"potentialAction\":[{\"@type\":\"SearchAction\",\"target\":{\"@type\":\"EntryPoint\",\"urlTemplate\":\"https:\\\/\\\/anchorallied.com\\\/fr\\\/?s={search_term_string}\"},\"query-input\":{\"@type\":\"PropertyValueSpecification\",\"valueRequired\":true,\"valueName\":\"search_term_string\"}}],\"inLanguage\":\"en\"}]}<\/script>\n<!-- \/ Yoast SEO plugin. -->","yoast_head_json":{"title":"ASMACO ANTID\u00c9RAPANT POUR SOL - anchoralliedfactory","robots":{"index":"index","follow":"follow","max-snippet":"max-snippet:-1","max-image-preview":"max-image-preview:large","max-video-preview":"max-video-preview:-1"},"canonical":"https:\/\/anchorallied.com\/fr\/product\/asmaco-floor-antislip-grain-pu-based\/","og_locale":"en_US","og_type":"article","og_title":"ASMACO ANTID\u00c9RAPANT POUR SOL - anchoralliedfactory","og_description":"ASMACO FLOOR ANTISLIP GRAIN est compos\u00e9 de granulats de silice calibr\u00e9s, con\u00e7us pour \u00eatre utilis\u00e9s avec des rev\u00eatements de sol \u00e0 base de r\u00e9sine \u00e9poxy et de polyur\u00e9thane. Il am\u00e9liore les surfaces en cr\u00e9ant des finitions antid\u00e9rapantes et textur\u00e9es, am\u00e9liorant ainsi la s\u00e9curit\u00e9 dans divers environnements industriels et commerciaux.","og_url":"https:\/\/anchorallied.com\/fr\/product\/asmaco-floor-antislip-grain-pu-based\/","og_site_name":"anchoralliedfactory","article_modified_time":"2025-07-27T15:43:29+00:00","og_image":[{"width":1200,"height":1200,"url":"https:\/\/anchorallied.com\/fr\/wp-content\/uploads\/2025\/05\/flooring_0010_Asmaco_Floor-Anti-slip.jpg","type":"image\/jpeg"}],"twitter_card":"summary_large_image","twitter_misc":{"Est. reading time":"1 minute"},"schema":{"@context":"https:\/\/schema.org","@graph":[{"@type":"WebPage","@id":"https:\/\/anchorallied.com\/fr\/product\/asmaco-floor-antislip-grain-pu-based\/","url":"https:\/\/anchorallied.com\/fr\/product\/asmaco-floor-antislip-grain-pu-based\/","name":"ASMACO ANTID\u00c9RAPANT POUR SOL - anchoralliedfactory","isPartOf":{"@id":"https:\/\/anchorallied.com\/fr\/#website"},"primaryImageOfPage":{"@id":"https:\/\/anchorallied.com\/fr\/product\/asmaco-floor-antislip-grain-pu-based\/#primaryimage"},"image":{"@id":"https:\/\/anchorallied.com\/fr\/product\/asmaco-floor-antislip-grain-pu-based\/#primaryimage"},"thumbnailUrl":"https:\/\/anchorallied.com\/fr\/wp-content\/uploads\/2025\/05\/flooring_0010_Asmaco_Floor-Anti-slip.jpg","datePublished":"2025-05-26T11:14:56+00:00","dateModified":"2025-07-27T15:43:29+00:00","breadcrumb":{"@id":"https:\/\/anchorallied.com\/fr\/product\/asmaco-floor-antislip-grain-pu-based\/#breadcrumb"},"inLanguage":"en","potentialAction":[{"@type":"ReadAction","target":["https:\/\/anchorallied.com\/fr\/product\/asmaco-floor-antislip-grain-pu-based\/"]}]},{"@type":"ImageObject","inLanguage":"en","@id":"https:\/\/anchorallied.com\/fr\/product\/asmaco-floor-antislip-grain-pu-based\/#primaryimage","url":"https:\/\/anchorallied.com\/fr\/wp-content\/uploads\/2025\/05\/flooring_0010_Asmaco_Floor-Anti-slip.jpg","contentUrl":"https:\/\/anchorallied.com\/fr\/wp-content\/uploads\/2025\/05\/flooring_0010_Asmaco_Floor-Anti-slip.jpg","width":1200,"height":1200},{"@type":"BreadcrumbList","@id":"https:\/\/anchorallied.com\/fr\/product\/asmaco-floor-antislip-grain-pu-based\/#breadcrumb","itemListElement":[{"@type":"ListItem","position":1,"name":"Home","item":"http:\/\/en.anchorallied.com\/fr\/"},{"@type":"ListItem","position":2,"name":"Shop","item":"https:\/\/en.anchorallied.com\/fr\/shop\/"},{"@type":"ListItem","position":3,"name":"ASMACO ANTID\u00c9RAPANT POUR SOL"}]},{"@type":"WebSite","@id":"https:\/\/anchorallied.com\/fr\/#website","url":"https:\/\/anchorallied.com\/fr\/","name":"anchoralliedfactory","description":"","potentialAction":[{"@type":"SearchAction","target":{"@type":"EntryPoint","urlTemplate":"https:\/\/anchorallied.com\/fr\/?s={search_term_string}"},"query-input":{"@type":"PropertyValueSpecification","valueRequired":true,"valueName":"search_term_string"}}],"inLanguage":"en"}]}},"_links":{"self":[{"href":"https:\/\/anchorallied.com\/fr\/wp-json\/wp\/v2\/product\/2586","targetHints":{"allow":["GET"]}}],"collection":[{"href":"https:\/\/anchorallied.com\/fr\/wp-json\/wp\/v2\/product"}],"about":[{"href":"https:\/\/anchorallied.com\/fr\/wp-json\/wp\/v2\/types\/product"}],"replies":[{"embeddable":true,"href":"https:\/\/anchorallied.com\/fr\/wp-json\/wp\/v2\/comments?post=2586"}],"wp:featuredmedia":[{"embeddable":true,"href":"https:\/\/anchorallied.com\/fr\/wp-json\/wp\/v2\/media\/2587"}],"wp:attachment":[{"href":"https:\/\/anchorallied.com\/fr\/wp-json\/wp\/v2\/media?parent=2586"}],"wp:term":[{"taxonomy":"product_brand","embeddable":true,"href":"https:\/\/anchorallied.com\/fr\/wp-json\/wp\/v2\/product_brand?post=2586"},{"taxonomy":"product_cat","embeddable":true,"href":"https:\/\/anchorallied.com\/fr\/wp-json\/wp\/v2\/product_cat?post=2586"},{"taxonomy":"product_tag","embeddable":true,"href":"https:\/\/anchorallied.com\/fr\/wp-json\/wp\/v2\/product_tag?post=2586"}],"curies":[{"name":"wp","href":"https:\/\/api.w.org\/{rel}","templated":true}]}}