{"id":2588,"date":"2025-05-26T11:18:24","date_gmt":"2025-05-26T11:18:24","guid":{"rendered":"http:\/\/anchorallied.com\/fr\/?post_type=product&#038;p=2588"},"modified":"2025-07-27T15:43:29","modified_gmt":"2025-07-27T15:43:29","slug":"asmaco-floor-uv-2-pu-coating","status":"publish","type":"product","link":"https:\/\/anchorallied.com\/fr\/product\/asmaco-floor-uv-2-pu-coating\/","title":{"rendered":"ASMACO SOL UV-2"},"content":{"rendered":"<p>ASMACO FLOOR UV 2<br \/>\nFinition protectrice UV pour sols en r\u00e9sine<\/p>\n<p>ASMACO FLOOR UV 2 est un rev\u00eatement \u00e0 faible viscosit\u00e9 assurant une excellente adh\u00e9rence sur les sols \u00e9poxy et polyur\u00e9thane durcis.<\/p>\n<p>Il offre une r\u00e9sistance sup\u00e9rieure aux UV, \u00e0 l\u2019abrasion, aux chocs et aux produits chimiques, prot\u00e9geant les surfaces contre la d\u00e9coloration, l\u2019usure et les taches.<\/p>\n<p>Facile \u00e0 nettoyer et \u00e0 entretenir, il convient parfaitement aux zones \u00e0 fort trafic et assure une protection durable avec un rendu esth\u00e9tique de qualit\u00e9.<\/p>\n","protected":false},"excerpt":{"rendered":"<p>ASMACO FLOOR UV 2 est une finition polyur\u00e9thane bicomposant haute performance con\u00e7ue pour offrir une r\u00e9sistance et une protection sup\u00e9rieures aux UV pour les surfaces en b\u00e9ton. Elle constitue un scellant efficace au sein de la gamme ASMACO FLOOR, am\u00e9liorant la durabilit\u00e9 et la long\u00e9vit\u00e9 des rev\u00eatements de sol \u00e9poxy et polyur\u00e9thane.<\/p>\n","protected":false},"featured_media":2589,"comment_status":"open","ping_status":"closed","template":"","meta":{"_acf_changed":false},"product_brand":[],"product_cat":[139,160],"product_tag":[],"class_list":{"0":"post-2588","1":"product","2":"type-product","3":"status-publish","4":"has-post-thumbnail","6":"product_cat-etancheite-et-revetements-de-sol","7":"product_cat-reparation-et-revetement-de-sol","9":"first","10":"instock","11":"shipping-taxable","12":"product-type-simple"},"acf":[],"yoast_head":"<!-- This site is optimized with the Yoast SEO plugin v27.3 - https:\/\/yoast.com\/product\/yoast-seo-wordpress\/ -->\n<title>ASMACO SOL UV-2 - anchoralliedfactory<\/title>\n<meta name=\"robots\" content=\"index, follow, max-snippet:-1, max-image-preview:large, max-video-preview:-1\" \/>\n<link rel=\"canonical\" href=\"https:\/\/anchorallied.com\/fr\/product\/asmaco-floor-uv-2-pu-coating\/\" \/>\n<meta property=\"og:locale\" content=\"en_US\" \/>\n<meta property=\"og:type\" content=\"article\" \/>\n<meta property=\"og:title\" content=\"ASMACO SOL UV-2 - anchoralliedfactory\" \/>\n<meta property=\"og:description\" content=\"ASMACO FLOOR UV 2 est une finition polyur\u00e9thane bicomposant haute performance con\u00e7ue pour offrir une r\u00e9sistance et une protection sup\u00e9rieures aux UV pour les surfaces en b\u00e9ton. Elle constitue un scellant efficace au sein de la gamme ASMACO FLOOR, am\u00e9liorant la durabilit\u00e9 et la long\u00e9vit\u00e9 des rev\u00eatements de sol \u00e9poxy et polyur\u00e9thane.\" \/>\n<meta property=\"og:url\" content=\"https:\/\/anchorallied.com\/fr\/product\/asmaco-floor-uv-2-pu-coating\/\" \/>\n<meta property=\"og:site_name\" content=\"anchoralliedfactory\" \/>\n<meta property=\"article:modified_time\" content=\"2025-07-27T15:43:29+00:00\" \/>\n<meta property=\"og:image\" content=\"https:\/\/anchorallied.com\/fr\/wp-content\/uploads\/2025\/05\/flooring_0011_Asmaco_Floor_UV2_Part_AB.jpg\" \/>\n\t<meta property=\"og:image:width\" content=\"1200\" \/>\n\t<meta property=\"og:image:height\" content=\"1200\" \/>\n\t<meta property=\"og:image:type\" content=\"image\/jpeg\" \/>\n<meta name=\"twitter:card\" content=\"summary_large_image\" \/>\n<script type=\"application\/ld+json\" class=\"yoast-schema-graph\">{\"@context\":\"https:\\\/\\\/schema.org\",\"@graph\":[{\"@type\":\"WebPage\",\"@id\":\"https:\\\/\\\/anchorallied.com\\\/fr\\\/product\\\/asmaco-floor-uv-2-pu-coating\\\/\",\"url\":\"https:\\\/\\\/anchorallied.com\\\/fr\\\/product\\\/asmaco-floor-uv-2-pu-coating\\\/\",\"name\":\"ASMACO SOL UV-2 - anchoralliedfactory\",\"isPartOf\":{\"@id\":\"https:\\\/\\\/anchorallied.com\\\/fr\\\/#website\"},\"primaryImageOfPage\":{\"@id\":\"https:\\\/\\\/anchorallied.com\\\/fr\\\/product\\\/asmaco-floor-uv-2-pu-coating\\\/#primaryimage\"},\"image\":{\"@id\":\"https:\\\/\\\/anchorallied.com\\\/fr\\\/product\\\/asmaco-floor-uv-2-pu-coating\\\/#primaryimage\"},\"thumbnailUrl\":\"https:\\\/\\\/anchorallied.com\\\/fr\\\/wp-content\\\/uploads\\\/2025\\\/05\\\/flooring_0011_Asmaco_Floor_UV2_Part_AB.jpg\",\"datePublished\":\"2025-05-26T11:18:24+00:00\",\"dateModified\":\"2025-07-27T15:43:29+00:00\",\"breadcrumb\":{\"@id\":\"https:\\\/\\\/anchorallied.com\\\/fr\\\/product\\\/asmaco-floor-uv-2-pu-coating\\\/#breadcrumb\"},\"inLanguage\":\"en\",\"potentialAction\":[{\"@type\":\"ReadAction\",\"target\":[\"https:\\\/\\\/anchorallied.com\\\/fr\\\/product\\\/asmaco-floor-uv-2-pu-coating\\\/\"]}]},{\"@type\":\"ImageObject\",\"inLanguage\":\"en\",\"@id\":\"https:\\\/\\\/anchorallied.com\\\/fr\\\/product\\\/asmaco-floor-uv-2-pu-coating\\\/#primaryimage\",\"url\":\"https:\\\/\\\/anchorallied.com\\\/fr\\\/wp-content\\\/uploads\\\/2025\\\/05\\\/flooring_0011_Asmaco_Floor_UV2_Part_AB.jpg\",\"contentUrl\":\"https:\\\/\\\/anchorallied.com\\\/fr\\\/wp-content\\\/uploads\\\/2025\\\/05\\\/flooring_0011_Asmaco_Floor_UV2_Part_AB.jpg\",\"width\":1200,\"height\":1200},{\"@type\":\"BreadcrumbList\",\"@id\":\"https:\\\/\\\/anchorallied.com\\\/fr\\\/product\\\/asmaco-floor-uv-2-pu-coating\\\/#breadcrumb\",\"itemListElement\":[{\"@type\":\"ListItem\",\"position\":1,\"name\":\"Home\",\"item\":\"http:\\\/\\\/en.anchorallied.com\\\/fr\\\/\"},{\"@type\":\"ListItem\",\"position\":2,\"name\":\"Shop\",\"item\":\"https:\\\/\\\/en.anchorallied.com\\\/fr\\\/shop\\\/\"},{\"@type\":\"ListItem\",\"position\":3,\"name\":\"ASMACO SOL UV-2\"}]},{\"@type\":\"WebSite\",\"@id\":\"https:\\\/\\\/anchorallied.com\\\/fr\\\/#website\",\"url\":\"https:\\\/\\\/anchorallied.com\\\/fr\\\/\",\"name\":\"anchoralliedfactory\",\"description\":\"\",\"potentialAction\":[{\"@type\":\"SearchAction\",\"target\":{\"@type\":\"EntryPoint\",\"urlTemplate\":\"https:\\\/\\\/anchorallied.com\\\/fr\\\/?s={search_term_string}\"},\"query-input\":{\"@type\":\"PropertyValueSpecification\",\"valueRequired\":true,\"valueName\":\"search_term_string\"}}],\"inLanguage\":\"en\"}]}<\/script>\n<!-- \/ Yoast SEO plugin. -->","yoast_head_json":{"title":"ASMACO SOL UV-2 - anchoralliedfactory","robots":{"index":"index","follow":"follow","max-snippet":"max-snippet:-1","max-image-preview":"max-image-preview:large","max-video-preview":"max-video-preview:-1"},"canonical":"https:\/\/anchorallied.com\/fr\/product\/asmaco-floor-uv-2-pu-coating\/","og_locale":"en_US","og_type":"article","og_title":"ASMACO SOL UV-2 - anchoralliedfactory","og_description":"ASMACO FLOOR UV 2 est une finition polyur\u00e9thane bicomposant haute performance con\u00e7ue pour offrir une r\u00e9sistance et une protection sup\u00e9rieures aux UV pour les surfaces en b\u00e9ton. Elle constitue un scellant efficace au sein de la gamme ASMACO FLOOR, am\u00e9liorant la durabilit\u00e9 et la long\u00e9vit\u00e9 des rev\u00eatements de sol \u00e9poxy et polyur\u00e9thane.","og_url":"https:\/\/anchorallied.com\/fr\/product\/asmaco-floor-uv-2-pu-coating\/","og_site_name":"anchoralliedfactory","article_modified_time":"2025-07-27T15:43:29+00:00","og_image":[{"width":1200,"height":1200,"url":"https:\/\/anchorallied.com\/fr\/wp-content\/uploads\/2025\/05\/flooring_0011_Asmaco_Floor_UV2_Part_AB.jpg","type":"image\/jpeg"}],"twitter_card":"summary_large_image","schema":{"@context":"https:\/\/schema.org","@graph":[{"@type":"WebPage","@id":"https:\/\/anchorallied.com\/fr\/product\/asmaco-floor-uv-2-pu-coating\/","url":"https:\/\/anchorallied.com\/fr\/product\/asmaco-floor-uv-2-pu-coating\/","name":"ASMACO SOL UV-2 - anchoralliedfactory","isPartOf":{"@id":"https:\/\/anchorallied.com\/fr\/#website"},"primaryImageOfPage":{"@id":"https:\/\/anchorallied.com\/fr\/product\/asmaco-floor-uv-2-pu-coating\/#primaryimage"},"image":{"@id":"https:\/\/anchorallied.com\/fr\/product\/asmaco-floor-uv-2-pu-coating\/#primaryimage"},"thumbnailUrl":"https:\/\/anchorallied.com\/fr\/wp-content\/uploads\/2025\/05\/flooring_0011_Asmaco_Floor_UV2_Part_AB.jpg","datePublished":"2025-05-26T11:18:24+00:00","dateModified":"2025-07-27T15:43:29+00:00","breadcrumb":{"@id":"https:\/\/anchorallied.com\/fr\/product\/asmaco-floor-uv-2-pu-coating\/#breadcrumb"},"inLanguage":"en","potentialAction":[{"@type":"ReadAction","target":["https:\/\/anchorallied.com\/fr\/product\/asmaco-floor-uv-2-pu-coating\/"]}]},{"@type":"ImageObject","inLanguage":"en","@id":"https:\/\/anchorallied.com\/fr\/product\/asmaco-floor-uv-2-pu-coating\/#primaryimage","url":"https:\/\/anchorallied.com\/fr\/wp-content\/uploads\/2025\/05\/flooring_0011_Asmaco_Floor_UV2_Part_AB.jpg","contentUrl":"https:\/\/anchorallied.com\/fr\/wp-content\/uploads\/2025\/05\/flooring_0011_Asmaco_Floor_UV2_Part_AB.jpg","width":1200,"height":1200},{"@type":"BreadcrumbList","@id":"https:\/\/anchorallied.com\/fr\/product\/asmaco-floor-uv-2-pu-coating\/#breadcrumb","itemListElement":[{"@type":"ListItem","position":1,"name":"Home","item":"http:\/\/en.anchorallied.com\/fr\/"},{"@type":"ListItem","position":2,"name":"Shop","item":"https:\/\/en.anchorallied.com\/fr\/shop\/"},{"@type":"ListItem","position":3,"name":"ASMACO SOL UV-2"}]},{"@type":"WebSite","@id":"https:\/\/anchorallied.com\/fr\/#website","url":"https:\/\/anchorallied.com\/fr\/","name":"anchoralliedfactory","description":"","potentialAction":[{"@type":"SearchAction","target":{"@type":"EntryPoint","urlTemplate":"https:\/\/anchorallied.com\/fr\/?s={search_term_string}"},"query-input":{"@type":"PropertyValueSpecification","valueRequired":true,"valueName":"search_term_string"}}],"inLanguage":"en"}]}},"_links":{"self":[{"href":"https:\/\/anchorallied.com\/fr\/wp-json\/wp\/v2\/product\/2588","targetHints":{"allow":["GET"]}}],"collection":[{"href":"https:\/\/anchorallied.com\/fr\/wp-json\/wp\/v2\/product"}],"about":[{"href":"https:\/\/anchorallied.com\/fr\/wp-json\/wp\/v2\/types\/product"}],"replies":[{"embeddable":true,"href":"https:\/\/anchorallied.com\/fr\/wp-json\/wp\/v2\/comments?post=2588"}],"wp:featuredmedia":[{"embeddable":true,"href":"https:\/\/anchorallied.com\/fr\/wp-json\/wp\/v2\/media\/2589"}],"wp:attachment":[{"href":"https:\/\/anchorallied.com\/fr\/wp-json\/wp\/v2\/media?parent=2588"}],"wp:term":[{"taxonomy":"product_brand","embeddable":true,"href":"https:\/\/anchorallied.com\/fr\/wp-json\/wp\/v2\/product_brand?post=2588"},{"taxonomy":"product_cat","embeddable":true,"href":"https:\/\/anchorallied.com\/fr\/wp-json\/wp\/v2\/product_cat?post=2588"},{"taxonomy":"product_tag","embeddable":true,"href":"https:\/\/anchorallied.com\/fr\/wp-json\/wp\/v2\/product_tag?post=2588"}],"curies":[{"name":"wp","href":"https:\/\/api.w.org\/{rel}","templated":true}]}}