{"id":2590,"date":"2025-05-26T11:21:44","date_gmt":"2025-05-26T11:21:44","guid":{"rendered":"http:\/\/anchorallied.com\/fr\/?post_type=product&#038;p=2590"},"modified":"2025-07-27T15:43:29","modified_gmt":"2025-07-27T15:43:29","slug":"asmaco-floor-lm-15-water-based","status":"publish","type":"product","link":"https:\/\/anchorallied.com\/fr\/product\/asmaco-floor-lm-15-water-based\/","title":{"rendered":"ASMACO SOL LM-15 \u2013 \u00c0 base d\u2019eau"},"content":{"rendered":"<p>ASMACO FLOOR LM 15<br \/>\nPeinture de marquage haute r\u00e9sistance pour sols ext\u00e9rieurs<\/p>\n<p>ASMACO FLOOR LM 15 offre une excellente r\u00e9sistance \u00e0 l\u2019usure, \u00e0 l\u2019eau, aux huiles, \u00e0 l\u2019essence et aux UV, assurant une visibilit\u00e9 durable m\u00eame sous fort trafic.<\/p>\n<p>Elle adh\u00e8re efficacement sur divers supports tels que l\u2019\u00e9poxy, le polyur\u00e9thane, le b\u00e9ton, l\u2019asphalte et l\u2019acier, offrant une application polyvalente.<\/p>\n<p>Id\u00e9ale pour le marquage routier, bordures, passages pi\u00e9tons, stations-service et parkings, elle garantit une signalisation claire et durable, quelles que soient les conditions climatiques.<\/p>\n","protected":false},"excerpt":{"rendered":"<p>ASMACO FLOOR LM 15 est un rev\u00eatement de marquage de lignes monocomposant \u00e0 base d&#8217;eau, fabriqu\u00e9 \u00e0 partir de polym\u00e8res hybrides ester\/acrylique hautes performances. Con\u00e7u pour un marquage durable et r\u00e9sistant aux intemp\u00e9ries sur des surfaces telles que l&#8217;\u00e9poxy, le polyur\u00e9thane, le b\u00e9ton, l&#8217;asphalte et l&#8217;acier, il est id\u00e9al pour les applications de marquage de lignes de circulation.<\/p>\n","protected":false},"featured_media":2591,"comment_status":"open","ping_status":"closed","template":"","meta":{"_acf_changed":false},"product_brand":[],"product_cat":[139,160],"product_tag":[],"class_list":{"0":"post-2590","1":"product","2":"type-product","3":"status-publish","4":"has-post-thumbnail","6":"product_cat-etancheite-et-revetements-de-sol","7":"product_cat-reparation-et-revetement-de-sol","9":"first","10":"instock","11":"shipping-taxable","12":"product-type-simple"},"acf":[],"yoast_head":"<!-- This site is optimized with the Yoast SEO plugin v27.3 - https:\/\/yoast.com\/product\/yoast-seo-wordpress\/ -->\n<title>ASMACO SOL LM-15 \u2013 \u00c0 base d\u2019eau - anchoralliedfactory<\/title>\n<meta name=\"robots\" content=\"index, follow, max-snippet:-1, max-image-preview:large, max-video-preview:-1\" \/>\n<link rel=\"canonical\" href=\"https:\/\/anchorallied.com\/fr\/product\/asmaco-floor-lm-15-water-based\/\" \/>\n<meta property=\"og:locale\" content=\"en_US\" \/>\n<meta property=\"og:type\" content=\"article\" \/>\n<meta property=\"og:title\" content=\"ASMACO SOL LM-15 \u2013 \u00c0 base d\u2019eau - anchoralliedfactory\" \/>\n<meta property=\"og:description\" content=\"ASMACO FLOOR LM 15 est un rev\u00eatement de marquage de lignes monocomposant \u00e0 base d&#039;eau, fabriqu\u00e9 \u00e0 partir de polym\u00e8res hybrides ester\/acrylique hautes performances. Con\u00e7u pour un marquage durable et r\u00e9sistant aux intemp\u00e9ries sur des surfaces telles que l&#039;\u00e9poxy, le polyur\u00e9thane, le b\u00e9ton, l&#039;asphalte et l&#039;acier, il est id\u00e9al pour les applications de marquage de lignes de circulation.\" \/>\n<meta property=\"og:url\" content=\"https:\/\/anchorallied.com\/fr\/product\/asmaco-floor-lm-15-water-based\/\" \/>\n<meta property=\"og:site_name\" content=\"anchoralliedfactory\" \/>\n<meta property=\"article:modified_time\" content=\"2025-07-27T15:43:29+00:00\" \/>\n<meta property=\"og:image\" content=\"https:\/\/anchorallied.com\/fr\/wp-content\/uploads\/2025\/05\/flooring_0007_Asmaco_LM_15.jpg\" \/>\n\t<meta property=\"og:image:width\" content=\"1200\" \/>\n\t<meta property=\"og:image:height\" content=\"1200\" \/>\n\t<meta property=\"og:image:type\" content=\"image\/jpeg\" \/>\n<meta name=\"twitter:card\" content=\"summary_large_image\" \/>\n<script type=\"application\/ld+json\" class=\"yoast-schema-graph\">{\"@context\":\"https:\\\/\\\/schema.org\",\"@graph\":[{\"@type\":\"WebPage\",\"@id\":\"https:\\\/\\\/anchorallied.com\\\/fr\\\/product\\\/asmaco-floor-lm-15-water-based\\\/\",\"url\":\"https:\\\/\\\/anchorallied.com\\\/fr\\\/product\\\/asmaco-floor-lm-15-water-based\\\/\",\"name\":\"ASMACO SOL LM-15 \u2013 \u00c0 base d\u2019eau - anchoralliedfactory\",\"isPartOf\":{\"@id\":\"https:\\\/\\\/anchorallied.com\\\/fr\\\/#website\"},\"primaryImageOfPage\":{\"@id\":\"https:\\\/\\\/anchorallied.com\\\/fr\\\/product\\\/asmaco-floor-lm-15-water-based\\\/#primaryimage\"},\"image\":{\"@id\":\"https:\\\/\\\/anchorallied.com\\\/fr\\\/product\\\/asmaco-floor-lm-15-water-based\\\/#primaryimage\"},\"thumbnailUrl\":\"https:\\\/\\\/anchorallied.com\\\/fr\\\/wp-content\\\/uploads\\\/2025\\\/05\\\/flooring_0007_Asmaco_LM_15.jpg\",\"datePublished\":\"2025-05-26T11:21:44+00:00\",\"dateModified\":\"2025-07-27T15:43:29+00:00\",\"breadcrumb\":{\"@id\":\"https:\\\/\\\/anchorallied.com\\\/fr\\\/product\\\/asmaco-floor-lm-15-water-based\\\/#breadcrumb\"},\"inLanguage\":\"en\",\"potentialAction\":[{\"@type\":\"ReadAction\",\"target\":[\"https:\\\/\\\/anchorallied.com\\\/fr\\\/product\\\/asmaco-floor-lm-15-water-based\\\/\"]}]},{\"@type\":\"ImageObject\",\"inLanguage\":\"en\",\"@id\":\"https:\\\/\\\/anchorallied.com\\\/fr\\\/product\\\/asmaco-floor-lm-15-water-based\\\/#primaryimage\",\"url\":\"https:\\\/\\\/anchorallied.com\\\/fr\\\/wp-content\\\/uploads\\\/2025\\\/05\\\/flooring_0007_Asmaco_LM_15.jpg\",\"contentUrl\":\"https:\\\/\\\/anchorallied.com\\\/fr\\\/wp-content\\\/uploads\\\/2025\\\/05\\\/flooring_0007_Asmaco_LM_15.jpg\",\"width\":1200,\"height\":1200},{\"@type\":\"BreadcrumbList\",\"@id\":\"https:\\\/\\\/anchorallied.com\\\/fr\\\/product\\\/asmaco-floor-lm-15-water-based\\\/#breadcrumb\",\"itemListElement\":[{\"@type\":\"ListItem\",\"position\":1,\"name\":\"Home\",\"item\":\"http:\\\/\\\/en.anchorallied.com\\\/fr\\\/\"},{\"@type\":\"ListItem\",\"position\":2,\"name\":\"Shop\",\"item\":\"https:\\\/\\\/en.anchorallied.com\\\/fr\\\/shop\\\/\"},{\"@type\":\"ListItem\",\"position\":3,\"name\":\"ASMACO SOL LM-15 \u2013 \u00c0 base d\u2019eau\"}]},{\"@type\":\"WebSite\",\"@id\":\"https:\\\/\\\/anchorallied.com\\\/fr\\\/#website\",\"url\":\"https:\\\/\\\/anchorallied.com\\\/fr\\\/\",\"name\":\"anchoralliedfactory\",\"description\":\"\",\"potentialAction\":[{\"@type\":\"SearchAction\",\"target\":{\"@type\":\"EntryPoint\",\"urlTemplate\":\"https:\\\/\\\/anchorallied.com\\\/fr\\\/?s={search_term_string}\"},\"query-input\":{\"@type\":\"PropertyValueSpecification\",\"valueRequired\":true,\"valueName\":\"search_term_string\"}}],\"inLanguage\":\"en\"}]}<\/script>\n<!-- \/ Yoast SEO plugin. -->","yoast_head_json":{"title":"ASMACO SOL LM-15 \u2013 \u00c0 base d\u2019eau - anchoralliedfactory","robots":{"index":"index","follow":"follow","max-snippet":"max-snippet:-1","max-image-preview":"max-image-preview:large","max-video-preview":"max-video-preview:-1"},"canonical":"https:\/\/anchorallied.com\/fr\/product\/asmaco-floor-lm-15-water-based\/","og_locale":"en_US","og_type":"article","og_title":"ASMACO SOL LM-15 \u2013 \u00c0 base d\u2019eau - anchoralliedfactory","og_description":"ASMACO FLOOR LM 15 est un rev\u00eatement de marquage de lignes monocomposant \u00e0 base d'eau, fabriqu\u00e9 \u00e0 partir de polym\u00e8res hybrides ester\/acrylique hautes performances. Con\u00e7u pour un marquage durable et r\u00e9sistant aux intemp\u00e9ries sur des surfaces telles que l'\u00e9poxy, le polyur\u00e9thane, le b\u00e9ton, l'asphalte et l'acier, il est id\u00e9al pour les applications de marquage de lignes de circulation.","og_url":"https:\/\/anchorallied.com\/fr\/product\/asmaco-floor-lm-15-water-based\/","og_site_name":"anchoralliedfactory","article_modified_time":"2025-07-27T15:43:29+00:00","og_image":[{"width":1200,"height":1200,"url":"https:\/\/anchorallied.com\/fr\/wp-content\/uploads\/2025\/05\/flooring_0007_Asmaco_LM_15.jpg","type":"image\/jpeg"}],"twitter_card":"summary_large_image","schema":{"@context":"https:\/\/schema.org","@graph":[{"@type":"WebPage","@id":"https:\/\/anchorallied.com\/fr\/product\/asmaco-floor-lm-15-water-based\/","url":"https:\/\/anchorallied.com\/fr\/product\/asmaco-floor-lm-15-water-based\/","name":"ASMACO SOL LM-15 \u2013 \u00c0 base d\u2019eau - anchoralliedfactory","isPartOf":{"@id":"https:\/\/anchorallied.com\/fr\/#website"},"primaryImageOfPage":{"@id":"https:\/\/anchorallied.com\/fr\/product\/asmaco-floor-lm-15-water-based\/#primaryimage"},"image":{"@id":"https:\/\/anchorallied.com\/fr\/product\/asmaco-floor-lm-15-water-based\/#primaryimage"},"thumbnailUrl":"https:\/\/anchorallied.com\/fr\/wp-content\/uploads\/2025\/05\/flooring_0007_Asmaco_LM_15.jpg","datePublished":"2025-05-26T11:21:44+00:00","dateModified":"2025-07-27T15:43:29+00:00","breadcrumb":{"@id":"https:\/\/anchorallied.com\/fr\/product\/asmaco-floor-lm-15-water-based\/#breadcrumb"},"inLanguage":"en","potentialAction":[{"@type":"ReadAction","target":["https:\/\/anchorallied.com\/fr\/product\/asmaco-floor-lm-15-water-based\/"]}]},{"@type":"ImageObject","inLanguage":"en","@id":"https:\/\/anchorallied.com\/fr\/product\/asmaco-floor-lm-15-water-based\/#primaryimage","url":"https:\/\/anchorallied.com\/fr\/wp-content\/uploads\/2025\/05\/flooring_0007_Asmaco_LM_15.jpg","contentUrl":"https:\/\/anchorallied.com\/fr\/wp-content\/uploads\/2025\/05\/flooring_0007_Asmaco_LM_15.jpg","width":1200,"height":1200},{"@type":"BreadcrumbList","@id":"https:\/\/anchorallied.com\/fr\/product\/asmaco-floor-lm-15-water-based\/#breadcrumb","itemListElement":[{"@type":"ListItem","position":1,"name":"Home","item":"http:\/\/en.anchorallied.com\/fr\/"},{"@type":"ListItem","position":2,"name":"Shop","item":"https:\/\/en.anchorallied.com\/fr\/shop\/"},{"@type":"ListItem","position":3,"name":"ASMACO SOL LM-15 \u2013 \u00c0 base d\u2019eau"}]},{"@type":"WebSite","@id":"https:\/\/anchorallied.com\/fr\/#website","url":"https:\/\/anchorallied.com\/fr\/","name":"anchoralliedfactory","description":"","potentialAction":[{"@type":"SearchAction","target":{"@type":"EntryPoint","urlTemplate":"https:\/\/anchorallied.com\/fr\/?s={search_term_string}"},"query-input":{"@type":"PropertyValueSpecification","valueRequired":true,"valueName":"search_term_string"}}],"inLanguage":"en"}]}},"_links":{"self":[{"href":"https:\/\/anchorallied.com\/fr\/wp-json\/wp\/v2\/product\/2590","targetHints":{"allow":["GET"]}}],"collection":[{"href":"https:\/\/anchorallied.com\/fr\/wp-json\/wp\/v2\/product"}],"about":[{"href":"https:\/\/anchorallied.com\/fr\/wp-json\/wp\/v2\/types\/product"}],"replies":[{"embeddable":true,"href":"https:\/\/anchorallied.com\/fr\/wp-json\/wp\/v2\/comments?post=2590"}],"wp:featuredmedia":[{"embeddable":true,"href":"https:\/\/anchorallied.com\/fr\/wp-json\/wp\/v2\/media\/2591"}],"wp:attachment":[{"href":"https:\/\/anchorallied.com\/fr\/wp-json\/wp\/v2\/media?parent=2590"}],"wp:term":[{"taxonomy":"product_brand","embeddable":true,"href":"https:\/\/anchorallied.com\/fr\/wp-json\/wp\/v2\/product_brand?post=2590"},{"taxonomy":"product_cat","embeddable":true,"href":"https:\/\/anchorallied.com\/fr\/wp-json\/wp\/v2\/product_cat?post=2590"},{"taxonomy":"product_tag","embeddable":true,"href":"https:\/\/anchorallied.com\/fr\/wp-json\/wp\/v2\/product_tag?post=2590"}],"curies":[{"name":"wp","href":"https:\/\/api.w.org\/{rel}","templated":true}]}}