{"id":2592,"date":"2025-05-26T11:26:34","date_gmt":"2025-05-26T11:26:34","guid":{"rendered":"http:\/\/anchorallied.com\/fr\/?post_type=product&#038;p=2592"},"modified":"2025-07-27T15:43:29","modified_gmt":"2025-07-27T15:43:29","slug":"asmaco-poxy-95-cw-epoxy-repair","status":"publish","type":"product","link":"https:\/\/anchorallied.com\/fr\/product\/asmaco-poxy-95-cw-epoxy-repair\/","title":{"rendered":"ASMACO R\u00e9sine \u00e9poxy 95 CW"},"content":{"rendered":"<p>ASMACO POXY 95 CW<br \/>\nAdh\u00e9sif \u00e9poxy thixotrope pour applications structurelles<\/p>\n<p>ASMACO POXY 95 CW est une p\u00e2te \u00e9poxy anti-affaissement, id\u00e9ale pour les applications verticales et en plafond, sans coulure ni ruissellement.<\/p>\n<p>Son rapport de m\u00e9lange 3:1 (A:B en volume) permet une pr\u00e9paration simple et rapide. Il offre une adh\u00e9rence sup\u00e9rieure sur de nombreux supports : b\u00e9ton, acier, bois, et autres mat\u00e9riaux de construction.<\/p>\n<p>Sa tol\u00e9rance \u00e0 l\u2019humidit\u00e9 assure une performance fiable, m\u00eame en environnement humide, avant, pendant ou apr\u00e8s le durcissement.<\/p>\n<p>Disponible en formulations adapt\u00e9es \u00e0 diff\u00e9rentes temp\u00e9ratures, il convient parfaitement aux applications structurelles dans divers contextes climatiques.<\/p>\n","protected":false},"excerpt":{"rendered":"<p>ASMACO POXY 95 CW est un adh\u00e9sif structural \u00e0 base de r\u00e9sine \u00e9poxy bicomposant, sp\u00e9cialement formul\u00e9 pour les environnements froids. Il offre une excellente tol\u00e9rance \u00e0 l&#8217;humidit\u00e9 pendant l&#8217;application et le durcissement, offrant une r\u00e9sistance et un module \u00e9lev\u00e9s pour une adh\u00e9rence et une r\u00e9paration efficaces du b\u00e9ton durci et d&#8217;autres mat\u00e9riaux de construction.<\/p>\n","protected":false},"featured_media":2593,"comment_status":"open","ping_status":"closed","template":"","meta":{"_acf_changed":false},"product_brand":[],"product_cat":[139,202],"product_tag":[],"class_list":{"0":"post-2592","1":"product","2":"type-product","3":"status-publish","4":"has-post-thumbnail","6":"product_cat-etancheite-et-revetements-de-sol","7":"product_cat-reparation-du-beton","9":"first","10":"instock","11":"shipping-taxable","12":"product-type-simple"},"acf":[],"yoast_head":"<!-- This site is optimized with the Yoast SEO plugin v27.3 - https:\/\/yoast.com\/product\/yoast-seo-wordpress\/ -->\n<title>ASMACO R\u00e9sine \u00e9poxy 95 CW - anchoralliedfactory<\/title>\n<meta name=\"robots\" content=\"index, follow, max-snippet:-1, max-image-preview:large, max-video-preview:-1\" \/>\n<link rel=\"canonical\" href=\"https:\/\/anchorallied.com\/fr\/product\/asmaco-poxy-95-cw-epoxy-repair\/\" \/>\n<meta property=\"og:locale\" content=\"en_US\" \/>\n<meta property=\"og:type\" content=\"article\" \/>\n<meta property=\"og:title\" content=\"ASMACO R\u00e9sine \u00e9poxy 95 CW - anchoralliedfactory\" \/>\n<meta property=\"og:description\" content=\"ASMACO POXY 95 CW est un adh\u00e9sif structural \u00e0 base de r\u00e9sine \u00e9poxy bicomposant, sp\u00e9cialement formul\u00e9 pour les environnements froids. Il offre une excellente tol\u00e9rance \u00e0 l&#039;humidit\u00e9 pendant l&#039;application et le durcissement, offrant une r\u00e9sistance et un module \u00e9lev\u00e9s pour une adh\u00e9rence et une r\u00e9paration efficaces du b\u00e9ton durci et d&#039;autres mat\u00e9riaux de construction.\" \/>\n<meta property=\"og:url\" content=\"https:\/\/anchorallied.com\/fr\/product\/asmaco-poxy-95-cw-epoxy-repair\/\" \/>\n<meta property=\"og:site_name\" content=\"anchoralliedfactory\" \/>\n<meta property=\"article:modified_time\" content=\"2025-07-27T15:43:29+00:00\" \/>\n<meta property=\"og:image\" content=\"http:\/\/anchorallied.com\/fr\/wp-content\/uploads\/2025\/05\/flooring_0006_Asmaco_Poxy-95-CW.jpg\" \/>\n\t<meta property=\"og:image:width\" content=\"1200\" \/>\n\t<meta property=\"og:image:height\" content=\"1200\" \/>\n\t<meta property=\"og:image:type\" content=\"image\/jpeg\" \/>\n<meta name=\"twitter:card\" content=\"summary_large_image\" \/>\n<meta name=\"twitter:label1\" content=\"Est. reading time\" \/>\n\t<meta name=\"twitter:data1\" content=\"1 minute\" \/>\n<script type=\"application\/ld+json\" class=\"yoast-schema-graph\">{\"@context\":\"https:\\\/\\\/schema.org\",\"@graph\":[{\"@type\":\"WebPage\",\"@id\":\"https:\\\/\\\/anchorallied.com\\\/fr\\\/product\\\/asmaco-poxy-95-cw-epoxy-repair\\\/\",\"url\":\"https:\\\/\\\/anchorallied.com\\\/fr\\\/product\\\/asmaco-poxy-95-cw-epoxy-repair\\\/\",\"name\":\"ASMACO R\u00e9sine \u00e9poxy 95 CW - anchoralliedfactory\",\"isPartOf\":{\"@id\":\"https:\\\/\\\/anchorallied.com\\\/fr\\\/#website\"},\"primaryImageOfPage\":{\"@id\":\"https:\\\/\\\/anchorallied.com\\\/fr\\\/product\\\/asmaco-poxy-95-cw-epoxy-repair\\\/#primaryimage\"},\"image\":{\"@id\":\"https:\\\/\\\/anchorallied.com\\\/fr\\\/product\\\/asmaco-poxy-95-cw-epoxy-repair\\\/#primaryimage\"},\"thumbnailUrl\":\"https:\\\/\\\/anchorallied.com\\\/fr\\\/wp-content\\\/uploads\\\/2025\\\/05\\\/flooring_0006_Asmaco_Poxy-95-CW.jpg\",\"datePublished\":\"2025-05-26T11:26:34+00:00\",\"dateModified\":\"2025-07-27T15:43:29+00:00\",\"breadcrumb\":{\"@id\":\"https:\\\/\\\/anchorallied.com\\\/fr\\\/product\\\/asmaco-poxy-95-cw-epoxy-repair\\\/#breadcrumb\"},\"inLanguage\":\"en\",\"potentialAction\":[{\"@type\":\"ReadAction\",\"target\":[\"https:\\\/\\\/anchorallied.com\\\/fr\\\/product\\\/asmaco-poxy-95-cw-epoxy-repair\\\/\"]}]},{\"@type\":\"ImageObject\",\"inLanguage\":\"en\",\"@id\":\"https:\\\/\\\/anchorallied.com\\\/fr\\\/product\\\/asmaco-poxy-95-cw-epoxy-repair\\\/#primaryimage\",\"url\":\"https:\\\/\\\/anchorallied.com\\\/fr\\\/wp-content\\\/uploads\\\/2025\\\/05\\\/flooring_0006_Asmaco_Poxy-95-CW.jpg\",\"contentUrl\":\"https:\\\/\\\/anchorallied.com\\\/fr\\\/wp-content\\\/uploads\\\/2025\\\/05\\\/flooring_0006_Asmaco_Poxy-95-CW.jpg\",\"width\":1200,\"height\":1200},{\"@type\":\"BreadcrumbList\",\"@id\":\"https:\\\/\\\/anchorallied.com\\\/fr\\\/product\\\/asmaco-poxy-95-cw-epoxy-repair\\\/#breadcrumb\",\"itemListElement\":[{\"@type\":\"ListItem\",\"position\":1,\"name\":\"Home\",\"item\":\"http:\\\/\\\/en.anchorallied.com\\\/fr\\\/\"},{\"@type\":\"ListItem\",\"position\":2,\"name\":\"Shop\",\"item\":\"https:\\\/\\\/en.anchorallied.com\\\/fr\\\/shop\\\/\"},{\"@type\":\"ListItem\",\"position\":3,\"name\":\"ASMACO R\u00e9sine \u00e9poxy 95 CW\"}]},{\"@type\":\"WebSite\",\"@id\":\"https:\\\/\\\/anchorallied.com\\\/fr\\\/#website\",\"url\":\"https:\\\/\\\/anchorallied.com\\\/fr\\\/\",\"name\":\"anchoralliedfactory\",\"description\":\"\",\"potentialAction\":[{\"@type\":\"SearchAction\",\"target\":{\"@type\":\"EntryPoint\",\"urlTemplate\":\"https:\\\/\\\/anchorallied.com\\\/fr\\\/?s={search_term_string}\"},\"query-input\":{\"@type\":\"PropertyValueSpecification\",\"valueRequired\":true,\"valueName\":\"search_term_string\"}}],\"inLanguage\":\"en\"}]}<\/script>\n<!-- \/ Yoast SEO plugin. -->","yoast_head_json":{"title":"ASMACO R\u00e9sine \u00e9poxy 95 CW - anchoralliedfactory","robots":{"index":"index","follow":"follow","max-snippet":"max-snippet:-1","max-image-preview":"max-image-preview:large","max-video-preview":"max-video-preview:-1"},"canonical":"https:\/\/anchorallied.com\/fr\/product\/asmaco-poxy-95-cw-epoxy-repair\/","og_locale":"en_US","og_type":"article","og_title":"ASMACO R\u00e9sine \u00e9poxy 95 CW - anchoralliedfactory","og_description":"ASMACO POXY 95 CW est un adh\u00e9sif structural \u00e0 base de r\u00e9sine \u00e9poxy bicomposant, sp\u00e9cialement formul\u00e9 pour les environnements froids. Il offre une excellente tol\u00e9rance \u00e0 l'humidit\u00e9 pendant l'application et le durcissement, offrant une r\u00e9sistance et un module \u00e9lev\u00e9s pour une adh\u00e9rence et une r\u00e9paration efficaces du b\u00e9ton durci et d'autres mat\u00e9riaux de construction.","og_url":"https:\/\/anchorallied.com\/fr\/product\/asmaco-poxy-95-cw-epoxy-repair\/","og_site_name":"anchoralliedfactory","article_modified_time":"2025-07-27T15:43:29+00:00","og_image":[{"width":1200,"height":1200,"url":"http:\/\/anchorallied.com\/fr\/wp-content\/uploads\/2025\/05\/flooring_0006_Asmaco_Poxy-95-CW.jpg","type":"image\/jpeg"}],"twitter_card":"summary_large_image","twitter_misc":{"Est. reading time":"1 minute"},"schema":{"@context":"https:\/\/schema.org","@graph":[{"@type":"WebPage","@id":"https:\/\/anchorallied.com\/fr\/product\/asmaco-poxy-95-cw-epoxy-repair\/","url":"https:\/\/anchorallied.com\/fr\/product\/asmaco-poxy-95-cw-epoxy-repair\/","name":"ASMACO R\u00e9sine \u00e9poxy 95 CW - anchoralliedfactory","isPartOf":{"@id":"https:\/\/anchorallied.com\/fr\/#website"},"primaryImageOfPage":{"@id":"https:\/\/anchorallied.com\/fr\/product\/asmaco-poxy-95-cw-epoxy-repair\/#primaryimage"},"image":{"@id":"https:\/\/anchorallied.com\/fr\/product\/asmaco-poxy-95-cw-epoxy-repair\/#primaryimage"},"thumbnailUrl":"https:\/\/anchorallied.com\/fr\/wp-content\/uploads\/2025\/05\/flooring_0006_Asmaco_Poxy-95-CW.jpg","datePublished":"2025-05-26T11:26:34+00:00","dateModified":"2025-07-27T15:43:29+00:00","breadcrumb":{"@id":"https:\/\/anchorallied.com\/fr\/product\/asmaco-poxy-95-cw-epoxy-repair\/#breadcrumb"},"inLanguage":"en","potentialAction":[{"@type":"ReadAction","target":["https:\/\/anchorallied.com\/fr\/product\/asmaco-poxy-95-cw-epoxy-repair\/"]}]},{"@type":"ImageObject","inLanguage":"en","@id":"https:\/\/anchorallied.com\/fr\/product\/asmaco-poxy-95-cw-epoxy-repair\/#primaryimage","url":"https:\/\/anchorallied.com\/fr\/wp-content\/uploads\/2025\/05\/flooring_0006_Asmaco_Poxy-95-CW.jpg","contentUrl":"https:\/\/anchorallied.com\/fr\/wp-content\/uploads\/2025\/05\/flooring_0006_Asmaco_Poxy-95-CW.jpg","width":1200,"height":1200},{"@type":"BreadcrumbList","@id":"https:\/\/anchorallied.com\/fr\/product\/asmaco-poxy-95-cw-epoxy-repair\/#breadcrumb","itemListElement":[{"@type":"ListItem","position":1,"name":"Home","item":"http:\/\/en.anchorallied.com\/fr\/"},{"@type":"ListItem","position":2,"name":"Shop","item":"https:\/\/en.anchorallied.com\/fr\/shop\/"},{"@type":"ListItem","position":3,"name":"ASMACO R\u00e9sine \u00e9poxy 95 CW"}]},{"@type":"WebSite","@id":"https:\/\/anchorallied.com\/fr\/#website","url":"https:\/\/anchorallied.com\/fr\/","name":"anchoralliedfactory","description":"","potentialAction":[{"@type":"SearchAction","target":{"@type":"EntryPoint","urlTemplate":"https:\/\/anchorallied.com\/fr\/?s={search_term_string}"},"query-input":{"@type":"PropertyValueSpecification","valueRequired":true,"valueName":"search_term_string"}}],"inLanguage":"en"}]}},"_links":{"self":[{"href":"https:\/\/anchorallied.com\/fr\/wp-json\/wp\/v2\/product\/2592","targetHints":{"allow":["GET"]}}],"collection":[{"href":"https:\/\/anchorallied.com\/fr\/wp-json\/wp\/v2\/product"}],"about":[{"href":"https:\/\/anchorallied.com\/fr\/wp-json\/wp\/v2\/types\/product"}],"replies":[{"embeddable":true,"href":"https:\/\/anchorallied.com\/fr\/wp-json\/wp\/v2\/comments?post=2592"}],"wp:featuredmedia":[{"embeddable":true,"href":"https:\/\/anchorallied.com\/fr\/wp-json\/wp\/v2\/media\/2593"}],"wp:attachment":[{"href":"https:\/\/anchorallied.com\/fr\/wp-json\/wp\/v2\/media?parent=2592"}],"wp:term":[{"taxonomy":"product_brand","embeddable":true,"href":"https:\/\/anchorallied.com\/fr\/wp-json\/wp\/v2\/product_brand?post=2592"},{"taxonomy":"product_cat","embeddable":true,"href":"https:\/\/anchorallied.com\/fr\/wp-json\/wp\/v2\/product_cat?post=2592"},{"taxonomy":"product_tag","embeddable":true,"href":"https:\/\/anchorallied.com\/fr\/wp-json\/wp\/v2\/product_tag?post=2592"}],"curies":[{"name":"wp","href":"https:\/\/api.w.org\/{rel}","templated":true}]}}