{"id":2596,"date":"2025-05-26T11:35:30","date_gmt":"2025-05-26T11:35:30","guid":{"rendered":"http:\/\/anchorallied.com\/fr\/?post_type=product&#038;p=2596"},"modified":"2025-07-27T15:43:29","modified_gmt":"2025-07-27T15:43:29","slug":"anchorseal-water-stop","status":"publish","type":"product","link":"https:\/\/anchorallied.com\/fr\/product\/anchorseal-water-stop\/","title":{"rendered":"Bande d&#8217;arr\u00eat d&#8217;eau ANCHORSEAL"},"content":{"rendered":"<p>ANCHORSEAL WATER STOP<br \/>\nRev\u00eatement d\u2019\u00e9tanch\u00e9it\u00e9 flexible et adh\u00e9rent<\/p>\n<p>ANCHORSEAL WATER STOP offre une excellente adh\u00e9rence et une grande flexibilit\u00e9, lui permettant de suivre les mouvements du support sans se fissurer ni perdre son \u00e9tanch\u00e9it\u00e9.<\/p>\n<p>Sa formulation hydrofuge assure une protection fiable contre les infiltrations d\u2019humidit\u00e9, id\u00e9ale pour la r\u00e9paration de chemin\u00e9es, toitures, bateaux, goutti\u00e8res, puits de lumi\u00e8re, \u00e9viers, etc.<\/p>\n<p>Il contribue \u00e9galement \u00e0 pr\u00e9venir la corrosion sur les surfaces m\u00e9talliques, prolongeant la dur\u00e9e de vie des zones trait\u00e9es. Compatible avec le b\u00e9ton, la ma\u00e7onnerie, la fibre de verre et les m\u00e9taux, c\u2019est une solution durable pour l\u2019\u00e9tanch\u00e9it\u00e9 et la r\u00e9paration des fuites.<\/p>\n","protected":false},"excerpt":{"rendered":"<p>ANCHORSEAL WATER STOP est un rev\u00eatement protecteur caoutchout\u00e9 facile d&#8217;utilisation, con\u00e7u pour colmater efficacement les fuites et les fissures. Il cr\u00e9e une barri\u00e8re flexible et \u00e9tanche qui emp\u00eache la p\u00e9n\u00e9tration de l&#8217;humidit\u00e9 et la corrosion. Il convient \u00e0 une grande vari\u00e9t\u00e9 de surfaces, notamment le m\u00e9tal, le b\u00e9ton et la fibre de verre.<\/p>\n","protected":false},"featured_media":2597,"comment_status":"open","ping_status":"closed","template":"","meta":{"_acf_changed":false},"product_brand":[],"product_cat":[15,161],"product_tag":[],"class_list":{"0":"post-2596","1":"product","2":"type-product","3":"status-publish","4":"has-post-thumbnail","6":"product_cat-aerosols","7":"product_cat-peintures-en-spray","9":"first","10":"instock","11":"shipping-taxable","12":"product-type-simple"},"acf":[],"yoast_head":"<!-- This site is optimized with the Yoast SEO plugin v27.3 - https:\/\/yoast.com\/product\/yoast-seo-wordpress\/ -->\n<title>Bande d&#039;arr\u00eat d&#039;eau ANCHORSEAL - anchoralliedfactory<\/title>\n<meta name=\"robots\" content=\"index, follow, max-snippet:-1, max-image-preview:large, max-video-preview:-1\" \/>\n<link rel=\"canonical\" href=\"https:\/\/anchorallied.com\/fr\/product\/anchorseal-water-stop\/\" \/>\n<meta property=\"og:locale\" content=\"en_US\" \/>\n<meta property=\"og:type\" content=\"article\" \/>\n<meta property=\"og:title\" content=\"Bande d&#039;arr\u00eat d&#039;eau ANCHORSEAL - anchoralliedfactory\" \/>\n<meta property=\"og:description\" content=\"ANCHORSEAL WATER STOP est un rev\u00eatement protecteur caoutchout\u00e9 facile d&#039;utilisation, con\u00e7u pour colmater efficacement les fuites et les fissures. Il cr\u00e9e une barri\u00e8re flexible et \u00e9tanche qui emp\u00eache la p\u00e9n\u00e9tration de l&#039;humidit\u00e9 et la corrosion. Il convient \u00e0 une grande vari\u00e9t\u00e9 de surfaces, notamment le m\u00e9tal, le b\u00e9ton et la fibre de verre.\" \/>\n<meta property=\"og:url\" content=\"https:\/\/anchorallied.com\/fr\/product\/anchorseal-water-stop\/\" \/>\n<meta property=\"og:site_name\" content=\"anchoralliedfactory\" \/>\n<meta property=\"article:modified_time\" content=\"2025-07-27T15:43:29+00:00\" \/>\n<meta property=\"og:image\" content=\"https:\/\/anchorallied.com\/fr\/wp-content\/uploads\/2025\/05\/flooring_0000_WaterStop-100ml.jpg\" \/>\n\t<meta property=\"og:image:width\" content=\"1200\" \/>\n\t<meta property=\"og:image:height\" content=\"1200\" \/>\n\t<meta property=\"og:image:type\" content=\"image\/jpeg\" \/>\n<meta name=\"twitter:card\" content=\"summary_large_image\" \/>\n<meta name=\"twitter:label1\" content=\"Est. reading time\" \/>\n\t<meta name=\"twitter:data1\" content=\"1 minute\" \/>\n<script type=\"application\/ld+json\" class=\"yoast-schema-graph\">{\"@context\":\"https:\\\/\\\/schema.org\",\"@graph\":[{\"@type\":\"WebPage\",\"@id\":\"https:\\\/\\\/anchorallied.com\\\/fr\\\/product\\\/anchorseal-water-stop\\\/\",\"url\":\"https:\\\/\\\/anchorallied.com\\\/fr\\\/product\\\/anchorseal-water-stop\\\/\",\"name\":\"Bande d'arr\u00eat d'eau ANCHORSEAL - anchoralliedfactory\",\"isPartOf\":{\"@id\":\"https:\\\/\\\/anchorallied.com\\\/fr\\\/#website\"},\"primaryImageOfPage\":{\"@id\":\"https:\\\/\\\/anchorallied.com\\\/fr\\\/product\\\/anchorseal-water-stop\\\/#primaryimage\"},\"image\":{\"@id\":\"https:\\\/\\\/anchorallied.com\\\/fr\\\/product\\\/anchorseal-water-stop\\\/#primaryimage\"},\"thumbnailUrl\":\"https:\\\/\\\/anchorallied.com\\\/fr\\\/wp-content\\\/uploads\\\/2025\\\/05\\\/flooring_0000_WaterStop-100ml.jpg\",\"datePublished\":\"2025-05-26T11:35:30+00:00\",\"dateModified\":\"2025-07-27T15:43:29+00:00\",\"breadcrumb\":{\"@id\":\"https:\\\/\\\/anchorallied.com\\\/fr\\\/product\\\/anchorseal-water-stop\\\/#breadcrumb\"},\"inLanguage\":\"en\",\"potentialAction\":[{\"@type\":\"ReadAction\",\"target\":[\"https:\\\/\\\/anchorallied.com\\\/fr\\\/product\\\/anchorseal-water-stop\\\/\"]}]},{\"@type\":\"ImageObject\",\"inLanguage\":\"en\",\"@id\":\"https:\\\/\\\/anchorallied.com\\\/fr\\\/product\\\/anchorseal-water-stop\\\/#primaryimage\",\"url\":\"https:\\\/\\\/anchorallied.com\\\/fr\\\/wp-content\\\/uploads\\\/2025\\\/05\\\/flooring_0000_WaterStop-100ml.jpg\",\"contentUrl\":\"https:\\\/\\\/anchorallied.com\\\/fr\\\/wp-content\\\/uploads\\\/2025\\\/05\\\/flooring_0000_WaterStop-100ml.jpg\",\"width\":1200,\"height\":1200},{\"@type\":\"BreadcrumbList\",\"@id\":\"https:\\\/\\\/anchorallied.com\\\/fr\\\/product\\\/anchorseal-water-stop\\\/#breadcrumb\",\"itemListElement\":[{\"@type\":\"ListItem\",\"position\":1,\"name\":\"Home\",\"item\":\"http:\\\/\\\/en.anchorallied.com\\\/fr\\\/\"},{\"@type\":\"ListItem\",\"position\":2,\"name\":\"Shop\",\"item\":\"https:\\\/\\\/en.anchorallied.com\\\/fr\\\/shop\\\/\"},{\"@type\":\"ListItem\",\"position\":3,\"name\":\"Bande d&rsquo;arr\u00eat d&rsquo;eau ANCHORSEAL\"}]},{\"@type\":\"WebSite\",\"@id\":\"https:\\\/\\\/anchorallied.com\\\/fr\\\/#website\",\"url\":\"https:\\\/\\\/anchorallied.com\\\/fr\\\/\",\"name\":\"anchoralliedfactory\",\"description\":\"\",\"potentialAction\":[{\"@type\":\"SearchAction\",\"target\":{\"@type\":\"EntryPoint\",\"urlTemplate\":\"https:\\\/\\\/anchorallied.com\\\/fr\\\/?s={search_term_string}\"},\"query-input\":{\"@type\":\"PropertyValueSpecification\",\"valueRequired\":true,\"valueName\":\"search_term_string\"}}],\"inLanguage\":\"en\"}]}<\/script>\n<!-- \/ Yoast SEO plugin. -->","yoast_head_json":{"title":"Bande d'arr\u00eat d'eau ANCHORSEAL - anchoralliedfactory","robots":{"index":"index","follow":"follow","max-snippet":"max-snippet:-1","max-image-preview":"max-image-preview:large","max-video-preview":"max-video-preview:-1"},"canonical":"https:\/\/anchorallied.com\/fr\/product\/anchorseal-water-stop\/","og_locale":"en_US","og_type":"article","og_title":"Bande d'arr\u00eat d'eau ANCHORSEAL - anchoralliedfactory","og_description":"ANCHORSEAL WATER STOP est un rev\u00eatement protecteur caoutchout\u00e9 facile d'utilisation, con\u00e7u pour colmater efficacement les fuites et les fissures. Il cr\u00e9e une barri\u00e8re flexible et \u00e9tanche qui emp\u00eache la p\u00e9n\u00e9tration de l'humidit\u00e9 et la corrosion. Il convient \u00e0 une grande vari\u00e9t\u00e9 de surfaces, notamment le m\u00e9tal, le b\u00e9ton et la fibre de verre.","og_url":"https:\/\/anchorallied.com\/fr\/product\/anchorseal-water-stop\/","og_site_name":"anchoralliedfactory","article_modified_time":"2025-07-27T15:43:29+00:00","og_image":[{"width":1200,"height":1200,"url":"https:\/\/anchorallied.com\/fr\/wp-content\/uploads\/2025\/05\/flooring_0000_WaterStop-100ml.jpg","type":"image\/jpeg"}],"twitter_card":"summary_large_image","twitter_misc":{"Est. reading time":"1 minute"},"schema":{"@context":"https:\/\/schema.org","@graph":[{"@type":"WebPage","@id":"https:\/\/anchorallied.com\/fr\/product\/anchorseal-water-stop\/","url":"https:\/\/anchorallied.com\/fr\/product\/anchorseal-water-stop\/","name":"Bande d'arr\u00eat d'eau ANCHORSEAL - anchoralliedfactory","isPartOf":{"@id":"https:\/\/anchorallied.com\/fr\/#website"},"primaryImageOfPage":{"@id":"https:\/\/anchorallied.com\/fr\/product\/anchorseal-water-stop\/#primaryimage"},"image":{"@id":"https:\/\/anchorallied.com\/fr\/product\/anchorseal-water-stop\/#primaryimage"},"thumbnailUrl":"https:\/\/anchorallied.com\/fr\/wp-content\/uploads\/2025\/05\/flooring_0000_WaterStop-100ml.jpg","datePublished":"2025-05-26T11:35:30+00:00","dateModified":"2025-07-27T15:43:29+00:00","breadcrumb":{"@id":"https:\/\/anchorallied.com\/fr\/product\/anchorseal-water-stop\/#breadcrumb"},"inLanguage":"en","potentialAction":[{"@type":"ReadAction","target":["https:\/\/anchorallied.com\/fr\/product\/anchorseal-water-stop\/"]}]},{"@type":"ImageObject","inLanguage":"en","@id":"https:\/\/anchorallied.com\/fr\/product\/anchorseal-water-stop\/#primaryimage","url":"https:\/\/anchorallied.com\/fr\/wp-content\/uploads\/2025\/05\/flooring_0000_WaterStop-100ml.jpg","contentUrl":"https:\/\/anchorallied.com\/fr\/wp-content\/uploads\/2025\/05\/flooring_0000_WaterStop-100ml.jpg","width":1200,"height":1200},{"@type":"BreadcrumbList","@id":"https:\/\/anchorallied.com\/fr\/product\/anchorseal-water-stop\/#breadcrumb","itemListElement":[{"@type":"ListItem","position":1,"name":"Home","item":"http:\/\/en.anchorallied.com\/fr\/"},{"@type":"ListItem","position":2,"name":"Shop","item":"https:\/\/en.anchorallied.com\/fr\/shop\/"},{"@type":"ListItem","position":3,"name":"Bande d&rsquo;arr\u00eat d&rsquo;eau ANCHORSEAL"}]},{"@type":"WebSite","@id":"https:\/\/anchorallied.com\/fr\/#website","url":"https:\/\/anchorallied.com\/fr\/","name":"anchoralliedfactory","description":"","potentialAction":[{"@type":"SearchAction","target":{"@type":"EntryPoint","urlTemplate":"https:\/\/anchorallied.com\/fr\/?s={search_term_string}"},"query-input":{"@type":"PropertyValueSpecification","valueRequired":true,"valueName":"search_term_string"}}],"inLanguage":"en"}]}},"_links":{"self":[{"href":"https:\/\/anchorallied.com\/fr\/wp-json\/wp\/v2\/product\/2596","targetHints":{"allow":["GET"]}}],"collection":[{"href":"https:\/\/anchorallied.com\/fr\/wp-json\/wp\/v2\/product"}],"about":[{"href":"https:\/\/anchorallied.com\/fr\/wp-json\/wp\/v2\/types\/product"}],"replies":[{"embeddable":true,"href":"https:\/\/anchorallied.com\/fr\/wp-json\/wp\/v2\/comments?post=2596"}],"wp:featuredmedia":[{"embeddable":true,"href":"https:\/\/anchorallied.com\/fr\/wp-json\/wp\/v2\/media\/2597"}],"wp:attachment":[{"href":"https:\/\/anchorallied.com\/fr\/wp-json\/wp\/v2\/media?parent=2596"}],"wp:term":[{"taxonomy":"product_brand","embeddable":true,"href":"https:\/\/anchorallied.com\/fr\/wp-json\/wp\/v2\/product_brand?post=2596"},{"taxonomy":"product_cat","embeddable":true,"href":"https:\/\/anchorallied.com\/fr\/wp-json\/wp\/v2\/product_cat?post=2596"},{"taxonomy":"product_tag","embeddable":true,"href":"https:\/\/anchorallied.com\/fr\/wp-json\/wp\/v2\/product_tag?post=2596"}],"curies":[{"name":"wp","href":"https:\/\/api.w.org\/{rel}","templated":true}]}}