{"id":2600,"date":"2025-05-26T11:58:39","date_gmt":"2025-05-26T11:58:39","guid":{"rendered":"http:\/\/anchorallied.com\/fr\/?post_type=product&#038;p=2600"},"modified":"2025-07-27T15:43:30","modified_gmt":"2025-07-27T15:43:30","slug":"asmaco-styrofoam-spray-paint-spray-paint","status":"publish","type":"product","link":"https:\/\/anchorallied.com\/fr\/product\/asmaco-styrofoam-spray-paint-spray-paint\/","title":{"rendered":"Peinture en spray ASMACO pour polystyr\u00e8ne"},"content":{"rendered":"<p>SMACO STYROFOAM SPRAY PAINT offers excellent flow and coverage, ensuring smooth, even application on a wide range of materials. It is specially formulated to adhere well to porous and rigid surfaces such as styrofoam, foam board, paper, wood, metal, and plastics like ABS, promoting creativity and innovation in educational and craft settings. However, it is not suitable for flexible materials like rubber or vinyl, as it remains tacky and won\u2019t properly dry on those surfaces, nor does it adhere to polyethylene or polypropylene. Its lead-free composition makes it a safe and environmentally responsible choice, ideal for use by students, hobbyists, and professionals alike.<\/p>\n","protected":false},"excerpt":{"rendered":"<p>La peinture en a\u00e9rosol ASMACO STYROFOAM est une peinture polyvalente et facile \u00e0 appliquer, sp\u00e9cialement con\u00e7ue pour les travaux de pr\u00e9cision sur diverses surfaces, notamment le polystyr\u00e8ne, le carton-mousse, le papier, le verre, le bois, le m\u00e9tal, le cuir et le plastique ABS. Sans plomb, elle est donc adapt\u00e9e aux \u00e9coles, aux clubs, aux loisirs cr\u00e9atifs et aux projets de loisirs cr\u00e9atifs.<\/p>\n","protected":false},"featured_media":2601,"comment_status":"open","ping_status":"closed","template":"","meta":{"_acf_changed":false},"product_brand":[],"product_cat":[15,161],"product_tag":[],"class_list":{"0":"post-2600","1":"product","2":"type-product","3":"status-publish","4":"has-post-thumbnail","6":"product_cat-aerosols","7":"product_cat-peintures-en-spray","9":"first","10":"instock","11":"shipping-taxable","12":"product-type-simple"},"acf":[],"yoast_head":"<!-- This site is optimized with the Yoast SEO plugin v27.3 - https:\/\/yoast.com\/product\/yoast-seo-wordpress\/ -->\n<title>Peinture en spray ASMACO pour polystyr\u00e8ne - anchoralliedfactory<\/title>\n<meta name=\"robots\" content=\"index, follow, max-snippet:-1, max-image-preview:large, max-video-preview:-1\" \/>\n<link rel=\"canonical\" href=\"https:\/\/anchorallied.com\/fr\/product\/asmaco-styrofoam-spray-paint-spray-paint\/\" \/>\n<meta property=\"og:locale\" content=\"en_US\" \/>\n<meta property=\"og:type\" content=\"article\" \/>\n<meta property=\"og:title\" content=\"Peinture en spray ASMACO pour polystyr\u00e8ne - anchoralliedfactory\" \/>\n<meta property=\"og:description\" content=\"La peinture en a\u00e9rosol ASMACO STYROFOAM est une peinture polyvalente et facile \u00e0 appliquer, sp\u00e9cialement con\u00e7ue pour les travaux de pr\u00e9cision sur diverses surfaces, notamment le polystyr\u00e8ne, le carton-mousse, le papier, le verre, le bois, le m\u00e9tal, le cuir et le plastique ABS. Sans plomb, elle est donc adapt\u00e9e aux \u00e9coles, aux clubs, aux loisirs cr\u00e9atifs et aux projets de loisirs cr\u00e9atifs.\" \/>\n<meta property=\"og:url\" content=\"https:\/\/anchorallied.com\/fr\/product\/asmaco-styrofoam-spray-paint-spray-paint\/\" \/>\n<meta property=\"og:site_name\" content=\"anchoralliedfactory\" \/>\n<meta property=\"article:modified_time\" content=\"2025-07-27T15:43:30+00:00\" \/>\n<meta property=\"og:image\" content=\"https:\/\/anchorallied.com\/fr\/wp-content\/uploads\/2025\/05\/spray_0000_Styrofoam-SP.jpg\" \/>\n\t<meta property=\"og:image:width\" content=\"1200\" \/>\n\t<meta property=\"og:image:height\" content=\"1200\" \/>\n\t<meta property=\"og:image:type\" content=\"image\/jpeg\" \/>\n<meta name=\"twitter:card\" content=\"summary_large_image\" \/>\n<meta name=\"twitter:label1\" content=\"Est. reading time\" \/>\n\t<meta name=\"twitter:data1\" content=\"1 minute\" \/>\n<script type=\"application\/ld+json\" class=\"yoast-schema-graph\">{\"@context\":\"https:\\\/\\\/schema.org\",\"@graph\":[{\"@type\":\"WebPage\",\"@id\":\"https:\\\/\\\/anchorallied.com\\\/fr\\\/product\\\/asmaco-styrofoam-spray-paint-spray-paint\\\/\",\"url\":\"https:\\\/\\\/anchorallied.com\\\/fr\\\/product\\\/asmaco-styrofoam-spray-paint-spray-paint\\\/\",\"name\":\"Peinture en spray ASMACO pour polystyr\u00e8ne - anchoralliedfactory\",\"isPartOf\":{\"@id\":\"https:\\\/\\\/anchorallied.com\\\/fr\\\/#website\"},\"primaryImageOfPage\":{\"@id\":\"https:\\\/\\\/anchorallied.com\\\/fr\\\/product\\\/asmaco-styrofoam-spray-paint-spray-paint\\\/#primaryimage\"},\"image\":{\"@id\":\"https:\\\/\\\/anchorallied.com\\\/fr\\\/product\\\/asmaco-styrofoam-spray-paint-spray-paint\\\/#primaryimage\"},\"thumbnailUrl\":\"https:\\\/\\\/anchorallied.com\\\/fr\\\/wp-content\\\/uploads\\\/2025\\\/05\\\/spray_0000_Styrofoam-SP.jpg\",\"datePublished\":\"2025-05-26T11:58:39+00:00\",\"dateModified\":\"2025-07-27T15:43:30+00:00\",\"breadcrumb\":{\"@id\":\"https:\\\/\\\/anchorallied.com\\\/fr\\\/product\\\/asmaco-styrofoam-spray-paint-spray-paint\\\/#breadcrumb\"},\"inLanguage\":\"en\",\"potentialAction\":[{\"@type\":\"ReadAction\",\"target\":[\"https:\\\/\\\/anchorallied.com\\\/fr\\\/product\\\/asmaco-styrofoam-spray-paint-spray-paint\\\/\"]}]},{\"@type\":\"ImageObject\",\"inLanguage\":\"en\",\"@id\":\"https:\\\/\\\/anchorallied.com\\\/fr\\\/product\\\/asmaco-styrofoam-spray-paint-spray-paint\\\/#primaryimage\",\"url\":\"https:\\\/\\\/anchorallied.com\\\/fr\\\/wp-content\\\/uploads\\\/2025\\\/05\\\/spray_0000_Styrofoam-SP.jpg\",\"contentUrl\":\"https:\\\/\\\/anchorallied.com\\\/fr\\\/wp-content\\\/uploads\\\/2025\\\/05\\\/spray_0000_Styrofoam-SP.jpg\",\"width\":1200,\"height\":1200},{\"@type\":\"BreadcrumbList\",\"@id\":\"https:\\\/\\\/anchorallied.com\\\/fr\\\/product\\\/asmaco-styrofoam-spray-paint-spray-paint\\\/#breadcrumb\",\"itemListElement\":[{\"@type\":\"ListItem\",\"position\":1,\"name\":\"Home\",\"item\":\"http:\\\/\\\/en.anchorallied.com\\\/fr\\\/\"},{\"@type\":\"ListItem\",\"position\":2,\"name\":\"Shop\",\"item\":\"https:\\\/\\\/en.anchorallied.com\\\/fr\\\/shop\\\/\"},{\"@type\":\"ListItem\",\"position\":3,\"name\":\"Peinture en spray ASMACO pour polystyr\u00e8ne\"}]},{\"@type\":\"WebSite\",\"@id\":\"https:\\\/\\\/anchorallied.com\\\/fr\\\/#website\",\"url\":\"https:\\\/\\\/anchorallied.com\\\/fr\\\/\",\"name\":\"anchoralliedfactory\",\"description\":\"\",\"potentialAction\":[{\"@type\":\"SearchAction\",\"target\":{\"@type\":\"EntryPoint\",\"urlTemplate\":\"https:\\\/\\\/anchorallied.com\\\/fr\\\/?s={search_term_string}\"},\"query-input\":{\"@type\":\"PropertyValueSpecification\",\"valueRequired\":true,\"valueName\":\"search_term_string\"}}],\"inLanguage\":\"en\"}]}<\/script>\n<!-- \/ Yoast SEO plugin. -->","yoast_head_json":{"title":"Peinture en spray ASMACO pour polystyr\u00e8ne - anchoralliedfactory","robots":{"index":"index","follow":"follow","max-snippet":"max-snippet:-1","max-image-preview":"max-image-preview:large","max-video-preview":"max-video-preview:-1"},"canonical":"https:\/\/anchorallied.com\/fr\/product\/asmaco-styrofoam-spray-paint-spray-paint\/","og_locale":"en_US","og_type":"article","og_title":"Peinture en spray ASMACO pour polystyr\u00e8ne - anchoralliedfactory","og_description":"La peinture en a\u00e9rosol ASMACO STYROFOAM est une peinture polyvalente et facile \u00e0 appliquer, sp\u00e9cialement con\u00e7ue pour les travaux de pr\u00e9cision sur diverses surfaces, notamment le polystyr\u00e8ne, le carton-mousse, le papier, le verre, le bois, le m\u00e9tal, le cuir et le plastique ABS. Sans plomb, elle est donc adapt\u00e9e aux \u00e9coles, aux clubs, aux loisirs cr\u00e9atifs et aux projets de loisirs cr\u00e9atifs.","og_url":"https:\/\/anchorallied.com\/fr\/product\/asmaco-styrofoam-spray-paint-spray-paint\/","og_site_name":"anchoralliedfactory","article_modified_time":"2025-07-27T15:43:30+00:00","og_image":[{"width":1200,"height":1200,"url":"https:\/\/anchorallied.com\/fr\/wp-content\/uploads\/2025\/05\/spray_0000_Styrofoam-SP.jpg","type":"image\/jpeg"}],"twitter_card":"summary_large_image","twitter_misc":{"Est. reading time":"1 minute"},"schema":{"@context":"https:\/\/schema.org","@graph":[{"@type":"WebPage","@id":"https:\/\/anchorallied.com\/fr\/product\/asmaco-styrofoam-spray-paint-spray-paint\/","url":"https:\/\/anchorallied.com\/fr\/product\/asmaco-styrofoam-spray-paint-spray-paint\/","name":"Peinture en spray ASMACO pour polystyr\u00e8ne - anchoralliedfactory","isPartOf":{"@id":"https:\/\/anchorallied.com\/fr\/#website"},"primaryImageOfPage":{"@id":"https:\/\/anchorallied.com\/fr\/product\/asmaco-styrofoam-spray-paint-spray-paint\/#primaryimage"},"image":{"@id":"https:\/\/anchorallied.com\/fr\/product\/asmaco-styrofoam-spray-paint-spray-paint\/#primaryimage"},"thumbnailUrl":"https:\/\/anchorallied.com\/fr\/wp-content\/uploads\/2025\/05\/spray_0000_Styrofoam-SP.jpg","datePublished":"2025-05-26T11:58:39+00:00","dateModified":"2025-07-27T15:43:30+00:00","breadcrumb":{"@id":"https:\/\/anchorallied.com\/fr\/product\/asmaco-styrofoam-spray-paint-spray-paint\/#breadcrumb"},"inLanguage":"en","potentialAction":[{"@type":"ReadAction","target":["https:\/\/anchorallied.com\/fr\/product\/asmaco-styrofoam-spray-paint-spray-paint\/"]}]},{"@type":"ImageObject","inLanguage":"en","@id":"https:\/\/anchorallied.com\/fr\/product\/asmaco-styrofoam-spray-paint-spray-paint\/#primaryimage","url":"https:\/\/anchorallied.com\/fr\/wp-content\/uploads\/2025\/05\/spray_0000_Styrofoam-SP.jpg","contentUrl":"https:\/\/anchorallied.com\/fr\/wp-content\/uploads\/2025\/05\/spray_0000_Styrofoam-SP.jpg","width":1200,"height":1200},{"@type":"BreadcrumbList","@id":"https:\/\/anchorallied.com\/fr\/product\/asmaco-styrofoam-spray-paint-spray-paint\/#breadcrumb","itemListElement":[{"@type":"ListItem","position":1,"name":"Home","item":"http:\/\/en.anchorallied.com\/fr\/"},{"@type":"ListItem","position":2,"name":"Shop","item":"https:\/\/en.anchorallied.com\/fr\/shop\/"},{"@type":"ListItem","position":3,"name":"Peinture en spray ASMACO pour polystyr\u00e8ne"}]},{"@type":"WebSite","@id":"https:\/\/anchorallied.com\/fr\/#website","url":"https:\/\/anchorallied.com\/fr\/","name":"anchoralliedfactory","description":"","potentialAction":[{"@type":"SearchAction","target":{"@type":"EntryPoint","urlTemplate":"https:\/\/anchorallied.com\/fr\/?s={search_term_string}"},"query-input":{"@type":"PropertyValueSpecification","valueRequired":true,"valueName":"search_term_string"}}],"inLanguage":"en"}]}},"_links":{"self":[{"href":"https:\/\/anchorallied.com\/fr\/wp-json\/wp\/v2\/product\/2600","targetHints":{"allow":["GET"]}}],"collection":[{"href":"https:\/\/anchorallied.com\/fr\/wp-json\/wp\/v2\/product"}],"about":[{"href":"https:\/\/anchorallied.com\/fr\/wp-json\/wp\/v2\/types\/product"}],"replies":[{"embeddable":true,"href":"https:\/\/anchorallied.com\/fr\/wp-json\/wp\/v2\/comments?post=2600"}],"wp:featuredmedia":[{"embeddable":true,"href":"https:\/\/anchorallied.com\/fr\/wp-json\/wp\/v2\/media\/2601"}],"wp:attachment":[{"href":"https:\/\/anchorallied.com\/fr\/wp-json\/wp\/v2\/media?parent=2600"}],"wp:term":[{"taxonomy":"product_brand","embeddable":true,"href":"https:\/\/anchorallied.com\/fr\/wp-json\/wp\/v2\/product_brand?post=2600"},{"taxonomy":"product_cat","embeddable":true,"href":"https:\/\/anchorallied.com\/fr\/wp-json\/wp\/v2\/product_cat?post=2600"},{"taxonomy":"product_tag","embeddable":true,"href":"https:\/\/anchorallied.com\/fr\/wp-json\/wp\/v2\/product_tag?post=2600"}],"curies":[{"name":"wp","href":"https:\/\/api.w.org\/{rel}","templated":true}]}}