{"id":2610,"date":"2025-05-26T12:51:39","date_gmt":"2025-05-26T12:51:39","guid":{"rendered":"http:\/\/anchorallied.com\/fr\/?post_type=product&#038;p=2610"},"modified":"2026-04-13T05:59:15","modified_gmt":"2026-04-13T05:59:15","slug":"asmaco-line-marker-spray-paint-acrylic-spray-paint","status":"publish","type":"product","link":"https:\/\/anchorallied.com\/fr\/product\/asmaco-line-marker-spray-paint-acrylic-spray-paint\/","title":{"rendered":"Peinture en a\u00e9rosol de tra\u00e7age de lignes ASMACO"},"content":{"rendered":"<p>ASMACO Line Marker Spray Paint<br \/>\nPeinture de marquage en a\u00e9rosol \u00e0 haute opacit\u00e9<\/p>\n<p>ASMACO Line Marker offre une excellente couvrance gr\u00e2ce \u00e0 sa formule riche en mati\u00e8res solides, assurant une finition opaque, vive et tr\u00e8s visible.<\/p>\n<p>Elle s\u00e8che rapidement, r\u00e9duisant les temps d\u2019arr\u00eat lors de l\u2019application, et se d\u00e9cline en trois versions selon l\u2019usage :<\/p>\n<p>Permanente pour les zones \u00e0 fort trafic,<\/p>\n<p>Semi-permanente pour trafic mod\u00e9r\u00e9,<\/p>\n<p>Temporaire, \u00e9cologique, pour pelouses naturelles.<\/p>\n<p>Id\u00e9ale pour le tra\u00e7age sur terrains de sport, chantiers, entrep\u00f4ts, parkings et \u00e9v\u00e9nements, selon le niveau de durabilit\u00e9 requis.<\/p>\n","protected":false},"excerpt":{"rendered":"<p>La peinture de marquage de lignes en a\u00e9rosol ASMACO est une peinture acrylique de haute qualit\u00e9 \u00e0 s\u00e9chage rapide, con\u00e7ue pour tracer des lignes nettes, pr\u00e9cises et \u00e9clatantes sur une grande vari\u00e9t\u00e9 de surfaces. Adapt\u00e9e aux applications int\u00e9rieures et ext\u00e9rieures, elle est id\u00e9ale pour marquer avec pr\u00e9cision et facilit\u00e9 le gazon, le b\u00e9ton, le bois, l&#8217;asphalte et les surfaces composites.<\/p>\n","protected":false},"featured_media":2611,"comment_status":"open","ping_status":"closed","template":"","meta":{"_acf_changed":false},"product_brand":[],"product_cat":[15,161],"product_tag":[],"class_list":{"0":"post-2610","1":"product","2":"type-product","3":"status-publish","4":"has-post-thumbnail","6":"product_cat-aerosols","7":"product_cat-peintures-en-spray","9":"first","10":"instock","11":"shipping-taxable","12":"product-type-simple"},"acf":[],"yoast_head":"<!-- This site is optimized with the Yoast SEO plugin v27.3 - https:\/\/yoast.com\/product\/yoast-seo-wordpress\/ -->\n<title>Peinture en a\u00e9rosol de tra\u00e7age de lignes ASMACO - anchoralliedfactory<\/title>\n<meta name=\"robots\" content=\"index, follow, max-snippet:-1, max-image-preview:large, max-video-preview:-1\" \/>\n<link rel=\"canonical\" href=\"https:\/\/anchorallied.com\/fr\/product\/asmaco-line-marker-spray-paint-acrylic-spray-paint\/\" \/>\n<meta property=\"og:locale\" content=\"en_US\" \/>\n<meta property=\"og:type\" content=\"article\" \/>\n<meta property=\"og:title\" content=\"Peinture en a\u00e9rosol de tra\u00e7age de lignes ASMACO - anchoralliedfactory\" \/>\n<meta property=\"og:description\" content=\"La peinture de marquage de lignes en a\u00e9rosol ASMACO est une peinture acrylique de haute qualit\u00e9 \u00e0 s\u00e9chage rapide, con\u00e7ue pour tracer des lignes nettes, pr\u00e9cises et \u00e9clatantes sur une grande vari\u00e9t\u00e9 de surfaces. Adapt\u00e9e aux applications int\u00e9rieures et ext\u00e9rieures, elle est id\u00e9ale pour marquer avec pr\u00e9cision et facilit\u00e9 le gazon, le b\u00e9ton, le bois, l&#039;asphalte et les surfaces composites.\" \/>\n<meta property=\"og:url\" content=\"https:\/\/anchorallied.com\/fr\/product\/asmaco-line-marker-spray-paint-acrylic-spray-paint\/\" \/>\n<meta property=\"og:site_name\" content=\"anchoralliedfactory\" \/>\n<meta property=\"article:modified_time\" content=\"2026-04-13T05:59:15+00:00\" \/>\n<meta property=\"og:image\" content=\"http:\/\/anchorallied.com\/fr\/wp-content\/uploads\/2025\/05\/spray_0008_Asmaco-Line-Marker-SP.jpg\" \/>\n\t<meta property=\"og:image:width\" content=\"1200\" \/>\n\t<meta property=\"og:image:height\" content=\"1200\" \/>\n\t<meta property=\"og:image:type\" content=\"image\/jpeg\" \/>\n<meta name=\"twitter:card\" content=\"summary_large_image\" \/>\n<meta name=\"twitter:label1\" content=\"Est. reading time\" \/>\n\t<meta name=\"twitter:data1\" content=\"4 minutes\" \/>\n<script type=\"application\/ld+json\" class=\"yoast-schema-graph\">{\"@context\":\"https:\\\/\\\/schema.org\",\"@graph\":[{\"@type\":\"WebPage\",\"@id\":\"https:\\\/\\\/anchorallied.com\\\/fr\\\/product\\\/asmaco-line-marker-spray-paint-acrylic-spray-paint\\\/\",\"url\":\"https:\\\/\\\/anchorallied.com\\\/fr\\\/product\\\/asmaco-line-marker-spray-paint-acrylic-spray-paint\\\/\",\"name\":\"Peinture en a\u00e9rosol de tra\u00e7age de lignes ASMACO - anchoralliedfactory\",\"isPartOf\":{\"@id\":\"https:\\\/\\\/anchorallied.com\\\/fr\\\/#website\"},\"primaryImageOfPage\":{\"@id\":\"https:\\\/\\\/anchorallied.com\\\/fr\\\/product\\\/asmaco-line-marker-spray-paint-acrylic-spray-paint\\\/#primaryimage\"},\"image\":{\"@id\":\"https:\\\/\\\/anchorallied.com\\\/fr\\\/product\\\/asmaco-line-marker-spray-paint-acrylic-spray-paint\\\/#primaryimage\"},\"thumbnailUrl\":\"https:\\\/\\\/anchorallied.com\\\/fr\\\/wp-content\\\/uploads\\\/2025\\\/05\\\/spray_0008_Asmaco-Line-Marker-SP.jpg\",\"datePublished\":\"2025-05-26T12:51:39+00:00\",\"dateModified\":\"2026-04-13T05:59:15+00:00\",\"breadcrumb\":{\"@id\":\"https:\\\/\\\/anchorallied.com\\\/fr\\\/product\\\/asmaco-line-marker-spray-paint-acrylic-spray-paint\\\/#breadcrumb\"},\"inLanguage\":\"en\",\"potentialAction\":[{\"@type\":\"ReadAction\",\"target\":[\"https:\\\/\\\/anchorallied.com\\\/fr\\\/product\\\/asmaco-line-marker-spray-paint-acrylic-spray-paint\\\/\"]}]},{\"@type\":\"ImageObject\",\"inLanguage\":\"en\",\"@id\":\"https:\\\/\\\/anchorallied.com\\\/fr\\\/product\\\/asmaco-line-marker-spray-paint-acrylic-spray-paint\\\/#primaryimage\",\"url\":\"https:\\\/\\\/anchorallied.com\\\/fr\\\/wp-content\\\/uploads\\\/2025\\\/05\\\/spray_0008_Asmaco-Line-Marker-SP.jpg\",\"contentUrl\":\"https:\\\/\\\/anchorallied.com\\\/fr\\\/wp-content\\\/uploads\\\/2025\\\/05\\\/spray_0008_Asmaco-Line-Marker-SP.jpg\",\"width\":1200,\"height\":1200},{\"@type\":\"BreadcrumbList\",\"@id\":\"https:\\\/\\\/anchorallied.com\\\/fr\\\/product\\\/asmaco-line-marker-spray-paint-acrylic-spray-paint\\\/#breadcrumb\",\"itemListElement\":[{\"@type\":\"ListItem\",\"position\":1,\"name\":\"Home\",\"item\":\"http:\\\/\\\/en.anchorallied.com\\\/fr\\\/\"},{\"@type\":\"ListItem\",\"position\":2,\"name\":\"Shop\",\"item\":\"https:\\\/\\\/en.anchorallied.com\\\/fr\\\/shop\\\/\"},{\"@type\":\"ListItem\",\"position\":3,\"name\":\"Peinture en a\u00e9rosol de tra\u00e7age de lignes ASMACO\"}]},{\"@type\":\"WebSite\",\"@id\":\"https:\\\/\\\/anchorallied.com\\\/fr\\\/#website\",\"url\":\"https:\\\/\\\/anchorallied.com\\\/fr\\\/\",\"name\":\"anchoralliedfactory\",\"description\":\"\",\"potentialAction\":[{\"@type\":\"SearchAction\",\"target\":{\"@type\":\"EntryPoint\",\"urlTemplate\":\"https:\\\/\\\/anchorallied.com\\\/fr\\\/?s={search_term_string}\"},\"query-input\":{\"@type\":\"PropertyValueSpecification\",\"valueRequired\":true,\"valueName\":\"search_term_string\"}}],\"inLanguage\":\"en\"}]}<\/script>\n<!-- \/ Yoast SEO plugin. -->","yoast_head_json":{"title":"Peinture en a\u00e9rosol de tra\u00e7age de lignes ASMACO - anchoralliedfactory","robots":{"index":"index","follow":"follow","max-snippet":"max-snippet:-1","max-image-preview":"max-image-preview:large","max-video-preview":"max-video-preview:-1"},"canonical":"https:\/\/anchorallied.com\/fr\/product\/asmaco-line-marker-spray-paint-acrylic-spray-paint\/","og_locale":"en_US","og_type":"article","og_title":"Peinture en a\u00e9rosol de tra\u00e7age de lignes ASMACO - anchoralliedfactory","og_description":"La peinture de marquage de lignes en a\u00e9rosol ASMACO est une peinture acrylique de haute qualit\u00e9 \u00e0 s\u00e9chage rapide, con\u00e7ue pour tracer des lignes nettes, pr\u00e9cises et \u00e9clatantes sur une grande vari\u00e9t\u00e9 de surfaces. Adapt\u00e9e aux applications int\u00e9rieures et ext\u00e9rieures, elle est id\u00e9ale pour marquer avec pr\u00e9cision et facilit\u00e9 le gazon, le b\u00e9ton, le bois, l'asphalte et les surfaces composites.","og_url":"https:\/\/anchorallied.com\/fr\/product\/asmaco-line-marker-spray-paint-acrylic-spray-paint\/","og_site_name":"anchoralliedfactory","article_modified_time":"2026-04-13T05:59:15+00:00","og_image":[{"width":1200,"height":1200,"url":"http:\/\/anchorallied.com\/fr\/wp-content\/uploads\/2025\/05\/spray_0008_Asmaco-Line-Marker-SP.jpg","type":"image\/jpeg"}],"twitter_card":"summary_large_image","twitter_misc":{"Est. reading time":"4 minutes"},"schema":{"@context":"https:\/\/schema.org","@graph":[{"@type":"WebPage","@id":"https:\/\/anchorallied.com\/fr\/product\/asmaco-line-marker-spray-paint-acrylic-spray-paint\/","url":"https:\/\/anchorallied.com\/fr\/product\/asmaco-line-marker-spray-paint-acrylic-spray-paint\/","name":"Peinture en a\u00e9rosol de tra\u00e7age de lignes ASMACO - anchoralliedfactory","isPartOf":{"@id":"https:\/\/anchorallied.com\/fr\/#website"},"primaryImageOfPage":{"@id":"https:\/\/anchorallied.com\/fr\/product\/asmaco-line-marker-spray-paint-acrylic-spray-paint\/#primaryimage"},"image":{"@id":"https:\/\/anchorallied.com\/fr\/product\/asmaco-line-marker-spray-paint-acrylic-spray-paint\/#primaryimage"},"thumbnailUrl":"https:\/\/anchorallied.com\/fr\/wp-content\/uploads\/2025\/05\/spray_0008_Asmaco-Line-Marker-SP.jpg","datePublished":"2025-05-26T12:51:39+00:00","dateModified":"2026-04-13T05:59:15+00:00","breadcrumb":{"@id":"https:\/\/anchorallied.com\/fr\/product\/asmaco-line-marker-spray-paint-acrylic-spray-paint\/#breadcrumb"},"inLanguage":"en","potentialAction":[{"@type":"ReadAction","target":["https:\/\/anchorallied.com\/fr\/product\/asmaco-line-marker-spray-paint-acrylic-spray-paint\/"]}]},{"@type":"ImageObject","inLanguage":"en","@id":"https:\/\/anchorallied.com\/fr\/product\/asmaco-line-marker-spray-paint-acrylic-spray-paint\/#primaryimage","url":"https:\/\/anchorallied.com\/fr\/wp-content\/uploads\/2025\/05\/spray_0008_Asmaco-Line-Marker-SP.jpg","contentUrl":"https:\/\/anchorallied.com\/fr\/wp-content\/uploads\/2025\/05\/spray_0008_Asmaco-Line-Marker-SP.jpg","width":1200,"height":1200},{"@type":"BreadcrumbList","@id":"https:\/\/anchorallied.com\/fr\/product\/asmaco-line-marker-spray-paint-acrylic-spray-paint\/#breadcrumb","itemListElement":[{"@type":"ListItem","position":1,"name":"Home","item":"http:\/\/en.anchorallied.com\/fr\/"},{"@type":"ListItem","position":2,"name":"Shop","item":"https:\/\/en.anchorallied.com\/fr\/shop\/"},{"@type":"ListItem","position":3,"name":"Peinture en a\u00e9rosol de tra\u00e7age de lignes ASMACO"}]},{"@type":"WebSite","@id":"https:\/\/anchorallied.com\/fr\/#website","url":"https:\/\/anchorallied.com\/fr\/","name":"anchoralliedfactory","description":"","potentialAction":[{"@type":"SearchAction","target":{"@type":"EntryPoint","urlTemplate":"https:\/\/anchorallied.com\/fr\/?s={search_term_string}"},"query-input":{"@type":"PropertyValueSpecification","valueRequired":true,"valueName":"search_term_string"}}],"inLanguage":"en"}]}},"_links":{"self":[{"href":"https:\/\/anchorallied.com\/fr\/wp-json\/wp\/v2\/product\/2610","targetHints":{"allow":["GET"]}}],"collection":[{"href":"https:\/\/anchorallied.com\/fr\/wp-json\/wp\/v2\/product"}],"about":[{"href":"https:\/\/anchorallied.com\/fr\/wp-json\/wp\/v2\/types\/product"}],"replies":[{"embeddable":true,"href":"https:\/\/anchorallied.com\/fr\/wp-json\/wp\/v2\/comments?post=2610"}],"wp:featuredmedia":[{"embeddable":true,"href":"https:\/\/anchorallied.com\/fr\/wp-json\/wp\/v2\/media\/2611"}],"wp:attachment":[{"href":"https:\/\/anchorallied.com\/fr\/wp-json\/wp\/v2\/media?parent=2610"}],"wp:term":[{"taxonomy":"product_brand","embeddable":true,"href":"https:\/\/anchorallied.com\/fr\/wp-json\/wp\/v2\/product_brand?post=2610"},{"taxonomy":"product_cat","embeddable":true,"href":"https:\/\/anchorallied.com\/fr\/wp-json\/wp\/v2\/product_cat?post=2610"},{"taxonomy":"product_tag","embeddable":true,"href":"https:\/\/anchorallied.com\/fr\/wp-json\/wp\/v2\/product_tag?post=2610"}],"curies":[{"name":"wp","href":"https:\/\/api.w.org\/{rel}","templated":true}]}}