{"id":2612,"date":"2025-05-26T13:02:26","date_gmt":"2025-05-26T13:02:26","guid":{"rendered":"http:\/\/anchorallied.com\/fr\/?post_type=product&#038;p=2612"},"modified":"2026-04-13T06:25:58","modified_gmt":"2026-04-13T06:25:58","slug":"asmaco-air-duster-dust-remover","status":"publish","type":"product","link":"https:\/\/anchorallied.com\/fr\/product\/asmaco-air-duster-dust-remover\/","title":{"rendered":"D\u00e9poussi\u00e9rant \u00e0 air comprim\u00e9 ASMACO"},"content":{"rendered":"<p>ASMACO Air Duster d\u00e9livre un puissant jet \u00e0 haute pression permettant d\u2019\u00e9liminer efficacement les contaminants sans contact direct. \u00c9quip\u00e9 d\u2019un tube d\u2019extension int\u00e9gr\u00e9, il assure une application pr\u00e9cise m\u00eame dans les espaces \u00e9troits ou complexes. Son action instantan\u00e9e et son \u00e9vaporation rapide garantissent un nettoyage sans r\u00e9sidu. Polyvalent, il peut \u00e9galement \u00eatre utilis\u00e9 \u00e0 l\u2019envers pour fonctionner comme spray cong\u00e9lateur ou pour retirer chewing-gums, r\u00e9pondant ainsi aux besoins des secteurs technique et de maintenance g\u00e9n\u00e9rale.<\/p>\n","protected":false},"excerpt":{"rendered":"<p>ASMACO AIR DUSTER est un a\u00e9rosol sec haute pression con\u00e7u pour \u00e9liminer efficacement la poussi\u00e8re, la salet\u00e9 et les d\u00e9bris des zones sensibles et difficiles d&#8217;acc\u00e8s. Il est particuli\u00e8rement adapt\u00e9 au nettoyage des \u00e9quipements \u00e9lectriques isol\u00e9s, des composants \u00e9lectroniques et autres surfaces d\u00e9licates o\u00f9 les m\u00e9thodes de nettoyage humide ne sont pas envisageables.<\/p>\n","protected":false},"featured_media":2613,"comment_status":"open","ping_status":"closed","template":"","meta":{"_acf_changed":false},"product_brand":[],"product_cat":[15,164],"product_tag":[],"class_list":{"0":"post-2612","1":"product","2":"type-product","3":"status-publish","4":"has-post-thumbnail","6":"product_cat-aerosols","7":"product_cat-entretien-automobile","9":"first","10":"instock","11":"shipping-taxable","12":"product-type-simple"},"acf":[],"yoast_head":"<!-- This site is optimized with the Yoast SEO plugin v27.3 - https:\/\/yoast.com\/product\/yoast-seo-wordpress\/ -->\n<title>D\u00e9poussi\u00e9rant \u00e0 air comprim\u00e9 ASMACO - anchoralliedfactory<\/title>\n<meta name=\"robots\" content=\"index, follow, max-snippet:-1, max-image-preview:large, max-video-preview:-1\" \/>\n<link rel=\"canonical\" href=\"https:\/\/anchorallied.com\/fr\/product\/asmaco-air-duster-dust-remover\/\" \/>\n<meta property=\"og:locale\" content=\"en_US\" \/>\n<meta property=\"og:type\" content=\"article\" \/>\n<meta property=\"og:title\" content=\"D\u00e9poussi\u00e9rant \u00e0 air comprim\u00e9 ASMACO - anchoralliedfactory\" \/>\n<meta property=\"og:description\" content=\"ASMACO AIR DUSTER est un a\u00e9rosol sec haute pression con\u00e7u pour \u00e9liminer efficacement la poussi\u00e8re, la salet\u00e9 et les d\u00e9bris des zones sensibles et difficiles d&#039;acc\u00e8s. Il est particuli\u00e8rement adapt\u00e9 au nettoyage des \u00e9quipements \u00e9lectriques isol\u00e9s, des composants \u00e9lectroniques et autres surfaces d\u00e9licates o\u00f9 les m\u00e9thodes de nettoyage humide ne sont pas envisageables.\" \/>\n<meta property=\"og:url\" content=\"https:\/\/anchorallied.com\/fr\/product\/asmaco-air-duster-dust-remover\/\" \/>\n<meta property=\"og:site_name\" content=\"anchoralliedfactory\" \/>\n<meta property=\"article:modified_time\" content=\"2026-04-13T06:25:58+00:00\" \/>\n<meta property=\"og:image\" content=\"http:\/\/anchorallied.com\/fr\/wp-content\/uploads\/2025\/05\/cleaners_0008_Air-Duster.jpg\" \/>\n\t<meta property=\"og:image:width\" content=\"1200\" \/>\n\t<meta property=\"og:image:height\" content=\"1200\" \/>\n\t<meta property=\"og:image:type\" content=\"image\/jpeg\" \/>\n<meta name=\"twitter:card\" content=\"summary_large_image\" \/>\n<meta name=\"twitter:label1\" content=\"Est. reading time\" \/>\n\t<meta name=\"twitter:data1\" content=\"1 minute\" \/>\n<script type=\"application\/ld+json\" class=\"yoast-schema-graph\">{\"@context\":\"https:\\\/\\\/schema.org\",\"@graph\":[{\"@type\":\"WebPage\",\"@id\":\"https:\\\/\\\/anchorallied.com\\\/fr\\\/product\\\/asmaco-air-duster-dust-remover\\\/\",\"url\":\"https:\\\/\\\/anchorallied.com\\\/fr\\\/product\\\/asmaco-air-duster-dust-remover\\\/\",\"name\":\"D\u00e9poussi\u00e9rant \u00e0 air comprim\u00e9 ASMACO - anchoralliedfactory\",\"isPartOf\":{\"@id\":\"https:\\\/\\\/anchorallied.com\\\/fr\\\/#website\"},\"primaryImageOfPage\":{\"@id\":\"https:\\\/\\\/anchorallied.com\\\/fr\\\/product\\\/asmaco-air-duster-dust-remover\\\/#primaryimage\"},\"image\":{\"@id\":\"https:\\\/\\\/anchorallied.com\\\/fr\\\/product\\\/asmaco-air-duster-dust-remover\\\/#primaryimage\"},\"thumbnailUrl\":\"https:\\\/\\\/anchorallied.com\\\/fr\\\/wp-content\\\/uploads\\\/2025\\\/05\\\/cleaners_0008_Air-Duster.jpg\",\"datePublished\":\"2025-05-26T13:02:26+00:00\",\"dateModified\":\"2026-04-13T06:25:58+00:00\",\"breadcrumb\":{\"@id\":\"https:\\\/\\\/anchorallied.com\\\/fr\\\/product\\\/asmaco-air-duster-dust-remover\\\/#breadcrumb\"},\"inLanguage\":\"en\",\"potentialAction\":[{\"@type\":\"ReadAction\",\"target\":[\"https:\\\/\\\/anchorallied.com\\\/fr\\\/product\\\/asmaco-air-duster-dust-remover\\\/\"]}]},{\"@type\":\"ImageObject\",\"inLanguage\":\"en\",\"@id\":\"https:\\\/\\\/anchorallied.com\\\/fr\\\/product\\\/asmaco-air-duster-dust-remover\\\/#primaryimage\",\"url\":\"https:\\\/\\\/anchorallied.com\\\/fr\\\/wp-content\\\/uploads\\\/2025\\\/05\\\/cleaners_0008_Air-Duster.jpg\",\"contentUrl\":\"https:\\\/\\\/anchorallied.com\\\/fr\\\/wp-content\\\/uploads\\\/2025\\\/05\\\/cleaners_0008_Air-Duster.jpg\",\"width\":1200,\"height\":1200},{\"@type\":\"BreadcrumbList\",\"@id\":\"https:\\\/\\\/anchorallied.com\\\/fr\\\/product\\\/asmaco-air-duster-dust-remover\\\/#breadcrumb\",\"itemListElement\":[{\"@type\":\"ListItem\",\"position\":1,\"name\":\"Home\",\"item\":\"http:\\\/\\\/en.anchorallied.com\\\/fr\\\/\"},{\"@type\":\"ListItem\",\"position\":2,\"name\":\"Shop\",\"item\":\"https:\\\/\\\/en.anchorallied.com\\\/fr\\\/shop\\\/\"},{\"@type\":\"ListItem\",\"position\":3,\"name\":\"D\u00e9poussi\u00e9rant \u00e0 air comprim\u00e9 ASMACO\"}]},{\"@type\":\"WebSite\",\"@id\":\"https:\\\/\\\/anchorallied.com\\\/fr\\\/#website\",\"url\":\"https:\\\/\\\/anchorallied.com\\\/fr\\\/\",\"name\":\"anchoralliedfactory\",\"description\":\"\",\"potentialAction\":[{\"@type\":\"SearchAction\",\"target\":{\"@type\":\"EntryPoint\",\"urlTemplate\":\"https:\\\/\\\/anchorallied.com\\\/fr\\\/?s={search_term_string}\"},\"query-input\":{\"@type\":\"PropertyValueSpecification\",\"valueRequired\":true,\"valueName\":\"search_term_string\"}}],\"inLanguage\":\"en\"}]}<\/script>\n<!-- \/ Yoast SEO plugin. -->","yoast_head_json":{"title":"D\u00e9poussi\u00e9rant \u00e0 air comprim\u00e9 ASMACO - anchoralliedfactory","robots":{"index":"index","follow":"follow","max-snippet":"max-snippet:-1","max-image-preview":"max-image-preview:large","max-video-preview":"max-video-preview:-1"},"canonical":"https:\/\/anchorallied.com\/fr\/product\/asmaco-air-duster-dust-remover\/","og_locale":"en_US","og_type":"article","og_title":"D\u00e9poussi\u00e9rant \u00e0 air comprim\u00e9 ASMACO - anchoralliedfactory","og_description":"ASMACO AIR DUSTER est un a\u00e9rosol sec haute pression con\u00e7u pour \u00e9liminer efficacement la poussi\u00e8re, la salet\u00e9 et les d\u00e9bris des zones sensibles et difficiles d'acc\u00e8s. Il est particuli\u00e8rement adapt\u00e9 au nettoyage des \u00e9quipements \u00e9lectriques isol\u00e9s, des composants \u00e9lectroniques et autres surfaces d\u00e9licates o\u00f9 les m\u00e9thodes de nettoyage humide ne sont pas envisageables.","og_url":"https:\/\/anchorallied.com\/fr\/product\/asmaco-air-duster-dust-remover\/","og_site_name":"anchoralliedfactory","article_modified_time":"2026-04-13T06:25:58+00:00","og_image":[{"width":1200,"height":1200,"url":"http:\/\/anchorallied.com\/fr\/wp-content\/uploads\/2025\/05\/cleaners_0008_Air-Duster.jpg","type":"image\/jpeg"}],"twitter_card":"summary_large_image","twitter_misc":{"Est. reading time":"1 minute"},"schema":{"@context":"https:\/\/schema.org","@graph":[{"@type":"WebPage","@id":"https:\/\/anchorallied.com\/fr\/product\/asmaco-air-duster-dust-remover\/","url":"https:\/\/anchorallied.com\/fr\/product\/asmaco-air-duster-dust-remover\/","name":"D\u00e9poussi\u00e9rant \u00e0 air comprim\u00e9 ASMACO - anchoralliedfactory","isPartOf":{"@id":"https:\/\/anchorallied.com\/fr\/#website"},"primaryImageOfPage":{"@id":"https:\/\/anchorallied.com\/fr\/product\/asmaco-air-duster-dust-remover\/#primaryimage"},"image":{"@id":"https:\/\/anchorallied.com\/fr\/product\/asmaco-air-duster-dust-remover\/#primaryimage"},"thumbnailUrl":"https:\/\/anchorallied.com\/fr\/wp-content\/uploads\/2025\/05\/cleaners_0008_Air-Duster.jpg","datePublished":"2025-05-26T13:02:26+00:00","dateModified":"2026-04-13T06:25:58+00:00","breadcrumb":{"@id":"https:\/\/anchorallied.com\/fr\/product\/asmaco-air-duster-dust-remover\/#breadcrumb"},"inLanguage":"en","potentialAction":[{"@type":"ReadAction","target":["https:\/\/anchorallied.com\/fr\/product\/asmaco-air-duster-dust-remover\/"]}]},{"@type":"ImageObject","inLanguage":"en","@id":"https:\/\/anchorallied.com\/fr\/product\/asmaco-air-duster-dust-remover\/#primaryimage","url":"https:\/\/anchorallied.com\/fr\/wp-content\/uploads\/2025\/05\/cleaners_0008_Air-Duster.jpg","contentUrl":"https:\/\/anchorallied.com\/fr\/wp-content\/uploads\/2025\/05\/cleaners_0008_Air-Duster.jpg","width":1200,"height":1200},{"@type":"BreadcrumbList","@id":"https:\/\/anchorallied.com\/fr\/product\/asmaco-air-duster-dust-remover\/#breadcrumb","itemListElement":[{"@type":"ListItem","position":1,"name":"Home","item":"http:\/\/en.anchorallied.com\/fr\/"},{"@type":"ListItem","position":2,"name":"Shop","item":"https:\/\/en.anchorallied.com\/fr\/shop\/"},{"@type":"ListItem","position":3,"name":"D\u00e9poussi\u00e9rant \u00e0 air comprim\u00e9 ASMACO"}]},{"@type":"WebSite","@id":"https:\/\/anchorallied.com\/fr\/#website","url":"https:\/\/anchorallied.com\/fr\/","name":"anchoralliedfactory","description":"","potentialAction":[{"@type":"SearchAction","target":{"@type":"EntryPoint","urlTemplate":"https:\/\/anchorallied.com\/fr\/?s={search_term_string}"},"query-input":{"@type":"PropertyValueSpecification","valueRequired":true,"valueName":"search_term_string"}}],"inLanguage":"en"}]}},"_links":{"self":[{"href":"https:\/\/anchorallied.com\/fr\/wp-json\/wp\/v2\/product\/2612","targetHints":{"allow":["GET"]}}],"collection":[{"href":"https:\/\/anchorallied.com\/fr\/wp-json\/wp\/v2\/product"}],"about":[{"href":"https:\/\/anchorallied.com\/fr\/wp-json\/wp\/v2\/types\/product"}],"replies":[{"embeddable":true,"href":"https:\/\/anchorallied.com\/fr\/wp-json\/wp\/v2\/comments?post=2612"}],"wp:featuredmedia":[{"embeddable":true,"href":"https:\/\/anchorallied.com\/fr\/wp-json\/wp\/v2\/media\/2613"}],"wp:attachment":[{"href":"https:\/\/anchorallied.com\/fr\/wp-json\/wp\/v2\/media?parent=2612"}],"wp:term":[{"taxonomy":"product_brand","embeddable":true,"href":"https:\/\/anchorallied.com\/fr\/wp-json\/wp\/v2\/product_brand?post=2612"},{"taxonomy":"product_cat","embeddable":true,"href":"https:\/\/anchorallied.com\/fr\/wp-json\/wp\/v2\/product_cat?post=2612"},{"taxonomy":"product_tag","embeddable":true,"href":"https:\/\/anchorallied.com\/fr\/wp-json\/wp\/v2\/product_tag?post=2612"}],"curies":[{"name":"wp","href":"https:\/\/api.w.org\/{rel}","templated":true}]}}