{"id":2621,"date":"2025-05-26T13:39:44","date_gmt":"2025-05-26T13:39:44","guid":{"rendered":"http:\/\/anchorallied.com\/fr\/?post_type=product&#038;p=2621"},"modified":"2026-04-13T06:05:42","modified_gmt":"2026-04-13T06:05:42","slug":"asmaco-rs-20-rust-remover-penetrating-oil-rust-remover","status":"publish","type":"product","link":"https:\/\/anchorallied.com\/fr\/product\/asmaco-rs-20-rust-remover-penetrating-oil-rust-remover\/","title":{"rendered":"Huile d\u00e9grippante antirouille ASMACO RS 20"},"content":{"rendered":"<p>ASMACO RS 20<br \/>\nSpray multifonction : lubrification, protection et nettoyage<\/p>\n<p>ASMACO RS 20 p\u00e9n\u00e8tre efficacement pour lubrifier et \u00e9liminer les grincements, assurant le bon fonctionnement des ressorts, charni\u00e8res, fen\u00eatres, portes, serrures, roulettes et autres pi\u00e8ces mobiles.<\/p>\n<p>Ses propri\u00e9t\u00e9s hydrofuges le rendent id\u00e9al pour prot\u00e9ger les composants \u00e9lectriques (bougies, moteurs, appareillages) en \u00e9liminant l\u2019humidit\u00e9 et en pr\u00e9venant les courts-circuits.<\/p>\n<p>Il dissout graisses, colles, r\u00e9sidus, salet\u00e9s et laisse une surface propre et prot\u00e9g\u00e9e. Sa formule d\u00e9pose \u00e9galement une couche anticorrosion, faisant de RS 20 une solution compl\u00e8te d\u2019entretien pour la maison comme pour l\u2019industrie.<\/p>\n","protected":false},"excerpt":{"rendered":"<p>ASMACO RS 20 est un d\u00e9grippant et antirouille \u00e0 base de silicone, formul\u00e9 avec des solvants sp\u00e9cialis\u00e9s pour une lubrification polyvalente, une \u00e9vacuation de l&#8217;humidit\u00e9 et une protection anticorrosion. Id\u00e9al pour les applications m\u00e9caniques et \u00e9lectriques, il offre des performances fiables sur une large gamme de surfaces et de pi\u00e8ces mobiles<\/p>\n","protected":false},"featured_media":2622,"comment_status":"open","ping_status":"closed","template":"","meta":{"_acf_changed":false},"product_brand":[],"product_cat":[15,163],"product_tag":[],"class_list":{"0":"post-2621","1":"product","2":"type-product","3":"status-publish","4":"has-post-thumbnail","6":"product_cat-aerosols","7":"product_cat-anti-rouille-lubrifiants-huile-penetrante","9":"first","10":"instock","11":"shipping-taxable","12":"product-type-simple"},"acf":[],"yoast_head":"<!-- This site is optimized with the Yoast SEO plugin v27.3 - https:\/\/yoast.com\/product\/yoast-seo-wordpress\/ -->\n<title>Huile d\u00e9grippante antirouille ASMACO RS 20 - anchoralliedfactory<\/title>\n<meta name=\"robots\" content=\"index, follow, max-snippet:-1, max-image-preview:large, max-video-preview:-1\" \/>\n<link rel=\"canonical\" href=\"https:\/\/anchorallied.com\/fr\/product\/asmaco-rs-20-rust-remover-penetrating-oil-rust-remover\/\" \/>\n<meta property=\"og:locale\" content=\"en_US\" \/>\n<meta property=\"og:type\" content=\"article\" \/>\n<meta property=\"og:title\" content=\"Huile d\u00e9grippante antirouille ASMACO RS 20 - anchoralliedfactory\" \/>\n<meta property=\"og:description\" content=\"ASMACO RS 20 est un d\u00e9grippant et antirouille \u00e0 base de silicone, formul\u00e9 avec des solvants sp\u00e9cialis\u00e9s pour une lubrification polyvalente, une \u00e9vacuation de l&#039;humidit\u00e9 et une protection anticorrosion. Id\u00e9al pour les applications m\u00e9caniques et \u00e9lectriques, il offre des performances fiables sur une large gamme de surfaces et de pi\u00e8ces mobiles\" \/>\n<meta property=\"og:url\" content=\"https:\/\/anchorallied.com\/fr\/product\/asmaco-rs-20-rust-remover-penetrating-oil-rust-remover\/\" \/>\n<meta property=\"og:site_name\" content=\"anchoralliedfactory\" \/>\n<meta property=\"article:modified_time\" content=\"2026-04-13T06:05:42+00:00\" \/>\n<meta property=\"og:image\" content=\"http:\/\/anchorallied.com\/fr\/wp-content\/uploads\/2025\/05\/cleaners_0000_RS20.jpg\" \/>\n\t<meta property=\"og:image:width\" content=\"1200\" \/>\n\t<meta property=\"og:image:height\" content=\"1200\" \/>\n\t<meta property=\"og:image:type\" content=\"image\/jpeg\" \/>\n<meta name=\"twitter:card\" content=\"summary_large_image\" \/>\n<meta name=\"twitter:label1\" content=\"Est. reading time\" \/>\n\t<meta name=\"twitter:data1\" content=\"1 minute\" \/>\n<script type=\"application\/ld+json\" class=\"yoast-schema-graph\">{\"@context\":\"https:\\\/\\\/schema.org\",\"@graph\":[{\"@type\":\"WebPage\",\"@id\":\"https:\\\/\\\/anchorallied.com\\\/fr\\\/product\\\/asmaco-rs-20-rust-remover-penetrating-oil-rust-remover\\\/\",\"url\":\"https:\\\/\\\/anchorallied.com\\\/fr\\\/product\\\/asmaco-rs-20-rust-remover-penetrating-oil-rust-remover\\\/\",\"name\":\"Huile d\u00e9grippante antirouille ASMACO RS 20 - anchoralliedfactory\",\"isPartOf\":{\"@id\":\"https:\\\/\\\/anchorallied.com\\\/fr\\\/#website\"},\"primaryImageOfPage\":{\"@id\":\"https:\\\/\\\/anchorallied.com\\\/fr\\\/product\\\/asmaco-rs-20-rust-remover-penetrating-oil-rust-remover\\\/#primaryimage\"},\"image\":{\"@id\":\"https:\\\/\\\/anchorallied.com\\\/fr\\\/product\\\/asmaco-rs-20-rust-remover-penetrating-oil-rust-remover\\\/#primaryimage\"},\"thumbnailUrl\":\"https:\\\/\\\/anchorallied.com\\\/fr\\\/wp-content\\\/uploads\\\/2025\\\/05\\\/cleaners_0000_RS20.jpg\",\"datePublished\":\"2025-05-26T13:39:44+00:00\",\"dateModified\":\"2026-04-13T06:05:42+00:00\",\"breadcrumb\":{\"@id\":\"https:\\\/\\\/anchorallied.com\\\/fr\\\/product\\\/asmaco-rs-20-rust-remover-penetrating-oil-rust-remover\\\/#breadcrumb\"},\"inLanguage\":\"en\",\"potentialAction\":[{\"@type\":\"ReadAction\",\"target\":[\"https:\\\/\\\/anchorallied.com\\\/fr\\\/product\\\/asmaco-rs-20-rust-remover-penetrating-oil-rust-remover\\\/\"]}]},{\"@type\":\"ImageObject\",\"inLanguage\":\"en\",\"@id\":\"https:\\\/\\\/anchorallied.com\\\/fr\\\/product\\\/asmaco-rs-20-rust-remover-penetrating-oil-rust-remover\\\/#primaryimage\",\"url\":\"https:\\\/\\\/anchorallied.com\\\/fr\\\/wp-content\\\/uploads\\\/2025\\\/05\\\/cleaners_0000_RS20.jpg\",\"contentUrl\":\"https:\\\/\\\/anchorallied.com\\\/fr\\\/wp-content\\\/uploads\\\/2025\\\/05\\\/cleaners_0000_RS20.jpg\",\"width\":1200,\"height\":1200},{\"@type\":\"BreadcrumbList\",\"@id\":\"https:\\\/\\\/anchorallied.com\\\/fr\\\/product\\\/asmaco-rs-20-rust-remover-penetrating-oil-rust-remover\\\/#breadcrumb\",\"itemListElement\":[{\"@type\":\"ListItem\",\"position\":1,\"name\":\"Home\",\"item\":\"http:\\\/\\\/en.anchorallied.com\\\/fr\\\/\"},{\"@type\":\"ListItem\",\"position\":2,\"name\":\"Shop\",\"item\":\"https:\\\/\\\/en.anchorallied.com\\\/fr\\\/shop\\\/\"},{\"@type\":\"ListItem\",\"position\":3,\"name\":\"Huile d\u00e9grippante antirouille ASMACO RS 20\"}]},{\"@type\":\"WebSite\",\"@id\":\"https:\\\/\\\/anchorallied.com\\\/fr\\\/#website\",\"url\":\"https:\\\/\\\/anchorallied.com\\\/fr\\\/\",\"name\":\"anchoralliedfactory\",\"description\":\"\",\"potentialAction\":[{\"@type\":\"SearchAction\",\"target\":{\"@type\":\"EntryPoint\",\"urlTemplate\":\"https:\\\/\\\/anchorallied.com\\\/fr\\\/?s={search_term_string}\"},\"query-input\":{\"@type\":\"PropertyValueSpecification\",\"valueRequired\":true,\"valueName\":\"search_term_string\"}}],\"inLanguage\":\"en\"}]}<\/script>\n<!-- \/ Yoast SEO plugin. -->","yoast_head_json":{"title":"Huile d\u00e9grippante antirouille ASMACO RS 20 - anchoralliedfactory","robots":{"index":"index","follow":"follow","max-snippet":"max-snippet:-1","max-image-preview":"max-image-preview:large","max-video-preview":"max-video-preview:-1"},"canonical":"https:\/\/anchorallied.com\/fr\/product\/asmaco-rs-20-rust-remover-penetrating-oil-rust-remover\/","og_locale":"en_US","og_type":"article","og_title":"Huile d\u00e9grippante antirouille ASMACO RS 20 - anchoralliedfactory","og_description":"ASMACO RS 20 est un d\u00e9grippant et antirouille \u00e0 base de silicone, formul\u00e9 avec des solvants sp\u00e9cialis\u00e9s pour une lubrification polyvalente, une \u00e9vacuation de l'humidit\u00e9 et une protection anticorrosion. Id\u00e9al pour les applications m\u00e9caniques et \u00e9lectriques, il offre des performances fiables sur une large gamme de surfaces et de pi\u00e8ces mobiles","og_url":"https:\/\/anchorallied.com\/fr\/product\/asmaco-rs-20-rust-remover-penetrating-oil-rust-remover\/","og_site_name":"anchoralliedfactory","article_modified_time":"2026-04-13T06:05:42+00:00","og_image":[{"width":1200,"height":1200,"url":"http:\/\/anchorallied.com\/fr\/wp-content\/uploads\/2025\/05\/cleaners_0000_RS20.jpg","type":"image\/jpeg"}],"twitter_card":"summary_large_image","twitter_misc":{"Est. reading time":"1 minute"},"schema":{"@context":"https:\/\/schema.org","@graph":[{"@type":"WebPage","@id":"https:\/\/anchorallied.com\/fr\/product\/asmaco-rs-20-rust-remover-penetrating-oil-rust-remover\/","url":"https:\/\/anchorallied.com\/fr\/product\/asmaco-rs-20-rust-remover-penetrating-oil-rust-remover\/","name":"Huile d\u00e9grippante antirouille ASMACO RS 20 - anchoralliedfactory","isPartOf":{"@id":"https:\/\/anchorallied.com\/fr\/#website"},"primaryImageOfPage":{"@id":"https:\/\/anchorallied.com\/fr\/product\/asmaco-rs-20-rust-remover-penetrating-oil-rust-remover\/#primaryimage"},"image":{"@id":"https:\/\/anchorallied.com\/fr\/product\/asmaco-rs-20-rust-remover-penetrating-oil-rust-remover\/#primaryimage"},"thumbnailUrl":"https:\/\/anchorallied.com\/fr\/wp-content\/uploads\/2025\/05\/cleaners_0000_RS20.jpg","datePublished":"2025-05-26T13:39:44+00:00","dateModified":"2026-04-13T06:05:42+00:00","breadcrumb":{"@id":"https:\/\/anchorallied.com\/fr\/product\/asmaco-rs-20-rust-remover-penetrating-oil-rust-remover\/#breadcrumb"},"inLanguage":"en","potentialAction":[{"@type":"ReadAction","target":["https:\/\/anchorallied.com\/fr\/product\/asmaco-rs-20-rust-remover-penetrating-oil-rust-remover\/"]}]},{"@type":"ImageObject","inLanguage":"en","@id":"https:\/\/anchorallied.com\/fr\/product\/asmaco-rs-20-rust-remover-penetrating-oil-rust-remover\/#primaryimage","url":"https:\/\/anchorallied.com\/fr\/wp-content\/uploads\/2025\/05\/cleaners_0000_RS20.jpg","contentUrl":"https:\/\/anchorallied.com\/fr\/wp-content\/uploads\/2025\/05\/cleaners_0000_RS20.jpg","width":1200,"height":1200},{"@type":"BreadcrumbList","@id":"https:\/\/anchorallied.com\/fr\/product\/asmaco-rs-20-rust-remover-penetrating-oil-rust-remover\/#breadcrumb","itemListElement":[{"@type":"ListItem","position":1,"name":"Home","item":"http:\/\/en.anchorallied.com\/fr\/"},{"@type":"ListItem","position":2,"name":"Shop","item":"https:\/\/en.anchorallied.com\/fr\/shop\/"},{"@type":"ListItem","position":3,"name":"Huile d\u00e9grippante antirouille ASMACO RS 20"}]},{"@type":"WebSite","@id":"https:\/\/anchorallied.com\/fr\/#website","url":"https:\/\/anchorallied.com\/fr\/","name":"anchoralliedfactory","description":"","potentialAction":[{"@type":"SearchAction","target":{"@type":"EntryPoint","urlTemplate":"https:\/\/anchorallied.com\/fr\/?s={search_term_string}"},"query-input":{"@type":"PropertyValueSpecification","valueRequired":true,"valueName":"search_term_string"}}],"inLanguage":"en"}]}},"_links":{"self":[{"href":"https:\/\/anchorallied.com\/fr\/wp-json\/wp\/v2\/product\/2621","targetHints":{"allow":["GET"]}}],"collection":[{"href":"https:\/\/anchorallied.com\/fr\/wp-json\/wp\/v2\/product"}],"about":[{"href":"https:\/\/anchorallied.com\/fr\/wp-json\/wp\/v2\/types\/product"}],"replies":[{"embeddable":true,"href":"https:\/\/anchorallied.com\/fr\/wp-json\/wp\/v2\/comments?post=2621"}],"wp:featuredmedia":[{"embeddable":true,"href":"https:\/\/anchorallied.com\/fr\/wp-json\/wp\/v2\/media\/2622"}],"wp:attachment":[{"href":"https:\/\/anchorallied.com\/fr\/wp-json\/wp\/v2\/media?parent=2621"}],"wp:term":[{"taxonomy":"product_brand","embeddable":true,"href":"https:\/\/anchorallied.com\/fr\/wp-json\/wp\/v2\/product_brand?post=2621"},{"taxonomy":"product_cat","embeddable":true,"href":"https:\/\/anchorallied.com\/fr\/wp-json\/wp\/v2\/product_cat?post=2621"},{"taxonomy":"product_tag","embeddable":true,"href":"https:\/\/anchorallied.com\/fr\/wp-json\/wp\/v2\/product_tag?post=2621"}],"curies":[{"name":"wp","href":"https:\/\/api.w.org\/{rel}","templated":true}]}}