{"id":2623,"date":"2025-05-26T13:43:19","date_gmt":"2025-05-26T13:43:19","guid":{"rendered":"https:\/\/anchorallied.com\/fr\/?post_type=product&#038;p=2623"},"modified":"2025-07-27T15:43:30","modified_gmt":"2025-07-27T15:43:30","slug":"asmaco-rs-20-pro-rust-remover","status":"publish","type":"product","link":"https:\/\/anchorallied.com\/fr\/product\/asmaco-rs-20-pro-rust-remover\/","title":{"rendered":"D\u00e9grippant ASMACO RS-20 PRO"},"content":{"rendered":"<p>ASMACO RS-20 PRO<br \/>\nD\u00e9graissant \u2013 D\u00e9grippant \u2013 Antirouille haute performance<\/p>\n<p>ASMACO RS-20 PRO est sp\u00e9cialement formul\u00e9 pour d\u00e9coller la rouille tenace sur les joints, filetages et assemblages bloqu\u00e9s. Sa p\u00e9n\u00e9tration rapide lib\u00e8re facilement les pi\u00e8ces gripp\u00e9es telles que boulons, \u00e9crous, cadenas ou cha\u00eenes.<\/p>\n<p>Il dissout efficacement graisses, goudrons, colles, d\u00e9p\u00f4ts salins et autres r\u00e9sidus r\u00e9sistants, tout en laissant un film protecteur anti-corrosion.<\/p>\n<p>Aussi lubrifiant, il r\u00e9duit les frottements, \u00e9limine les grincements et r\u00e9tablit le bon fonctionnement des pi\u00e8ces mobiles.<\/p>\n<p>Polyvalent, RS-20 PRO convient aussi bien \u00e0 l\u2019entretien domestique et automobile qu\u2019\u00e0 des usages industriels ou maritimes exigeants.<\/p>\n","protected":false},"excerpt":{"rendered":"<p>ASMACO RS-20 PRO est un puissant d\u00e9grippant et lubrifiant sans silicone, con\u00e7u pour une action rapide. Il p\u00e9n\u00e8tre en profondeur dans les espaces restreints et desserre efficacement les composants rouill\u00e9s ou gripp\u00e9s tels que les boulons, les \u00e9crous, les serrures et les cha\u00eenes. Id\u00e9al pour les applications marines, domestiques, en garage, industrielles et de maintenance, il nettoie, lubrifie et prot\u00e8ge \u00e9galement contre la corrosion.<\/p>\n","protected":false},"featured_media":2624,"comment_status":"open","ping_status":"closed","template":"","meta":{"_acf_changed":false},"product_brand":[],"product_cat":[15,163],"product_tag":[],"class_list":{"0":"post-2623","1":"product","2":"type-product","3":"status-publish","4":"has-post-thumbnail","6":"product_cat-aerosols","7":"product_cat-anti-rouille-lubrifiants-huile-penetrante","9":"first","10":"instock","11":"shipping-taxable","12":"product-type-simple"},"acf":[],"yoast_head":"<!-- This site is optimized with the Yoast SEO plugin v27.3 - https:\/\/yoast.com\/product\/yoast-seo-wordpress\/ -->\n<title>D\u00e9grippant ASMACO RS-20 PRO - anchoralliedfactory<\/title>\n<meta name=\"robots\" content=\"index, follow, max-snippet:-1, max-image-preview:large, max-video-preview:-1\" \/>\n<link rel=\"canonical\" href=\"https:\/\/anchorallied.com\/fr\/product\/asmaco-rs-20-pro-rust-remover\/\" \/>\n<meta property=\"og:locale\" content=\"en_US\" \/>\n<meta property=\"og:type\" content=\"article\" \/>\n<meta property=\"og:title\" content=\"D\u00e9grippant ASMACO RS-20 PRO - anchoralliedfactory\" \/>\n<meta property=\"og:description\" content=\"ASMACO RS-20 PRO est un puissant d\u00e9grippant et lubrifiant sans silicone, con\u00e7u pour une action rapide. Il p\u00e9n\u00e8tre en profondeur dans les espaces restreints et desserre efficacement les composants rouill\u00e9s ou gripp\u00e9s tels que les boulons, les \u00e9crous, les serrures et les cha\u00eenes. Id\u00e9al pour les applications marines, domestiques, en garage, industrielles et de maintenance, il nettoie, lubrifie et prot\u00e8ge \u00e9galement contre la corrosion.\" \/>\n<meta property=\"og:url\" content=\"https:\/\/anchorallied.com\/fr\/product\/asmaco-rs-20-pro-rust-remover\/\" \/>\n<meta property=\"og:site_name\" content=\"anchoralliedfactory\" \/>\n<meta property=\"article:modified_time\" content=\"2025-07-27T15:43:30+00:00\" \/>\n<meta property=\"og:image\" content=\"https:\/\/anchorallied.com\/fr\/wp-content\/uploads\/2025\/05\/cleaners_0001_RS20-Pro.jpg\" \/>\n\t<meta property=\"og:image:width\" content=\"1200\" \/>\n\t<meta property=\"og:image:height\" content=\"1200\" \/>\n\t<meta property=\"og:image:type\" content=\"image\/jpeg\" \/>\n<meta name=\"twitter:card\" content=\"summary_large_image\" \/>\n<meta name=\"twitter:label1\" content=\"Est. reading time\" \/>\n\t<meta name=\"twitter:data1\" content=\"1 minute\" \/>\n<script type=\"application\/ld+json\" class=\"yoast-schema-graph\">{\"@context\":\"https:\\\/\\\/schema.org\",\"@graph\":[{\"@type\":\"WebPage\",\"@id\":\"https:\\\/\\\/anchorallied.com\\\/fr\\\/product\\\/asmaco-rs-20-pro-rust-remover\\\/\",\"url\":\"https:\\\/\\\/anchorallied.com\\\/fr\\\/product\\\/asmaco-rs-20-pro-rust-remover\\\/\",\"name\":\"D\u00e9grippant ASMACO RS-20 PRO - anchoralliedfactory\",\"isPartOf\":{\"@id\":\"https:\\\/\\\/anchorallied.com\\\/fr\\\/#website\"},\"primaryImageOfPage\":{\"@id\":\"https:\\\/\\\/anchorallied.com\\\/fr\\\/product\\\/asmaco-rs-20-pro-rust-remover\\\/#primaryimage\"},\"image\":{\"@id\":\"https:\\\/\\\/anchorallied.com\\\/fr\\\/product\\\/asmaco-rs-20-pro-rust-remover\\\/#primaryimage\"},\"thumbnailUrl\":\"https:\\\/\\\/anchorallied.com\\\/fr\\\/wp-content\\\/uploads\\\/2025\\\/05\\\/cleaners_0001_RS20-Pro.jpg\",\"datePublished\":\"2025-05-26T13:43:19+00:00\",\"dateModified\":\"2025-07-27T15:43:30+00:00\",\"breadcrumb\":{\"@id\":\"https:\\\/\\\/anchorallied.com\\\/fr\\\/product\\\/asmaco-rs-20-pro-rust-remover\\\/#breadcrumb\"},\"inLanguage\":\"en\",\"potentialAction\":[{\"@type\":\"ReadAction\",\"target\":[\"https:\\\/\\\/anchorallied.com\\\/fr\\\/product\\\/asmaco-rs-20-pro-rust-remover\\\/\"]}]},{\"@type\":\"ImageObject\",\"inLanguage\":\"en\",\"@id\":\"https:\\\/\\\/anchorallied.com\\\/fr\\\/product\\\/asmaco-rs-20-pro-rust-remover\\\/#primaryimage\",\"url\":\"https:\\\/\\\/anchorallied.com\\\/fr\\\/wp-content\\\/uploads\\\/2025\\\/05\\\/cleaners_0001_RS20-Pro.jpg\",\"contentUrl\":\"https:\\\/\\\/anchorallied.com\\\/fr\\\/wp-content\\\/uploads\\\/2025\\\/05\\\/cleaners_0001_RS20-Pro.jpg\",\"width\":1200,\"height\":1200},{\"@type\":\"BreadcrumbList\",\"@id\":\"https:\\\/\\\/anchorallied.com\\\/fr\\\/product\\\/asmaco-rs-20-pro-rust-remover\\\/#breadcrumb\",\"itemListElement\":[{\"@type\":\"ListItem\",\"position\":1,\"name\":\"Home\",\"item\":\"https:\\\/\\\/en.anchorallied.com\\\/fr\\\/\"},{\"@type\":\"ListItem\",\"position\":2,\"name\":\"Shop\",\"item\":\"https:\\\/\\\/en.anchorallied.com\\\/fr\\\/shop\\\/\"},{\"@type\":\"ListItem\",\"position\":3,\"name\":\"D\u00e9grippant ASMACO RS-20 PRO\"}]},{\"@type\":\"WebSite\",\"@id\":\"https:\\\/\\\/anchorallied.com\\\/fr\\\/#website\",\"url\":\"https:\\\/\\\/anchorallied.com\\\/fr\\\/\",\"name\":\"anchoralliedfactory\",\"description\":\"\",\"potentialAction\":[{\"@type\":\"SearchAction\",\"target\":{\"@type\":\"EntryPoint\",\"urlTemplate\":\"https:\\\/\\\/anchorallied.com\\\/fr\\\/?s={search_term_string}\"},\"query-input\":{\"@type\":\"PropertyValueSpecification\",\"valueRequired\":true,\"valueName\":\"search_term_string\"}}],\"inLanguage\":\"en\"}]}<\/script>\n<!-- \/ Yoast SEO plugin. -->","yoast_head_json":{"title":"D\u00e9grippant ASMACO RS-20 PRO - anchoralliedfactory","robots":{"index":"index","follow":"follow","max-snippet":"max-snippet:-1","max-image-preview":"max-image-preview:large","max-video-preview":"max-video-preview:-1"},"canonical":"https:\/\/anchorallied.com\/fr\/product\/asmaco-rs-20-pro-rust-remover\/","og_locale":"en_US","og_type":"article","og_title":"D\u00e9grippant ASMACO RS-20 PRO - anchoralliedfactory","og_description":"ASMACO RS-20 PRO est un puissant d\u00e9grippant et lubrifiant sans silicone, con\u00e7u pour une action rapide. Il p\u00e9n\u00e8tre en profondeur dans les espaces restreints et desserre efficacement les composants rouill\u00e9s ou gripp\u00e9s tels que les boulons, les \u00e9crous, les serrures et les cha\u00eenes. Id\u00e9al pour les applications marines, domestiques, en garage, industrielles et de maintenance, il nettoie, lubrifie et prot\u00e8ge \u00e9galement contre la corrosion.","og_url":"https:\/\/anchorallied.com\/fr\/product\/asmaco-rs-20-pro-rust-remover\/","og_site_name":"anchoralliedfactory","article_modified_time":"2025-07-27T15:43:30+00:00","og_image":[{"width":1200,"height":1200,"url":"https:\/\/anchorallied.com\/fr\/wp-content\/uploads\/2025\/05\/cleaners_0001_RS20-Pro.jpg","type":"image\/jpeg"}],"twitter_card":"summary_large_image","twitter_misc":{"Est. reading time":"1 minute"},"schema":{"@context":"https:\/\/schema.org","@graph":[{"@type":"WebPage","@id":"https:\/\/anchorallied.com\/fr\/product\/asmaco-rs-20-pro-rust-remover\/","url":"https:\/\/anchorallied.com\/fr\/product\/asmaco-rs-20-pro-rust-remover\/","name":"D\u00e9grippant ASMACO RS-20 PRO - anchoralliedfactory","isPartOf":{"@id":"https:\/\/anchorallied.com\/fr\/#website"},"primaryImageOfPage":{"@id":"https:\/\/anchorallied.com\/fr\/product\/asmaco-rs-20-pro-rust-remover\/#primaryimage"},"image":{"@id":"https:\/\/anchorallied.com\/fr\/product\/asmaco-rs-20-pro-rust-remover\/#primaryimage"},"thumbnailUrl":"https:\/\/anchorallied.com\/fr\/wp-content\/uploads\/2025\/05\/cleaners_0001_RS20-Pro.jpg","datePublished":"2025-05-26T13:43:19+00:00","dateModified":"2025-07-27T15:43:30+00:00","breadcrumb":{"@id":"https:\/\/anchorallied.com\/fr\/product\/asmaco-rs-20-pro-rust-remover\/#breadcrumb"},"inLanguage":"en","potentialAction":[{"@type":"ReadAction","target":["https:\/\/anchorallied.com\/fr\/product\/asmaco-rs-20-pro-rust-remover\/"]}]},{"@type":"ImageObject","inLanguage":"en","@id":"https:\/\/anchorallied.com\/fr\/product\/asmaco-rs-20-pro-rust-remover\/#primaryimage","url":"https:\/\/anchorallied.com\/fr\/wp-content\/uploads\/2025\/05\/cleaners_0001_RS20-Pro.jpg","contentUrl":"https:\/\/anchorallied.com\/fr\/wp-content\/uploads\/2025\/05\/cleaners_0001_RS20-Pro.jpg","width":1200,"height":1200},{"@type":"BreadcrumbList","@id":"https:\/\/anchorallied.com\/fr\/product\/asmaco-rs-20-pro-rust-remover\/#breadcrumb","itemListElement":[{"@type":"ListItem","position":1,"name":"Home","item":"https:\/\/en.anchorallied.com\/fr\/"},{"@type":"ListItem","position":2,"name":"Shop","item":"https:\/\/en.anchorallied.com\/fr\/shop\/"},{"@type":"ListItem","position":3,"name":"D\u00e9grippant ASMACO RS-20 PRO"}]},{"@type":"WebSite","@id":"https:\/\/anchorallied.com\/fr\/#website","url":"https:\/\/anchorallied.com\/fr\/","name":"anchoralliedfactory","description":"","potentialAction":[{"@type":"SearchAction","target":{"@type":"EntryPoint","urlTemplate":"https:\/\/anchorallied.com\/fr\/?s={search_term_string}"},"query-input":{"@type":"PropertyValueSpecification","valueRequired":true,"valueName":"search_term_string"}}],"inLanguage":"en"}]}},"_links":{"self":[{"href":"https:\/\/anchorallied.com\/fr\/wp-json\/wp\/v2\/product\/2623","targetHints":{"allow":["GET"]}}],"collection":[{"href":"https:\/\/anchorallied.com\/fr\/wp-json\/wp\/v2\/product"}],"about":[{"href":"https:\/\/anchorallied.com\/fr\/wp-json\/wp\/v2\/types\/product"}],"replies":[{"embeddable":true,"href":"https:\/\/anchorallied.com\/fr\/wp-json\/wp\/v2\/comments?post=2623"}],"wp:featuredmedia":[{"embeddable":true,"href":"https:\/\/anchorallied.com\/fr\/wp-json\/wp\/v2\/media\/2624"}],"wp:attachment":[{"href":"https:\/\/anchorallied.com\/fr\/wp-json\/wp\/v2\/media?parent=2623"}],"wp:term":[{"taxonomy":"product_brand","embeddable":true,"href":"https:\/\/anchorallied.com\/fr\/wp-json\/wp\/v2\/product_brand?post=2623"},{"taxonomy":"product_cat","embeddable":true,"href":"https:\/\/anchorallied.com\/fr\/wp-json\/wp\/v2\/product_cat?post=2623"},{"taxonomy":"product_tag","embeddable":true,"href":"https:\/\/anchorallied.com\/fr\/wp-json\/wp\/v2\/product_tag?post=2623"}],"curies":[{"name":"wp","href":"https:\/\/api.w.org\/{rel}","templated":true}]}}