{"id":2628,"date":"2025-05-26T13:52:29","date_gmt":"2025-05-26T13:52:29","guid":{"rendered":"http:\/\/anchorallied.com\/fr\/?post_type=product&#038;p=2628"},"modified":"2026-04-13T06:10:28","modified_gmt":"2026-04-13T06:10:28","slug":"aura-furniture-polish-furniture-polish","status":"publish","type":"product","link":"https:\/\/anchorallied.com\/fr\/product\/aura-furniture-polish-furniture-polish\/","title":{"rendered":"Cire pour meubles AURA"},"content":{"rendered":"<p>AURA Furniture Polish<br \/>\nPolish sans cire pour l\u2019entretien du bois<\/p>\n<p>AURA Furniture Polish offre un soin sup\u00e9rieur pour les surfaces en bois sans laisser de film gras ni utiliser de cire. Il \u00e9limine efficacement la poussi\u00e8re et les traces, tout en nourrissant le bois pour raviver sa brillance d\u2019origine.<\/p>\n<p>Il sublime le veinage naturel, apportant une finition riche et profonde. Id\u00e9al pour une large gamme d\u2019usages : meubles anciens, tables, chaises, armoires, portes, mobilier de bureau ou de chambre.<\/p>\n<p>Sa formule douce mais efficace est adapt\u00e9<\/p>\n","protected":false},"excerpt":{"rendered":"<p>Le produit de polissage pour meubles AURA est une formule haut de gamme, sans cire, sp\u00e9cialement con\u00e7ue pour nettoyer, prot\u00e9ger et sublimer les meubles en bois. Il offre un lustre riche et profond qui met en valeur le veinage naturel du bois, ce qui le rend id\u00e9al pour tous les types de surfaces en bois, y compris les meubles anciens et modernes.<\/p>\n","protected":false},"featured_media":2629,"comment_status":"open","ping_status":"closed","template":"","meta":{"_acf_changed":false},"product_brand":[],"product_cat":[15,162],"product_tag":[],"class_list":{"0":"post-2628","1":"product","2":"type-product","3":"status-publish","4":"has-post-thumbnail","6":"product_cat-aerosols","7":"product_cat-polissage-et-nettoyants","9":"first","10":"instock","11":"shipping-taxable","12":"product-type-simple"},"acf":[],"yoast_head":"<!-- This site is optimized with the Yoast SEO plugin v27.3 - https:\/\/yoast.com\/product\/yoast-seo-wordpress\/ -->\n<title>Cire pour meubles AURA - anchoralliedfactory<\/title>\n<meta name=\"robots\" content=\"index, follow, max-snippet:-1, max-image-preview:large, max-video-preview:-1\" \/>\n<link rel=\"canonical\" href=\"https:\/\/anchorallied.com\/fr\/product\/aura-furniture-polish-furniture-polish\/\" \/>\n<meta property=\"og:locale\" content=\"en_US\" \/>\n<meta property=\"og:type\" content=\"article\" \/>\n<meta property=\"og:title\" content=\"Cire pour meubles AURA - anchoralliedfactory\" \/>\n<meta property=\"og:description\" content=\"Le produit de polissage pour meubles AURA est une formule haut de gamme, sans cire, sp\u00e9cialement con\u00e7ue pour nettoyer, prot\u00e9ger et sublimer les meubles en bois. Il offre un lustre riche et profond qui met en valeur le veinage naturel du bois, ce qui le rend id\u00e9al pour tous les types de surfaces en bois, y compris les meubles anciens et modernes.\" \/>\n<meta property=\"og:url\" content=\"https:\/\/anchorallied.com\/fr\/product\/aura-furniture-polish-furniture-polish\/\" \/>\n<meta property=\"og:site_name\" content=\"anchoralliedfactory\" \/>\n<meta property=\"article:modified_time\" content=\"2026-04-13T06:10:28+00:00\" \/>\n<meta property=\"og:image\" content=\"http:\/\/anchorallied.com\/fr\/wp-content\/uploads\/2025\/05\/cleaners_0004_Furniture-Polish.jpg\" \/>\n\t<meta property=\"og:image:width\" content=\"1200\" \/>\n\t<meta property=\"og:image:height\" content=\"1200\" \/>\n\t<meta property=\"og:image:type\" content=\"image\/jpeg\" \/>\n<meta name=\"twitter:card\" content=\"summary_large_image\" \/>\n<meta name=\"twitter:label1\" content=\"Est. reading time\" \/>\n\t<meta name=\"twitter:data1\" content=\"1 minute\" \/>\n<script type=\"application\/ld+json\" class=\"yoast-schema-graph\">{\"@context\":\"https:\\\/\\\/schema.org\",\"@graph\":[{\"@type\":\"WebPage\",\"@id\":\"https:\\\/\\\/anchorallied.com\\\/fr\\\/product\\\/aura-furniture-polish-furniture-polish\\\/\",\"url\":\"https:\\\/\\\/anchorallied.com\\\/fr\\\/product\\\/aura-furniture-polish-furniture-polish\\\/\",\"name\":\"Cire pour meubles AURA - anchoralliedfactory\",\"isPartOf\":{\"@id\":\"https:\\\/\\\/anchorallied.com\\\/fr\\\/#website\"},\"primaryImageOfPage\":{\"@id\":\"https:\\\/\\\/anchorallied.com\\\/fr\\\/product\\\/aura-furniture-polish-furniture-polish\\\/#primaryimage\"},\"image\":{\"@id\":\"https:\\\/\\\/anchorallied.com\\\/fr\\\/product\\\/aura-furniture-polish-furniture-polish\\\/#primaryimage\"},\"thumbnailUrl\":\"https:\\\/\\\/anchorallied.com\\\/fr\\\/wp-content\\\/uploads\\\/2025\\\/05\\\/cleaners_0004_Furniture-Polish.jpg\",\"datePublished\":\"2025-05-26T13:52:29+00:00\",\"dateModified\":\"2026-04-13T06:10:28+00:00\",\"breadcrumb\":{\"@id\":\"https:\\\/\\\/anchorallied.com\\\/fr\\\/product\\\/aura-furniture-polish-furniture-polish\\\/#breadcrumb\"},\"inLanguage\":\"en\",\"potentialAction\":[{\"@type\":\"ReadAction\",\"target\":[\"https:\\\/\\\/anchorallied.com\\\/fr\\\/product\\\/aura-furniture-polish-furniture-polish\\\/\"]}]},{\"@type\":\"ImageObject\",\"inLanguage\":\"en\",\"@id\":\"https:\\\/\\\/anchorallied.com\\\/fr\\\/product\\\/aura-furniture-polish-furniture-polish\\\/#primaryimage\",\"url\":\"https:\\\/\\\/anchorallied.com\\\/fr\\\/wp-content\\\/uploads\\\/2025\\\/05\\\/cleaners_0004_Furniture-Polish.jpg\",\"contentUrl\":\"https:\\\/\\\/anchorallied.com\\\/fr\\\/wp-content\\\/uploads\\\/2025\\\/05\\\/cleaners_0004_Furniture-Polish.jpg\",\"width\":1200,\"height\":1200},{\"@type\":\"BreadcrumbList\",\"@id\":\"https:\\\/\\\/anchorallied.com\\\/fr\\\/product\\\/aura-furniture-polish-furniture-polish\\\/#breadcrumb\",\"itemListElement\":[{\"@type\":\"ListItem\",\"position\":1,\"name\":\"Home\",\"item\":\"http:\\\/\\\/en.anchorallied.com\\\/fr\\\/\"},{\"@type\":\"ListItem\",\"position\":2,\"name\":\"Shop\",\"item\":\"https:\\\/\\\/en.anchorallied.com\\\/fr\\\/shop\\\/\"},{\"@type\":\"ListItem\",\"position\":3,\"name\":\"Cire pour meubles AURA\"}]},{\"@type\":\"WebSite\",\"@id\":\"https:\\\/\\\/anchorallied.com\\\/fr\\\/#website\",\"url\":\"https:\\\/\\\/anchorallied.com\\\/fr\\\/\",\"name\":\"anchoralliedfactory\",\"description\":\"\",\"potentialAction\":[{\"@type\":\"SearchAction\",\"target\":{\"@type\":\"EntryPoint\",\"urlTemplate\":\"https:\\\/\\\/anchorallied.com\\\/fr\\\/?s={search_term_string}\"},\"query-input\":{\"@type\":\"PropertyValueSpecification\",\"valueRequired\":true,\"valueName\":\"search_term_string\"}}],\"inLanguage\":\"en\"}]}<\/script>\n<!-- \/ Yoast SEO plugin. -->","yoast_head_json":{"title":"Cire pour meubles AURA - anchoralliedfactory","robots":{"index":"index","follow":"follow","max-snippet":"max-snippet:-1","max-image-preview":"max-image-preview:large","max-video-preview":"max-video-preview:-1"},"canonical":"https:\/\/anchorallied.com\/fr\/product\/aura-furniture-polish-furniture-polish\/","og_locale":"en_US","og_type":"article","og_title":"Cire pour meubles AURA - anchoralliedfactory","og_description":"Le produit de polissage pour meubles AURA est une formule haut de gamme, sans cire, sp\u00e9cialement con\u00e7ue pour nettoyer, prot\u00e9ger et sublimer les meubles en bois. Il offre un lustre riche et profond qui met en valeur le veinage naturel du bois, ce qui le rend id\u00e9al pour tous les types de surfaces en bois, y compris les meubles anciens et modernes.","og_url":"https:\/\/anchorallied.com\/fr\/product\/aura-furniture-polish-furniture-polish\/","og_site_name":"anchoralliedfactory","article_modified_time":"2026-04-13T06:10:28+00:00","og_image":[{"width":1200,"height":1200,"url":"http:\/\/anchorallied.com\/fr\/wp-content\/uploads\/2025\/05\/cleaners_0004_Furniture-Polish.jpg","type":"image\/jpeg"}],"twitter_card":"summary_large_image","twitter_misc":{"Est. reading time":"1 minute"},"schema":{"@context":"https:\/\/schema.org","@graph":[{"@type":"WebPage","@id":"https:\/\/anchorallied.com\/fr\/product\/aura-furniture-polish-furniture-polish\/","url":"https:\/\/anchorallied.com\/fr\/product\/aura-furniture-polish-furniture-polish\/","name":"Cire pour meubles AURA - anchoralliedfactory","isPartOf":{"@id":"https:\/\/anchorallied.com\/fr\/#website"},"primaryImageOfPage":{"@id":"https:\/\/anchorallied.com\/fr\/product\/aura-furniture-polish-furniture-polish\/#primaryimage"},"image":{"@id":"https:\/\/anchorallied.com\/fr\/product\/aura-furniture-polish-furniture-polish\/#primaryimage"},"thumbnailUrl":"https:\/\/anchorallied.com\/fr\/wp-content\/uploads\/2025\/05\/cleaners_0004_Furniture-Polish.jpg","datePublished":"2025-05-26T13:52:29+00:00","dateModified":"2026-04-13T06:10:28+00:00","breadcrumb":{"@id":"https:\/\/anchorallied.com\/fr\/product\/aura-furniture-polish-furniture-polish\/#breadcrumb"},"inLanguage":"en","potentialAction":[{"@type":"ReadAction","target":["https:\/\/anchorallied.com\/fr\/product\/aura-furniture-polish-furniture-polish\/"]}]},{"@type":"ImageObject","inLanguage":"en","@id":"https:\/\/anchorallied.com\/fr\/product\/aura-furniture-polish-furniture-polish\/#primaryimage","url":"https:\/\/anchorallied.com\/fr\/wp-content\/uploads\/2025\/05\/cleaners_0004_Furniture-Polish.jpg","contentUrl":"https:\/\/anchorallied.com\/fr\/wp-content\/uploads\/2025\/05\/cleaners_0004_Furniture-Polish.jpg","width":1200,"height":1200},{"@type":"BreadcrumbList","@id":"https:\/\/anchorallied.com\/fr\/product\/aura-furniture-polish-furniture-polish\/#breadcrumb","itemListElement":[{"@type":"ListItem","position":1,"name":"Home","item":"http:\/\/en.anchorallied.com\/fr\/"},{"@type":"ListItem","position":2,"name":"Shop","item":"https:\/\/en.anchorallied.com\/fr\/shop\/"},{"@type":"ListItem","position":3,"name":"Cire pour meubles AURA"}]},{"@type":"WebSite","@id":"https:\/\/anchorallied.com\/fr\/#website","url":"https:\/\/anchorallied.com\/fr\/","name":"anchoralliedfactory","description":"","potentialAction":[{"@type":"SearchAction","target":{"@type":"EntryPoint","urlTemplate":"https:\/\/anchorallied.com\/fr\/?s={search_term_string}"},"query-input":{"@type":"PropertyValueSpecification","valueRequired":true,"valueName":"search_term_string"}}],"inLanguage":"en"}]}},"_links":{"self":[{"href":"https:\/\/anchorallied.com\/fr\/wp-json\/wp\/v2\/product\/2628","targetHints":{"allow":["GET"]}}],"collection":[{"href":"https:\/\/anchorallied.com\/fr\/wp-json\/wp\/v2\/product"}],"about":[{"href":"https:\/\/anchorallied.com\/fr\/wp-json\/wp\/v2\/types\/product"}],"replies":[{"embeddable":true,"href":"https:\/\/anchorallied.com\/fr\/wp-json\/wp\/v2\/comments?post=2628"}],"wp:featuredmedia":[{"embeddable":true,"href":"https:\/\/anchorallied.com\/fr\/wp-json\/wp\/v2\/media\/2629"}],"wp:attachment":[{"href":"https:\/\/anchorallied.com\/fr\/wp-json\/wp\/v2\/media?parent=2628"}],"wp:term":[{"taxonomy":"product_brand","embeddable":true,"href":"https:\/\/anchorallied.com\/fr\/wp-json\/wp\/v2\/product_brand?post=2628"},{"taxonomy":"product_cat","embeddable":true,"href":"https:\/\/anchorallied.com\/fr\/wp-json\/wp\/v2\/product_cat?post=2628"},{"taxonomy":"product_tag","embeddable":true,"href":"https:\/\/anchorallied.com\/fr\/wp-json\/wp\/v2\/product_tag?post=2628"}],"curies":[{"name":"wp","href":"https:\/\/api.w.org\/{rel}","templated":true}]}}