{"id":2633,"date":"2025-05-26T14:05:07","date_gmt":"2025-05-26T14:05:07","guid":{"rendered":"http:\/\/anchorallied.com\/fr\/?post_type=product&#038;p=2633"},"modified":"2026-04-13T06:25:24","modified_gmt":"2026-04-13T06:25:24","slug":"asmaco-chain-lube-spray-chain-lube-spray","status":"publish","type":"product","link":"https:\/\/anchorallied.com\/fr\/product\/asmaco-chain-lube-spray-chain-lube-spray\/","title":{"rendered":"ASMACO CHAIN LUBE SPRAY"},"content":{"rendered":"<p>ASMACO Chain Lube Spray<br \/>\nLubrifiant haute performance pour cha\u00eenes et \u00e9quipements m\u00e9caniques<\/p>\n<p>ASMACO Chain Lube p\u00e9n\u00e8tre en profondeur dans les maillons et composants mobiles, dissolvant boue, graisse et corrosion, pour restaurer un fonctionnement fluide.<\/p>\n<p>Contrairement aux lubrifiants \u00e0 base de cire, il ne laisse aucun r\u00e9sidu collant, \u00e9vitant l\u2019accumulation sur les cha\u00eenes et transmissions.<\/p>\n<p>Sa formule avanc\u00e9e contient des inhibiteurs de corrosion offrant une protection durable contre la rouille et l\u2019usure, prolongeant la dur\u00e9e de vie des \u00e9quipements.<\/p>\n<p>Id\u00e9al pour les cha\u00eenes, pignons, cha\u00eenes \u00e0 joints toriques, tron\u00e7onneuses, \u00e9quipements agricoles, machines de chantier, et autres applications intensives, il garantit une lubrification fiable m\u00eame en conditions extr\u00eames.<\/p>\n","protected":false},"excerpt":{"rendered":"<p>Le lubrifiant en spray pour cha\u00eenes ASMACO est une huile p\u00e9n\u00e9trante haute performance de qualit\u00e9 sup\u00e9rieure, formul\u00e9e pour lubrifier et prot\u00e9ger tous types de cha\u00eenes et de pi\u00e8ces mobiles. Con\u00e7u pour r\u00e9duire les frottements et l&#8217;usure, il assure un fonctionnement fluide sans laisser de r\u00e9sidus collants et cireux.<\/p>\n","protected":false},"featured_media":3223,"comment_status":"open","ping_status":"closed","template":"","meta":{"_acf_changed":false},"product_brand":[],"product_cat":[15,164],"product_tag":[],"class_list":{"0":"post-2633","1":"product","2":"type-product","3":"status-publish","4":"has-post-thumbnail","6":"product_cat-aerosols","7":"product_cat-entretien-automobile","9":"first","10":"instock","11":"shipping-taxable","12":"product-type-simple"},"acf":[],"yoast_head":"<!-- This site is optimized with the Yoast SEO plugin v27.3 - https:\/\/yoast.com\/product\/yoast-seo-wordpress\/ -->\n<title>ASMACO CHAIN LUBE SPRAY - anchoralliedfactory<\/title>\n<meta name=\"robots\" content=\"index, follow, max-snippet:-1, max-image-preview:large, max-video-preview:-1\" \/>\n<link rel=\"canonical\" href=\"https:\/\/anchorallied.com\/fr\/product\/asmaco-chain-lube-spray-chain-lube-spray\/\" \/>\n<meta property=\"og:locale\" content=\"en_US\" \/>\n<meta property=\"og:type\" content=\"article\" \/>\n<meta property=\"og:title\" content=\"ASMACO CHAIN LUBE SPRAY - anchoralliedfactory\" \/>\n<meta property=\"og:description\" content=\"Le lubrifiant en spray pour cha\u00eenes ASMACO est une huile p\u00e9n\u00e9trante haute performance de qualit\u00e9 sup\u00e9rieure, formul\u00e9e pour lubrifier et prot\u00e9ger tous types de cha\u00eenes et de pi\u00e8ces mobiles. Con\u00e7u pour r\u00e9duire les frottements et l&#039;usure, il assure un fonctionnement fluide sans laisser de r\u00e9sidus collants et cireux.\" \/>\n<meta property=\"og:url\" content=\"https:\/\/anchorallied.com\/fr\/product\/asmaco-chain-lube-spray-chain-lube-spray\/\" \/>\n<meta property=\"og:site_name\" content=\"anchoralliedfactory\" \/>\n<meta property=\"article:modified_time\" content=\"2026-04-13T06:25:24+00:00\" \/>\n<meta property=\"og:image\" content=\"http:\/\/anchorallied.com\/fr\/wp-content\/uploads\/2025\/05\/Autocare_0008_Chain-Lube-250-ml.jpg\" \/>\n\t<meta property=\"og:image:width\" content=\"1200\" \/>\n\t<meta property=\"og:image:height\" content=\"1200\" \/>\n\t<meta property=\"og:image:type\" content=\"image\/jpeg\" \/>\n<meta name=\"twitter:card\" content=\"summary_large_image\" \/>\n<meta name=\"twitter:label1\" content=\"Est. reading time\" \/>\n\t<meta name=\"twitter:data1\" content=\"1 minute\" \/>\n<script type=\"application\/ld+json\" class=\"yoast-schema-graph\">{\"@context\":\"https:\\\/\\\/schema.org\",\"@graph\":[{\"@type\":\"WebPage\",\"@id\":\"https:\\\/\\\/anchorallied.com\\\/fr\\\/product\\\/asmaco-chain-lube-spray-chain-lube-spray\\\/\",\"url\":\"https:\\\/\\\/anchorallied.com\\\/fr\\\/product\\\/asmaco-chain-lube-spray-chain-lube-spray\\\/\",\"name\":\"ASMACO CHAIN LUBE SPRAY - anchoralliedfactory\",\"isPartOf\":{\"@id\":\"https:\\\/\\\/anchorallied.com\\\/fr\\\/#website\"},\"primaryImageOfPage\":{\"@id\":\"https:\\\/\\\/anchorallied.com\\\/fr\\\/product\\\/asmaco-chain-lube-spray-chain-lube-spray\\\/#primaryimage\"},\"image\":{\"@id\":\"https:\\\/\\\/anchorallied.com\\\/fr\\\/product\\\/asmaco-chain-lube-spray-chain-lube-spray\\\/#primaryimage\"},\"thumbnailUrl\":\"https:\\\/\\\/anchorallied.com\\\/fr\\\/wp-content\\\/uploads\\\/2025\\\/05\\\/Autocare_0008_Chain-Lube-250-ml.jpg\",\"datePublished\":\"2025-05-26T14:05:07+00:00\",\"dateModified\":\"2026-04-13T06:25:24+00:00\",\"breadcrumb\":{\"@id\":\"https:\\\/\\\/anchorallied.com\\\/fr\\\/product\\\/asmaco-chain-lube-spray-chain-lube-spray\\\/#breadcrumb\"},\"inLanguage\":\"en\",\"potentialAction\":[{\"@type\":\"ReadAction\",\"target\":[\"https:\\\/\\\/anchorallied.com\\\/fr\\\/product\\\/asmaco-chain-lube-spray-chain-lube-spray\\\/\"]}]},{\"@type\":\"ImageObject\",\"inLanguage\":\"en\",\"@id\":\"https:\\\/\\\/anchorallied.com\\\/fr\\\/product\\\/asmaco-chain-lube-spray-chain-lube-spray\\\/#primaryimage\",\"url\":\"https:\\\/\\\/anchorallied.com\\\/fr\\\/wp-content\\\/uploads\\\/2025\\\/05\\\/Autocare_0008_Chain-Lube-250-ml.jpg\",\"contentUrl\":\"https:\\\/\\\/anchorallied.com\\\/fr\\\/wp-content\\\/uploads\\\/2025\\\/05\\\/Autocare_0008_Chain-Lube-250-ml.jpg\",\"width\":1200,\"height\":1200},{\"@type\":\"BreadcrumbList\",\"@id\":\"https:\\\/\\\/anchorallied.com\\\/fr\\\/product\\\/asmaco-chain-lube-spray-chain-lube-spray\\\/#breadcrumb\",\"itemListElement\":[{\"@type\":\"ListItem\",\"position\":1,\"name\":\"Home\",\"item\":\"http:\\\/\\\/en.anchorallied.com\\\/fr\\\/\"},{\"@type\":\"ListItem\",\"position\":2,\"name\":\"Shop\",\"item\":\"https:\\\/\\\/en.anchorallied.com\\\/fr\\\/shop\\\/\"},{\"@type\":\"ListItem\",\"position\":3,\"name\":\"ASMACO CHAIN LUBE SPRAY\"}]},{\"@type\":\"WebSite\",\"@id\":\"https:\\\/\\\/anchorallied.com\\\/fr\\\/#website\",\"url\":\"https:\\\/\\\/anchorallied.com\\\/fr\\\/\",\"name\":\"anchoralliedfactory\",\"description\":\"\",\"potentialAction\":[{\"@type\":\"SearchAction\",\"target\":{\"@type\":\"EntryPoint\",\"urlTemplate\":\"https:\\\/\\\/anchorallied.com\\\/fr\\\/?s={search_term_string}\"},\"query-input\":{\"@type\":\"PropertyValueSpecification\",\"valueRequired\":true,\"valueName\":\"search_term_string\"}}],\"inLanguage\":\"en\"}]}<\/script>\n<!-- \/ Yoast SEO plugin. -->","yoast_head_json":{"title":"ASMACO CHAIN LUBE SPRAY - anchoralliedfactory","robots":{"index":"index","follow":"follow","max-snippet":"max-snippet:-1","max-image-preview":"max-image-preview:large","max-video-preview":"max-video-preview:-1"},"canonical":"https:\/\/anchorallied.com\/fr\/product\/asmaco-chain-lube-spray-chain-lube-spray\/","og_locale":"en_US","og_type":"article","og_title":"ASMACO CHAIN LUBE SPRAY - anchoralliedfactory","og_description":"Le lubrifiant en spray pour cha\u00eenes ASMACO est une huile p\u00e9n\u00e9trante haute performance de qualit\u00e9 sup\u00e9rieure, formul\u00e9e pour lubrifier et prot\u00e9ger tous types de cha\u00eenes et de pi\u00e8ces mobiles. Con\u00e7u pour r\u00e9duire les frottements et l'usure, il assure un fonctionnement fluide sans laisser de r\u00e9sidus collants et cireux.","og_url":"https:\/\/anchorallied.com\/fr\/product\/asmaco-chain-lube-spray-chain-lube-spray\/","og_site_name":"anchoralliedfactory","article_modified_time":"2026-04-13T06:25:24+00:00","og_image":[{"width":1200,"height":1200,"url":"http:\/\/anchorallied.com\/fr\/wp-content\/uploads\/2025\/05\/Autocare_0008_Chain-Lube-250-ml.jpg","type":"image\/jpeg"}],"twitter_card":"summary_large_image","twitter_misc":{"Est. reading time":"1 minute"},"schema":{"@context":"https:\/\/schema.org","@graph":[{"@type":"WebPage","@id":"https:\/\/anchorallied.com\/fr\/product\/asmaco-chain-lube-spray-chain-lube-spray\/","url":"https:\/\/anchorallied.com\/fr\/product\/asmaco-chain-lube-spray-chain-lube-spray\/","name":"ASMACO CHAIN LUBE SPRAY - anchoralliedfactory","isPartOf":{"@id":"https:\/\/anchorallied.com\/fr\/#website"},"primaryImageOfPage":{"@id":"https:\/\/anchorallied.com\/fr\/product\/asmaco-chain-lube-spray-chain-lube-spray\/#primaryimage"},"image":{"@id":"https:\/\/anchorallied.com\/fr\/product\/asmaco-chain-lube-spray-chain-lube-spray\/#primaryimage"},"thumbnailUrl":"https:\/\/anchorallied.com\/fr\/wp-content\/uploads\/2025\/05\/Autocare_0008_Chain-Lube-250-ml.jpg","datePublished":"2025-05-26T14:05:07+00:00","dateModified":"2026-04-13T06:25:24+00:00","breadcrumb":{"@id":"https:\/\/anchorallied.com\/fr\/product\/asmaco-chain-lube-spray-chain-lube-spray\/#breadcrumb"},"inLanguage":"en","potentialAction":[{"@type":"ReadAction","target":["https:\/\/anchorallied.com\/fr\/product\/asmaco-chain-lube-spray-chain-lube-spray\/"]}]},{"@type":"ImageObject","inLanguage":"en","@id":"https:\/\/anchorallied.com\/fr\/product\/asmaco-chain-lube-spray-chain-lube-spray\/#primaryimage","url":"https:\/\/anchorallied.com\/fr\/wp-content\/uploads\/2025\/05\/Autocare_0008_Chain-Lube-250-ml.jpg","contentUrl":"https:\/\/anchorallied.com\/fr\/wp-content\/uploads\/2025\/05\/Autocare_0008_Chain-Lube-250-ml.jpg","width":1200,"height":1200},{"@type":"BreadcrumbList","@id":"https:\/\/anchorallied.com\/fr\/product\/asmaco-chain-lube-spray-chain-lube-spray\/#breadcrumb","itemListElement":[{"@type":"ListItem","position":1,"name":"Home","item":"http:\/\/en.anchorallied.com\/fr\/"},{"@type":"ListItem","position":2,"name":"Shop","item":"https:\/\/en.anchorallied.com\/fr\/shop\/"},{"@type":"ListItem","position":3,"name":"ASMACO CHAIN LUBE SPRAY"}]},{"@type":"WebSite","@id":"https:\/\/anchorallied.com\/fr\/#website","url":"https:\/\/anchorallied.com\/fr\/","name":"anchoralliedfactory","description":"","potentialAction":[{"@type":"SearchAction","target":{"@type":"EntryPoint","urlTemplate":"https:\/\/anchorallied.com\/fr\/?s={search_term_string}"},"query-input":{"@type":"PropertyValueSpecification","valueRequired":true,"valueName":"search_term_string"}}],"inLanguage":"en"}]}},"_links":{"self":[{"href":"https:\/\/anchorallied.com\/fr\/wp-json\/wp\/v2\/product\/2633","targetHints":{"allow":["GET"]}}],"collection":[{"href":"https:\/\/anchorallied.com\/fr\/wp-json\/wp\/v2\/product"}],"about":[{"href":"https:\/\/anchorallied.com\/fr\/wp-json\/wp\/v2\/types\/product"}],"replies":[{"embeddable":true,"href":"https:\/\/anchorallied.com\/fr\/wp-json\/wp\/v2\/comments?post=2633"}],"wp:featuredmedia":[{"embeddable":true,"href":"https:\/\/anchorallied.com\/fr\/wp-json\/wp\/v2\/media\/3223"}],"wp:attachment":[{"href":"https:\/\/anchorallied.com\/fr\/wp-json\/wp\/v2\/media?parent=2633"}],"wp:term":[{"taxonomy":"product_brand","embeddable":true,"href":"https:\/\/anchorallied.com\/fr\/wp-json\/wp\/v2\/product_brand?post=2633"},{"taxonomy":"product_cat","embeddable":true,"href":"https:\/\/anchorallied.com\/fr\/wp-json\/wp\/v2\/product_cat?post=2633"},{"taxonomy":"product_tag","embeddable":true,"href":"https:\/\/anchorallied.com\/fr\/wp-json\/wp\/v2\/product_tag?post=2633"}],"curies":[{"name":"wp","href":"https:\/\/api.w.org\/{rel}","templated":true}]}}