{"id":2668,"date":"2025-05-27T05:02:17","date_gmt":"2025-05-27T05:02:17","guid":{"rendered":"http:\/\/anchorallied.com\/fr\/?post_type=product&#038;p=2668"},"modified":"2026-04-13T06:23:30","modified_gmt":"2026-04-13T06:23:30","slug":"asmaco-montage-cleaner-montage-cleaner","status":"publish","type":"product","link":"https:\/\/anchorallied.com\/fr\/product\/asmaco-montage-cleaner-montage-cleaner\/","title":{"rendered":"Nettoyant de montage ASMACO"},"content":{"rendered":"<p>ASMACO Montage Cleaner<br \/>\nNettoyant puissant pour pi\u00e8ces m\u00e9caniques et surfaces m\u00e9talliques<\/p>\n<p>ASMACO Montage Cleaner est formul\u00e9 pour nettoyer efficacement une large gamme de pi\u00e8ces : freins, embrayages, transmissions, outils, moteurs, filtres \u00e0 huile, et autres surfaces m\u00e9talliques.<\/p>\n<p>Il dissout rapidement huiles, graisses, liquides de frein, r\u00e9sidus carbonis\u00e9s et hydrocarbures, assurant un nettoyage en profondeur.<\/p>\n<p>Convient \u00e9galement au nettoyage de carrosseries, cha\u00eenes de moto, tracteurs, tondeuses, charni\u00e8res, etc. Pour de meilleurs r\u00e9sultats, pulv\u00e9riser directement sur les zones contamin\u00e9es, notamment les joints, et laisser s\u2019\u00e9couler.<\/p>\n<p>\u26a0\ufe0f Utiliser avec pr\u00e9caution : peut endommager certaines peintures et plastiques.<\/p>\n<p>Un choix fiable pour les professionnels recherchant un agent nettoyant polyvalent et performant.<\/p>\n","protected":false},"excerpt":{"rendered":"<p>Le nettoyant de montage ASMACO est une solution nettoyante haute performance formul\u00e9e pour le d\u00e9graissage et le nettoyage en profondeur des pi\u00e8ces m\u00e9talliques et des composants m\u00e9caniques des v\u00e9hicules. Il \u00e9limine efficacement la salet\u00e9, l&#8217;huile, la graisse, le liquide de frein et autres contaminants, ce qui le rend id\u00e9al pour les applications automobiles et d&#8217;entretien g\u00e9n\u00e9ral.<\/p>\n","protected":false},"featured_media":2669,"comment_status":"open","ping_status":"closed","template":"","meta":{"_acf_changed":false},"product_brand":[],"product_cat":[15,164],"product_tag":[],"class_list":{"0":"post-2668","1":"product","2":"type-product","3":"status-publish","4":"has-post-thumbnail","6":"product_cat-aerosols","7":"product_cat-entretien-automobile","9":"first","10":"instock","11":"shipping-taxable","12":"product-type-simple"},"acf":[],"yoast_head":"<!-- This site is optimized with the Yoast SEO plugin v27.3 - https:\/\/yoast.com\/product\/yoast-seo-wordpress\/ -->\n<title>Nettoyant de montage ASMACO - anchoralliedfactory<\/title>\n<meta name=\"robots\" content=\"index, follow, max-snippet:-1, max-image-preview:large, max-video-preview:-1\" \/>\n<link rel=\"canonical\" href=\"https:\/\/anchorallied.com\/fr\/product\/asmaco-montage-cleaner-montage-cleaner\/\" \/>\n<meta property=\"og:locale\" content=\"en_US\" \/>\n<meta property=\"og:type\" content=\"article\" \/>\n<meta property=\"og:title\" content=\"Nettoyant de montage ASMACO - anchoralliedfactory\" \/>\n<meta property=\"og:description\" content=\"Le nettoyant de montage ASMACO est une solution nettoyante haute performance formul\u00e9e pour le d\u00e9graissage et le nettoyage en profondeur des pi\u00e8ces m\u00e9talliques et des composants m\u00e9caniques des v\u00e9hicules. Il \u00e9limine efficacement la salet\u00e9, l&#039;huile, la graisse, le liquide de frein et autres contaminants, ce qui le rend id\u00e9al pour les applications automobiles et d&#039;entretien g\u00e9n\u00e9ral.\" \/>\n<meta property=\"og:url\" content=\"https:\/\/anchorallied.com\/fr\/product\/asmaco-montage-cleaner-montage-cleaner\/\" \/>\n<meta property=\"og:site_name\" content=\"anchoralliedfactory\" \/>\n<meta property=\"article:modified_time\" content=\"2026-04-13T06:23:30+00:00\" \/>\n<meta property=\"og:image\" content=\"http:\/\/anchorallied.com\/fr\/wp-content\/uploads\/2025\/05\/Autocare_0004_Montage-Cleaner.jpg\" \/>\n\t<meta property=\"og:image:width\" content=\"1200\" \/>\n\t<meta property=\"og:image:height\" content=\"1200\" \/>\n\t<meta property=\"og:image:type\" content=\"image\/jpeg\" \/>\n<meta name=\"twitter:card\" content=\"summary_large_image\" \/>\n<meta name=\"twitter:label1\" content=\"Est. reading time\" \/>\n\t<meta name=\"twitter:data1\" content=\"1 minute\" \/>\n<script type=\"application\/ld+json\" class=\"yoast-schema-graph\">{\"@context\":\"https:\\\/\\\/schema.org\",\"@graph\":[{\"@type\":\"WebPage\",\"@id\":\"https:\\\/\\\/anchorallied.com\\\/fr\\\/product\\\/asmaco-montage-cleaner-montage-cleaner\\\/\",\"url\":\"https:\\\/\\\/anchorallied.com\\\/fr\\\/product\\\/asmaco-montage-cleaner-montage-cleaner\\\/\",\"name\":\"Nettoyant de montage ASMACO - anchoralliedfactory\",\"isPartOf\":{\"@id\":\"https:\\\/\\\/anchorallied.com\\\/fr\\\/#website\"},\"primaryImageOfPage\":{\"@id\":\"https:\\\/\\\/anchorallied.com\\\/fr\\\/product\\\/asmaco-montage-cleaner-montage-cleaner\\\/#primaryimage\"},\"image\":{\"@id\":\"https:\\\/\\\/anchorallied.com\\\/fr\\\/product\\\/asmaco-montage-cleaner-montage-cleaner\\\/#primaryimage\"},\"thumbnailUrl\":\"https:\\\/\\\/anchorallied.com\\\/fr\\\/wp-content\\\/uploads\\\/2025\\\/05\\\/Autocare_0004_Montage-Cleaner.jpg\",\"datePublished\":\"2025-05-27T05:02:17+00:00\",\"dateModified\":\"2026-04-13T06:23:30+00:00\",\"breadcrumb\":{\"@id\":\"https:\\\/\\\/anchorallied.com\\\/fr\\\/product\\\/asmaco-montage-cleaner-montage-cleaner\\\/#breadcrumb\"},\"inLanguage\":\"en\",\"potentialAction\":[{\"@type\":\"ReadAction\",\"target\":[\"https:\\\/\\\/anchorallied.com\\\/fr\\\/product\\\/asmaco-montage-cleaner-montage-cleaner\\\/\"]}]},{\"@type\":\"ImageObject\",\"inLanguage\":\"en\",\"@id\":\"https:\\\/\\\/anchorallied.com\\\/fr\\\/product\\\/asmaco-montage-cleaner-montage-cleaner\\\/#primaryimage\",\"url\":\"https:\\\/\\\/anchorallied.com\\\/fr\\\/wp-content\\\/uploads\\\/2025\\\/05\\\/Autocare_0004_Montage-Cleaner.jpg\",\"contentUrl\":\"https:\\\/\\\/anchorallied.com\\\/fr\\\/wp-content\\\/uploads\\\/2025\\\/05\\\/Autocare_0004_Montage-Cleaner.jpg\",\"width\":1200,\"height\":1200},{\"@type\":\"BreadcrumbList\",\"@id\":\"https:\\\/\\\/anchorallied.com\\\/fr\\\/product\\\/asmaco-montage-cleaner-montage-cleaner\\\/#breadcrumb\",\"itemListElement\":[{\"@type\":\"ListItem\",\"position\":1,\"name\":\"Home\",\"item\":\"http:\\\/\\\/en.anchorallied.com\\\/fr\\\/\"},{\"@type\":\"ListItem\",\"position\":2,\"name\":\"Shop\",\"item\":\"https:\\\/\\\/en.anchorallied.com\\\/fr\\\/shop\\\/\"},{\"@type\":\"ListItem\",\"position\":3,\"name\":\"Nettoyant de montage ASMACO\"}]},{\"@type\":\"WebSite\",\"@id\":\"https:\\\/\\\/anchorallied.com\\\/fr\\\/#website\",\"url\":\"https:\\\/\\\/anchorallied.com\\\/fr\\\/\",\"name\":\"anchoralliedfactory\",\"description\":\"\",\"potentialAction\":[{\"@type\":\"SearchAction\",\"target\":{\"@type\":\"EntryPoint\",\"urlTemplate\":\"https:\\\/\\\/anchorallied.com\\\/fr\\\/?s={search_term_string}\"},\"query-input\":{\"@type\":\"PropertyValueSpecification\",\"valueRequired\":true,\"valueName\":\"search_term_string\"}}],\"inLanguage\":\"en\"}]}<\/script>\n<!-- \/ Yoast SEO plugin. -->","yoast_head_json":{"title":"Nettoyant de montage ASMACO - anchoralliedfactory","robots":{"index":"index","follow":"follow","max-snippet":"max-snippet:-1","max-image-preview":"max-image-preview:large","max-video-preview":"max-video-preview:-1"},"canonical":"https:\/\/anchorallied.com\/fr\/product\/asmaco-montage-cleaner-montage-cleaner\/","og_locale":"en_US","og_type":"article","og_title":"Nettoyant de montage ASMACO - anchoralliedfactory","og_description":"Le nettoyant de montage ASMACO est une solution nettoyante haute performance formul\u00e9e pour le d\u00e9graissage et le nettoyage en profondeur des pi\u00e8ces m\u00e9talliques et des composants m\u00e9caniques des v\u00e9hicules. Il \u00e9limine efficacement la salet\u00e9, l'huile, la graisse, le liquide de frein et autres contaminants, ce qui le rend id\u00e9al pour les applications automobiles et d'entretien g\u00e9n\u00e9ral.","og_url":"https:\/\/anchorallied.com\/fr\/product\/asmaco-montage-cleaner-montage-cleaner\/","og_site_name":"anchoralliedfactory","article_modified_time":"2026-04-13T06:23:30+00:00","og_image":[{"width":1200,"height":1200,"url":"http:\/\/anchorallied.com\/fr\/wp-content\/uploads\/2025\/05\/Autocare_0004_Montage-Cleaner.jpg","type":"image\/jpeg"}],"twitter_card":"summary_large_image","twitter_misc":{"Est. reading time":"1 minute"},"schema":{"@context":"https:\/\/schema.org","@graph":[{"@type":"WebPage","@id":"https:\/\/anchorallied.com\/fr\/product\/asmaco-montage-cleaner-montage-cleaner\/","url":"https:\/\/anchorallied.com\/fr\/product\/asmaco-montage-cleaner-montage-cleaner\/","name":"Nettoyant de montage ASMACO - anchoralliedfactory","isPartOf":{"@id":"https:\/\/anchorallied.com\/fr\/#website"},"primaryImageOfPage":{"@id":"https:\/\/anchorallied.com\/fr\/product\/asmaco-montage-cleaner-montage-cleaner\/#primaryimage"},"image":{"@id":"https:\/\/anchorallied.com\/fr\/product\/asmaco-montage-cleaner-montage-cleaner\/#primaryimage"},"thumbnailUrl":"https:\/\/anchorallied.com\/fr\/wp-content\/uploads\/2025\/05\/Autocare_0004_Montage-Cleaner.jpg","datePublished":"2025-05-27T05:02:17+00:00","dateModified":"2026-04-13T06:23:30+00:00","breadcrumb":{"@id":"https:\/\/anchorallied.com\/fr\/product\/asmaco-montage-cleaner-montage-cleaner\/#breadcrumb"},"inLanguage":"en","potentialAction":[{"@type":"ReadAction","target":["https:\/\/anchorallied.com\/fr\/product\/asmaco-montage-cleaner-montage-cleaner\/"]}]},{"@type":"ImageObject","inLanguage":"en","@id":"https:\/\/anchorallied.com\/fr\/product\/asmaco-montage-cleaner-montage-cleaner\/#primaryimage","url":"https:\/\/anchorallied.com\/fr\/wp-content\/uploads\/2025\/05\/Autocare_0004_Montage-Cleaner.jpg","contentUrl":"https:\/\/anchorallied.com\/fr\/wp-content\/uploads\/2025\/05\/Autocare_0004_Montage-Cleaner.jpg","width":1200,"height":1200},{"@type":"BreadcrumbList","@id":"https:\/\/anchorallied.com\/fr\/product\/asmaco-montage-cleaner-montage-cleaner\/#breadcrumb","itemListElement":[{"@type":"ListItem","position":1,"name":"Home","item":"http:\/\/en.anchorallied.com\/fr\/"},{"@type":"ListItem","position":2,"name":"Shop","item":"https:\/\/en.anchorallied.com\/fr\/shop\/"},{"@type":"ListItem","position":3,"name":"Nettoyant de montage ASMACO"}]},{"@type":"WebSite","@id":"https:\/\/anchorallied.com\/fr\/#website","url":"https:\/\/anchorallied.com\/fr\/","name":"anchoralliedfactory","description":"","potentialAction":[{"@type":"SearchAction","target":{"@type":"EntryPoint","urlTemplate":"https:\/\/anchorallied.com\/fr\/?s={search_term_string}"},"query-input":{"@type":"PropertyValueSpecification","valueRequired":true,"valueName":"search_term_string"}}],"inLanguage":"en"}]}},"_links":{"self":[{"href":"https:\/\/anchorallied.com\/fr\/wp-json\/wp\/v2\/product\/2668","targetHints":{"allow":["GET"]}}],"collection":[{"href":"https:\/\/anchorallied.com\/fr\/wp-json\/wp\/v2\/product"}],"about":[{"href":"https:\/\/anchorallied.com\/fr\/wp-json\/wp\/v2\/types\/product"}],"replies":[{"embeddable":true,"href":"https:\/\/anchorallied.com\/fr\/wp-json\/wp\/v2\/comments?post=2668"}],"wp:featuredmedia":[{"embeddable":true,"href":"https:\/\/anchorallied.com\/fr\/wp-json\/wp\/v2\/media\/2669"}],"wp:attachment":[{"href":"https:\/\/anchorallied.com\/fr\/wp-json\/wp\/v2\/media?parent=2668"}],"wp:term":[{"taxonomy":"product_brand","embeddable":true,"href":"https:\/\/anchorallied.com\/fr\/wp-json\/wp\/v2\/product_brand?post=2668"},{"taxonomy":"product_cat","embeddable":true,"href":"https:\/\/anchorallied.com\/fr\/wp-json\/wp\/v2\/product_cat?post=2668"},{"taxonomy":"product_tag","embeddable":true,"href":"https:\/\/anchorallied.com\/fr\/wp-json\/wp\/v2\/product_tag?post=2668"}],"curies":[{"name":"wp","href":"https:\/\/api.w.org\/{rel}","templated":true}]}}