{"id":2672,"date":"2025-05-27T05:10:21","date_gmt":"2025-05-27T05:10:21","guid":{"rendered":"http:\/\/anchorallied.com\/fr\/?post_type=product&#038;p=2672"},"modified":"2026-04-13T06:22:24","modified_gmt":"2026-04-13T06:22:24","slug":"asmaco-motor-starter-spray-motor-starter","status":"publish","type":"product","link":"https:\/\/anchorallied.com\/fr\/product\/asmaco-motor-starter-spray-motor-starter\/","title":{"rendered":"D\u00e9marreur moteur en a\u00e9rosol ASMACO"},"content":{"rendered":"<p>ASMACO Motor Starter Spray<br \/>\nSpray de d\u00e9marrage rapide pour moteurs en conditions difficiles<\/p>\n<p>ASMACO Motor Starter Spray est con\u00e7u pour faciliter le d\u00e9marrage imm\u00e9diat des moteurs par temps froid, forte humidit\u00e9 ou en cas de bougies mouill\u00e9es, alimentation insuffisante en carburant ou batterie faible.<\/p>\n<p>Il est compatible avec les moteurs diesel (pompe-injecteurs, common rail) et essence (carburateurs, injection), ainsi qu\u2019avec voitures, camions, engins agricoles et de chantier, g\u00e9n\u00e9rateurs, tron\u00e7onneuses, mat\u00e9riel de jardinage, motoneiges, bateaux, etc.<\/p>\n<p>Sa formule en a\u00e9rosol offre une utilisation simple et garantit un d\u00e9marrage fluide, m\u00eame dans les conditions les plus extr\u00eames.<\/p>\n<p>Outil fiable pour m\u00e9caniciens professionnels et utilisateurs particuliers en hiver ou en situation d\u2019urgence.<\/p>\n","protected":false},"excerpt":{"rendered":"<p>Le spray de d\u00e9marrage moteur ASMACO est un a\u00e9rosol sp\u00e9cialement formul\u00e9 pour assurer un d\u00e9marrage rapide et fiable du moteur dans des conditions difficiles. Adapt\u00e9 aux moteurs diesel et essence, qu&#8217;ils soient \u00e0 deux ou quatre temps, il est id\u00e9al pour une large gamme de v\u00e9hicules et de machines, notamment les voitures, les camions, les motos, les engins de chantier et les moteurs marins.<\/p>\n","protected":false},"featured_media":2673,"comment_status":"open","ping_status":"closed","template":"","meta":{"_acf_changed":false},"product_brand":[],"product_cat":[15,164],"product_tag":[],"class_list":{"0":"post-2672","1":"product","2":"type-product","3":"status-publish","4":"has-post-thumbnail","6":"product_cat-aerosols","7":"product_cat-entretien-automobile","9":"first","10":"instock","11":"shipping-taxable","12":"product-type-simple"},"acf":[],"yoast_head":"<!-- This site is optimized with the Yoast SEO plugin v27.3 - https:\/\/yoast.com\/product\/yoast-seo-wordpress\/ -->\n<title>D\u00e9marreur moteur en a\u00e9rosol ASMACO - anchoralliedfactory<\/title>\n<meta name=\"robots\" content=\"index, follow, max-snippet:-1, max-image-preview:large, max-video-preview:-1\" \/>\n<link rel=\"canonical\" href=\"https:\/\/anchorallied.com\/fr\/product\/asmaco-motor-starter-spray-motor-starter\/\" \/>\n<meta property=\"og:locale\" content=\"en_US\" \/>\n<meta property=\"og:type\" content=\"article\" \/>\n<meta property=\"og:title\" content=\"D\u00e9marreur moteur en a\u00e9rosol ASMACO - anchoralliedfactory\" \/>\n<meta property=\"og:description\" content=\"Le spray de d\u00e9marrage moteur ASMACO est un a\u00e9rosol sp\u00e9cialement formul\u00e9 pour assurer un d\u00e9marrage rapide et fiable du moteur dans des conditions difficiles. Adapt\u00e9 aux moteurs diesel et essence, qu&#039;ils soient \u00e0 deux ou quatre temps, il est id\u00e9al pour une large gamme de v\u00e9hicules et de machines, notamment les voitures, les camions, les motos, les engins de chantier et les moteurs marins.\" \/>\n<meta property=\"og:url\" content=\"https:\/\/anchorallied.com\/fr\/product\/asmaco-motor-starter-spray-motor-starter\/\" \/>\n<meta property=\"og:site_name\" content=\"anchoralliedfactory\" \/>\n<meta property=\"article:modified_time\" content=\"2026-04-13T06:22:24+00:00\" \/>\n<meta property=\"og:image\" content=\"http:\/\/anchorallied.com\/fr\/wp-content\/uploads\/2025\/05\/Autocare_0003_Motor-Starter.jpg\" \/>\n\t<meta property=\"og:image:width\" content=\"1200\" \/>\n\t<meta property=\"og:image:height\" content=\"1200\" \/>\n\t<meta property=\"og:image:type\" content=\"image\/jpeg\" \/>\n<meta name=\"twitter:card\" content=\"summary_large_image\" \/>\n<meta name=\"twitter:label1\" content=\"Est. reading time\" \/>\n\t<meta name=\"twitter:data1\" content=\"1 minute\" \/>\n<script type=\"application\/ld+json\" class=\"yoast-schema-graph\">{\"@context\":\"https:\\\/\\\/schema.org\",\"@graph\":[{\"@type\":\"WebPage\",\"@id\":\"https:\\\/\\\/anchorallied.com\\\/fr\\\/product\\\/asmaco-motor-starter-spray-motor-starter\\\/\",\"url\":\"https:\\\/\\\/anchorallied.com\\\/fr\\\/product\\\/asmaco-motor-starter-spray-motor-starter\\\/\",\"name\":\"D\u00e9marreur moteur en a\u00e9rosol ASMACO - anchoralliedfactory\",\"isPartOf\":{\"@id\":\"https:\\\/\\\/anchorallied.com\\\/fr\\\/#website\"},\"primaryImageOfPage\":{\"@id\":\"https:\\\/\\\/anchorallied.com\\\/fr\\\/product\\\/asmaco-motor-starter-spray-motor-starter\\\/#primaryimage\"},\"image\":{\"@id\":\"https:\\\/\\\/anchorallied.com\\\/fr\\\/product\\\/asmaco-motor-starter-spray-motor-starter\\\/#primaryimage\"},\"thumbnailUrl\":\"https:\\\/\\\/anchorallied.com\\\/fr\\\/wp-content\\\/uploads\\\/2025\\\/05\\\/Autocare_0003_Motor-Starter.jpg\",\"datePublished\":\"2025-05-27T05:10:21+00:00\",\"dateModified\":\"2026-04-13T06:22:24+00:00\",\"breadcrumb\":{\"@id\":\"https:\\\/\\\/anchorallied.com\\\/fr\\\/product\\\/asmaco-motor-starter-spray-motor-starter\\\/#breadcrumb\"},\"inLanguage\":\"en\",\"potentialAction\":[{\"@type\":\"ReadAction\",\"target\":[\"https:\\\/\\\/anchorallied.com\\\/fr\\\/product\\\/asmaco-motor-starter-spray-motor-starter\\\/\"]}]},{\"@type\":\"ImageObject\",\"inLanguage\":\"en\",\"@id\":\"https:\\\/\\\/anchorallied.com\\\/fr\\\/product\\\/asmaco-motor-starter-spray-motor-starter\\\/#primaryimage\",\"url\":\"https:\\\/\\\/anchorallied.com\\\/fr\\\/wp-content\\\/uploads\\\/2025\\\/05\\\/Autocare_0003_Motor-Starter.jpg\",\"contentUrl\":\"https:\\\/\\\/anchorallied.com\\\/fr\\\/wp-content\\\/uploads\\\/2025\\\/05\\\/Autocare_0003_Motor-Starter.jpg\",\"width\":1200,\"height\":1200},{\"@type\":\"BreadcrumbList\",\"@id\":\"https:\\\/\\\/anchorallied.com\\\/fr\\\/product\\\/asmaco-motor-starter-spray-motor-starter\\\/#breadcrumb\",\"itemListElement\":[{\"@type\":\"ListItem\",\"position\":1,\"name\":\"Home\",\"item\":\"http:\\\/\\\/en.anchorallied.com\\\/fr\\\/\"},{\"@type\":\"ListItem\",\"position\":2,\"name\":\"Shop\",\"item\":\"https:\\\/\\\/en.anchorallied.com\\\/fr\\\/shop\\\/\"},{\"@type\":\"ListItem\",\"position\":3,\"name\":\"D\u00e9marreur moteur en a\u00e9rosol ASMACO\"}]},{\"@type\":\"WebSite\",\"@id\":\"https:\\\/\\\/anchorallied.com\\\/fr\\\/#website\",\"url\":\"https:\\\/\\\/anchorallied.com\\\/fr\\\/\",\"name\":\"anchoralliedfactory\",\"description\":\"\",\"potentialAction\":[{\"@type\":\"SearchAction\",\"target\":{\"@type\":\"EntryPoint\",\"urlTemplate\":\"https:\\\/\\\/anchorallied.com\\\/fr\\\/?s={search_term_string}\"},\"query-input\":{\"@type\":\"PropertyValueSpecification\",\"valueRequired\":true,\"valueName\":\"search_term_string\"}}],\"inLanguage\":\"en\"}]}<\/script>\n<!-- \/ Yoast SEO plugin. -->","yoast_head_json":{"title":"D\u00e9marreur moteur en a\u00e9rosol ASMACO - anchoralliedfactory","robots":{"index":"index","follow":"follow","max-snippet":"max-snippet:-1","max-image-preview":"max-image-preview:large","max-video-preview":"max-video-preview:-1"},"canonical":"https:\/\/anchorallied.com\/fr\/product\/asmaco-motor-starter-spray-motor-starter\/","og_locale":"en_US","og_type":"article","og_title":"D\u00e9marreur moteur en a\u00e9rosol ASMACO - anchoralliedfactory","og_description":"Le spray de d\u00e9marrage moteur ASMACO est un a\u00e9rosol sp\u00e9cialement formul\u00e9 pour assurer un d\u00e9marrage rapide et fiable du moteur dans des conditions difficiles. Adapt\u00e9 aux moteurs diesel et essence, qu'ils soient \u00e0 deux ou quatre temps, il est id\u00e9al pour une large gamme de v\u00e9hicules et de machines, notamment les voitures, les camions, les motos, les engins de chantier et les moteurs marins.","og_url":"https:\/\/anchorallied.com\/fr\/product\/asmaco-motor-starter-spray-motor-starter\/","og_site_name":"anchoralliedfactory","article_modified_time":"2026-04-13T06:22:24+00:00","og_image":[{"width":1200,"height":1200,"url":"http:\/\/anchorallied.com\/fr\/wp-content\/uploads\/2025\/05\/Autocare_0003_Motor-Starter.jpg","type":"image\/jpeg"}],"twitter_card":"summary_large_image","twitter_misc":{"Est. reading time":"1 minute"},"schema":{"@context":"https:\/\/schema.org","@graph":[{"@type":"WebPage","@id":"https:\/\/anchorallied.com\/fr\/product\/asmaco-motor-starter-spray-motor-starter\/","url":"https:\/\/anchorallied.com\/fr\/product\/asmaco-motor-starter-spray-motor-starter\/","name":"D\u00e9marreur moteur en a\u00e9rosol ASMACO - anchoralliedfactory","isPartOf":{"@id":"https:\/\/anchorallied.com\/fr\/#website"},"primaryImageOfPage":{"@id":"https:\/\/anchorallied.com\/fr\/product\/asmaco-motor-starter-spray-motor-starter\/#primaryimage"},"image":{"@id":"https:\/\/anchorallied.com\/fr\/product\/asmaco-motor-starter-spray-motor-starter\/#primaryimage"},"thumbnailUrl":"https:\/\/anchorallied.com\/fr\/wp-content\/uploads\/2025\/05\/Autocare_0003_Motor-Starter.jpg","datePublished":"2025-05-27T05:10:21+00:00","dateModified":"2026-04-13T06:22:24+00:00","breadcrumb":{"@id":"https:\/\/anchorallied.com\/fr\/product\/asmaco-motor-starter-spray-motor-starter\/#breadcrumb"},"inLanguage":"en","potentialAction":[{"@type":"ReadAction","target":["https:\/\/anchorallied.com\/fr\/product\/asmaco-motor-starter-spray-motor-starter\/"]}]},{"@type":"ImageObject","inLanguage":"en","@id":"https:\/\/anchorallied.com\/fr\/product\/asmaco-motor-starter-spray-motor-starter\/#primaryimage","url":"https:\/\/anchorallied.com\/fr\/wp-content\/uploads\/2025\/05\/Autocare_0003_Motor-Starter.jpg","contentUrl":"https:\/\/anchorallied.com\/fr\/wp-content\/uploads\/2025\/05\/Autocare_0003_Motor-Starter.jpg","width":1200,"height":1200},{"@type":"BreadcrumbList","@id":"https:\/\/anchorallied.com\/fr\/product\/asmaco-motor-starter-spray-motor-starter\/#breadcrumb","itemListElement":[{"@type":"ListItem","position":1,"name":"Home","item":"http:\/\/en.anchorallied.com\/fr\/"},{"@type":"ListItem","position":2,"name":"Shop","item":"https:\/\/en.anchorallied.com\/fr\/shop\/"},{"@type":"ListItem","position":3,"name":"D\u00e9marreur moteur en a\u00e9rosol ASMACO"}]},{"@type":"WebSite","@id":"https:\/\/anchorallied.com\/fr\/#website","url":"https:\/\/anchorallied.com\/fr\/","name":"anchoralliedfactory","description":"","potentialAction":[{"@type":"SearchAction","target":{"@type":"EntryPoint","urlTemplate":"https:\/\/anchorallied.com\/fr\/?s={search_term_string}"},"query-input":{"@type":"PropertyValueSpecification","valueRequired":true,"valueName":"search_term_string"}}],"inLanguage":"en"}]}},"_links":{"self":[{"href":"https:\/\/anchorallied.com\/fr\/wp-json\/wp\/v2\/product\/2672","targetHints":{"allow":["GET"]}}],"collection":[{"href":"https:\/\/anchorallied.com\/fr\/wp-json\/wp\/v2\/product"}],"about":[{"href":"https:\/\/anchorallied.com\/fr\/wp-json\/wp\/v2\/types\/product"}],"replies":[{"embeddable":true,"href":"https:\/\/anchorallied.com\/fr\/wp-json\/wp\/v2\/comments?post=2672"}],"wp:featuredmedia":[{"embeddable":true,"href":"https:\/\/anchorallied.com\/fr\/wp-json\/wp\/v2\/media\/2673"}],"wp:attachment":[{"href":"https:\/\/anchorallied.com\/fr\/wp-json\/wp\/v2\/media?parent=2672"}],"wp:term":[{"taxonomy":"product_brand","embeddable":true,"href":"https:\/\/anchorallied.com\/fr\/wp-json\/wp\/v2\/product_brand?post=2672"},{"taxonomy":"product_cat","embeddable":true,"href":"https:\/\/anchorallied.com\/fr\/wp-json\/wp\/v2\/product_cat?post=2672"},{"taxonomy":"product_tag","embeddable":true,"href":"https:\/\/anchorallied.com\/fr\/wp-json\/wp\/v2\/product_tag?post=2672"}],"curies":[{"name":"wp","href":"https:\/\/api.w.org\/{rel}","templated":true}]}}