{"id":2677,"date":"2025-05-27T06:43:25","date_gmt":"2025-05-27T06:43:25","guid":{"rendered":"http:\/\/anchorallied.com\/fr\/?post_type=product&#038;p=2677"},"modified":"2026-04-13T06:21:46","modified_gmt":"2026-04-13T06:21:46","slug":"asmaco-silicone-spray","status":"publish","type":"product","link":"https:\/\/anchorallied.com\/fr\/product\/asmaco-silicone-spray\/","title":{"rendered":"Lubrifiant silicone en a\u00e9rosol ASMACO"},"content":{"rendered":"<p>ASMACO Silicone Spray forme un film polym\u00e8re transparent sur les surfaces trait\u00e9es, offrant une excellente protection contre l\u2019eau, la poussi\u00e8re et l\u2019\u00e9lectricit\u00e9 statique. Il r\u00e9duit efficacement les frottements, pr\u00e9vient le craquellement, le gel, et reste non corrosif et non tachant, m\u00eame sur les mat\u00e9riaux sensibles. Ce spray est particuli\u00e8rement efficace pour restaurer l\u2019\u00e9lasticit\u00e9 des composants en caoutchouc et en plastique, tout en les prot\u00e9geant contre les rayons UV et le vieillissement pr\u00e9matur\u00e9. Id\u00e9al pour l\u2019entretien de surfaces propres et fonctionnelles sans r\u00e9sidus gras, il ravive la brillance et prolonge la dur\u00e9e de vie des mat\u00e9riaux dans les secteurs industriel, automobile et domestique.<\/p>\n","protected":false},"excerpt":{"rendered":"<p>Le spray silicone ASMACO est un lubrifiant hydrofuge de qualit\u00e9 sup\u00e9rieure, formul\u00e9 \u00e0 partir de silicone de haute qualit\u00e9 et d&#8217;agents antifriction. Con\u00e7u pour emp\u00eacher l&#8217;adh\u00e9rence sur les plastiques, les moules, les m\u00e9taux et les outils, il est id\u00e9al pour les applications o\u00f9 les lubrifiants \u00e0 base de p\u00e9trole ne conviennent pas. Sa formule transparente et non tachante offre une protection durable et une meilleure performance de surface.<\/p>\n","protected":false},"featured_media":2678,"comment_status":"open","ping_status":"closed","template":"","meta":{"_acf_changed":false},"product_brand":[],"product_cat":[15,164],"product_tag":[],"class_list":{"0":"post-2677","1":"product","2":"type-product","3":"status-publish","4":"has-post-thumbnail","6":"product_cat-aerosols","7":"product_cat-entretien-automobile","9":"first","10":"instock","11":"shipping-taxable","12":"product-type-simple"},"acf":[],"yoast_head":"<!-- This site is optimized with the Yoast SEO plugin v27.3 - https:\/\/yoast.com\/product\/yoast-seo-wordpress\/ -->\n<title>Lubrifiant silicone en a\u00e9rosol ASMACO - anchoralliedfactory<\/title>\n<meta name=\"robots\" content=\"index, follow, max-snippet:-1, max-image-preview:large, max-video-preview:-1\" \/>\n<link rel=\"canonical\" href=\"https:\/\/anchorallied.com\/fr\/product\/asmaco-silicone-spray\/\" \/>\n<meta property=\"og:locale\" content=\"en_US\" \/>\n<meta property=\"og:type\" content=\"article\" \/>\n<meta property=\"og:title\" content=\"Lubrifiant silicone en a\u00e9rosol ASMACO - anchoralliedfactory\" \/>\n<meta property=\"og:description\" content=\"Le spray silicone ASMACO est un lubrifiant hydrofuge de qualit\u00e9 sup\u00e9rieure, formul\u00e9 \u00e0 partir de silicone de haute qualit\u00e9 et d&#039;agents antifriction. Con\u00e7u pour emp\u00eacher l&#039;adh\u00e9rence sur les plastiques, les moules, les m\u00e9taux et les outils, il est id\u00e9al pour les applications o\u00f9 les lubrifiants \u00e0 base de p\u00e9trole ne conviennent pas. Sa formule transparente et non tachante offre une protection durable et une meilleure performance de surface.\" \/>\n<meta property=\"og:url\" content=\"https:\/\/anchorallied.com\/fr\/product\/asmaco-silicone-spray\/\" \/>\n<meta property=\"og:site_name\" content=\"anchoralliedfactory\" \/>\n<meta property=\"article:modified_time\" content=\"2026-04-13T06:21:46+00:00\" \/>\n<meta property=\"og:image\" content=\"http:\/\/anchorallied.com\/fr\/wp-content\/uploads\/2025\/05\/Autocare_0001_Silicone_Spray.jpg\" \/>\n\t<meta property=\"og:image:width\" content=\"1200\" \/>\n\t<meta property=\"og:image:height\" content=\"1200\" \/>\n\t<meta property=\"og:image:type\" content=\"image\/jpeg\" \/>\n<meta name=\"twitter:card\" content=\"summary_large_image\" \/>\n<meta name=\"twitter:label1\" content=\"Est. reading time\" \/>\n\t<meta name=\"twitter:data1\" content=\"5 minutes\" \/>\n<script type=\"application\/ld+json\" class=\"yoast-schema-graph\">{\"@context\":\"https:\\\/\\\/schema.org\",\"@graph\":[{\"@type\":\"WebPage\",\"@id\":\"https:\\\/\\\/anchorallied.com\\\/fr\\\/product\\\/asmaco-silicone-spray\\\/\",\"url\":\"https:\\\/\\\/anchorallied.com\\\/fr\\\/product\\\/asmaco-silicone-spray\\\/\",\"name\":\"Lubrifiant silicone en a\u00e9rosol ASMACO - anchoralliedfactory\",\"isPartOf\":{\"@id\":\"https:\\\/\\\/anchorallied.com\\\/fr\\\/#website\"},\"primaryImageOfPage\":{\"@id\":\"https:\\\/\\\/anchorallied.com\\\/fr\\\/product\\\/asmaco-silicone-spray\\\/#primaryimage\"},\"image\":{\"@id\":\"https:\\\/\\\/anchorallied.com\\\/fr\\\/product\\\/asmaco-silicone-spray\\\/#primaryimage\"},\"thumbnailUrl\":\"https:\\\/\\\/anchorallied.com\\\/fr\\\/wp-content\\\/uploads\\\/2025\\\/05\\\/Autocare_0001_Silicone_Spray.jpg\",\"datePublished\":\"2025-05-27T06:43:25+00:00\",\"dateModified\":\"2026-04-13T06:21:46+00:00\",\"breadcrumb\":{\"@id\":\"https:\\\/\\\/anchorallied.com\\\/fr\\\/product\\\/asmaco-silicone-spray\\\/#breadcrumb\"},\"inLanguage\":\"en\",\"potentialAction\":[{\"@type\":\"ReadAction\",\"target\":[\"https:\\\/\\\/anchorallied.com\\\/fr\\\/product\\\/asmaco-silicone-spray\\\/\"]}]},{\"@type\":\"ImageObject\",\"inLanguage\":\"en\",\"@id\":\"https:\\\/\\\/anchorallied.com\\\/fr\\\/product\\\/asmaco-silicone-spray\\\/#primaryimage\",\"url\":\"https:\\\/\\\/anchorallied.com\\\/fr\\\/wp-content\\\/uploads\\\/2025\\\/05\\\/Autocare_0001_Silicone_Spray.jpg\",\"contentUrl\":\"https:\\\/\\\/anchorallied.com\\\/fr\\\/wp-content\\\/uploads\\\/2025\\\/05\\\/Autocare_0001_Silicone_Spray.jpg\",\"width\":1200,\"height\":1200},{\"@type\":\"BreadcrumbList\",\"@id\":\"https:\\\/\\\/anchorallied.com\\\/fr\\\/product\\\/asmaco-silicone-spray\\\/#breadcrumb\",\"itemListElement\":[{\"@type\":\"ListItem\",\"position\":1,\"name\":\"Home\",\"item\":\"http:\\\/\\\/en.anchorallied.com\\\/fr\\\/\"},{\"@type\":\"ListItem\",\"position\":2,\"name\":\"Shop\",\"item\":\"https:\\\/\\\/en.anchorallied.com\\\/fr\\\/shop\\\/\"},{\"@type\":\"ListItem\",\"position\":3,\"name\":\"Lubrifiant silicone en a\u00e9rosol ASMACO\"}]},{\"@type\":\"WebSite\",\"@id\":\"https:\\\/\\\/anchorallied.com\\\/fr\\\/#website\",\"url\":\"https:\\\/\\\/anchorallied.com\\\/fr\\\/\",\"name\":\"anchoralliedfactory\",\"description\":\"\",\"potentialAction\":[{\"@type\":\"SearchAction\",\"target\":{\"@type\":\"EntryPoint\",\"urlTemplate\":\"https:\\\/\\\/anchorallied.com\\\/fr\\\/?s={search_term_string}\"},\"query-input\":{\"@type\":\"PropertyValueSpecification\",\"valueRequired\":true,\"valueName\":\"search_term_string\"}}],\"inLanguage\":\"en\"}]}<\/script>\n<!-- \/ Yoast SEO plugin. -->","yoast_head_json":{"title":"Lubrifiant silicone en a\u00e9rosol ASMACO - anchoralliedfactory","robots":{"index":"index","follow":"follow","max-snippet":"max-snippet:-1","max-image-preview":"max-image-preview:large","max-video-preview":"max-video-preview:-1"},"canonical":"https:\/\/anchorallied.com\/fr\/product\/asmaco-silicone-spray\/","og_locale":"en_US","og_type":"article","og_title":"Lubrifiant silicone en a\u00e9rosol ASMACO - anchoralliedfactory","og_description":"Le spray silicone ASMACO est un lubrifiant hydrofuge de qualit\u00e9 sup\u00e9rieure, formul\u00e9 \u00e0 partir de silicone de haute qualit\u00e9 et d'agents antifriction. Con\u00e7u pour emp\u00eacher l'adh\u00e9rence sur les plastiques, les moules, les m\u00e9taux et les outils, il est id\u00e9al pour les applications o\u00f9 les lubrifiants \u00e0 base de p\u00e9trole ne conviennent pas. Sa formule transparente et non tachante offre une protection durable et une meilleure performance de surface.","og_url":"https:\/\/anchorallied.com\/fr\/product\/asmaco-silicone-spray\/","og_site_name":"anchoralliedfactory","article_modified_time":"2026-04-13T06:21:46+00:00","og_image":[{"width":1200,"height":1200,"url":"http:\/\/anchorallied.com\/fr\/wp-content\/uploads\/2025\/05\/Autocare_0001_Silicone_Spray.jpg","type":"image\/jpeg"}],"twitter_card":"summary_large_image","twitter_misc":{"Est. reading time":"5 minutes"},"schema":{"@context":"https:\/\/schema.org","@graph":[{"@type":"WebPage","@id":"https:\/\/anchorallied.com\/fr\/product\/asmaco-silicone-spray\/","url":"https:\/\/anchorallied.com\/fr\/product\/asmaco-silicone-spray\/","name":"Lubrifiant silicone en a\u00e9rosol ASMACO - anchoralliedfactory","isPartOf":{"@id":"https:\/\/anchorallied.com\/fr\/#website"},"primaryImageOfPage":{"@id":"https:\/\/anchorallied.com\/fr\/product\/asmaco-silicone-spray\/#primaryimage"},"image":{"@id":"https:\/\/anchorallied.com\/fr\/product\/asmaco-silicone-spray\/#primaryimage"},"thumbnailUrl":"https:\/\/anchorallied.com\/fr\/wp-content\/uploads\/2025\/05\/Autocare_0001_Silicone_Spray.jpg","datePublished":"2025-05-27T06:43:25+00:00","dateModified":"2026-04-13T06:21:46+00:00","breadcrumb":{"@id":"https:\/\/anchorallied.com\/fr\/product\/asmaco-silicone-spray\/#breadcrumb"},"inLanguage":"en","potentialAction":[{"@type":"ReadAction","target":["https:\/\/anchorallied.com\/fr\/product\/asmaco-silicone-spray\/"]}]},{"@type":"ImageObject","inLanguage":"en","@id":"https:\/\/anchorallied.com\/fr\/product\/asmaco-silicone-spray\/#primaryimage","url":"https:\/\/anchorallied.com\/fr\/wp-content\/uploads\/2025\/05\/Autocare_0001_Silicone_Spray.jpg","contentUrl":"https:\/\/anchorallied.com\/fr\/wp-content\/uploads\/2025\/05\/Autocare_0001_Silicone_Spray.jpg","width":1200,"height":1200},{"@type":"BreadcrumbList","@id":"https:\/\/anchorallied.com\/fr\/product\/asmaco-silicone-spray\/#breadcrumb","itemListElement":[{"@type":"ListItem","position":1,"name":"Home","item":"http:\/\/en.anchorallied.com\/fr\/"},{"@type":"ListItem","position":2,"name":"Shop","item":"https:\/\/en.anchorallied.com\/fr\/shop\/"},{"@type":"ListItem","position":3,"name":"Lubrifiant silicone en a\u00e9rosol ASMACO"}]},{"@type":"WebSite","@id":"https:\/\/anchorallied.com\/fr\/#website","url":"https:\/\/anchorallied.com\/fr\/","name":"anchoralliedfactory","description":"","potentialAction":[{"@type":"SearchAction","target":{"@type":"EntryPoint","urlTemplate":"https:\/\/anchorallied.com\/fr\/?s={search_term_string}"},"query-input":{"@type":"PropertyValueSpecification","valueRequired":true,"valueName":"search_term_string"}}],"inLanguage":"en"}]}},"_links":{"self":[{"href":"https:\/\/anchorallied.com\/fr\/wp-json\/wp\/v2\/product\/2677","targetHints":{"allow":["GET"]}}],"collection":[{"href":"https:\/\/anchorallied.com\/fr\/wp-json\/wp\/v2\/product"}],"about":[{"href":"https:\/\/anchorallied.com\/fr\/wp-json\/wp\/v2\/types\/product"}],"replies":[{"embeddable":true,"href":"https:\/\/anchorallied.com\/fr\/wp-json\/wp\/v2\/comments?post=2677"}],"wp:featuredmedia":[{"embeddable":true,"href":"https:\/\/anchorallied.com\/fr\/wp-json\/wp\/v2\/media\/2678"}],"wp:attachment":[{"href":"https:\/\/anchorallied.com\/fr\/wp-json\/wp\/v2\/media?parent=2677"}],"wp:term":[{"taxonomy":"product_brand","embeddable":true,"href":"https:\/\/anchorallied.com\/fr\/wp-json\/wp\/v2\/product_brand?post=2677"},{"taxonomy":"product_cat","embeddable":true,"href":"https:\/\/anchorallied.com\/fr\/wp-json\/wp\/v2\/product_cat?post=2677"},{"taxonomy":"product_tag","embeddable":true,"href":"https:\/\/anchorallied.com\/fr\/wp-json\/wp\/v2\/product_tag?post=2677"}],"curies":[{"name":"wp","href":"https:\/\/api.w.org\/{rel}","templated":true}]}}