{"id":2681,"date":"2025-05-27T06:58:11","date_gmt":"2025-05-27T06:58:11","guid":{"rendered":"http:\/\/anchorallied.com\/fr\/?post_type=product&#038;p=2681"},"modified":"2026-04-13T06:20:12","modified_gmt":"2026-04-13T06:20:12","slug":"asmaco-wheel-cleaner-and-polish-spray","status":"publish","type":"product","link":"https:\/\/anchorallied.com\/fr\/product\/asmaco-wheel-cleaner-and-polish-spray\/","title":{"rendered":"Nettoyant et lustrant pour roues en a\u00e9rosol ASMACO"},"content":{"rendered":"<p>ASMACO Nettoyant et Polish pour Jantes<br \/>\nNon abrasif et s\u00fbr pour les jantes en alliage, ce produit ne contient aucun agent agressif susceptible d\u2019endommager la surface.<\/p>\n<p>Il \u00e9limine efficacement la salet\u00e9, les taches et la poussi\u00e8re de frein, restaurant la brillance d\u2019origine des jantes.<\/p>\n<p>Le spray forme \u00e9galement une couche protectrice qui pr\u00e9vient les d\u00e9p\u00f4ts et salissures futures.<\/p>\n<p>Id\u00e9al pour l\u2019entretien r\u00e9gulier, il maintient vos jantes comme neuves tout en prolongeant leur dur\u00e9e de vie et leur \u00e9clat.<\/p>\n","protected":false},"excerpt":{"rendered":"<p>Le spray nettoyant et lustrant pour jantes ASMACO est sp\u00e9cialement formul\u00e9 pour nettoyer et polir efficacement les jantes en alliage. Il \u00e9limine en toute s\u00e9curit\u00e9 la salet\u00e9, la poussi\u00e8re, les taches et les r\u00e9sidus de frein sans endommager la surface. Une utilisation r\u00e9guli\u00e8re permet de conserver un brillant \u00e9clatant tout en prot\u00e9geant les jantes des accumulations futures.<\/p>\n","protected":false},"featured_media":2682,"comment_status":"open","ping_status":"closed","template":"","meta":{"_acf_changed":false},"product_brand":[],"product_cat":[15,164],"product_tag":[],"class_list":{"0":"post-2681","1":"product","2":"type-product","3":"status-publish","4":"has-post-thumbnail","6":"product_cat-aerosols","7":"product_cat-entretien-automobile","9":"first","10":"instock","11":"shipping-taxable","12":"product-type-simple"},"acf":[],"yoast_head":"<!-- This site is optimized with the Yoast SEO plugin v27.3 - https:\/\/yoast.com\/product\/yoast-seo-wordpress\/ -->\n<title>Nettoyant et lustrant pour roues en a\u00e9rosol ASMACO - anchoralliedfactory<\/title>\n<meta name=\"robots\" content=\"index, follow, max-snippet:-1, max-image-preview:large, max-video-preview:-1\" \/>\n<link rel=\"canonical\" href=\"https:\/\/anchorallied.com\/fr\/product\/asmaco-wheel-cleaner-and-polish-spray\/\" \/>\n<meta property=\"og:locale\" content=\"en_US\" \/>\n<meta property=\"og:type\" content=\"article\" \/>\n<meta property=\"og:title\" content=\"Nettoyant et lustrant pour roues en a\u00e9rosol ASMACO - anchoralliedfactory\" \/>\n<meta property=\"og:description\" content=\"Le spray nettoyant et lustrant pour jantes ASMACO est sp\u00e9cialement formul\u00e9 pour nettoyer et polir efficacement les jantes en alliage. Il \u00e9limine en toute s\u00e9curit\u00e9 la salet\u00e9, la poussi\u00e8re, les taches et les r\u00e9sidus de frein sans endommager la surface. Une utilisation r\u00e9guli\u00e8re permet de conserver un brillant \u00e9clatant tout en prot\u00e9geant les jantes des accumulations futures.\" \/>\n<meta property=\"og:url\" content=\"https:\/\/anchorallied.com\/fr\/product\/asmaco-wheel-cleaner-and-polish-spray\/\" \/>\n<meta property=\"og:site_name\" content=\"anchoralliedfactory\" \/>\n<meta property=\"article:modified_time\" content=\"2026-04-13T06:20:12+00:00\" \/>\n<meta property=\"og:image\" content=\"http:\/\/anchorallied.com\/fr\/wp-content\/uploads\/2025\/05\/Autocare_0013_Wheel_Cleaner.jpg\" \/>\n\t<meta property=\"og:image:width\" content=\"1200\" \/>\n\t<meta property=\"og:image:height\" content=\"1200\" \/>\n\t<meta property=\"og:image:type\" content=\"image\/jpeg\" \/>\n<meta name=\"twitter:card\" content=\"summary_large_image\" \/>\n<meta name=\"twitter:label1\" content=\"Est. reading time\" \/>\n\t<meta name=\"twitter:data1\" content=\"4 minutes\" \/>\n<script type=\"application\/ld+json\" class=\"yoast-schema-graph\">{\"@context\":\"https:\\\/\\\/schema.org\",\"@graph\":[{\"@type\":\"WebPage\",\"@id\":\"https:\\\/\\\/anchorallied.com\\\/fr\\\/product\\\/asmaco-wheel-cleaner-and-polish-spray\\\/\",\"url\":\"https:\\\/\\\/anchorallied.com\\\/fr\\\/product\\\/asmaco-wheel-cleaner-and-polish-spray\\\/\",\"name\":\"Nettoyant et lustrant pour roues en a\u00e9rosol ASMACO - anchoralliedfactory\",\"isPartOf\":{\"@id\":\"https:\\\/\\\/anchorallied.com\\\/fr\\\/#website\"},\"primaryImageOfPage\":{\"@id\":\"https:\\\/\\\/anchorallied.com\\\/fr\\\/product\\\/asmaco-wheel-cleaner-and-polish-spray\\\/#primaryimage\"},\"image\":{\"@id\":\"https:\\\/\\\/anchorallied.com\\\/fr\\\/product\\\/asmaco-wheel-cleaner-and-polish-spray\\\/#primaryimage\"},\"thumbnailUrl\":\"https:\\\/\\\/anchorallied.com\\\/fr\\\/wp-content\\\/uploads\\\/2025\\\/05\\\/Autocare_0013_Wheel_Cleaner.jpg\",\"datePublished\":\"2025-05-27T06:58:11+00:00\",\"dateModified\":\"2026-04-13T06:20:12+00:00\",\"breadcrumb\":{\"@id\":\"https:\\\/\\\/anchorallied.com\\\/fr\\\/product\\\/asmaco-wheel-cleaner-and-polish-spray\\\/#breadcrumb\"},\"inLanguage\":\"en\",\"potentialAction\":[{\"@type\":\"ReadAction\",\"target\":[\"https:\\\/\\\/anchorallied.com\\\/fr\\\/product\\\/asmaco-wheel-cleaner-and-polish-spray\\\/\"]}]},{\"@type\":\"ImageObject\",\"inLanguage\":\"en\",\"@id\":\"https:\\\/\\\/anchorallied.com\\\/fr\\\/product\\\/asmaco-wheel-cleaner-and-polish-spray\\\/#primaryimage\",\"url\":\"https:\\\/\\\/anchorallied.com\\\/fr\\\/wp-content\\\/uploads\\\/2025\\\/05\\\/Autocare_0013_Wheel_Cleaner.jpg\",\"contentUrl\":\"https:\\\/\\\/anchorallied.com\\\/fr\\\/wp-content\\\/uploads\\\/2025\\\/05\\\/Autocare_0013_Wheel_Cleaner.jpg\",\"width\":1200,\"height\":1200},{\"@type\":\"BreadcrumbList\",\"@id\":\"https:\\\/\\\/anchorallied.com\\\/fr\\\/product\\\/asmaco-wheel-cleaner-and-polish-spray\\\/#breadcrumb\",\"itemListElement\":[{\"@type\":\"ListItem\",\"position\":1,\"name\":\"Home\",\"item\":\"http:\\\/\\\/en.anchorallied.com\\\/fr\\\/\"},{\"@type\":\"ListItem\",\"position\":2,\"name\":\"Shop\",\"item\":\"https:\\\/\\\/en.anchorallied.com\\\/fr\\\/shop\\\/\"},{\"@type\":\"ListItem\",\"position\":3,\"name\":\"Nettoyant et lustrant pour roues en a\u00e9rosol ASMACO\"}]},{\"@type\":\"WebSite\",\"@id\":\"https:\\\/\\\/anchorallied.com\\\/fr\\\/#website\",\"url\":\"https:\\\/\\\/anchorallied.com\\\/fr\\\/\",\"name\":\"anchoralliedfactory\",\"description\":\"\",\"potentialAction\":[{\"@type\":\"SearchAction\",\"target\":{\"@type\":\"EntryPoint\",\"urlTemplate\":\"https:\\\/\\\/anchorallied.com\\\/fr\\\/?s={search_term_string}\"},\"query-input\":{\"@type\":\"PropertyValueSpecification\",\"valueRequired\":true,\"valueName\":\"search_term_string\"}}],\"inLanguage\":\"en\"}]}<\/script>\n<!-- \/ Yoast SEO plugin. -->","yoast_head_json":{"title":"Nettoyant et lustrant pour roues en a\u00e9rosol ASMACO - anchoralliedfactory","robots":{"index":"index","follow":"follow","max-snippet":"max-snippet:-1","max-image-preview":"max-image-preview:large","max-video-preview":"max-video-preview:-1"},"canonical":"https:\/\/anchorallied.com\/fr\/product\/asmaco-wheel-cleaner-and-polish-spray\/","og_locale":"en_US","og_type":"article","og_title":"Nettoyant et lustrant pour roues en a\u00e9rosol ASMACO - anchoralliedfactory","og_description":"Le spray nettoyant et lustrant pour jantes ASMACO est sp\u00e9cialement formul\u00e9 pour nettoyer et polir efficacement les jantes en alliage. Il \u00e9limine en toute s\u00e9curit\u00e9 la salet\u00e9, la poussi\u00e8re, les taches et les r\u00e9sidus de frein sans endommager la surface. Une utilisation r\u00e9guli\u00e8re permet de conserver un brillant \u00e9clatant tout en prot\u00e9geant les jantes des accumulations futures.","og_url":"https:\/\/anchorallied.com\/fr\/product\/asmaco-wheel-cleaner-and-polish-spray\/","og_site_name":"anchoralliedfactory","article_modified_time":"2026-04-13T06:20:12+00:00","og_image":[{"width":1200,"height":1200,"url":"http:\/\/anchorallied.com\/fr\/wp-content\/uploads\/2025\/05\/Autocare_0013_Wheel_Cleaner.jpg","type":"image\/jpeg"}],"twitter_card":"summary_large_image","twitter_misc":{"Est. reading time":"4 minutes"},"schema":{"@context":"https:\/\/schema.org","@graph":[{"@type":"WebPage","@id":"https:\/\/anchorallied.com\/fr\/product\/asmaco-wheel-cleaner-and-polish-spray\/","url":"https:\/\/anchorallied.com\/fr\/product\/asmaco-wheel-cleaner-and-polish-spray\/","name":"Nettoyant et lustrant pour roues en a\u00e9rosol ASMACO - anchoralliedfactory","isPartOf":{"@id":"https:\/\/anchorallied.com\/fr\/#website"},"primaryImageOfPage":{"@id":"https:\/\/anchorallied.com\/fr\/product\/asmaco-wheel-cleaner-and-polish-spray\/#primaryimage"},"image":{"@id":"https:\/\/anchorallied.com\/fr\/product\/asmaco-wheel-cleaner-and-polish-spray\/#primaryimage"},"thumbnailUrl":"https:\/\/anchorallied.com\/fr\/wp-content\/uploads\/2025\/05\/Autocare_0013_Wheel_Cleaner.jpg","datePublished":"2025-05-27T06:58:11+00:00","dateModified":"2026-04-13T06:20:12+00:00","breadcrumb":{"@id":"https:\/\/anchorallied.com\/fr\/product\/asmaco-wheel-cleaner-and-polish-spray\/#breadcrumb"},"inLanguage":"en","potentialAction":[{"@type":"ReadAction","target":["https:\/\/anchorallied.com\/fr\/product\/asmaco-wheel-cleaner-and-polish-spray\/"]}]},{"@type":"ImageObject","inLanguage":"en","@id":"https:\/\/anchorallied.com\/fr\/product\/asmaco-wheel-cleaner-and-polish-spray\/#primaryimage","url":"https:\/\/anchorallied.com\/fr\/wp-content\/uploads\/2025\/05\/Autocare_0013_Wheel_Cleaner.jpg","contentUrl":"https:\/\/anchorallied.com\/fr\/wp-content\/uploads\/2025\/05\/Autocare_0013_Wheel_Cleaner.jpg","width":1200,"height":1200},{"@type":"BreadcrumbList","@id":"https:\/\/anchorallied.com\/fr\/product\/asmaco-wheel-cleaner-and-polish-spray\/#breadcrumb","itemListElement":[{"@type":"ListItem","position":1,"name":"Home","item":"http:\/\/en.anchorallied.com\/fr\/"},{"@type":"ListItem","position":2,"name":"Shop","item":"https:\/\/en.anchorallied.com\/fr\/shop\/"},{"@type":"ListItem","position":3,"name":"Nettoyant et lustrant pour roues en a\u00e9rosol ASMACO"}]},{"@type":"WebSite","@id":"https:\/\/anchorallied.com\/fr\/#website","url":"https:\/\/anchorallied.com\/fr\/","name":"anchoralliedfactory","description":"","potentialAction":[{"@type":"SearchAction","target":{"@type":"EntryPoint","urlTemplate":"https:\/\/anchorallied.com\/fr\/?s={search_term_string}"},"query-input":{"@type":"PropertyValueSpecification","valueRequired":true,"valueName":"search_term_string"}}],"inLanguage":"en"}]}},"_links":{"self":[{"href":"https:\/\/anchorallied.com\/fr\/wp-json\/wp\/v2\/product\/2681","targetHints":{"allow":["GET"]}}],"collection":[{"href":"https:\/\/anchorallied.com\/fr\/wp-json\/wp\/v2\/product"}],"about":[{"href":"https:\/\/anchorallied.com\/fr\/wp-json\/wp\/v2\/types\/product"}],"replies":[{"embeddable":true,"href":"https:\/\/anchorallied.com\/fr\/wp-json\/wp\/v2\/comments?post=2681"}],"wp:featuredmedia":[{"embeddable":true,"href":"https:\/\/anchorallied.com\/fr\/wp-json\/wp\/v2\/media\/2682"}],"wp:attachment":[{"href":"https:\/\/anchorallied.com\/fr\/wp-json\/wp\/v2\/media?parent=2681"}],"wp:term":[{"taxonomy":"product_brand","embeddable":true,"href":"https:\/\/anchorallied.com\/fr\/wp-json\/wp\/v2\/product_brand?post=2681"},{"taxonomy":"product_cat","embeddable":true,"href":"https:\/\/anchorallied.com\/fr\/wp-json\/wp\/v2\/product_cat?post=2681"},{"taxonomy":"product_tag","embeddable":true,"href":"https:\/\/anchorallied.com\/fr\/wp-json\/wp\/v2\/product_tag?post=2681"}],"curies":[{"name":"wp","href":"https:\/\/api.w.org\/{rel}","templated":true}]}}