{"id":2685,"date":"2025-05-27T07:06:31","date_gmt":"2025-05-27T07:06:31","guid":{"rendered":"http:\/\/anchorallied.com\/fr\/?post_type=product&#038;p=2685"},"modified":"2026-04-13T06:19:02","modified_gmt":"2026-04-13T06:19:02","slug":"asmaco-dashboard-wax-spray","status":"publish","type":"product","link":"https:\/\/anchorallied.com\/fr\/product\/asmaco-dashboard-wax-spray\/","title":{"rendered":"Spray cire tableau de bord ASMACO"},"content":{"rendered":"<p>ASMACO Spray Cire Tableau de Bord<br \/>\nFormul\u00e9 en spray pour une application facile et une protection efficace.<\/p>\n<p>Convient aux surfaces en cuir, plastique et caoutchouc, id\u00e9al pour tableaux de bord, si\u00e8ges, pneus et panneaux.<\/p>\n<p>Apporte un film antistatique qui repousse la poussi\u00e8re et la salet\u00e9, pr\u00e9servant la propret\u00e9 et l\u2019apparence.<\/p>\n<p>Prot\u00e8ge contre la d\u00e9t\u00e9rioration des mat\u00e9riaux et prolonge la dur\u00e9e de vie des surfaces int\u00e9rieures.<\/p>\n<p>Laisse une finition riche et brillante, restaurant l\u2019aspect d\u2019origine et am\u00e9liorant l\u2019esth\u00e9tique int\u00e9rieure.<\/p>\n","protected":false},"excerpt":{"rendered":"<p>La cire en spray pour tableau de bord ASMACO est une cire sp\u00e9cialement formul\u00e9e pour polir et prot\u00e9ger les surfaces en cuir, caoutchouc et plastique des v\u00e9hicules. Elle embellit les tableaux de bord, les si\u00e8ges, les pneus et les panneaux de porte, leur procurant un fini brillant durable tout en les prot\u00e9geant de la poussi\u00e8re et de la d\u00e9t\u00e9rioration.<\/p>\n","protected":false},"featured_media":2686,"comment_status":"open","ping_status":"closed","template":"","meta":{"_acf_changed":false},"product_brand":[],"product_cat":[15,164],"product_tag":[],"class_list":{"0":"post-2685","1":"product","2":"type-product","3":"status-publish","4":"has-post-thumbnail","6":"product_cat-aerosols","7":"product_cat-entretien-automobile","9":"first","10":"instock","11":"shipping-taxable","12":"product-type-simple"},"acf":[],"yoast_head":"<!-- This site is optimized with the Yoast SEO plugin v27.3 - https:\/\/yoast.com\/product\/yoast-seo-wordpress\/ -->\n<title>Spray cire tableau de bord ASMACO - anchoralliedfactory<\/title>\n<meta name=\"robots\" content=\"index, follow, max-snippet:-1, max-image-preview:large, max-video-preview:-1\" \/>\n<link rel=\"canonical\" href=\"https:\/\/anchorallied.com\/fr\/product\/asmaco-dashboard-wax-spray\/\" \/>\n<meta property=\"og:locale\" content=\"en_US\" \/>\n<meta property=\"og:type\" content=\"article\" \/>\n<meta property=\"og:title\" content=\"Spray cire tableau de bord ASMACO - anchoralliedfactory\" \/>\n<meta property=\"og:description\" content=\"La cire en spray pour tableau de bord ASMACO est une cire sp\u00e9cialement formul\u00e9e pour polir et prot\u00e9ger les surfaces en cuir, caoutchouc et plastique des v\u00e9hicules. Elle embellit les tableaux de bord, les si\u00e8ges, les pneus et les panneaux de porte, leur procurant un fini brillant durable tout en les prot\u00e9geant de la poussi\u00e8re et de la d\u00e9t\u00e9rioration.\" \/>\n<meta property=\"og:url\" content=\"https:\/\/anchorallied.com\/fr\/product\/asmaco-dashboard-wax-spray\/\" \/>\n<meta property=\"og:site_name\" content=\"anchoralliedfactory\" \/>\n<meta property=\"article:modified_time\" content=\"2026-04-13T06:19:02+00:00\" \/>\n<meta property=\"og:image\" content=\"http:\/\/anchorallied.com\/fr\/wp-content\/uploads\/2025\/05\/Autocare_0007_Dashboard-Spray.jpg\" \/>\n\t<meta property=\"og:image:width\" content=\"1200\" \/>\n\t<meta property=\"og:image:height\" content=\"1200\" \/>\n\t<meta property=\"og:image:type\" content=\"image\/jpeg\" \/>\n<meta name=\"twitter:card\" content=\"summary_large_image\" \/>\n<meta name=\"twitter:label1\" content=\"Est. reading time\" \/>\n\t<meta name=\"twitter:data1\" content=\"4 minutes\" \/>\n<script type=\"application\/ld+json\" class=\"yoast-schema-graph\">{\"@context\":\"https:\\\/\\\/schema.org\",\"@graph\":[{\"@type\":\"WebPage\",\"@id\":\"https:\\\/\\\/anchorallied.com\\\/fr\\\/product\\\/asmaco-dashboard-wax-spray\\\/\",\"url\":\"https:\\\/\\\/anchorallied.com\\\/fr\\\/product\\\/asmaco-dashboard-wax-spray\\\/\",\"name\":\"Spray cire tableau de bord ASMACO - anchoralliedfactory\",\"isPartOf\":{\"@id\":\"https:\\\/\\\/anchorallied.com\\\/fr\\\/#website\"},\"primaryImageOfPage\":{\"@id\":\"https:\\\/\\\/anchorallied.com\\\/fr\\\/product\\\/asmaco-dashboard-wax-spray\\\/#primaryimage\"},\"image\":{\"@id\":\"https:\\\/\\\/anchorallied.com\\\/fr\\\/product\\\/asmaco-dashboard-wax-spray\\\/#primaryimage\"},\"thumbnailUrl\":\"https:\\\/\\\/anchorallied.com\\\/fr\\\/wp-content\\\/uploads\\\/2025\\\/05\\\/Autocare_0007_Dashboard-Spray.jpg\",\"datePublished\":\"2025-05-27T07:06:31+00:00\",\"dateModified\":\"2026-04-13T06:19:02+00:00\",\"breadcrumb\":{\"@id\":\"https:\\\/\\\/anchorallied.com\\\/fr\\\/product\\\/asmaco-dashboard-wax-spray\\\/#breadcrumb\"},\"inLanguage\":\"en\",\"potentialAction\":[{\"@type\":\"ReadAction\",\"target\":[\"https:\\\/\\\/anchorallied.com\\\/fr\\\/product\\\/asmaco-dashboard-wax-spray\\\/\"]}]},{\"@type\":\"ImageObject\",\"inLanguage\":\"en\",\"@id\":\"https:\\\/\\\/anchorallied.com\\\/fr\\\/product\\\/asmaco-dashboard-wax-spray\\\/#primaryimage\",\"url\":\"https:\\\/\\\/anchorallied.com\\\/fr\\\/wp-content\\\/uploads\\\/2025\\\/05\\\/Autocare_0007_Dashboard-Spray.jpg\",\"contentUrl\":\"https:\\\/\\\/anchorallied.com\\\/fr\\\/wp-content\\\/uploads\\\/2025\\\/05\\\/Autocare_0007_Dashboard-Spray.jpg\",\"width\":1200,\"height\":1200},{\"@type\":\"BreadcrumbList\",\"@id\":\"https:\\\/\\\/anchorallied.com\\\/fr\\\/product\\\/asmaco-dashboard-wax-spray\\\/#breadcrumb\",\"itemListElement\":[{\"@type\":\"ListItem\",\"position\":1,\"name\":\"Home\",\"item\":\"http:\\\/\\\/en.anchorallied.com\\\/fr\\\/\"},{\"@type\":\"ListItem\",\"position\":2,\"name\":\"Shop\",\"item\":\"https:\\\/\\\/en.anchorallied.com\\\/fr\\\/shop\\\/\"},{\"@type\":\"ListItem\",\"position\":3,\"name\":\"Spray cire tableau de bord ASMACO\"}]},{\"@type\":\"WebSite\",\"@id\":\"https:\\\/\\\/anchorallied.com\\\/fr\\\/#website\",\"url\":\"https:\\\/\\\/anchorallied.com\\\/fr\\\/\",\"name\":\"anchoralliedfactory\",\"description\":\"\",\"potentialAction\":[{\"@type\":\"SearchAction\",\"target\":{\"@type\":\"EntryPoint\",\"urlTemplate\":\"https:\\\/\\\/anchorallied.com\\\/fr\\\/?s={search_term_string}\"},\"query-input\":{\"@type\":\"PropertyValueSpecification\",\"valueRequired\":true,\"valueName\":\"search_term_string\"}}],\"inLanguage\":\"en\"}]}<\/script>\n<!-- \/ Yoast SEO plugin. -->","yoast_head_json":{"title":"Spray cire tableau de bord ASMACO - anchoralliedfactory","robots":{"index":"index","follow":"follow","max-snippet":"max-snippet:-1","max-image-preview":"max-image-preview:large","max-video-preview":"max-video-preview:-1"},"canonical":"https:\/\/anchorallied.com\/fr\/product\/asmaco-dashboard-wax-spray\/","og_locale":"en_US","og_type":"article","og_title":"Spray cire tableau de bord ASMACO - anchoralliedfactory","og_description":"La cire en spray pour tableau de bord ASMACO est une cire sp\u00e9cialement formul\u00e9e pour polir et prot\u00e9ger les surfaces en cuir, caoutchouc et plastique des v\u00e9hicules. Elle embellit les tableaux de bord, les si\u00e8ges, les pneus et les panneaux de porte, leur procurant un fini brillant durable tout en les prot\u00e9geant de la poussi\u00e8re et de la d\u00e9t\u00e9rioration.","og_url":"https:\/\/anchorallied.com\/fr\/product\/asmaco-dashboard-wax-spray\/","og_site_name":"anchoralliedfactory","article_modified_time":"2026-04-13T06:19:02+00:00","og_image":[{"width":1200,"height":1200,"url":"http:\/\/anchorallied.com\/fr\/wp-content\/uploads\/2025\/05\/Autocare_0007_Dashboard-Spray.jpg","type":"image\/jpeg"}],"twitter_card":"summary_large_image","twitter_misc":{"Est. reading time":"4 minutes"},"schema":{"@context":"https:\/\/schema.org","@graph":[{"@type":"WebPage","@id":"https:\/\/anchorallied.com\/fr\/product\/asmaco-dashboard-wax-spray\/","url":"https:\/\/anchorallied.com\/fr\/product\/asmaco-dashboard-wax-spray\/","name":"Spray cire tableau de bord ASMACO - anchoralliedfactory","isPartOf":{"@id":"https:\/\/anchorallied.com\/fr\/#website"},"primaryImageOfPage":{"@id":"https:\/\/anchorallied.com\/fr\/product\/asmaco-dashboard-wax-spray\/#primaryimage"},"image":{"@id":"https:\/\/anchorallied.com\/fr\/product\/asmaco-dashboard-wax-spray\/#primaryimage"},"thumbnailUrl":"https:\/\/anchorallied.com\/fr\/wp-content\/uploads\/2025\/05\/Autocare_0007_Dashboard-Spray.jpg","datePublished":"2025-05-27T07:06:31+00:00","dateModified":"2026-04-13T06:19:02+00:00","breadcrumb":{"@id":"https:\/\/anchorallied.com\/fr\/product\/asmaco-dashboard-wax-spray\/#breadcrumb"},"inLanguage":"en","potentialAction":[{"@type":"ReadAction","target":["https:\/\/anchorallied.com\/fr\/product\/asmaco-dashboard-wax-spray\/"]}]},{"@type":"ImageObject","inLanguage":"en","@id":"https:\/\/anchorallied.com\/fr\/product\/asmaco-dashboard-wax-spray\/#primaryimage","url":"https:\/\/anchorallied.com\/fr\/wp-content\/uploads\/2025\/05\/Autocare_0007_Dashboard-Spray.jpg","contentUrl":"https:\/\/anchorallied.com\/fr\/wp-content\/uploads\/2025\/05\/Autocare_0007_Dashboard-Spray.jpg","width":1200,"height":1200},{"@type":"BreadcrumbList","@id":"https:\/\/anchorallied.com\/fr\/product\/asmaco-dashboard-wax-spray\/#breadcrumb","itemListElement":[{"@type":"ListItem","position":1,"name":"Home","item":"http:\/\/en.anchorallied.com\/fr\/"},{"@type":"ListItem","position":2,"name":"Shop","item":"https:\/\/en.anchorallied.com\/fr\/shop\/"},{"@type":"ListItem","position":3,"name":"Spray cire tableau de bord ASMACO"}]},{"@type":"WebSite","@id":"https:\/\/anchorallied.com\/fr\/#website","url":"https:\/\/anchorallied.com\/fr\/","name":"anchoralliedfactory","description":"","potentialAction":[{"@type":"SearchAction","target":{"@type":"EntryPoint","urlTemplate":"https:\/\/anchorallied.com\/fr\/?s={search_term_string}"},"query-input":{"@type":"PropertyValueSpecification","valueRequired":true,"valueName":"search_term_string"}}],"inLanguage":"en"}]}},"_links":{"self":[{"href":"https:\/\/anchorallied.com\/fr\/wp-json\/wp\/v2\/product\/2685","targetHints":{"allow":["GET"]}}],"collection":[{"href":"https:\/\/anchorallied.com\/fr\/wp-json\/wp\/v2\/product"}],"about":[{"href":"https:\/\/anchorallied.com\/fr\/wp-json\/wp\/v2\/types\/product"}],"replies":[{"embeddable":true,"href":"https:\/\/anchorallied.com\/fr\/wp-json\/wp\/v2\/comments?post=2685"}],"wp:featuredmedia":[{"embeddable":true,"href":"https:\/\/anchorallied.com\/fr\/wp-json\/wp\/v2\/media\/2686"}],"wp:attachment":[{"href":"https:\/\/anchorallied.com\/fr\/wp-json\/wp\/v2\/media?parent=2685"}],"wp:term":[{"taxonomy":"product_brand","embeddable":true,"href":"https:\/\/anchorallied.com\/fr\/wp-json\/wp\/v2\/product_brand?post=2685"},{"taxonomy":"product_cat","embeddable":true,"href":"https:\/\/anchorallied.com\/fr\/wp-json\/wp\/v2\/product_cat?post=2685"},{"taxonomy":"product_tag","embeddable":true,"href":"https:\/\/anchorallied.com\/fr\/wp-json\/wp\/v2\/product_tag?post=2685"}],"curies":[{"name":"wp","href":"https:\/\/api.w.org\/{rel}","templated":true}]}}