{"id":2689,"date":"2025-05-27T07:20:38","date_gmt":"2025-05-27T07:20:38","guid":{"rendered":"http:\/\/anchorallied.com\/fr\/?post_type=product&#038;p=2689"},"modified":"2026-04-13T05:52:42","modified_gmt":"2026-04-13T05:52:42","slug":"asmaco-contact-adhesive-gold","status":"publish","type":"product","link":"https:\/\/anchorallied.com\/fr\/product\/asmaco-contact-adhesive-gold\/","title":{"rendered":"Colle de contact ASMACO Gold (Super Forte)"},"content":{"rendered":"<p>Colle Contact ASMACO Gold<br \/>\nFormul\u00e9e pour allier polyvalence et r\u00e9sistance, elle adh\u00e8re efficacement \u00e0 divers mat\u00e9riaux tels que m\u00e9tal, plastique, cuir, bois et tissu.<\/p>\n<p>Son temps de cristallisation rapide garantit un collage instantan\u00e9 et une haute r\u00e9sistance initiale, r\u00e9duisant les d\u00e9lais d\u2019attente lors de l\u2019application.<\/p>\n<p>Flexible \u00e0 basse temp\u00e9rature et r\u00e9sistante \u00e0 la chaleur et \u00e0 l\u2019humidit\u00e9 une fois s\u00e8che, elle assure une performance durable en environnements exigeants.<\/p>\n<p>Utilis\u00e9e couramment en d\u00e9coration et r\u00e9paration automobile, assemblage de mobilier, sellerie, ainsi que dans les industries du cuir et de la chaussure.<\/p>\n<p>Parfaite aussi pour les travaux de bricolage et d\u2019entretien g\u00e9n\u00e9ral, elle constitue une solution fiable pour les professionnels comme les particuliers \u00e0 la recherche d\u2019une adh\u00e9sion robuste et durable.<\/p>\n","protected":false},"excerpt":{"rendered":"<p>L&#8217;adh\u00e9sif de contact ASMACO Gold est un adh\u00e9sif monocomposant hautes performances \u00e0 base de caoutchouc polychloropr\u00e8ne, con\u00e7u pour un collage rapide et solide d&#8217;une large gamme de supports. Il offre une excellente adh\u00e9rence initiale et un temps de prise rapide, ce qui le rend id\u00e9al pour les applications dans l&#8217;automobile, la sellerie, l&#8217;ameublement, le cuir, la chaussure et l&#8217;entretien g\u00e9n\u00e9ral. Une fois durci, il offre un collage durable, flexible et r\u00e9sistant \u00e0 l&#8217;humidit\u00e9.<\/p>\n","protected":false},"featured_media":2690,"comment_status":"open","ping_status":"closed","template":"","meta":{"_acf_changed":false},"product_brand":[],"product_cat":[148,165],"product_tag":[],"class_list":{"0":"post-2689","1":"product","2":"type-product","3":"status-publish","4":"has-post-thumbnail","6":"product_cat-adhesifs","7":"product_cat-adhesifs-de-contact","9":"first","10":"instock","11":"shipping-taxable","12":"product-type-simple"},"acf":[],"yoast_head":"<!-- This site is optimized with the Yoast SEO plugin v27.3 - https:\/\/yoast.com\/product\/yoast-seo-wordpress\/ -->\n<title>Colle de contact ASMACO Gold (Super Forte) - anchoralliedfactory<\/title>\n<meta name=\"robots\" content=\"index, follow, max-snippet:-1, max-image-preview:large, max-video-preview:-1\" \/>\n<link rel=\"canonical\" href=\"https:\/\/anchorallied.com\/fr\/product\/asmaco-contact-adhesive-gold\/\" \/>\n<meta property=\"og:locale\" content=\"en_US\" \/>\n<meta property=\"og:type\" content=\"article\" \/>\n<meta property=\"og:title\" content=\"Colle de contact ASMACO Gold (Super Forte) - anchoralliedfactory\" \/>\n<meta property=\"og:description\" content=\"L&#039;adh\u00e9sif de contact ASMACO Gold est un adh\u00e9sif monocomposant hautes performances \u00e0 base de caoutchouc polychloropr\u00e8ne, con\u00e7u pour un collage rapide et solide d&#039;une large gamme de supports. Il offre une excellente adh\u00e9rence initiale et un temps de prise rapide, ce qui le rend id\u00e9al pour les applications dans l&#039;automobile, la sellerie, l&#039;ameublement, le cuir, la chaussure et l&#039;entretien g\u00e9n\u00e9ral. Une fois durci, il offre un collage durable, flexible et r\u00e9sistant \u00e0 l&#039;humidit\u00e9.\" \/>\n<meta property=\"og:url\" content=\"https:\/\/anchorallied.com\/fr\/product\/asmaco-contact-adhesive-gold\/\" \/>\n<meta property=\"og:site_name\" content=\"anchoralliedfactory\" \/>\n<meta property=\"article:modified_time\" content=\"2026-04-13T05:52:42+00:00\" \/>\n<meta property=\"og:image\" content=\"http:\/\/anchorallied.com\/fr\/wp-content\/uploads\/2025\/05\/Anc__0018_Contact-Adhesive-New.jpg\" \/>\n\t<meta property=\"og:image:width\" content=\"1200\" \/>\n\t<meta property=\"og:image:height\" content=\"1200\" \/>\n\t<meta property=\"og:image:type\" content=\"image\/jpeg\" \/>\n<meta name=\"twitter:card\" content=\"summary_large_image\" \/>\n<meta name=\"twitter:label1\" content=\"Est. reading time\" \/>\n\t<meta name=\"twitter:data1\" content=\"5 minutes\" \/>\n<script type=\"application\/ld+json\" class=\"yoast-schema-graph\">{\"@context\":\"https:\\\/\\\/schema.org\",\"@graph\":[{\"@type\":\"WebPage\",\"@id\":\"https:\\\/\\\/anchorallied.com\\\/fr\\\/product\\\/asmaco-contact-adhesive-gold\\\/\",\"url\":\"https:\\\/\\\/anchorallied.com\\\/fr\\\/product\\\/asmaco-contact-adhesive-gold\\\/\",\"name\":\"Colle de contact ASMACO Gold (Super Forte) - anchoralliedfactory\",\"isPartOf\":{\"@id\":\"https:\\\/\\\/anchorallied.com\\\/fr\\\/#website\"},\"primaryImageOfPage\":{\"@id\":\"https:\\\/\\\/anchorallied.com\\\/fr\\\/product\\\/asmaco-contact-adhesive-gold\\\/#primaryimage\"},\"image\":{\"@id\":\"https:\\\/\\\/anchorallied.com\\\/fr\\\/product\\\/asmaco-contact-adhesive-gold\\\/#primaryimage\"},\"thumbnailUrl\":\"https:\\\/\\\/anchorallied.com\\\/fr\\\/wp-content\\\/uploads\\\/2025\\\/05\\\/Anc__0018_Contact-Adhesive-New.jpg\",\"datePublished\":\"2025-05-27T07:20:38+00:00\",\"dateModified\":\"2026-04-13T05:52:42+00:00\",\"breadcrumb\":{\"@id\":\"https:\\\/\\\/anchorallied.com\\\/fr\\\/product\\\/asmaco-contact-adhesive-gold\\\/#breadcrumb\"},\"inLanguage\":\"en\",\"potentialAction\":[{\"@type\":\"ReadAction\",\"target\":[\"https:\\\/\\\/anchorallied.com\\\/fr\\\/product\\\/asmaco-contact-adhesive-gold\\\/\"]}]},{\"@type\":\"ImageObject\",\"inLanguage\":\"en\",\"@id\":\"https:\\\/\\\/anchorallied.com\\\/fr\\\/product\\\/asmaco-contact-adhesive-gold\\\/#primaryimage\",\"url\":\"https:\\\/\\\/anchorallied.com\\\/fr\\\/wp-content\\\/uploads\\\/2025\\\/05\\\/Anc__0018_Contact-Adhesive-New.jpg\",\"contentUrl\":\"https:\\\/\\\/anchorallied.com\\\/fr\\\/wp-content\\\/uploads\\\/2025\\\/05\\\/Anc__0018_Contact-Adhesive-New.jpg\",\"width\":1200,\"height\":1200},{\"@type\":\"BreadcrumbList\",\"@id\":\"https:\\\/\\\/anchorallied.com\\\/fr\\\/product\\\/asmaco-contact-adhesive-gold\\\/#breadcrumb\",\"itemListElement\":[{\"@type\":\"ListItem\",\"position\":1,\"name\":\"Home\",\"item\":\"http:\\\/\\\/en.anchorallied.com\\\/fr\\\/\"},{\"@type\":\"ListItem\",\"position\":2,\"name\":\"Shop\",\"item\":\"https:\\\/\\\/en.anchorallied.com\\\/fr\\\/shop\\\/\"},{\"@type\":\"ListItem\",\"position\":3,\"name\":\"Colle de contact ASMACO Gold (Super Forte)\"}]},{\"@type\":\"WebSite\",\"@id\":\"https:\\\/\\\/anchorallied.com\\\/fr\\\/#website\",\"url\":\"https:\\\/\\\/anchorallied.com\\\/fr\\\/\",\"name\":\"anchoralliedfactory\",\"description\":\"\",\"potentialAction\":[{\"@type\":\"SearchAction\",\"target\":{\"@type\":\"EntryPoint\",\"urlTemplate\":\"https:\\\/\\\/anchorallied.com\\\/fr\\\/?s={search_term_string}\"},\"query-input\":{\"@type\":\"PropertyValueSpecification\",\"valueRequired\":true,\"valueName\":\"search_term_string\"}}],\"inLanguage\":\"en\"}]}<\/script>\n<!-- \/ Yoast SEO plugin. -->","yoast_head_json":{"title":"Colle de contact ASMACO Gold (Super Forte) - anchoralliedfactory","robots":{"index":"index","follow":"follow","max-snippet":"max-snippet:-1","max-image-preview":"max-image-preview:large","max-video-preview":"max-video-preview:-1"},"canonical":"https:\/\/anchorallied.com\/fr\/product\/asmaco-contact-adhesive-gold\/","og_locale":"en_US","og_type":"article","og_title":"Colle de contact ASMACO Gold (Super Forte) - anchoralliedfactory","og_description":"L'adh\u00e9sif de contact ASMACO Gold est un adh\u00e9sif monocomposant hautes performances \u00e0 base de caoutchouc polychloropr\u00e8ne, con\u00e7u pour un collage rapide et solide d'une large gamme de supports. Il offre une excellente adh\u00e9rence initiale et un temps de prise rapide, ce qui le rend id\u00e9al pour les applications dans l'automobile, la sellerie, l'ameublement, le cuir, la chaussure et l'entretien g\u00e9n\u00e9ral. Une fois durci, il offre un collage durable, flexible et r\u00e9sistant \u00e0 l'humidit\u00e9.","og_url":"https:\/\/anchorallied.com\/fr\/product\/asmaco-contact-adhesive-gold\/","og_site_name":"anchoralliedfactory","article_modified_time":"2026-04-13T05:52:42+00:00","og_image":[{"width":1200,"height":1200,"url":"http:\/\/anchorallied.com\/fr\/wp-content\/uploads\/2025\/05\/Anc__0018_Contact-Adhesive-New.jpg","type":"image\/jpeg"}],"twitter_card":"summary_large_image","twitter_misc":{"Est. reading time":"5 minutes"},"schema":{"@context":"https:\/\/schema.org","@graph":[{"@type":"WebPage","@id":"https:\/\/anchorallied.com\/fr\/product\/asmaco-contact-adhesive-gold\/","url":"https:\/\/anchorallied.com\/fr\/product\/asmaco-contact-adhesive-gold\/","name":"Colle de contact ASMACO Gold (Super Forte) - anchoralliedfactory","isPartOf":{"@id":"https:\/\/anchorallied.com\/fr\/#website"},"primaryImageOfPage":{"@id":"https:\/\/anchorallied.com\/fr\/product\/asmaco-contact-adhesive-gold\/#primaryimage"},"image":{"@id":"https:\/\/anchorallied.com\/fr\/product\/asmaco-contact-adhesive-gold\/#primaryimage"},"thumbnailUrl":"https:\/\/anchorallied.com\/fr\/wp-content\/uploads\/2025\/05\/Anc__0018_Contact-Adhesive-New.jpg","datePublished":"2025-05-27T07:20:38+00:00","dateModified":"2026-04-13T05:52:42+00:00","breadcrumb":{"@id":"https:\/\/anchorallied.com\/fr\/product\/asmaco-contact-adhesive-gold\/#breadcrumb"},"inLanguage":"en","potentialAction":[{"@type":"ReadAction","target":["https:\/\/anchorallied.com\/fr\/product\/asmaco-contact-adhesive-gold\/"]}]},{"@type":"ImageObject","inLanguage":"en","@id":"https:\/\/anchorallied.com\/fr\/product\/asmaco-contact-adhesive-gold\/#primaryimage","url":"https:\/\/anchorallied.com\/fr\/wp-content\/uploads\/2025\/05\/Anc__0018_Contact-Adhesive-New.jpg","contentUrl":"https:\/\/anchorallied.com\/fr\/wp-content\/uploads\/2025\/05\/Anc__0018_Contact-Adhesive-New.jpg","width":1200,"height":1200},{"@type":"BreadcrumbList","@id":"https:\/\/anchorallied.com\/fr\/product\/asmaco-contact-adhesive-gold\/#breadcrumb","itemListElement":[{"@type":"ListItem","position":1,"name":"Home","item":"http:\/\/en.anchorallied.com\/fr\/"},{"@type":"ListItem","position":2,"name":"Shop","item":"https:\/\/en.anchorallied.com\/fr\/shop\/"},{"@type":"ListItem","position":3,"name":"Colle de contact ASMACO Gold (Super Forte)"}]},{"@type":"WebSite","@id":"https:\/\/anchorallied.com\/fr\/#website","url":"https:\/\/anchorallied.com\/fr\/","name":"anchoralliedfactory","description":"","potentialAction":[{"@type":"SearchAction","target":{"@type":"EntryPoint","urlTemplate":"https:\/\/anchorallied.com\/fr\/?s={search_term_string}"},"query-input":{"@type":"PropertyValueSpecification","valueRequired":true,"valueName":"search_term_string"}}],"inLanguage":"en"}]}},"_links":{"self":[{"href":"https:\/\/anchorallied.com\/fr\/wp-json\/wp\/v2\/product\/2689","targetHints":{"allow":["GET"]}}],"collection":[{"href":"https:\/\/anchorallied.com\/fr\/wp-json\/wp\/v2\/product"}],"about":[{"href":"https:\/\/anchorallied.com\/fr\/wp-json\/wp\/v2\/types\/product"}],"replies":[{"embeddable":true,"href":"https:\/\/anchorallied.com\/fr\/wp-json\/wp\/v2\/comments?post=2689"}],"wp:featuredmedia":[{"embeddable":true,"href":"https:\/\/anchorallied.com\/fr\/wp-json\/wp\/v2\/media\/2690"}],"wp:attachment":[{"href":"https:\/\/anchorallied.com\/fr\/wp-json\/wp\/v2\/media?parent=2689"}],"wp:term":[{"taxonomy":"product_brand","embeddable":true,"href":"https:\/\/anchorallied.com\/fr\/wp-json\/wp\/v2\/product_brand?post=2689"},{"taxonomy":"product_cat","embeddable":true,"href":"https:\/\/anchorallied.com\/fr\/wp-json\/wp\/v2\/product_cat?post=2689"},{"taxonomy":"product_tag","embeddable":true,"href":"https:\/\/anchorallied.com\/fr\/wp-json\/wp\/v2\/product_tag?post=2689"}],"curies":[{"name":"wp","href":"https:\/\/api.w.org\/{rel}","templated":true}]}}