{"id":2691,"date":"2025-05-27T07:24:22","date_gmt":"2025-05-27T07:24:22","guid":{"rendered":"http:\/\/anchorallied.com\/fr\/?post_type=product&#038;p=2691"},"modified":"2026-04-13T05:52:09","modified_gmt":"2026-04-13T05:52:09","slug":"asmaco-fast-contact-adhesive","status":"publish","type":"product","link":"https:\/\/anchorallied.com\/fr\/product\/asmaco-fast-contact-adhesive\/","title":{"rendered":"Colle contact rapide ASMACO"},"content":{"rendered":"<p>Colle Contact Rapide ASMACO<br \/>\nCette colle offre un collage rapide avec une haute r\u00e9sistance initiale, id\u00e9ale pour les travaux n\u00e9cessitant pr\u00e9cision et rapidit\u00e9.<\/p>\n<p>Elle adh\u00e8re parfaitement \u00e0 divers supports courants tels que m\u00e9tal, plastique, cuir, bois et tissu.<\/p>\n<p>Une fois s\u00e8che, la liaison reste flexible \u00e0 basse temp\u00e9rature et r\u00e9siste \u00e0 l\u2019humidit\u00e9 et \u00e0 la chaleur, garantissant une durabilit\u00e9 en int\u00e9rieur comme en ext\u00e9rieur.<\/p>\n<p>Parfaite pour la d\u00e9coration et la r\u00e9paration automobile, l\u2019assemblage de meubles et sellerie, la fabrication de cuir et chaussures, ainsi que pour le bricolage, l\u2019entretien domestique et industriel.<\/p>\n<p>Sa compatibilit\u00e9 \u00e9tendue et son adh\u00e9sion forte et flexible en font une solution fiable pour professionnels et amateurs.<\/p>\n","protected":false},"excerpt":{"rendered":"<p>L&#8217;adh\u00e9sif de contact rapide ASMACO est un adh\u00e9sif \u00e0 prise rapide et s\u00e9chage \u00e0 l&#8217;air, formul\u00e9 \u00e0 partir de caoutchouc synth\u00e9tique, con\u00e7u pour des collages solides et durables sur une grande vari\u00e9t\u00e9 de surfaces. Reconnu pour son excellente adh\u00e9rence initiale et sa polyvalence, il est id\u00e9al pour les applications dans l&#8217;automobile, la sellerie, l&#8217;ameublement, le cuir, la chaussure et le bricolage. Il reste flexible \u00e0 basse temp\u00e9rature et r\u00e9siste \u00e0 la chaleur et \u00e0 l&#8217;humidit\u00e9, garantissant ainsi des performances durables.<\/p>\n","protected":false},"featured_media":2692,"comment_status":"open","ping_status":"closed","template":"","meta":{"_acf_changed":false},"product_brand":[],"product_cat":[148,165],"product_tag":[],"class_list":{"0":"post-2691","1":"product","2":"type-product","3":"status-publish","4":"has-post-thumbnail","6":"product_cat-adhesifs","7":"product_cat-adhesifs-de-contact","9":"first","10":"instock","11":"shipping-taxable","12":"product-type-simple"},"acf":[],"yoast_head":"<!-- This site is optimized with the Yoast SEO plugin v27.3 - https:\/\/yoast.com\/product\/yoast-seo-wordpress\/ -->\n<title>Colle contact rapide ASMACO - anchoralliedfactory<\/title>\n<meta name=\"robots\" content=\"index, follow, max-snippet:-1, max-image-preview:large, max-video-preview:-1\" \/>\n<link rel=\"canonical\" href=\"https:\/\/anchorallied.com\/fr\/product\/asmaco-fast-contact-adhesive\/\" \/>\n<meta property=\"og:locale\" content=\"en_US\" \/>\n<meta property=\"og:type\" content=\"article\" \/>\n<meta property=\"og:title\" content=\"Colle contact rapide ASMACO - anchoralliedfactory\" \/>\n<meta property=\"og:description\" content=\"L&#039;adh\u00e9sif de contact rapide ASMACO est un adh\u00e9sif \u00e0 prise rapide et s\u00e9chage \u00e0 l&#039;air, formul\u00e9 \u00e0 partir de caoutchouc synth\u00e9tique, con\u00e7u pour des collages solides et durables sur une grande vari\u00e9t\u00e9 de surfaces. Reconnu pour son excellente adh\u00e9rence initiale et sa polyvalence, il est id\u00e9al pour les applications dans l&#039;automobile, la sellerie, l&#039;ameublement, le cuir, la chaussure et le bricolage. Il reste flexible \u00e0 basse temp\u00e9rature et r\u00e9siste \u00e0 la chaleur et \u00e0 l&#039;humidit\u00e9, garantissant ainsi des performances durables.\" \/>\n<meta property=\"og:url\" content=\"https:\/\/anchorallied.com\/fr\/product\/asmaco-fast-contact-adhesive\/\" \/>\n<meta property=\"og:site_name\" content=\"anchoralliedfactory\" \/>\n<meta property=\"article:modified_time\" content=\"2026-04-13T05:52:09+00:00\" \/>\n<meta property=\"og:image\" content=\"http:\/\/anchorallied.com\/fr\/wp-content\/uploads\/2025\/05\/Anc__0015_Fast-Adhesive-ALL.jpg\" \/>\n\t<meta property=\"og:image:width\" content=\"1200\" \/>\n\t<meta property=\"og:image:height\" content=\"1200\" \/>\n\t<meta property=\"og:image:type\" content=\"image\/jpeg\" \/>\n<meta name=\"twitter:card\" content=\"summary_large_image\" \/>\n<meta name=\"twitter:label1\" content=\"Est. reading time\" \/>\n\t<meta name=\"twitter:data1\" content=\"5 minutes\" \/>\n<script type=\"application\/ld+json\" class=\"yoast-schema-graph\">{\"@context\":\"https:\\\/\\\/schema.org\",\"@graph\":[{\"@type\":\"WebPage\",\"@id\":\"https:\\\/\\\/anchorallied.com\\\/fr\\\/product\\\/asmaco-fast-contact-adhesive\\\/\",\"url\":\"https:\\\/\\\/anchorallied.com\\\/fr\\\/product\\\/asmaco-fast-contact-adhesive\\\/\",\"name\":\"Colle contact rapide ASMACO - anchoralliedfactory\",\"isPartOf\":{\"@id\":\"https:\\\/\\\/anchorallied.com\\\/fr\\\/#website\"},\"primaryImageOfPage\":{\"@id\":\"https:\\\/\\\/anchorallied.com\\\/fr\\\/product\\\/asmaco-fast-contact-adhesive\\\/#primaryimage\"},\"image\":{\"@id\":\"https:\\\/\\\/anchorallied.com\\\/fr\\\/product\\\/asmaco-fast-contact-adhesive\\\/#primaryimage\"},\"thumbnailUrl\":\"https:\\\/\\\/anchorallied.com\\\/fr\\\/wp-content\\\/uploads\\\/2025\\\/05\\\/Anc__0015_Fast-Adhesive-ALL.jpg\",\"datePublished\":\"2025-05-27T07:24:22+00:00\",\"dateModified\":\"2026-04-13T05:52:09+00:00\",\"breadcrumb\":{\"@id\":\"https:\\\/\\\/anchorallied.com\\\/fr\\\/product\\\/asmaco-fast-contact-adhesive\\\/#breadcrumb\"},\"inLanguage\":\"en\",\"potentialAction\":[{\"@type\":\"ReadAction\",\"target\":[\"https:\\\/\\\/anchorallied.com\\\/fr\\\/product\\\/asmaco-fast-contact-adhesive\\\/\"]}]},{\"@type\":\"ImageObject\",\"inLanguage\":\"en\",\"@id\":\"https:\\\/\\\/anchorallied.com\\\/fr\\\/product\\\/asmaco-fast-contact-adhesive\\\/#primaryimage\",\"url\":\"https:\\\/\\\/anchorallied.com\\\/fr\\\/wp-content\\\/uploads\\\/2025\\\/05\\\/Anc__0015_Fast-Adhesive-ALL.jpg\",\"contentUrl\":\"https:\\\/\\\/anchorallied.com\\\/fr\\\/wp-content\\\/uploads\\\/2025\\\/05\\\/Anc__0015_Fast-Adhesive-ALL.jpg\",\"width\":1200,\"height\":1200},{\"@type\":\"BreadcrumbList\",\"@id\":\"https:\\\/\\\/anchorallied.com\\\/fr\\\/product\\\/asmaco-fast-contact-adhesive\\\/#breadcrumb\",\"itemListElement\":[{\"@type\":\"ListItem\",\"position\":1,\"name\":\"Home\",\"item\":\"http:\\\/\\\/en.anchorallied.com\\\/fr\\\/\"},{\"@type\":\"ListItem\",\"position\":2,\"name\":\"Shop\",\"item\":\"https:\\\/\\\/en.anchorallied.com\\\/fr\\\/shop\\\/\"},{\"@type\":\"ListItem\",\"position\":3,\"name\":\"Colle contact rapide ASMACO\"}]},{\"@type\":\"WebSite\",\"@id\":\"https:\\\/\\\/anchorallied.com\\\/fr\\\/#website\",\"url\":\"https:\\\/\\\/anchorallied.com\\\/fr\\\/\",\"name\":\"anchoralliedfactory\",\"description\":\"\",\"potentialAction\":[{\"@type\":\"SearchAction\",\"target\":{\"@type\":\"EntryPoint\",\"urlTemplate\":\"https:\\\/\\\/anchorallied.com\\\/fr\\\/?s={search_term_string}\"},\"query-input\":{\"@type\":\"PropertyValueSpecification\",\"valueRequired\":true,\"valueName\":\"search_term_string\"}}],\"inLanguage\":\"en\"}]}<\/script>\n<!-- \/ Yoast SEO plugin. -->","yoast_head_json":{"title":"Colle contact rapide ASMACO - anchoralliedfactory","robots":{"index":"index","follow":"follow","max-snippet":"max-snippet:-1","max-image-preview":"max-image-preview:large","max-video-preview":"max-video-preview:-1"},"canonical":"https:\/\/anchorallied.com\/fr\/product\/asmaco-fast-contact-adhesive\/","og_locale":"en_US","og_type":"article","og_title":"Colle contact rapide ASMACO - anchoralliedfactory","og_description":"L'adh\u00e9sif de contact rapide ASMACO est un adh\u00e9sif \u00e0 prise rapide et s\u00e9chage \u00e0 l'air, formul\u00e9 \u00e0 partir de caoutchouc synth\u00e9tique, con\u00e7u pour des collages solides et durables sur une grande vari\u00e9t\u00e9 de surfaces. Reconnu pour son excellente adh\u00e9rence initiale et sa polyvalence, il est id\u00e9al pour les applications dans l'automobile, la sellerie, l'ameublement, le cuir, la chaussure et le bricolage. Il reste flexible \u00e0 basse temp\u00e9rature et r\u00e9siste \u00e0 la chaleur et \u00e0 l'humidit\u00e9, garantissant ainsi des performances durables.","og_url":"https:\/\/anchorallied.com\/fr\/product\/asmaco-fast-contact-adhesive\/","og_site_name":"anchoralliedfactory","article_modified_time":"2026-04-13T05:52:09+00:00","og_image":[{"width":1200,"height":1200,"url":"http:\/\/anchorallied.com\/fr\/wp-content\/uploads\/2025\/05\/Anc__0015_Fast-Adhesive-ALL.jpg","type":"image\/jpeg"}],"twitter_card":"summary_large_image","twitter_misc":{"Est. reading time":"5 minutes"},"schema":{"@context":"https:\/\/schema.org","@graph":[{"@type":"WebPage","@id":"https:\/\/anchorallied.com\/fr\/product\/asmaco-fast-contact-adhesive\/","url":"https:\/\/anchorallied.com\/fr\/product\/asmaco-fast-contact-adhesive\/","name":"Colle contact rapide ASMACO - anchoralliedfactory","isPartOf":{"@id":"https:\/\/anchorallied.com\/fr\/#website"},"primaryImageOfPage":{"@id":"https:\/\/anchorallied.com\/fr\/product\/asmaco-fast-contact-adhesive\/#primaryimage"},"image":{"@id":"https:\/\/anchorallied.com\/fr\/product\/asmaco-fast-contact-adhesive\/#primaryimage"},"thumbnailUrl":"https:\/\/anchorallied.com\/fr\/wp-content\/uploads\/2025\/05\/Anc__0015_Fast-Adhesive-ALL.jpg","datePublished":"2025-05-27T07:24:22+00:00","dateModified":"2026-04-13T05:52:09+00:00","breadcrumb":{"@id":"https:\/\/anchorallied.com\/fr\/product\/asmaco-fast-contact-adhesive\/#breadcrumb"},"inLanguage":"en","potentialAction":[{"@type":"ReadAction","target":["https:\/\/anchorallied.com\/fr\/product\/asmaco-fast-contact-adhesive\/"]}]},{"@type":"ImageObject","inLanguage":"en","@id":"https:\/\/anchorallied.com\/fr\/product\/asmaco-fast-contact-adhesive\/#primaryimage","url":"https:\/\/anchorallied.com\/fr\/wp-content\/uploads\/2025\/05\/Anc__0015_Fast-Adhesive-ALL.jpg","contentUrl":"https:\/\/anchorallied.com\/fr\/wp-content\/uploads\/2025\/05\/Anc__0015_Fast-Adhesive-ALL.jpg","width":1200,"height":1200},{"@type":"BreadcrumbList","@id":"https:\/\/anchorallied.com\/fr\/product\/asmaco-fast-contact-adhesive\/#breadcrumb","itemListElement":[{"@type":"ListItem","position":1,"name":"Home","item":"http:\/\/en.anchorallied.com\/fr\/"},{"@type":"ListItem","position":2,"name":"Shop","item":"https:\/\/en.anchorallied.com\/fr\/shop\/"},{"@type":"ListItem","position":3,"name":"Colle contact rapide ASMACO"}]},{"@type":"WebSite","@id":"https:\/\/anchorallied.com\/fr\/#website","url":"https:\/\/anchorallied.com\/fr\/","name":"anchoralliedfactory","description":"","potentialAction":[{"@type":"SearchAction","target":{"@type":"EntryPoint","urlTemplate":"https:\/\/anchorallied.com\/fr\/?s={search_term_string}"},"query-input":{"@type":"PropertyValueSpecification","valueRequired":true,"valueName":"search_term_string"}}],"inLanguage":"en"}]}},"_links":{"self":[{"href":"https:\/\/anchorallied.com\/fr\/wp-json\/wp\/v2\/product\/2691","targetHints":{"allow":["GET"]}}],"collection":[{"href":"https:\/\/anchorallied.com\/fr\/wp-json\/wp\/v2\/product"}],"about":[{"href":"https:\/\/anchorallied.com\/fr\/wp-json\/wp\/v2\/types\/product"}],"replies":[{"embeddable":true,"href":"https:\/\/anchorallied.com\/fr\/wp-json\/wp\/v2\/comments?post=2691"}],"wp:featuredmedia":[{"embeddable":true,"href":"https:\/\/anchorallied.com\/fr\/wp-json\/wp\/v2\/media\/2692"}],"wp:attachment":[{"href":"https:\/\/anchorallied.com\/fr\/wp-json\/wp\/v2\/media?parent=2691"}],"wp:term":[{"taxonomy":"product_brand","embeddable":true,"href":"https:\/\/anchorallied.com\/fr\/wp-json\/wp\/v2\/product_brand?post=2691"},{"taxonomy":"product_cat","embeddable":true,"href":"https:\/\/anchorallied.com\/fr\/wp-json\/wp\/v2\/product_cat?post=2691"},{"taxonomy":"product_tag","embeddable":true,"href":"https:\/\/anchorallied.com\/fr\/wp-json\/wp\/v2\/product_tag?post=2691"}],"curies":[{"name":"wp","href":"https:\/\/api.w.org\/{rel}","templated":true}]}}