{"id":2697,"date":"2025-05-27T07:38:46","date_gmt":"2025-05-27T07:38:46","guid":{"rendered":"http:\/\/anchorallied.com\/fr\/?post_type=product&#038;p=2697"},"modified":"2026-04-13T05:50:10","modified_gmt":"2026-04-13T05:50:10","slug":"asmaco-pir-phenolic-adhesive","status":"publish","type":"product","link":"https:\/\/anchorallied.com\/fr\/product\/asmaco-pir-phenolic-adhesive\/","title":{"rendered":"Colle PIR-ph\u00e9nolique ASMACO"},"content":{"rendered":"<p>Cet adh\u00e9sif se distingue par un taux de cristallisation rapide, garantissant une prise rapide et une excellente adh\u00e9rence initiale, id\u00e9al pour les projets n\u00e9cessitant une mise en \u0153uvre rapide.<\/p>\n<p>Sa viscosit\u00e9 \u00e9lev\u00e9e et sa forte teneur en solides le rendent particuli\u00e8rement adapt\u00e9 au collage de supports poreux tels que la mousse, les tapis, la toile, les stratifi\u00e9s bois et les stratifi\u00e9s MDF.<\/p>\n<p>Il offre une excellente r\u00e9sistance \u00e0 la mise en place, permettant une fixation ferme peu de temps apr\u00e8s l\u2019application.<\/p>\n<p>Sa formule \u00e0 base de caoutchouc assure flexibilit\u00e9 et durabilit\u00e9, ce qui le rend parfait pour diverses applications industrielles et de construction n\u00e9cessitant un collage fiable et durable.<\/p>\n","protected":false},"excerpt":{"rendered":"<p>L&#8217;adh\u00e9sif ph\u00e9nolique ASMACO PIR est un adh\u00e9sif monocomposant polyvalent \u00e0 base de caoutchouc, s\u00e9chant \u00e0 l&#8217;air, con\u00e7u pour un collage rapide et solide de divers supports. Gr\u00e2ce \u00e0 sa teneur \u00e9lev\u00e9e en solides et \u00e0 son excellente r\u00e9sistance \u00e0 l&#8217;\u00e9tat vert, il est particuli\u00e8rement efficace pour les mat\u00e9riaux poreux et offre une adh\u00e9rence rapide, id\u00e9ale pour les applications de conduits pr\u00e9-isol\u00e9s.<\/p>\n","protected":false},"featured_media":2698,"comment_status":"open","ping_status":"closed","template":"","meta":{"_acf_changed":false},"product_brand":[],"product_cat":[148,165],"product_tag":[],"class_list":{"0":"post-2697","1":"product","2":"type-product","3":"status-publish","4":"has-post-thumbnail","6":"product_cat-adhesifs","7":"product_cat-adhesifs-de-contact","9":"first","10":"instock","11":"shipping-taxable","12":"product-type-simple"},"acf":[],"yoast_head":"<!-- This site is optimized with the Yoast SEO plugin v27.3 - https:\/\/yoast.com\/product\/yoast-seo-wordpress\/ -->\n<title>Colle PIR-ph\u00e9nolique ASMACO - anchoralliedfactory<\/title>\n<meta name=\"robots\" content=\"index, follow, max-snippet:-1, max-image-preview:large, max-video-preview:-1\" \/>\n<link rel=\"canonical\" href=\"https:\/\/anchorallied.com\/fr\/product\/asmaco-pir-phenolic-adhesive\/\" \/>\n<meta property=\"og:locale\" content=\"en_US\" \/>\n<meta property=\"og:type\" content=\"article\" \/>\n<meta property=\"og:title\" content=\"Colle PIR-ph\u00e9nolique ASMACO - anchoralliedfactory\" \/>\n<meta property=\"og:description\" content=\"L&#039;adh\u00e9sif ph\u00e9nolique ASMACO PIR est un adh\u00e9sif monocomposant polyvalent \u00e0 base de caoutchouc, s\u00e9chant \u00e0 l&#039;air, con\u00e7u pour un collage rapide et solide de divers supports. Gr\u00e2ce \u00e0 sa teneur \u00e9lev\u00e9e en solides et \u00e0 son excellente r\u00e9sistance \u00e0 l&#039;\u00e9tat vert, il est particuli\u00e8rement efficace pour les mat\u00e9riaux poreux et offre une adh\u00e9rence rapide, id\u00e9ale pour les applications de conduits pr\u00e9-isol\u00e9s.\" \/>\n<meta property=\"og:url\" content=\"https:\/\/anchorallied.com\/fr\/product\/asmaco-pir-phenolic-adhesive\/\" \/>\n<meta property=\"og:site_name\" content=\"anchoralliedfactory\" \/>\n<meta property=\"article:modified_time\" content=\"2026-04-13T05:50:10+00:00\" \/>\n<meta property=\"og:image\" content=\"http:\/\/anchorallied.com\/fr\/wp-content\/uploads\/2025\/05\/Anc__0008_Phenolic-Adhesive.jpg\" \/>\n\t<meta property=\"og:image:width\" content=\"1200\" \/>\n\t<meta property=\"og:image:height\" content=\"1200\" \/>\n\t<meta property=\"og:image:type\" content=\"image\/jpeg\" \/>\n<meta name=\"twitter:card\" content=\"summary_large_image\" \/>\n<meta name=\"twitter:label1\" content=\"Est. reading time\" \/>\n\t<meta name=\"twitter:data1\" content=\"5 minutes\" \/>\n<script type=\"application\/ld+json\" class=\"yoast-schema-graph\">{\"@context\":\"https:\\\/\\\/schema.org\",\"@graph\":[{\"@type\":\"WebPage\",\"@id\":\"https:\\\/\\\/anchorallied.com\\\/fr\\\/product\\\/asmaco-pir-phenolic-adhesive\\\/\",\"url\":\"https:\\\/\\\/anchorallied.com\\\/fr\\\/product\\\/asmaco-pir-phenolic-adhesive\\\/\",\"name\":\"Colle PIR-ph\u00e9nolique ASMACO - anchoralliedfactory\",\"isPartOf\":{\"@id\":\"https:\\\/\\\/anchorallied.com\\\/fr\\\/#website\"},\"primaryImageOfPage\":{\"@id\":\"https:\\\/\\\/anchorallied.com\\\/fr\\\/product\\\/asmaco-pir-phenolic-adhesive\\\/#primaryimage\"},\"image\":{\"@id\":\"https:\\\/\\\/anchorallied.com\\\/fr\\\/product\\\/asmaco-pir-phenolic-adhesive\\\/#primaryimage\"},\"thumbnailUrl\":\"https:\\\/\\\/anchorallied.com\\\/fr\\\/wp-content\\\/uploads\\\/2025\\\/05\\\/Anc__0008_Phenolic-Adhesive.jpg\",\"datePublished\":\"2025-05-27T07:38:46+00:00\",\"dateModified\":\"2026-04-13T05:50:10+00:00\",\"breadcrumb\":{\"@id\":\"https:\\\/\\\/anchorallied.com\\\/fr\\\/product\\\/asmaco-pir-phenolic-adhesive\\\/#breadcrumb\"},\"inLanguage\":\"en\",\"potentialAction\":[{\"@type\":\"ReadAction\",\"target\":[\"https:\\\/\\\/anchorallied.com\\\/fr\\\/product\\\/asmaco-pir-phenolic-adhesive\\\/\"]}]},{\"@type\":\"ImageObject\",\"inLanguage\":\"en\",\"@id\":\"https:\\\/\\\/anchorallied.com\\\/fr\\\/product\\\/asmaco-pir-phenolic-adhesive\\\/#primaryimage\",\"url\":\"https:\\\/\\\/anchorallied.com\\\/fr\\\/wp-content\\\/uploads\\\/2025\\\/05\\\/Anc__0008_Phenolic-Adhesive.jpg\",\"contentUrl\":\"https:\\\/\\\/anchorallied.com\\\/fr\\\/wp-content\\\/uploads\\\/2025\\\/05\\\/Anc__0008_Phenolic-Adhesive.jpg\",\"width\":1200,\"height\":1200},{\"@type\":\"BreadcrumbList\",\"@id\":\"https:\\\/\\\/anchorallied.com\\\/fr\\\/product\\\/asmaco-pir-phenolic-adhesive\\\/#breadcrumb\",\"itemListElement\":[{\"@type\":\"ListItem\",\"position\":1,\"name\":\"Home\",\"item\":\"http:\\\/\\\/en.anchorallied.com\\\/fr\\\/\"},{\"@type\":\"ListItem\",\"position\":2,\"name\":\"Shop\",\"item\":\"https:\\\/\\\/en.anchorallied.com\\\/fr\\\/shop\\\/\"},{\"@type\":\"ListItem\",\"position\":3,\"name\":\"Colle PIR-ph\u00e9nolique ASMACO\"}]},{\"@type\":\"WebSite\",\"@id\":\"https:\\\/\\\/anchorallied.com\\\/fr\\\/#website\",\"url\":\"https:\\\/\\\/anchorallied.com\\\/fr\\\/\",\"name\":\"anchoralliedfactory\",\"description\":\"\",\"potentialAction\":[{\"@type\":\"SearchAction\",\"target\":{\"@type\":\"EntryPoint\",\"urlTemplate\":\"https:\\\/\\\/anchorallied.com\\\/fr\\\/?s={search_term_string}\"},\"query-input\":{\"@type\":\"PropertyValueSpecification\",\"valueRequired\":true,\"valueName\":\"search_term_string\"}}],\"inLanguage\":\"en\"}]}<\/script>\n<!-- \/ Yoast SEO plugin. -->","yoast_head_json":{"title":"Colle PIR-ph\u00e9nolique ASMACO - anchoralliedfactory","robots":{"index":"index","follow":"follow","max-snippet":"max-snippet:-1","max-image-preview":"max-image-preview:large","max-video-preview":"max-video-preview:-1"},"canonical":"https:\/\/anchorallied.com\/fr\/product\/asmaco-pir-phenolic-adhesive\/","og_locale":"en_US","og_type":"article","og_title":"Colle PIR-ph\u00e9nolique ASMACO - anchoralliedfactory","og_description":"L'adh\u00e9sif ph\u00e9nolique ASMACO PIR est un adh\u00e9sif monocomposant polyvalent \u00e0 base de caoutchouc, s\u00e9chant \u00e0 l'air, con\u00e7u pour un collage rapide et solide de divers supports. Gr\u00e2ce \u00e0 sa teneur \u00e9lev\u00e9e en solides et \u00e0 son excellente r\u00e9sistance \u00e0 l'\u00e9tat vert, il est particuli\u00e8rement efficace pour les mat\u00e9riaux poreux et offre une adh\u00e9rence rapide, id\u00e9ale pour les applications de conduits pr\u00e9-isol\u00e9s.","og_url":"https:\/\/anchorallied.com\/fr\/product\/asmaco-pir-phenolic-adhesive\/","og_site_name":"anchoralliedfactory","article_modified_time":"2026-04-13T05:50:10+00:00","og_image":[{"width":1200,"height":1200,"url":"http:\/\/anchorallied.com\/fr\/wp-content\/uploads\/2025\/05\/Anc__0008_Phenolic-Adhesive.jpg","type":"image\/jpeg"}],"twitter_card":"summary_large_image","twitter_misc":{"Est. reading time":"5 minutes"},"schema":{"@context":"https:\/\/schema.org","@graph":[{"@type":"WebPage","@id":"https:\/\/anchorallied.com\/fr\/product\/asmaco-pir-phenolic-adhesive\/","url":"https:\/\/anchorallied.com\/fr\/product\/asmaco-pir-phenolic-adhesive\/","name":"Colle PIR-ph\u00e9nolique ASMACO - anchoralliedfactory","isPartOf":{"@id":"https:\/\/anchorallied.com\/fr\/#website"},"primaryImageOfPage":{"@id":"https:\/\/anchorallied.com\/fr\/product\/asmaco-pir-phenolic-adhesive\/#primaryimage"},"image":{"@id":"https:\/\/anchorallied.com\/fr\/product\/asmaco-pir-phenolic-adhesive\/#primaryimage"},"thumbnailUrl":"https:\/\/anchorallied.com\/fr\/wp-content\/uploads\/2025\/05\/Anc__0008_Phenolic-Adhesive.jpg","datePublished":"2025-05-27T07:38:46+00:00","dateModified":"2026-04-13T05:50:10+00:00","breadcrumb":{"@id":"https:\/\/anchorallied.com\/fr\/product\/asmaco-pir-phenolic-adhesive\/#breadcrumb"},"inLanguage":"en","potentialAction":[{"@type":"ReadAction","target":["https:\/\/anchorallied.com\/fr\/product\/asmaco-pir-phenolic-adhesive\/"]}]},{"@type":"ImageObject","inLanguage":"en","@id":"https:\/\/anchorallied.com\/fr\/product\/asmaco-pir-phenolic-adhesive\/#primaryimage","url":"https:\/\/anchorallied.com\/fr\/wp-content\/uploads\/2025\/05\/Anc__0008_Phenolic-Adhesive.jpg","contentUrl":"https:\/\/anchorallied.com\/fr\/wp-content\/uploads\/2025\/05\/Anc__0008_Phenolic-Adhesive.jpg","width":1200,"height":1200},{"@type":"BreadcrumbList","@id":"https:\/\/anchorallied.com\/fr\/product\/asmaco-pir-phenolic-adhesive\/#breadcrumb","itemListElement":[{"@type":"ListItem","position":1,"name":"Home","item":"http:\/\/en.anchorallied.com\/fr\/"},{"@type":"ListItem","position":2,"name":"Shop","item":"https:\/\/en.anchorallied.com\/fr\/shop\/"},{"@type":"ListItem","position":3,"name":"Colle PIR-ph\u00e9nolique ASMACO"}]},{"@type":"WebSite","@id":"https:\/\/anchorallied.com\/fr\/#website","url":"https:\/\/anchorallied.com\/fr\/","name":"anchoralliedfactory","description":"","potentialAction":[{"@type":"SearchAction","target":{"@type":"EntryPoint","urlTemplate":"https:\/\/anchorallied.com\/fr\/?s={search_term_string}"},"query-input":{"@type":"PropertyValueSpecification","valueRequired":true,"valueName":"search_term_string"}}],"inLanguage":"en"}]}},"_links":{"self":[{"href":"https:\/\/anchorallied.com\/fr\/wp-json\/wp\/v2\/product\/2697","targetHints":{"allow":["GET"]}}],"collection":[{"href":"https:\/\/anchorallied.com\/fr\/wp-json\/wp\/v2\/product"}],"about":[{"href":"https:\/\/anchorallied.com\/fr\/wp-json\/wp\/v2\/types\/product"}],"replies":[{"embeddable":true,"href":"https:\/\/anchorallied.com\/fr\/wp-json\/wp\/v2\/comments?post=2697"}],"wp:featuredmedia":[{"embeddable":true,"href":"https:\/\/anchorallied.com\/fr\/wp-json\/wp\/v2\/media\/2698"}],"wp:attachment":[{"href":"https:\/\/anchorallied.com\/fr\/wp-json\/wp\/v2\/media?parent=2697"}],"wp:term":[{"taxonomy":"product_brand","embeddable":true,"href":"https:\/\/anchorallied.com\/fr\/wp-json\/wp\/v2\/product_brand?post=2697"},{"taxonomy":"product_cat","embeddable":true,"href":"https:\/\/anchorallied.com\/fr\/wp-json\/wp\/v2\/product_cat?post=2697"},{"taxonomy":"product_tag","embeddable":true,"href":"https:\/\/anchorallied.com\/fr\/wp-json\/wp\/v2\/product_tag?post=2697"}],"curies":[{"name":"wp","href":"https:\/\/api.w.org\/{rel}","templated":true}]}}