{"id":2699,"date":"2025-05-27T07:53:59","date_gmt":"2025-05-27T07:53:59","guid":{"rendered":"http:\/\/anchorallied.com\/fr\/?post_type=product&#038;p=2699"},"modified":"2025-07-27T15:43:31","modified_gmt":"2025-07-27T15:43:31","slug":"asmaco-rapid-fix","status":"publish","type":"product","link":"https:\/\/anchorallied.com\/fr\/product\/asmaco-rapid-fix\/","title":{"rendered":"Colle rapide ASMACO"},"content":{"rendered":"<p>ASMACO RAPID FIX offre un excellent contr\u00f4le de pulv\u00e9risation gr\u00e2ce \u00e0 un jet puissant et r\u00e9glable, garantissant une application pr\u00e9cise avec un minimum de brouillard. Sa formule \u00e0 prise rapide assure une forte adh\u00e9rence initiale, facilitant un assemblage rapide et un flux de travail efficace.<\/p>\n<p>Polyvalent, cet adh\u00e9sif convient au collage permanent de nombreux mat\u00e9riaux, notamment la mousse, les textiles et autres substrats industriels. Il adh\u00e8re parfaitement aux surfaces poreuses et non poreuses, offrant une liaison solide, durable et fiable m\u00eame dans des environnements de production exigeants.<\/p>\n","protected":false},"excerpt":{"rendered":"<p>ASMACO RAPID FIX est un adh\u00e9sif pulv\u00e9risable haute performance, sp\u00e9cialement con\u00e7u pour le collage multi-substrats, avec un jet puissant et une largeur de pulv\u00e9risation r\u00e9glable. D\u00e9velopp\u00e9 \u00e0 partir de caoutchouc synth\u00e9tique, il est id\u00e9al pour les industries de la mousse et des matelas, offrant une prise rapide et une forte adh\u00e9rence initiale sur les surfaces poreuses et non poreuses.<\/p>\n","protected":false},"featured_media":3078,"comment_status":"open","ping_status":"closed","template":"","meta":{"_acf_changed":false},"product_brand":[],"product_cat":[148,165],"product_tag":[],"class_list":{"0":"post-2699","1":"product","2":"type-product","3":"status-publish","4":"has-post-thumbnail","6":"product_cat-adhesifs","7":"product_cat-adhesifs-de-contact","9":"first","10":"instock","11":"shipping-taxable","12":"product-type-simple"},"acf":[],"yoast_head":"<!-- This site is optimized with the Yoast SEO plugin v27.3 - https:\/\/yoast.com\/product\/yoast-seo-wordpress\/ -->\n<title>Colle rapide ASMACO - anchoralliedfactory<\/title>\n<meta name=\"robots\" content=\"index, follow, max-snippet:-1, max-image-preview:large, max-video-preview:-1\" \/>\n<link rel=\"canonical\" href=\"https:\/\/anchorallied.com\/fr\/product\/asmaco-rapid-fix\/\" \/>\n<meta property=\"og:locale\" content=\"en_US\" \/>\n<meta property=\"og:type\" content=\"article\" \/>\n<meta property=\"og:title\" content=\"Colle rapide ASMACO - anchoralliedfactory\" \/>\n<meta property=\"og:description\" content=\"ASMACO RAPID FIX est un adh\u00e9sif pulv\u00e9risable haute performance, sp\u00e9cialement con\u00e7u pour le collage multi-substrats, avec un jet puissant et une largeur de pulv\u00e9risation r\u00e9glable. D\u00e9velopp\u00e9 \u00e0 partir de caoutchouc synth\u00e9tique, il est id\u00e9al pour les industries de la mousse et des matelas, offrant une prise rapide et une forte adh\u00e9rence initiale sur les surfaces poreuses et non poreuses.\" \/>\n<meta property=\"og:url\" content=\"https:\/\/anchorallied.com\/fr\/product\/asmaco-rapid-fix\/\" \/>\n<meta property=\"og:site_name\" content=\"anchoralliedfactory\" \/>\n<meta property=\"article:modified_time\" content=\"2025-07-27T15:43:31+00:00\" \/>\n<meta property=\"og:image\" content=\"http:\/\/anchorallied.com\/fr\/wp-content\/uploads\/2025\/05\/Anc_0010_Asmaco-Rapid-Fix-15-kg.jpg\" \/>\n\t<meta property=\"og:image:width\" content=\"1200\" \/>\n\t<meta property=\"og:image:height\" content=\"1200\" \/>\n\t<meta property=\"og:image:type\" content=\"image\/jpeg\" \/>\n<meta name=\"twitter:card\" content=\"summary_large_image\" \/>\n<script type=\"application\/ld+json\" class=\"yoast-schema-graph\">{\"@context\":\"https:\\\/\\\/schema.org\",\"@graph\":[{\"@type\":\"WebPage\",\"@id\":\"https:\\\/\\\/anchorallied.com\\\/fr\\\/product\\\/asmaco-rapid-fix\\\/\",\"url\":\"https:\\\/\\\/anchorallied.com\\\/fr\\\/product\\\/asmaco-rapid-fix\\\/\",\"name\":\"Colle rapide ASMACO - anchoralliedfactory\",\"isPartOf\":{\"@id\":\"https:\\\/\\\/anchorallied.com\\\/fr\\\/#website\"},\"primaryImageOfPage\":{\"@id\":\"https:\\\/\\\/anchorallied.com\\\/fr\\\/product\\\/asmaco-rapid-fix\\\/#primaryimage\"},\"image\":{\"@id\":\"https:\\\/\\\/anchorallied.com\\\/fr\\\/product\\\/asmaco-rapid-fix\\\/#primaryimage\"},\"thumbnailUrl\":\"https:\\\/\\\/anchorallied.com\\\/fr\\\/wp-content\\\/uploads\\\/2025\\\/05\\\/Anc_0010_Asmaco-Rapid-Fix-15-kg.jpg\",\"datePublished\":\"2025-05-27T07:53:59+00:00\",\"dateModified\":\"2025-07-27T15:43:31+00:00\",\"breadcrumb\":{\"@id\":\"https:\\\/\\\/anchorallied.com\\\/fr\\\/product\\\/asmaco-rapid-fix\\\/#breadcrumb\"},\"inLanguage\":\"en\",\"potentialAction\":[{\"@type\":\"ReadAction\",\"target\":[\"https:\\\/\\\/anchorallied.com\\\/fr\\\/product\\\/asmaco-rapid-fix\\\/\"]}]},{\"@type\":\"ImageObject\",\"inLanguage\":\"en\",\"@id\":\"https:\\\/\\\/anchorallied.com\\\/fr\\\/product\\\/asmaco-rapid-fix\\\/#primaryimage\",\"url\":\"https:\\\/\\\/anchorallied.com\\\/fr\\\/wp-content\\\/uploads\\\/2025\\\/05\\\/Anc_0010_Asmaco-Rapid-Fix-15-kg.jpg\",\"contentUrl\":\"https:\\\/\\\/anchorallied.com\\\/fr\\\/wp-content\\\/uploads\\\/2025\\\/05\\\/Anc_0010_Asmaco-Rapid-Fix-15-kg.jpg\",\"width\":1200,\"height\":1200},{\"@type\":\"BreadcrumbList\",\"@id\":\"https:\\\/\\\/anchorallied.com\\\/fr\\\/product\\\/asmaco-rapid-fix\\\/#breadcrumb\",\"itemListElement\":[{\"@type\":\"ListItem\",\"position\":1,\"name\":\"Home\",\"item\":\"http:\\\/\\\/en.anchorallied.com\\\/fr\\\/\"},{\"@type\":\"ListItem\",\"position\":2,\"name\":\"Shop\",\"item\":\"https:\\\/\\\/en.anchorallied.com\\\/fr\\\/shop\\\/\"},{\"@type\":\"ListItem\",\"position\":3,\"name\":\"Colle rapide ASMACO\"}]},{\"@type\":\"WebSite\",\"@id\":\"https:\\\/\\\/anchorallied.com\\\/fr\\\/#website\",\"url\":\"https:\\\/\\\/anchorallied.com\\\/fr\\\/\",\"name\":\"anchoralliedfactory\",\"description\":\"\",\"potentialAction\":[{\"@type\":\"SearchAction\",\"target\":{\"@type\":\"EntryPoint\",\"urlTemplate\":\"https:\\\/\\\/anchorallied.com\\\/fr\\\/?s={search_term_string}\"},\"query-input\":{\"@type\":\"PropertyValueSpecification\",\"valueRequired\":true,\"valueName\":\"search_term_string\"}}],\"inLanguage\":\"en\"}]}<\/script>\n<!-- \/ Yoast SEO plugin. -->","yoast_head_json":{"title":"Colle rapide ASMACO - anchoralliedfactory","robots":{"index":"index","follow":"follow","max-snippet":"max-snippet:-1","max-image-preview":"max-image-preview:large","max-video-preview":"max-video-preview:-1"},"canonical":"https:\/\/anchorallied.com\/fr\/product\/asmaco-rapid-fix\/","og_locale":"en_US","og_type":"article","og_title":"Colle rapide ASMACO - anchoralliedfactory","og_description":"ASMACO RAPID FIX est un adh\u00e9sif pulv\u00e9risable haute performance, sp\u00e9cialement con\u00e7u pour le collage multi-substrats, avec un jet puissant et une largeur de pulv\u00e9risation r\u00e9glable. D\u00e9velopp\u00e9 \u00e0 partir de caoutchouc synth\u00e9tique, il est id\u00e9al pour les industries de la mousse et des matelas, offrant une prise rapide et une forte adh\u00e9rence initiale sur les surfaces poreuses et non poreuses.","og_url":"https:\/\/anchorallied.com\/fr\/product\/asmaco-rapid-fix\/","og_site_name":"anchoralliedfactory","article_modified_time":"2025-07-27T15:43:31+00:00","og_image":[{"width":1200,"height":1200,"url":"http:\/\/anchorallied.com\/fr\/wp-content\/uploads\/2025\/05\/Anc_0010_Asmaco-Rapid-Fix-15-kg.jpg","type":"image\/jpeg"}],"twitter_card":"summary_large_image","schema":{"@context":"https:\/\/schema.org","@graph":[{"@type":"WebPage","@id":"https:\/\/anchorallied.com\/fr\/product\/asmaco-rapid-fix\/","url":"https:\/\/anchorallied.com\/fr\/product\/asmaco-rapid-fix\/","name":"Colle rapide ASMACO - anchoralliedfactory","isPartOf":{"@id":"https:\/\/anchorallied.com\/fr\/#website"},"primaryImageOfPage":{"@id":"https:\/\/anchorallied.com\/fr\/product\/asmaco-rapid-fix\/#primaryimage"},"image":{"@id":"https:\/\/anchorallied.com\/fr\/product\/asmaco-rapid-fix\/#primaryimage"},"thumbnailUrl":"https:\/\/anchorallied.com\/fr\/wp-content\/uploads\/2025\/05\/Anc_0010_Asmaco-Rapid-Fix-15-kg.jpg","datePublished":"2025-05-27T07:53:59+00:00","dateModified":"2025-07-27T15:43:31+00:00","breadcrumb":{"@id":"https:\/\/anchorallied.com\/fr\/product\/asmaco-rapid-fix\/#breadcrumb"},"inLanguage":"en","potentialAction":[{"@type":"ReadAction","target":["https:\/\/anchorallied.com\/fr\/product\/asmaco-rapid-fix\/"]}]},{"@type":"ImageObject","inLanguage":"en","@id":"https:\/\/anchorallied.com\/fr\/product\/asmaco-rapid-fix\/#primaryimage","url":"https:\/\/anchorallied.com\/fr\/wp-content\/uploads\/2025\/05\/Anc_0010_Asmaco-Rapid-Fix-15-kg.jpg","contentUrl":"https:\/\/anchorallied.com\/fr\/wp-content\/uploads\/2025\/05\/Anc_0010_Asmaco-Rapid-Fix-15-kg.jpg","width":1200,"height":1200},{"@type":"BreadcrumbList","@id":"https:\/\/anchorallied.com\/fr\/product\/asmaco-rapid-fix\/#breadcrumb","itemListElement":[{"@type":"ListItem","position":1,"name":"Home","item":"http:\/\/en.anchorallied.com\/fr\/"},{"@type":"ListItem","position":2,"name":"Shop","item":"https:\/\/en.anchorallied.com\/fr\/shop\/"},{"@type":"ListItem","position":3,"name":"Colle rapide ASMACO"}]},{"@type":"WebSite","@id":"https:\/\/anchorallied.com\/fr\/#website","url":"https:\/\/anchorallied.com\/fr\/","name":"anchoralliedfactory","description":"","potentialAction":[{"@type":"SearchAction","target":{"@type":"EntryPoint","urlTemplate":"https:\/\/anchorallied.com\/fr\/?s={search_term_string}"},"query-input":{"@type":"PropertyValueSpecification","valueRequired":true,"valueName":"search_term_string"}}],"inLanguage":"en"}]}},"_links":{"self":[{"href":"https:\/\/anchorallied.com\/fr\/wp-json\/wp\/v2\/product\/2699","targetHints":{"allow":["GET"]}}],"collection":[{"href":"https:\/\/anchorallied.com\/fr\/wp-json\/wp\/v2\/product"}],"about":[{"href":"https:\/\/anchorallied.com\/fr\/wp-json\/wp\/v2\/types\/product"}],"replies":[{"embeddable":true,"href":"https:\/\/anchorallied.com\/fr\/wp-json\/wp\/v2\/comments?post=2699"}],"wp:featuredmedia":[{"embeddable":true,"href":"https:\/\/anchorallied.com\/fr\/wp-json\/wp\/v2\/media\/3078"}],"wp:attachment":[{"href":"https:\/\/anchorallied.com\/fr\/wp-json\/wp\/v2\/media?parent=2699"}],"wp:term":[{"taxonomy":"product_brand","embeddable":true,"href":"https:\/\/anchorallied.com\/fr\/wp-json\/wp\/v2\/product_brand?post=2699"},{"taxonomy":"product_cat","embeddable":true,"href":"https:\/\/anchorallied.com\/fr\/wp-json\/wp\/v2\/product_cat?post=2699"},{"taxonomy":"product_tag","embeddable":true,"href":"https:\/\/anchorallied.com\/fr\/wp-json\/wp\/v2\/product_tag?post=2699"}],"curies":[{"name":"wp","href":"https:\/\/api.w.org\/{rel}","templated":true}]}}