{"id":2706,"date":"2025-05-27T09:09:13","date_gmt":"2025-05-27T09:09:13","guid":{"rendered":"http:\/\/anchorallied.com\/fr\/?post_type=product&#038;p=2706"},"modified":"2026-04-13T05:49:01","modified_gmt":"2026-04-13T05:49:01","slug":"asmaco-shoe-adhesive","status":"publish","type":"product","link":"https:\/\/anchorallied.com\/fr\/product\/asmaco-shoe-adhesive\/","title":{"rendered":"Colle pour chaussures ASMACO"},"content":{"rendered":"<p>Cet adh\u00e9sif offre une grande polyvalence, assurant l\u2019assemblage d\u2019une large gamme de mat\u00e9riaux utilis\u00e9s dans la fabrication de chaussures et d\u2019articles en cuir. Il est reconnu pour son fort pouvoir d\u2019adh\u00e9sion initial, sa r\u00e9sistance finale \u00e9lev\u00e9e ainsi que sa flexibilit\u00e9, ce qui le rend id\u00e9al aussi bien pour les processus de fabrication que de r\u00e9paration.<br \/>\nSa formulation garantit une adh\u00e9sion durable, m\u00eame sous contrainte m\u00e9canique ou en cas de mouvement, tout en maintenant l\u2019int\u00e9grit\u00e9 du collage dans le temps.<br \/>\nASMACO SHOE ADHESIVE pr\u00e9sente \u00e9galement une bonne r\u00e9sistance \u00e0 l\u2019humidit\u00e9 et aux variations de temp\u00e9rature, des crit\u00e8res essentiels pour assurer la performance et la durabilit\u00e9 des chaussures.<br \/>\nSa compatibilit\u00e9 avec diff\u00e9rents substrats permet une performance fiable sur une grande diversit\u00e9 d\u2019applications.<\/p>\n","protected":false},"excerpt":{"rendered":"<p>La colle pour chaussures ASMACO est une colle polyur\u00e9thane de qualit\u00e9 sup\u00e9rieure, sp\u00e9cialement con\u00e7ue pour la fabrication et la r\u00e9paration de chaussures, d&#8217;articles de maroquinerie et d&#8217;autres produits similaires. Son fort pouvoir adh\u00e9sif le rend adapt\u00e9 \u00e0 une vari\u00e9t\u00e9 de mat\u00e9riaux tels que le cuir, le PVC, le PU, le TR et le caoutchouc synth\u00e9tique, garantissant durabilit\u00e9 et flexibilit\u00e9 aux chaussures et accessoires.<\/p>\n","protected":false},"featured_media":2707,"comment_status":"open","ping_status":"closed","template":"","meta":{"_acf_changed":false},"product_brand":[],"product_cat":[148,165],"product_tag":[],"class_list":{"0":"post-2706","1":"product","2":"type-product","3":"status-publish","4":"has-post-thumbnail","6":"product_cat-adhesifs","7":"product_cat-adhesifs-de-contact","9":"first","10":"instock","11":"shipping-taxable","12":"product-type-simple"},"acf":[],"yoast_head":"<!-- This site is optimized with the Yoast SEO plugin v27.3 - https:\/\/yoast.com\/product\/yoast-seo-wordpress\/ -->\n<title>Colle pour chaussures ASMACO - anchoralliedfactory<\/title>\n<meta name=\"robots\" content=\"index, follow, max-snippet:-1, max-image-preview:large, max-video-preview:-1\" \/>\n<link rel=\"canonical\" href=\"https:\/\/anchorallied.com\/fr\/product\/asmaco-shoe-adhesive\/\" \/>\n<meta property=\"og:locale\" content=\"en_US\" \/>\n<meta property=\"og:type\" content=\"article\" \/>\n<meta property=\"og:title\" content=\"Colle pour chaussures ASMACO - anchoralliedfactory\" \/>\n<meta property=\"og:description\" content=\"La colle pour chaussures ASMACO est une colle polyur\u00e9thane de qualit\u00e9 sup\u00e9rieure, sp\u00e9cialement con\u00e7ue pour la fabrication et la r\u00e9paration de chaussures, d&#039;articles de maroquinerie et d&#039;autres produits similaires. Son fort pouvoir adh\u00e9sif le rend adapt\u00e9 \u00e0 une vari\u00e9t\u00e9 de mat\u00e9riaux tels que le cuir, le PVC, le PU, le TR et le caoutchouc synth\u00e9tique, garantissant durabilit\u00e9 et flexibilit\u00e9 aux chaussures et accessoires.\" \/>\n<meta property=\"og:url\" content=\"https:\/\/anchorallied.com\/fr\/product\/asmaco-shoe-adhesive\/\" \/>\n<meta property=\"og:site_name\" content=\"anchoralliedfactory\" \/>\n<meta property=\"article:modified_time\" content=\"2026-04-13T05:49:01+00:00\" \/>\n<meta property=\"og:image\" content=\"http:\/\/anchorallied.com\/fr\/wp-content\/uploads\/2025\/05\/Anc__0004_Shoe-Adhesive-Can-Top.jpg\" \/>\n\t<meta property=\"og:image:width\" content=\"1200\" \/>\n\t<meta property=\"og:image:height\" content=\"1200\" \/>\n\t<meta property=\"og:image:type\" content=\"image\/jpeg\" \/>\n<meta name=\"twitter:card\" content=\"summary_large_image\" \/>\n<meta name=\"twitter:label1\" content=\"Est. reading time\" \/>\n\t<meta name=\"twitter:data1\" content=\"1 minute\" \/>\n<script type=\"application\/ld+json\" class=\"yoast-schema-graph\">{\"@context\":\"https:\\\/\\\/schema.org\",\"@graph\":[{\"@type\":\"WebPage\",\"@id\":\"https:\\\/\\\/anchorallied.com\\\/fr\\\/product\\\/asmaco-shoe-adhesive\\\/\",\"url\":\"https:\\\/\\\/anchorallied.com\\\/fr\\\/product\\\/asmaco-shoe-adhesive\\\/\",\"name\":\"Colle pour chaussures ASMACO - anchoralliedfactory\",\"isPartOf\":{\"@id\":\"https:\\\/\\\/anchorallied.com\\\/fr\\\/#website\"},\"primaryImageOfPage\":{\"@id\":\"https:\\\/\\\/anchorallied.com\\\/fr\\\/product\\\/asmaco-shoe-adhesive\\\/#primaryimage\"},\"image\":{\"@id\":\"https:\\\/\\\/anchorallied.com\\\/fr\\\/product\\\/asmaco-shoe-adhesive\\\/#primaryimage\"},\"thumbnailUrl\":\"https:\\\/\\\/anchorallied.com\\\/fr\\\/wp-content\\\/uploads\\\/2025\\\/05\\\/Anc__0004_Shoe-Adhesive-Can-Top.jpg\",\"datePublished\":\"2025-05-27T09:09:13+00:00\",\"dateModified\":\"2026-04-13T05:49:01+00:00\",\"breadcrumb\":{\"@id\":\"https:\\\/\\\/anchorallied.com\\\/fr\\\/product\\\/asmaco-shoe-adhesive\\\/#breadcrumb\"},\"inLanguage\":\"en\",\"potentialAction\":[{\"@type\":\"ReadAction\",\"target\":[\"https:\\\/\\\/anchorallied.com\\\/fr\\\/product\\\/asmaco-shoe-adhesive\\\/\"]}]},{\"@type\":\"ImageObject\",\"inLanguage\":\"en\",\"@id\":\"https:\\\/\\\/anchorallied.com\\\/fr\\\/product\\\/asmaco-shoe-adhesive\\\/#primaryimage\",\"url\":\"https:\\\/\\\/anchorallied.com\\\/fr\\\/wp-content\\\/uploads\\\/2025\\\/05\\\/Anc__0004_Shoe-Adhesive-Can-Top.jpg\",\"contentUrl\":\"https:\\\/\\\/anchorallied.com\\\/fr\\\/wp-content\\\/uploads\\\/2025\\\/05\\\/Anc__0004_Shoe-Adhesive-Can-Top.jpg\",\"width\":1200,\"height\":1200},{\"@type\":\"BreadcrumbList\",\"@id\":\"https:\\\/\\\/anchorallied.com\\\/fr\\\/product\\\/asmaco-shoe-adhesive\\\/#breadcrumb\",\"itemListElement\":[{\"@type\":\"ListItem\",\"position\":1,\"name\":\"Home\",\"item\":\"http:\\\/\\\/en.anchorallied.com\\\/fr\\\/\"},{\"@type\":\"ListItem\",\"position\":2,\"name\":\"Shop\",\"item\":\"https:\\\/\\\/en.anchorallied.com\\\/fr\\\/shop\\\/\"},{\"@type\":\"ListItem\",\"position\":3,\"name\":\"Colle pour chaussures ASMACO\"}]},{\"@type\":\"WebSite\",\"@id\":\"https:\\\/\\\/anchorallied.com\\\/fr\\\/#website\",\"url\":\"https:\\\/\\\/anchorallied.com\\\/fr\\\/\",\"name\":\"anchoralliedfactory\",\"description\":\"\",\"potentialAction\":[{\"@type\":\"SearchAction\",\"target\":{\"@type\":\"EntryPoint\",\"urlTemplate\":\"https:\\\/\\\/anchorallied.com\\\/fr\\\/?s={search_term_string}\"},\"query-input\":{\"@type\":\"PropertyValueSpecification\",\"valueRequired\":true,\"valueName\":\"search_term_string\"}}],\"inLanguage\":\"en\"}]}<\/script>\n<!-- \/ Yoast SEO plugin. -->","yoast_head_json":{"title":"Colle pour chaussures ASMACO - anchoralliedfactory","robots":{"index":"index","follow":"follow","max-snippet":"max-snippet:-1","max-image-preview":"max-image-preview:large","max-video-preview":"max-video-preview:-1"},"canonical":"https:\/\/anchorallied.com\/fr\/product\/asmaco-shoe-adhesive\/","og_locale":"en_US","og_type":"article","og_title":"Colle pour chaussures ASMACO - anchoralliedfactory","og_description":"La colle pour chaussures ASMACO est une colle polyur\u00e9thane de qualit\u00e9 sup\u00e9rieure, sp\u00e9cialement con\u00e7ue pour la fabrication et la r\u00e9paration de chaussures, d'articles de maroquinerie et d'autres produits similaires. Son fort pouvoir adh\u00e9sif le rend adapt\u00e9 \u00e0 une vari\u00e9t\u00e9 de mat\u00e9riaux tels que le cuir, le PVC, le PU, le TR et le caoutchouc synth\u00e9tique, garantissant durabilit\u00e9 et flexibilit\u00e9 aux chaussures et accessoires.","og_url":"https:\/\/anchorallied.com\/fr\/product\/asmaco-shoe-adhesive\/","og_site_name":"anchoralliedfactory","article_modified_time":"2026-04-13T05:49:01+00:00","og_image":[{"width":1200,"height":1200,"url":"http:\/\/anchorallied.com\/fr\/wp-content\/uploads\/2025\/05\/Anc__0004_Shoe-Adhesive-Can-Top.jpg","type":"image\/jpeg"}],"twitter_card":"summary_large_image","twitter_misc":{"Est. reading time":"1 minute"},"schema":{"@context":"https:\/\/schema.org","@graph":[{"@type":"WebPage","@id":"https:\/\/anchorallied.com\/fr\/product\/asmaco-shoe-adhesive\/","url":"https:\/\/anchorallied.com\/fr\/product\/asmaco-shoe-adhesive\/","name":"Colle pour chaussures ASMACO - anchoralliedfactory","isPartOf":{"@id":"https:\/\/anchorallied.com\/fr\/#website"},"primaryImageOfPage":{"@id":"https:\/\/anchorallied.com\/fr\/product\/asmaco-shoe-adhesive\/#primaryimage"},"image":{"@id":"https:\/\/anchorallied.com\/fr\/product\/asmaco-shoe-adhesive\/#primaryimage"},"thumbnailUrl":"https:\/\/anchorallied.com\/fr\/wp-content\/uploads\/2025\/05\/Anc__0004_Shoe-Adhesive-Can-Top.jpg","datePublished":"2025-05-27T09:09:13+00:00","dateModified":"2026-04-13T05:49:01+00:00","breadcrumb":{"@id":"https:\/\/anchorallied.com\/fr\/product\/asmaco-shoe-adhesive\/#breadcrumb"},"inLanguage":"en","potentialAction":[{"@type":"ReadAction","target":["https:\/\/anchorallied.com\/fr\/product\/asmaco-shoe-adhesive\/"]}]},{"@type":"ImageObject","inLanguage":"en","@id":"https:\/\/anchorallied.com\/fr\/product\/asmaco-shoe-adhesive\/#primaryimage","url":"https:\/\/anchorallied.com\/fr\/wp-content\/uploads\/2025\/05\/Anc__0004_Shoe-Adhesive-Can-Top.jpg","contentUrl":"https:\/\/anchorallied.com\/fr\/wp-content\/uploads\/2025\/05\/Anc__0004_Shoe-Adhesive-Can-Top.jpg","width":1200,"height":1200},{"@type":"BreadcrumbList","@id":"https:\/\/anchorallied.com\/fr\/product\/asmaco-shoe-adhesive\/#breadcrumb","itemListElement":[{"@type":"ListItem","position":1,"name":"Home","item":"http:\/\/en.anchorallied.com\/fr\/"},{"@type":"ListItem","position":2,"name":"Shop","item":"https:\/\/en.anchorallied.com\/fr\/shop\/"},{"@type":"ListItem","position":3,"name":"Colle pour chaussures ASMACO"}]},{"@type":"WebSite","@id":"https:\/\/anchorallied.com\/fr\/#website","url":"https:\/\/anchorallied.com\/fr\/","name":"anchoralliedfactory","description":"","potentialAction":[{"@type":"SearchAction","target":{"@type":"EntryPoint","urlTemplate":"https:\/\/anchorallied.com\/fr\/?s={search_term_string}"},"query-input":{"@type":"PropertyValueSpecification","valueRequired":true,"valueName":"search_term_string"}}],"inLanguage":"en"}]}},"_links":{"self":[{"href":"https:\/\/anchorallied.com\/fr\/wp-json\/wp\/v2\/product\/2706","targetHints":{"allow":["GET"]}}],"collection":[{"href":"https:\/\/anchorallied.com\/fr\/wp-json\/wp\/v2\/product"}],"about":[{"href":"https:\/\/anchorallied.com\/fr\/wp-json\/wp\/v2\/types\/product"}],"replies":[{"embeddable":true,"href":"https:\/\/anchorallied.com\/fr\/wp-json\/wp\/v2\/comments?post=2706"}],"wp:featuredmedia":[{"embeddable":true,"href":"https:\/\/anchorallied.com\/fr\/wp-json\/wp\/v2\/media\/2707"}],"wp:attachment":[{"href":"https:\/\/anchorallied.com\/fr\/wp-json\/wp\/v2\/media?parent=2706"}],"wp:term":[{"taxonomy":"product_brand","embeddable":true,"href":"https:\/\/anchorallied.com\/fr\/wp-json\/wp\/v2\/product_brand?post=2706"},{"taxonomy":"product_cat","embeddable":true,"href":"https:\/\/anchorallied.com\/fr\/wp-json\/wp\/v2\/product_cat?post=2706"},{"taxonomy":"product_tag","embeddable":true,"href":"https:\/\/anchorallied.com\/fr\/wp-json\/wp\/v2\/product_tag?post=2706"}],"curies":[{"name":"wp","href":"https:\/\/api.w.org\/{rel}","templated":true}]}}