{"id":2710,"date":"2025-05-27T09:14:11","date_gmt":"2025-05-27T09:14:11","guid":{"rendered":"http:\/\/anchorallied.com\/fr\/?post_type=product&#038;p=2710"},"modified":"2026-04-13T05:48:25","modified_gmt":"2026-04-13T05:48:25","slug":"asmaco-bitufix","status":"publish","type":"product","link":"https:\/\/anchorallied.com\/fr\/product\/asmaco-bitufix\/","title":{"rendered":"Feuille d&#8217;\u00e9tanch\u00e9it\u00e9 bitumineuse ASMACO BITUFIX"},"content":{"rendered":"<p>ASMACO BITUFIX offre une adh\u00e9rence exceptionnelle et assure des liaisons durables sur divers mat\u00e9riaux tels que les panneaux en fibre bitumineuse, feutre, caoutchouc, cuir, linol\u00e9um, mousse, baguettes en plastique, et plus encore.<\/p>\n<p>Sa prise rapide et sa r\u00e9sistance \u00e0 la chaleur en font un choix adapt\u00e9 aux applications horizontales et verticales, garantissant un collage s\u00fbr m\u00eame dans des conditions exigeantes. Cet adh\u00e9sif adh\u00e8re efficacement au bois, panneau de particules, b\u00e9ton, pierre, m\u00e9taux et bitume, offrant une solution polyvalente pour les besoins de collage en construction et industrie.<\/p>\n","protected":false},"excerpt":{"rendered":"<p>ASMACO BITUFIX est un adh\u00e9sif monocomposant hautes performances \u00e0 base de solvant, formul\u00e9 pour une adh\u00e9rence sup\u00e9rieure dans les applications de construction. Dot\u00e9 d&#8217;une excellente r\u00e9sistance \u00e0 la chaleur, d&#8217;une adh\u00e9rence rapide et d&#8217;un fort pouvoir collant, il est particuli\u00e8rement adapt\u00e9 aux surfaces verticales et id\u00e9al pour le collage de feuilles bitumineuses sur du b\u00e9ton ou d&#8217;autres surfaces bitumineuses.<\/p>\n","protected":false},"featured_media":2711,"comment_status":"open","ping_status":"closed","template":"","meta":{"_acf_changed":false},"product_brand":[],"product_cat":[148,165],"product_tag":[],"class_list":{"0":"post-2710","1":"product","2":"type-product","3":"status-publish","4":"has-post-thumbnail","6":"product_cat-adhesifs","7":"product_cat-adhesifs-de-contact","9":"first","10":"instock","11":"shipping-taxable","12":"product-type-simple"},"acf":[],"yoast_head":"<!-- This site is optimized with the Yoast SEO plugin v27.3 - https:\/\/yoast.com\/product\/yoast-seo-wordpress\/ -->\n<title>Feuille d&#039;\u00e9tanch\u00e9it\u00e9 bitumineuse ASMACO BITUFIX - anchoralliedfactory<\/title>\n<meta name=\"robots\" content=\"index, follow, max-snippet:-1, max-image-preview:large, max-video-preview:-1\" \/>\n<link rel=\"canonical\" href=\"https:\/\/anchorallied.com\/fr\/product\/asmaco-bitufix\/\" \/>\n<meta property=\"og:locale\" content=\"en_US\" \/>\n<meta property=\"og:type\" content=\"article\" \/>\n<meta property=\"og:title\" content=\"Feuille d&#039;\u00e9tanch\u00e9it\u00e9 bitumineuse ASMACO BITUFIX - anchoralliedfactory\" \/>\n<meta property=\"og:description\" content=\"ASMACO BITUFIX est un adh\u00e9sif monocomposant hautes performances \u00e0 base de solvant, formul\u00e9 pour une adh\u00e9rence sup\u00e9rieure dans les applications de construction. Dot\u00e9 d&#039;une excellente r\u00e9sistance \u00e0 la chaleur, d&#039;une adh\u00e9rence rapide et d&#039;un fort pouvoir collant, il est particuli\u00e8rement adapt\u00e9 aux surfaces verticales et id\u00e9al pour le collage de feuilles bitumineuses sur du b\u00e9ton ou d&#039;autres surfaces bitumineuses.\" \/>\n<meta property=\"og:url\" content=\"https:\/\/anchorallied.com\/fr\/product\/asmaco-bitufix\/\" \/>\n<meta property=\"og:site_name\" content=\"anchoralliedfactory\" \/>\n<meta property=\"article:modified_time\" content=\"2026-04-13T05:48:25+00:00\" \/>\n<meta property=\"og:image\" content=\"http:\/\/anchorallied.com\/fr\/wp-content\/uploads\/2025\/05\/Anc__0021_Bitufix.jpg\" \/>\n\t<meta property=\"og:image:width\" content=\"1200\" \/>\n\t<meta property=\"og:image:height\" content=\"1200\" \/>\n\t<meta property=\"og:image:type\" content=\"image\/jpeg\" \/>\n<meta name=\"twitter:card\" content=\"summary_large_image\" \/>\n<meta name=\"twitter:label1\" content=\"Est. reading time\" \/>\n\t<meta name=\"twitter:data1\" content=\"1 minute\" \/>\n<script type=\"application\/ld+json\" class=\"yoast-schema-graph\">{\"@context\":\"https:\\\/\\\/schema.org\",\"@graph\":[{\"@type\":\"WebPage\",\"@id\":\"https:\\\/\\\/anchorallied.com\\\/fr\\\/product\\\/asmaco-bitufix\\\/\",\"url\":\"https:\\\/\\\/anchorallied.com\\\/fr\\\/product\\\/asmaco-bitufix\\\/\",\"name\":\"Feuille d'\u00e9tanch\u00e9it\u00e9 bitumineuse ASMACO BITUFIX - anchoralliedfactory\",\"isPartOf\":{\"@id\":\"https:\\\/\\\/anchorallied.com\\\/fr\\\/#website\"},\"primaryImageOfPage\":{\"@id\":\"https:\\\/\\\/anchorallied.com\\\/fr\\\/product\\\/asmaco-bitufix\\\/#primaryimage\"},\"image\":{\"@id\":\"https:\\\/\\\/anchorallied.com\\\/fr\\\/product\\\/asmaco-bitufix\\\/#primaryimage\"},\"thumbnailUrl\":\"https:\\\/\\\/anchorallied.com\\\/fr\\\/wp-content\\\/uploads\\\/2025\\\/05\\\/Anc__0021_Bitufix.jpg\",\"datePublished\":\"2025-05-27T09:14:11+00:00\",\"dateModified\":\"2026-04-13T05:48:25+00:00\",\"breadcrumb\":{\"@id\":\"https:\\\/\\\/anchorallied.com\\\/fr\\\/product\\\/asmaco-bitufix\\\/#breadcrumb\"},\"inLanguage\":\"en\",\"potentialAction\":[{\"@type\":\"ReadAction\",\"target\":[\"https:\\\/\\\/anchorallied.com\\\/fr\\\/product\\\/asmaco-bitufix\\\/\"]}]},{\"@type\":\"ImageObject\",\"inLanguage\":\"en\",\"@id\":\"https:\\\/\\\/anchorallied.com\\\/fr\\\/product\\\/asmaco-bitufix\\\/#primaryimage\",\"url\":\"https:\\\/\\\/anchorallied.com\\\/fr\\\/wp-content\\\/uploads\\\/2025\\\/05\\\/Anc__0021_Bitufix.jpg\",\"contentUrl\":\"https:\\\/\\\/anchorallied.com\\\/fr\\\/wp-content\\\/uploads\\\/2025\\\/05\\\/Anc__0021_Bitufix.jpg\",\"width\":1200,\"height\":1200},{\"@type\":\"BreadcrumbList\",\"@id\":\"https:\\\/\\\/anchorallied.com\\\/fr\\\/product\\\/asmaco-bitufix\\\/#breadcrumb\",\"itemListElement\":[{\"@type\":\"ListItem\",\"position\":1,\"name\":\"Home\",\"item\":\"http:\\\/\\\/en.anchorallied.com\\\/fr\\\/\"},{\"@type\":\"ListItem\",\"position\":2,\"name\":\"Shop\",\"item\":\"https:\\\/\\\/en.anchorallied.com\\\/fr\\\/shop\\\/\"},{\"@type\":\"ListItem\",\"position\":3,\"name\":\"Feuille d&#8217;\u00e9tanch\u00e9it\u00e9 bitumineuse ASMACO BITUFIX\"}]},{\"@type\":\"WebSite\",\"@id\":\"https:\\\/\\\/anchorallied.com\\\/fr\\\/#website\",\"url\":\"https:\\\/\\\/anchorallied.com\\\/fr\\\/\",\"name\":\"anchoralliedfactory\",\"description\":\"\",\"potentialAction\":[{\"@type\":\"SearchAction\",\"target\":{\"@type\":\"EntryPoint\",\"urlTemplate\":\"https:\\\/\\\/anchorallied.com\\\/fr\\\/?s={search_term_string}\"},\"query-input\":{\"@type\":\"PropertyValueSpecification\",\"valueRequired\":true,\"valueName\":\"search_term_string\"}}],\"inLanguage\":\"en\"}]}<\/script>\n<!-- \/ Yoast SEO plugin. -->","yoast_head_json":{"title":"Feuille d'\u00e9tanch\u00e9it\u00e9 bitumineuse ASMACO BITUFIX - anchoralliedfactory","robots":{"index":"index","follow":"follow","max-snippet":"max-snippet:-1","max-image-preview":"max-image-preview:large","max-video-preview":"max-video-preview:-1"},"canonical":"https:\/\/anchorallied.com\/fr\/product\/asmaco-bitufix\/","og_locale":"en_US","og_type":"article","og_title":"Feuille d'\u00e9tanch\u00e9it\u00e9 bitumineuse ASMACO BITUFIX - anchoralliedfactory","og_description":"ASMACO BITUFIX est un adh\u00e9sif monocomposant hautes performances \u00e0 base de solvant, formul\u00e9 pour une adh\u00e9rence sup\u00e9rieure dans les applications de construction. Dot\u00e9 d'une excellente r\u00e9sistance \u00e0 la chaleur, d'une adh\u00e9rence rapide et d'un fort pouvoir collant, il est particuli\u00e8rement adapt\u00e9 aux surfaces verticales et id\u00e9al pour le collage de feuilles bitumineuses sur du b\u00e9ton ou d'autres surfaces bitumineuses.","og_url":"https:\/\/anchorallied.com\/fr\/product\/asmaco-bitufix\/","og_site_name":"anchoralliedfactory","article_modified_time":"2026-04-13T05:48:25+00:00","og_image":[{"width":1200,"height":1200,"url":"http:\/\/anchorallied.com\/fr\/wp-content\/uploads\/2025\/05\/Anc__0021_Bitufix.jpg","type":"image\/jpeg"}],"twitter_card":"summary_large_image","twitter_misc":{"Est. reading time":"1 minute"},"schema":{"@context":"https:\/\/schema.org","@graph":[{"@type":"WebPage","@id":"https:\/\/anchorallied.com\/fr\/product\/asmaco-bitufix\/","url":"https:\/\/anchorallied.com\/fr\/product\/asmaco-bitufix\/","name":"Feuille d'\u00e9tanch\u00e9it\u00e9 bitumineuse ASMACO BITUFIX - anchoralliedfactory","isPartOf":{"@id":"https:\/\/anchorallied.com\/fr\/#website"},"primaryImageOfPage":{"@id":"https:\/\/anchorallied.com\/fr\/product\/asmaco-bitufix\/#primaryimage"},"image":{"@id":"https:\/\/anchorallied.com\/fr\/product\/asmaco-bitufix\/#primaryimage"},"thumbnailUrl":"https:\/\/anchorallied.com\/fr\/wp-content\/uploads\/2025\/05\/Anc__0021_Bitufix.jpg","datePublished":"2025-05-27T09:14:11+00:00","dateModified":"2026-04-13T05:48:25+00:00","breadcrumb":{"@id":"https:\/\/anchorallied.com\/fr\/product\/asmaco-bitufix\/#breadcrumb"},"inLanguage":"en","potentialAction":[{"@type":"ReadAction","target":["https:\/\/anchorallied.com\/fr\/product\/asmaco-bitufix\/"]}]},{"@type":"ImageObject","inLanguage":"en","@id":"https:\/\/anchorallied.com\/fr\/product\/asmaco-bitufix\/#primaryimage","url":"https:\/\/anchorallied.com\/fr\/wp-content\/uploads\/2025\/05\/Anc__0021_Bitufix.jpg","contentUrl":"https:\/\/anchorallied.com\/fr\/wp-content\/uploads\/2025\/05\/Anc__0021_Bitufix.jpg","width":1200,"height":1200},{"@type":"BreadcrumbList","@id":"https:\/\/anchorallied.com\/fr\/product\/asmaco-bitufix\/#breadcrumb","itemListElement":[{"@type":"ListItem","position":1,"name":"Home","item":"http:\/\/en.anchorallied.com\/fr\/"},{"@type":"ListItem","position":2,"name":"Shop","item":"https:\/\/en.anchorallied.com\/fr\/shop\/"},{"@type":"ListItem","position":3,"name":"Feuille d&#8217;\u00e9tanch\u00e9it\u00e9 bitumineuse ASMACO BITUFIX"}]},{"@type":"WebSite","@id":"https:\/\/anchorallied.com\/fr\/#website","url":"https:\/\/anchorallied.com\/fr\/","name":"anchoralliedfactory","description":"","potentialAction":[{"@type":"SearchAction","target":{"@type":"EntryPoint","urlTemplate":"https:\/\/anchorallied.com\/fr\/?s={search_term_string}"},"query-input":{"@type":"PropertyValueSpecification","valueRequired":true,"valueName":"search_term_string"}}],"inLanguage":"en"}]}},"_links":{"self":[{"href":"https:\/\/anchorallied.com\/fr\/wp-json\/wp\/v2\/product\/2710","targetHints":{"allow":["GET"]}}],"collection":[{"href":"https:\/\/anchorallied.com\/fr\/wp-json\/wp\/v2\/product"}],"about":[{"href":"https:\/\/anchorallied.com\/fr\/wp-json\/wp\/v2\/types\/product"}],"replies":[{"embeddable":true,"href":"https:\/\/anchorallied.com\/fr\/wp-json\/wp\/v2\/comments?post=2710"}],"wp:featuredmedia":[{"embeddable":true,"href":"https:\/\/anchorallied.com\/fr\/wp-json\/wp\/v2\/media\/2711"}],"wp:attachment":[{"href":"https:\/\/anchorallied.com\/fr\/wp-json\/wp\/v2\/media?parent=2710"}],"wp:term":[{"taxonomy":"product_brand","embeddable":true,"href":"https:\/\/anchorallied.com\/fr\/wp-json\/wp\/v2\/product_brand?post=2710"},{"taxonomy":"product_cat","embeddable":true,"href":"https:\/\/anchorallied.com\/fr\/wp-json\/wp\/v2\/product_cat?post=2710"},{"taxonomy":"product_tag","embeddable":true,"href":"https:\/\/anchorallied.com\/fr\/wp-json\/wp\/v2\/product_tag?post=2710"}],"curies":[{"name":"wp","href":"https:\/\/api.w.org\/{rel}","templated":true}]}}