{"id":2712,"date":"2025-05-27T09:20:19","date_gmt":"2025-05-27T09:20:19","guid":{"rendered":"http:\/\/anchorallied.com\/fr\/?post_type=product&#038;p=2712"},"modified":"2026-04-13T05:56:42","modified_gmt":"2026-04-13T05:56:42","slug":"asmaco-pur-adhesive","status":"publish","type":"product","link":"https:\/\/anchorallied.com\/fr\/product\/asmaco-pur-adhesive\/","title":{"rendered":"ADH\u00c9SIF ASMACO PUR"},"content":{"rendered":"<p>ASMACO PUR ADH\u00c9SIF offre une excellente force d\u2019adh\u00e9sion et forme des liaisons \u00e9tanches et r\u00e9sistantes \u00e0 la chaleur sur une large gamme de supports. Son m\u00e9canisme de polym\u00e9risation par humidit\u00e9 permet un collage rapide et fiable sans m\u00e9lange ni pr\u00e9paration sp\u00e9ciale \u2014 il suffit d\u2019appliquer directement depuis le contenant.<\/p>\n<p>Cet adh\u00e9sif est tr\u00e8s efficace sur le bois, contreplaqu\u00e9, mousse plastique rigide, b\u00e9ton, c\u00e9ramique, et convient parfaitement \u00e0 la fabrication de meubles, \u00e0 l\u2019assemblage de fen\u00eatres et portes, ainsi qu\u2019\u00e0 la construction d\u2019escaliers. Sa durabilit\u00e9 et sa polyvalence en font un choix privil\u00e9gi\u00e9 pour les professionnels comme pour les bricoleurs dans les secteurs de la construction et de la menuiserie.<\/p>\n","protected":false},"excerpt":{"rendered":"<p>L&#8217;ADH\u00c9SIF ASMACO PUR est un adh\u00e9sif polyur\u00e9thane monocomposant haute r\u00e9sistance qui r\u00e9agit \u00e0 l&#8217;humidit\u00e9 atmosph\u00e9rique pour former une liaison solide et durable. Con\u00e7u pour les applications de collage exigeantes o\u00f9 la r\u00e9sistance \u00e0 l&#8217;eau et \u00e0 la temp\u00e9rature est essentielle, il est id\u00e9al pour une utilisation en int\u00e9rieur comme en ext\u00e9rieur.<\/p>\n","protected":false},"featured_media":2714,"comment_status":"open","ping_status":"closed","template":"","meta":{"_acf_changed":false},"product_brand":[],"product_cat":[148,166],"product_tag":[],"class_list":{"0":"post-2712","1":"product","2":"type-product","3":"status-publish","4":"has-post-thumbnail","6":"product_cat-adhesifs","7":"product_cat-colle-pur","9":"first","10":"instock","11":"shipping-taxable","12":"product-type-simple"},"acf":[],"yoast_head":"<!-- This site is optimized with the Yoast SEO plugin v27.3 - https:\/\/yoast.com\/product\/yoast-seo-wordpress\/ -->\n<title>ADH\u00c9SIF ASMACO PUR - anchoralliedfactory<\/title>\n<meta name=\"robots\" content=\"index, follow, max-snippet:-1, max-image-preview:large, max-video-preview:-1\" \/>\n<link rel=\"canonical\" href=\"https:\/\/anchorallied.com\/fr\/product\/asmaco-pur-adhesive\/\" \/>\n<meta property=\"og:locale\" content=\"en_US\" \/>\n<meta property=\"og:type\" content=\"article\" \/>\n<meta property=\"og:title\" content=\"ADH\u00c9SIF ASMACO PUR - anchoralliedfactory\" \/>\n<meta property=\"og:description\" content=\"L&#039;ADH\u00c9SIF ASMACO PUR est un adh\u00e9sif polyur\u00e9thane monocomposant haute r\u00e9sistance qui r\u00e9agit \u00e0 l&#039;humidit\u00e9 atmosph\u00e9rique pour former une liaison solide et durable. Con\u00e7u pour les applications de collage exigeantes o\u00f9 la r\u00e9sistance \u00e0 l&#039;eau et \u00e0 la temp\u00e9rature est essentielle, il est id\u00e9al pour une utilisation en int\u00e9rieur comme en ext\u00e9rieur.\" \/>\n<meta property=\"og:url\" content=\"https:\/\/anchorallied.com\/fr\/product\/asmaco-pur-adhesive\/\" \/>\n<meta property=\"og:site_name\" content=\"anchoralliedfactory\" \/>\n<meta property=\"article:modified_time\" content=\"2026-04-13T05:56:42+00:00\" \/>\n<meta property=\"og:image\" content=\"http:\/\/anchorallied.com\/fr\/wp-content\/uploads\/2025\/05\/Anc__0006_PUR-ADHESIVE.jpg\" \/>\n\t<meta property=\"og:image:width\" content=\"1200\" \/>\n\t<meta property=\"og:image:height\" content=\"1200\" \/>\n\t<meta property=\"og:image:type\" content=\"image\/jpeg\" \/>\n<meta name=\"twitter:card\" content=\"summary_large_image\" \/>\n<meta name=\"twitter:label1\" content=\"Est. reading time\" \/>\n\t<meta name=\"twitter:data1\" content=\"1 minute\" \/>\n<script type=\"application\/ld+json\" class=\"yoast-schema-graph\">{\"@context\":\"https:\\\/\\\/schema.org\",\"@graph\":[{\"@type\":\"WebPage\",\"@id\":\"https:\\\/\\\/anchorallied.com\\\/fr\\\/product\\\/asmaco-pur-adhesive\\\/\",\"url\":\"https:\\\/\\\/anchorallied.com\\\/fr\\\/product\\\/asmaco-pur-adhesive\\\/\",\"name\":\"ADH\u00c9SIF ASMACO PUR - anchoralliedfactory\",\"isPartOf\":{\"@id\":\"https:\\\/\\\/anchorallied.com\\\/fr\\\/#website\"},\"primaryImageOfPage\":{\"@id\":\"https:\\\/\\\/anchorallied.com\\\/fr\\\/product\\\/asmaco-pur-adhesive\\\/#primaryimage\"},\"image\":{\"@id\":\"https:\\\/\\\/anchorallied.com\\\/fr\\\/product\\\/asmaco-pur-adhesive\\\/#primaryimage\"},\"thumbnailUrl\":\"https:\\\/\\\/anchorallied.com\\\/fr\\\/wp-content\\\/uploads\\\/2025\\\/05\\\/Anc__0006_PUR-ADHESIVE.jpg\",\"datePublished\":\"2025-05-27T09:20:19+00:00\",\"dateModified\":\"2026-04-13T05:56:42+00:00\",\"breadcrumb\":{\"@id\":\"https:\\\/\\\/anchorallied.com\\\/fr\\\/product\\\/asmaco-pur-adhesive\\\/#breadcrumb\"},\"inLanguage\":\"en\",\"potentialAction\":[{\"@type\":\"ReadAction\",\"target\":[\"https:\\\/\\\/anchorallied.com\\\/fr\\\/product\\\/asmaco-pur-adhesive\\\/\"]}]},{\"@type\":\"ImageObject\",\"inLanguage\":\"en\",\"@id\":\"https:\\\/\\\/anchorallied.com\\\/fr\\\/product\\\/asmaco-pur-adhesive\\\/#primaryimage\",\"url\":\"https:\\\/\\\/anchorallied.com\\\/fr\\\/wp-content\\\/uploads\\\/2025\\\/05\\\/Anc__0006_PUR-ADHESIVE.jpg\",\"contentUrl\":\"https:\\\/\\\/anchorallied.com\\\/fr\\\/wp-content\\\/uploads\\\/2025\\\/05\\\/Anc__0006_PUR-ADHESIVE.jpg\",\"width\":1200,\"height\":1200},{\"@type\":\"BreadcrumbList\",\"@id\":\"https:\\\/\\\/anchorallied.com\\\/fr\\\/product\\\/asmaco-pur-adhesive\\\/#breadcrumb\",\"itemListElement\":[{\"@type\":\"ListItem\",\"position\":1,\"name\":\"Home\",\"item\":\"http:\\\/\\\/en.anchorallied.com\\\/fr\\\/\"},{\"@type\":\"ListItem\",\"position\":2,\"name\":\"Shop\",\"item\":\"https:\\\/\\\/en.anchorallied.com\\\/fr\\\/shop\\\/\"},{\"@type\":\"ListItem\",\"position\":3,\"name\":\"ADH\u00c9SIF ASMACO PUR\"}]},{\"@type\":\"WebSite\",\"@id\":\"https:\\\/\\\/anchorallied.com\\\/fr\\\/#website\",\"url\":\"https:\\\/\\\/anchorallied.com\\\/fr\\\/\",\"name\":\"anchoralliedfactory\",\"description\":\"\",\"potentialAction\":[{\"@type\":\"SearchAction\",\"target\":{\"@type\":\"EntryPoint\",\"urlTemplate\":\"https:\\\/\\\/anchorallied.com\\\/fr\\\/?s={search_term_string}\"},\"query-input\":{\"@type\":\"PropertyValueSpecification\",\"valueRequired\":true,\"valueName\":\"search_term_string\"}}],\"inLanguage\":\"en\"}]}<\/script>\n<!-- \/ Yoast SEO plugin. -->","yoast_head_json":{"title":"ADH\u00c9SIF ASMACO PUR - anchoralliedfactory","robots":{"index":"index","follow":"follow","max-snippet":"max-snippet:-1","max-image-preview":"max-image-preview:large","max-video-preview":"max-video-preview:-1"},"canonical":"https:\/\/anchorallied.com\/fr\/product\/asmaco-pur-adhesive\/","og_locale":"en_US","og_type":"article","og_title":"ADH\u00c9SIF ASMACO PUR - anchoralliedfactory","og_description":"L'ADH\u00c9SIF ASMACO PUR est un adh\u00e9sif polyur\u00e9thane monocomposant haute r\u00e9sistance qui r\u00e9agit \u00e0 l'humidit\u00e9 atmosph\u00e9rique pour former une liaison solide et durable. Con\u00e7u pour les applications de collage exigeantes o\u00f9 la r\u00e9sistance \u00e0 l'eau et \u00e0 la temp\u00e9rature est essentielle, il est id\u00e9al pour une utilisation en int\u00e9rieur comme en ext\u00e9rieur.","og_url":"https:\/\/anchorallied.com\/fr\/product\/asmaco-pur-adhesive\/","og_site_name":"anchoralliedfactory","article_modified_time":"2026-04-13T05:56:42+00:00","og_image":[{"width":1200,"height":1200,"url":"http:\/\/anchorallied.com\/fr\/wp-content\/uploads\/2025\/05\/Anc__0006_PUR-ADHESIVE.jpg","type":"image\/jpeg"}],"twitter_card":"summary_large_image","twitter_misc":{"Est. reading time":"1 minute"},"schema":{"@context":"https:\/\/schema.org","@graph":[{"@type":"WebPage","@id":"https:\/\/anchorallied.com\/fr\/product\/asmaco-pur-adhesive\/","url":"https:\/\/anchorallied.com\/fr\/product\/asmaco-pur-adhesive\/","name":"ADH\u00c9SIF ASMACO PUR - anchoralliedfactory","isPartOf":{"@id":"https:\/\/anchorallied.com\/fr\/#website"},"primaryImageOfPage":{"@id":"https:\/\/anchorallied.com\/fr\/product\/asmaco-pur-adhesive\/#primaryimage"},"image":{"@id":"https:\/\/anchorallied.com\/fr\/product\/asmaco-pur-adhesive\/#primaryimage"},"thumbnailUrl":"https:\/\/anchorallied.com\/fr\/wp-content\/uploads\/2025\/05\/Anc__0006_PUR-ADHESIVE.jpg","datePublished":"2025-05-27T09:20:19+00:00","dateModified":"2026-04-13T05:56:42+00:00","breadcrumb":{"@id":"https:\/\/anchorallied.com\/fr\/product\/asmaco-pur-adhesive\/#breadcrumb"},"inLanguage":"en","potentialAction":[{"@type":"ReadAction","target":["https:\/\/anchorallied.com\/fr\/product\/asmaco-pur-adhesive\/"]}]},{"@type":"ImageObject","inLanguage":"en","@id":"https:\/\/anchorallied.com\/fr\/product\/asmaco-pur-adhesive\/#primaryimage","url":"https:\/\/anchorallied.com\/fr\/wp-content\/uploads\/2025\/05\/Anc__0006_PUR-ADHESIVE.jpg","contentUrl":"https:\/\/anchorallied.com\/fr\/wp-content\/uploads\/2025\/05\/Anc__0006_PUR-ADHESIVE.jpg","width":1200,"height":1200},{"@type":"BreadcrumbList","@id":"https:\/\/anchorallied.com\/fr\/product\/asmaco-pur-adhesive\/#breadcrumb","itemListElement":[{"@type":"ListItem","position":1,"name":"Home","item":"http:\/\/en.anchorallied.com\/fr\/"},{"@type":"ListItem","position":2,"name":"Shop","item":"https:\/\/en.anchorallied.com\/fr\/shop\/"},{"@type":"ListItem","position":3,"name":"ADH\u00c9SIF ASMACO PUR"}]},{"@type":"WebSite","@id":"https:\/\/anchorallied.com\/fr\/#website","url":"https:\/\/anchorallied.com\/fr\/","name":"anchoralliedfactory","description":"","potentialAction":[{"@type":"SearchAction","target":{"@type":"EntryPoint","urlTemplate":"https:\/\/anchorallied.com\/fr\/?s={search_term_string}"},"query-input":{"@type":"PropertyValueSpecification","valueRequired":true,"valueName":"search_term_string"}}],"inLanguage":"en"}]}},"_links":{"self":[{"href":"https:\/\/anchorallied.com\/fr\/wp-json\/wp\/v2\/product\/2712","targetHints":{"allow":["GET"]}}],"collection":[{"href":"https:\/\/anchorallied.com\/fr\/wp-json\/wp\/v2\/product"}],"about":[{"href":"https:\/\/anchorallied.com\/fr\/wp-json\/wp\/v2\/types\/product"}],"replies":[{"embeddable":true,"href":"https:\/\/anchorallied.com\/fr\/wp-json\/wp\/v2\/comments?post=2712"}],"wp:featuredmedia":[{"embeddable":true,"href":"https:\/\/anchorallied.com\/fr\/wp-json\/wp\/v2\/media\/2714"}],"wp:attachment":[{"href":"https:\/\/anchorallied.com\/fr\/wp-json\/wp\/v2\/media?parent=2712"}],"wp:term":[{"taxonomy":"product_brand","embeddable":true,"href":"https:\/\/anchorallied.com\/fr\/wp-json\/wp\/v2\/product_brand?post=2712"},{"taxonomy":"product_cat","embeddable":true,"href":"https:\/\/anchorallied.com\/fr\/wp-json\/wp\/v2\/product_cat?post=2712"},{"taxonomy":"product_tag","embeddable":true,"href":"https:\/\/anchorallied.com\/fr\/wp-json\/wp\/v2\/product_tag?post=2712"}],"curies":[{"name":"wp","href":"https:\/\/api.w.org\/{rel}","templated":true}]}}