{"id":2730,"date":"2025-05-27T09:44:17","date_gmt":"2025-05-27T09:44:17","guid":{"rendered":"http:\/\/anchorallied.com\/fr\/?post_type=product&#038;p=2730"},"modified":"2026-04-13T05:46:27","modified_gmt":"2026-04-13T05:46:27","slug":"weldfix-upvc-cement-p-917","status":"publish","type":"product","link":"https:\/\/anchorallied.com\/fr\/product\/weldfix-upvc-cement-p-917\/","title":{"rendered":"Ciment PVC WELDFIX P 917"},"content":{"rendered":"<p>WELDFIX PVC CEMENT offre une adh\u00e9sion fiable et \u00e9tanche pour les mat\u00e9riaux rigides en PVC et CPVC, ce qui le rend adapt\u00e9 aux applications en plomberie, construction et industrie. Sa viscosit\u00e9 moyenne lui permet de bien p\u00e9n\u00e9trer les joints de tuyauterie, assurant un scellement serr\u00e9 et durable.<\/p>\n<p>Cet adh\u00e9sif r\u00e9siste \u00e0 haute pression et forme une liaison imperm\u00e9able, essentielle pour pr\u00e9venir les fuites dans les r\u00e9seaux de canalisation. Il est \u00e9galement compatible avec les syst\u00e8mes d\u2019eau potable une fois compl\u00e8tement durci, convenant ainsi \u00e0 la plomberie r\u00e9sidentielle et commerciale.<\/p>\n<p>De plus, WELDFIX respecte les normes internationales telles que BS et ASTM, garantissant qualit\u00e9 et performance dans divers secteurs industriels.<\/p>\n","protected":false},"excerpt":{"rendered":"<p>Le ciment PVC WELDFIX est un adh\u00e9sif \u00e0 base de solvant sp\u00e9cialement formul\u00e9 pour le collage et l&#8217;\u00e9tanch\u00e9it\u00e9 des tuyaux et raccords en PVC rigide (U-PVC) et CPVC. Gr\u00e2ce \u00e0 sa viscosit\u00e9 moyenne et \u00e0 son excellent pouvoir p\u00e9n\u00e9trant, il offre une adh\u00e9rence solide et \u00e9tanche, id\u00e9ale pour les applications haute pression. Une fois compl\u00e8tement durci, il peut \u00eatre utilis\u00e9 en toute s\u00e9curit\u00e9 dans les r\u00e9seaux d&#8217;eau potable et est conforme aux normes internationales, notamment BS et ASTM.<\/p>\n","protected":false},"featured_media":2734,"comment_status":"open","ping_status":"closed","template":"","meta":{"_acf_changed":false},"product_brand":[],"product_cat":[148,145],"product_tag":[],"class_list":{"0":"post-2730","1":"product","2":"type-product","3":"status-publish","4":"has-post-thumbnail","6":"product_cat-adhesifs","7":"product_cat-ciments-pvc","9":"first","10":"instock","11":"shipping-taxable","12":"product-type-simple"},"acf":[],"yoast_head":"<!-- This site is optimized with the Yoast SEO plugin v27.3 - https:\/\/yoast.com\/product\/yoast-seo-wordpress\/ -->\n<title>Ciment PVC WELDFIX P 917 - anchoralliedfactory<\/title>\n<meta name=\"robots\" content=\"index, follow, max-snippet:-1, max-image-preview:large, max-video-preview:-1\" \/>\n<link rel=\"canonical\" href=\"https:\/\/anchorallied.com\/fr\/product\/weldfix-upvc-cement-p-917\/\" \/>\n<meta property=\"og:locale\" content=\"en_US\" \/>\n<meta property=\"og:type\" content=\"article\" \/>\n<meta property=\"og:title\" content=\"Ciment PVC WELDFIX P 917 - anchoralliedfactory\" \/>\n<meta property=\"og:description\" content=\"Le ciment PVC WELDFIX est un adh\u00e9sif \u00e0 base de solvant sp\u00e9cialement formul\u00e9 pour le collage et l&#039;\u00e9tanch\u00e9it\u00e9 des tuyaux et raccords en PVC rigide (U-PVC) et CPVC. Gr\u00e2ce \u00e0 sa viscosit\u00e9 moyenne et \u00e0 son excellent pouvoir p\u00e9n\u00e9trant, il offre une adh\u00e9rence solide et \u00e9tanche, id\u00e9ale pour les applications haute pression. Une fois compl\u00e8tement durci, il peut \u00eatre utilis\u00e9 en toute s\u00e9curit\u00e9 dans les r\u00e9seaux d&#039;eau potable et est conforme aux normes internationales, notamment BS et ASTM.\" \/>\n<meta property=\"og:url\" content=\"https:\/\/anchorallied.com\/fr\/product\/weldfix-upvc-cement-p-917\/\" \/>\n<meta property=\"og:site_name\" content=\"anchoralliedfactory\" \/>\n<meta property=\"article:modified_time\" content=\"2026-04-13T05:46:27+00:00\" \/>\n<meta property=\"og:image\" content=\"http:\/\/anchorallied.com\/fr\/wp-content\/uploads\/2025\/05\/PVC-_0000_UPVC-473.jpg\" \/>\n\t<meta property=\"og:image:width\" content=\"1200\" \/>\n\t<meta property=\"og:image:height\" content=\"1200\" \/>\n\t<meta property=\"og:image:type\" content=\"image\/jpeg\" \/>\n<meta name=\"twitter:card\" content=\"summary_large_image\" \/>\n<meta name=\"twitter:label1\" content=\"Est. reading time\" \/>\n\t<meta name=\"twitter:data1\" content=\"5 minutes\" \/>\n<script type=\"application\/ld+json\" class=\"yoast-schema-graph\">{\"@context\":\"https:\\\/\\\/schema.org\",\"@graph\":[{\"@type\":\"WebPage\",\"@id\":\"https:\\\/\\\/anchorallied.com\\\/fr\\\/product\\\/weldfix-upvc-cement-p-917\\\/\",\"url\":\"https:\\\/\\\/anchorallied.com\\\/fr\\\/product\\\/weldfix-upvc-cement-p-917\\\/\",\"name\":\"Ciment PVC WELDFIX P 917 - anchoralliedfactory\",\"isPartOf\":{\"@id\":\"https:\\\/\\\/anchorallied.com\\\/fr\\\/#website\"},\"primaryImageOfPage\":{\"@id\":\"https:\\\/\\\/anchorallied.com\\\/fr\\\/product\\\/weldfix-upvc-cement-p-917\\\/#primaryimage\"},\"image\":{\"@id\":\"https:\\\/\\\/anchorallied.com\\\/fr\\\/product\\\/weldfix-upvc-cement-p-917\\\/#primaryimage\"},\"thumbnailUrl\":\"https:\\\/\\\/anchorallied.com\\\/fr\\\/wp-content\\\/uploads\\\/2025\\\/05\\\/PVC-_0000_UPVC-473.jpg\",\"datePublished\":\"2025-05-27T09:44:17+00:00\",\"dateModified\":\"2026-04-13T05:46:27+00:00\",\"breadcrumb\":{\"@id\":\"https:\\\/\\\/anchorallied.com\\\/fr\\\/product\\\/weldfix-upvc-cement-p-917\\\/#breadcrumb\"},\"inLanguage\":\"en\",\"potentialAction\":[{\"@type\":\"ReadAction\",\"target\":[\"https:\\\/\\\/anchorallied.com\\\/fr\\\/product\\\/weldfix-upvc-cement-p-917\\\/\"]}]},{\"@type\":\"ImageObject\",\"inLanguage\":\"en\",\"@id\":\"https:\\\/\\\/anchorallied.com\\\/fr\\\/product\\\/weldfix-upvc-cement-p-917\\\/#primaryimage\",\"url\":\"https:\\\/\\\/anchorallied.com\\\/fr\\\/wp-content\\\/uploads\\\/2025\\\/05\\\/PVC-_0000_UPVC-473.jpg\",\"contentUrl\":\"https:\\\/\\\/anchorallied.com\\\/fr\\\/wp-content\\\/uploads\\\/2025\\\/05\\\/PVC-_0000_UPVC-473.jpg\",\"width\":1200,\"height\":1200},{\"@type\":\"BreadcrumbList\",\"@id\":\"https:\\\/\\\/anchorallied.com\\\/fr\\\/product\\\/weldfix-upvc-cement-p-917\\\/#breadcrumb\",\"itemListElement\":[{\"@type\":\"ListItem\",\"position\":1,\"name\":\"Home\",\"item\":\"http:\\\/\\\/en.anchorallied.com\\\/fr\\\/\"},{\"@type\":\"ListItem\",\"position\":2,\"name\":\"Shop\",\"item\":\"https:\\\/\\\/en.anchorallied.com\\\/fr\\\/shop\\\/\"},{\"@type\":\"ListItem\",\"position\":3,\"name\":\"Ciment PVC WELDFIX P 917\"}]},{\"@type\":\"WebSite\",\"@id\":\"https:\\\/\\\/anchorallied.com\\\/fr\\\/#website\",\"url\":\"https:\\\/\\\/anchorallied.com\\\/fr\\\/\",\"name\":\"anchoralliedfactory\",\"description\":\"\",\"potentialAction\":[{\"@type\":\"SearchAction\",\"target\":{\"@type\":\"EntryPoint\",\"urlTemplate\":\"https:\\\/\\\/anchorallied.com\\\/fr\\\/?s={search_term_string}\"},\"query-input\":{\"@type\":\"PropertyValueSpecification\",\"valueRequired\":true,\"valueName\":\"search_term_string\"}}],\"inLanguage\":\"en\"}]}<\/script>\n<!-- \/ Yoast SEO plugin. -->","yoast_head_json":{"title":"Ciment PVC WELDFIX P 917 - anchoralliedfactory","robots":{"index":"index","follow":"follow","max-snippet":"max-snippet:-1","max-image-preview":"max-image-preview:large","max-video-preview":"max-video-preview:-1"},"canonical":"https:\/\/anchorallied.com\/fr\/product\/weldfix-upvc-cement-p-917\/","og_locale":"en_US","og_type":"article","og_title":"Ciment PVC WELDFIX P 917 - anchoralliedfactory","og_description":"Le ciment PVC WELDFIX est un adh\u00e9sif \u00e0 base de solvant sp\u00e9cialement formul\u00e9 pour le collage et l'\u00e9tanch\u00e9it\u00e9 des tuyaux et raccords en PVC rigide (U-PVC) et CPVC. Gr\u00e2ce \u00e0 sa viscosit\u00e9 moyenne et \u00e0 son excellent pouvoir p\u00e9n\u00e9trant, il offre une adh\u00e9rence solide et \u00e9tanche, id\u00e9ale pour les applications haute pression. Une fois compl\u00e8tement durci, il peut \u00eatre utilis\u00e9 en toute s\u00e9curit\u00e9 dans les r\u00e9seaux d'eau potable et est conforme aux normes internationales, notamment BS et ASTM.","og_url":"https:\/\/anchorallied.com\/fr\/product\/weldfix-upvc-cement-p-917\/","og_site_name":"anchoralliedfactory","article_modified_time":"2026-04-13T05:46:27+00:00","og_image":[{"width":1200,"height":1200,"url":"http:\/\/anchorallied.com\/fr\/wp-content\/uploads\/2025\/05\/PVC-_0000_UPVC-473.jpg","type":"image\/jpeg"}],"twitter_card":"summary_large_image","twitter_misc":{"Est. reading time":"5 minutes"},"schema":{"@context":"https:\/\/schema.org","@graph":[{"@type":"WebPage","@id":"https:\/\/anchorallied.com\/fr\/product\/weldfix-upvc-cement-p-917\/","url":"https:\/\/anchorallied.com\/fr\/product\/weldfix-upvc-cement-p-917\/","name":"Ciment PVC WELDFIX P 917 - anchoralliedfactory","isPartOf":{"@id":"https:\/\/anchorallied.com\/fr\/#website"},"primaryImageOfPage":{"@id":"https:\/\/anchorallied.com\/fr\/product\/weldfix-upvc-cement-p-917\/#primaryimage"},"image":{"@id":"https:\/\/anchorallied.com\/fr\/product\/weldfix-upvc-cement-p-917\/#primaryimage"},"thumbnailUrl":"https:\/\/anchorallied.com\/fr\/wp-content\/uploads\/2025\/05\/PVC-_0000_UPVC-473.jpg","datePublished":"2025-05-27T09:44:17+00:00","dateModified":"2026-04-13T05:46:27+00:00","breadcrumb":{"@id":"https:\/\/anchorallied.com\/fr\/product\/weldfix-upvc-cement-p-917\/#breadcrumb"},"inLanguage":"en","potentialAction":[{"@type":"ReadAction","target":["https:\/\/anchorallied.com\/fr\/product\/weldfix-upvc-cement-p-917\/"]}]},{"@type":"ImageObject","inLanguage":"en","@id":"https:\/\/anchorallied.com\/fr\/product\/weldfix-upvc-cement-p-917\/#primaryimage","url":"https:\/\/anchorallied.com\/fr\/wp-content\/uploads\/2025\/05\/PVC-_0000_UPVC-473.jpg","contentUrl":"https:\/\/anchorallied.com\/fr\/wp-content\/uploads\/2025\/05\/PVC-_0000_UPVC-473.jpg","width":1200,"height":1200},{"@type":"BreadcrumbList","@id":"https:\/\/anchorallied.com\/fr\/product\/weldfix-upvc-cement-p-917\/#breadcrumb","itemListElement":[{"@type":"ListItem","position":1,"name":"Home","item":"http:\/\/en.anchorallied.com\/fr\/"},{"@type":"ListItem","position":2,"name":"Shop","item":"https:\/\/en.anchorallied.com\/fr\/shop\/"},{"@type":"ListItem","position":3,"name":"Ciment PVC WELDFIX P 917"}]},{"@type":"WebSite","@id":"https:\/\/anchorallied.com\/fr\/#website","url":"https:\/\/anchorallied.com\/fr\/","name":"anchoralliedfactory","description":"","potentialAction":[{"@type":"SearchAction","target":{"@type":"EntryPoint","urlTemplate":"https:\/\/anchorallied.com\/fr\/?s={search_term_string}"},"query-input":{"@type":"PropertyValueSpecification","valueRequired":true,"valueName":"search_term_string"}}],"inLanguage":"en"}]}},"_links":{"self":[{"href":"https:\/\/anchorallied.com\/fr\/wp-json\/wp\/v2\/product\/2730","targetHints":{"allow":["GET"]}}],"collection":[{"href":"https:\/\/anchorallied.com\/fr\/wp-json\/wp\/v2\/product"}],"about":[{"href":"https:\/\/anchorallied.com\/fr\/wp-json\/wp\/v2\/types\/product"}],"replies":[{"embeddable":true,"href":"https:\/\/anchorallied.com\/fr\/wp-json\/wp\/v2\/comments?post=2730"}],"wp:featuredmedia":[{"embeddable":true,"href":"https:\/\/anchorallied.com\/fr\/wp-json\/wp\/v2\/media\/2734"}],"wp:attachment":[{"href":"https:\/\/anchorallied.com\/fr\/wp-json\/wp\/v2\/media?parent=2730"}],"wp:term":[{"taxonomy":"product_brand","embeddable":true,"href":"https:\/\/anchorallied.com\/fr\/wp-json\/wp\/v2\/product_brand?post=2730"},{"taxonomy":"product_cat","embeddable":true,"href":"https:\/\/anchorallied.com\/fr\/wp-json\/wp\/v2\/product_cat?post=2730"},{"taxonomy":"product_tag","embeddable":true,"href":"https:\/\/anchorallied.com\/fr\/wp-json\/wp\/v2\/product_tag?post=2730"}],"curies":[{"name":"wp","href":"https:\/\/api.w.org\/{rel}","templated":true}]}}