{"id":2740,"date":"2025-05-27T09:52:38","date_gmt":"2025-05-27T09:52:38","guid":{"rendered":"http:\/\/anchorallied.com\/fr\/?post_type=product&#038;p=2740"},"modified":"2026-04-13T05:45:47","modified_gmt":"2026-04-13T05:45:47","slug":"asmaco-upvc-cements-p-914","status":"publish","type":"product","link":"https:\/\/anchorallied.com\/fr\/product\/asmaco-upvc-cements-p-914\/","title":{"rendered":"CIMENTS UPVC ASMACO P 914"},"content":{"rendered":"<p>ASMACO UPVC CEMENT 914 assure une adh\u00e9rence forte et durable pour PVC rigide, id\u00e9al en plomberie, tuyauterie industrielle et construction. Sa viscosit\u00e9 moyenne garantit une bonne p\u00e9n\u00e9tration des joints pour un scellement \u00e9tanche et fiable. Facile \u00e0 appliquer, il am\u00e9liore l\u2019efficacit\u00e9 du travail. Une fois durci, il est s\u00fbr pour l\u2019eau potable et r\u00e9siste \u00e0 la pression et \u00e0 l\u2019humidit\u00e9, emp\u00eachant les fuites m\u00eame en conditions extr\u00eames. Conforme aux normes BS et ASTM, il offre une qualit\u00e9 et des performances reconnues internationalement.<\/p>\n","protected":false},"excerpt":{"rendered":"<p>ASMACO UPVC CEMENT 914 est une colle solvant\u00e9e haute performance, sp\u00e9cialement formul\u00e9e pour le collage et l&#8217;\u00e9tanch\u00e9it\u00e9 des tuyaux et raccords en PVC rigide. Sa viscosit\u00e9 moyenne et son fort pouvoir p\u00e9n\u00e9trant garantissent un joint durable et \u00e9tanche, capable de r\u00e9sister \u00e0 des pressions extr\u00eames. Facile \u00e0 utiliser et sans danger pour les r\u00e9seaux d&#8217;eau potable une fois compl\u00e8tement durci, cette colle est conforme aux normes internationales telles que BS et ASTM.<\/p>\n","protected":false},"featured_media":2742,"comment_status":"open","ping_status":"closed","template":"","meta":{"_acf_changed":false},"product_brand":[],"product_cat":[148,145],"product_tag":[],"class_list":{"0":"post-2740","1":"product","2":"type-product","3":"status-publish","4":"has-post-thumbnail","6":"product_cat-adhesifs","7":"product_cat-ciments-pvc","9":"first","10":"instock","11":"shipping-taxable","12":"product-type-simple"},"acf":[],"yoast_head":"<!-- This site is optimized with the Yoast SEO plugin v27.3 - https:\/\/yoast.com\/product\/yoast-seo-wordpress\/ -->\n<title>CIMENTS UPVC ASMACO P 914 - anchoralliedfactory<\/title>\n<meta name=\"robots\" content=\"index, follow, max-snippet:-1, max-image-preview:large, max-video-preview:-1\" \/>\n<link rel=\"canonical\" href=\"https:\/\/anchorallied.com\/fr\/product\/asmaco-upvc-cements-p-914\/\" \/>\n<meta property=\"og:locale\" content=\"en_US\" \/>\n<meta property=\"og:type\" content=\"article\" \/>\n<meta property=\"og:title\" content=\"CIMENTS UPVC ASMACO P 914 - anchoralliedfactory\" \/>\n<meta property=\"og:description\" content=\"ASMACO UPVC CEMENT 914 est une colle solvant\u00e9e haute performance, sp\u00e9cialement formul\u00e9e pour le collage et l&#039;\u00e9tanch\u00e9it\u00e9 des tuyaux et raccords en PVC rigide. Sa viscosit\u00e9 moyenne et son fort pouvoir p\u00e9n\u00e9trant garantissent un joint durable et \u00e9tanche, capable de r\u00e9sister \u00e0 des pressions extr\u00eames. Facile \u00e0 utiliser et sans danger pour les r\u00e9seaux d&#039;eau potable une fois compl\u00e8tement durci, cette colle est conforme aux normes internationales telles que BS et ASTM.\" \/>\n<meta property=\"og:url\" content=\"https:\/\/anchorallied.com\/fr\/product\/asmaco-upvc-cements-p-914\/\" \/>\n<meta property=\"og:site_name\" content=\"anchoralliedfactory\" \/>\n<meta property=\"article:modified_time\" content=\"2026-04-13T05:45:47+00:00\" \/>\n<meta property=\"og:image\" content=\"http:\/\/anchorallied.com\/fr\/wp-content\/uploads\/2025\/05\/PVC-_0001_UPVC-473-MlL-GREEN.jpg\" \/>\n\t<meta property=\"og:image:width\" content=\"1200\" \/>\n\t<meta property=\"og:image:height\" content=\"1200\" \/>\n\t<meta property=\"og:image:type\" content=\"image\/jpeg\" \/>\n<meta name=\"twitter:card\" content=\"summary_large_image\" \/>\n<meta name=\"twitter:label1\" content=\"Est. reading time\" \/>\n\t<meta name=\"twitter:data1\" content=\"4 minutes\" \/>\n<script type=\"application\/ld+json\" class=\"yoast-schema-graph\">{\"@context\":\"https:\\\/\\\/schema.org\",\"@graph\":[{\"@type\":\"WebPage\",\"@id\":\"https:\\\/\\\/anchorallied.com\\\/fr\\\/product\\\/asmaco-upvc-cements-p-914\\\/\",\"url\":\"https:\\\/\\\/anchorallied.com\\\/fr\\\/product\\\/asmaco-upvc-cements-p-914\\\/\",\"name\":\"CIMENTS UPVC ASMACO P 914 - anchoralliedfactory\",\"isPartOf\":{\"@id\":\"https:\\\/\\\/anchorallied.com\\\/fr\\\/#website\"},\"primaryImageOfPage\":{\"@id\":\"https:\\\/\\\/anchorallied.com\\\/fr\\\/product\\\/asmaco-upvc-cements-p-914\\\/#primaryimage\"},\"image\":{\"@id\":\"https:\\\/\\\/anchorallied.com\\\/fr\\\/product\\\/asmaco-upvc-cements-p-914\\\/#primaryimage\"},\"thumbnailUrl\":\"https:\\\/\\\/anchorallied.com\\\/fr\\\/wp-content\\\/uploads\\\/2025\\\/05\\\/PVC-_0001_UPVC-473-MlL-GREEN.jpg\",\"datePublished\":\"2025-05-27T09:52:38+00:00\",\"dateModified\":\"2026-04-13T05:45:47+00:00\",\"breadcrumb\":{\"@id\":\"https:\\\/\\\/anchorallied.com\\\/fr\\\/product\\\/asmaco-upvc-cements-p-914\\\/#breadcrumb\"},\"inLanguage\":\"en\",\"potentialAction\":[{\"@type\":\"ReadAction\",\"target\":[\"https:\\\/\\\/anchorallied.com\\\/fr\\\/product\\\/asmaco-upvc-cements-p-914\\\/\"]}]},{\"@type\":\"ImageObject\",\"inLanguage\":\"en\",\"@id\":\"https:\\\/\\\/anchorallied.com\\\/fr\\\/product\\\/asmaco-upvc-cements-p-914\\\/#primaryimage\",\"url\":\"https:\\\/\\\/anchorallied.com\\\/fr\\\/wp-content\\\/uploads\\\/2025\\\/05\\\/PVC-_0001_UPVC-473-MlL-GREEN.jpg\",\"contentUrl\":\"https:\\\/\\\/anchorallied.com\\\/fr\\\/wp-content\\\/uploads\\\/2025\\\/05\\\/PVC-_0001_UPVC-473-MlL-GREEN.jpg\",\"width\":1200,\"height\":1200},{\"@type\":\"BreadcrumbList\",\"@id\":\"https:\\\/\\\/anchorallied.com\\\/fr\\\/product\\\/asmaco-upvc-cements-p-914\\\/#breadcrumb\",\"itemListElement\":[{\"@type\":\"ListItem\",\"position\":1,\"name\":\"Home\",\"item\":\"http:\\\/\\\/en.anchorallied.com\\\/fr\\\/\"},{\"@type\":\"ListItem\",\"position\":2,\"name\":\"Shop\",\"item\":\"https:\\\/\\\/en.anchorallied.com\\\/fr\\\/shop\\\/\"},{\"@type\":\"ListItem\",\"position\":3,\"name\":\"CIMENTS UPVC ASMACO P 914\"}]},{\"@type\":\"WebSite\",\"@id\":\"https:\\\/\\\/anchorallied.com\\\/fr\\\/#website\",\"url\":\"https:\\\/\\\/anchorallied.com\\\/fr\\\/\",\"name\":\"anchoralliedfactory\",\"description\":\"\",\"potentialAction\":[{\"@type\":\"SearchAction\",\"target\":{\"@type\":\"EntryPoint\",\"urlTemplate\":\"https:\\\/\\\/anchorallied.com\\\/fr\\\/?s={search_term_string}\"},\"query-input\":{\"@type\":\"PropertyValueSpecification\",\"valueRequired\":true,\"valueName\":\"search_term_string\"}}],\"inLanguage\":\"en\"}]}<\/script>\n<!-- \/ Yoast SEO plugin. -->","yoast_head_json":{"title":"CIMENTS UPVC ASMACO P 914 - anchoralliedfactory","robots":{"index":"index","follow":"follow","max-snippet":"max-snippet:-1","max-image-preview":"max-image-preview:large","max-video-preview":"max-video-preview:-1"},"canonical":"https:\/\/anchorallied.com\/fr\/product\/asmaco-upvc-cements-p-914\/","og_locale":"en_US","og_type":"article","og_title":"CIMENTS UPVC ASMACO P 914 - anchoralliedfactory","og_description":"ASMACO UPVC CEMENT 914 est une colle solvant\u00e9e haute performance, sp\u00e9cialement formul\u00e9e pour le collage et l'\u00e9tanch\u00e9it\u00e9 des tuyaux et raccords en PVC rigide. Sa viscosit\u00e9 moyenne et son fort pouvoir p\u00e9n\u00e9trant garantissent un joint durable et \u00e9tanche, capable de r\u00e9sister \u00e0 des pressions extr\u00eames. Facile \u00e0 utiliser et sans danger pour les r\u00e9seaux d'eau potable une fois compl\u00e8tement durci, cette colle est conforme aux normes internationales telles que BS et ASTM.","og_url":"https:\/\/anchorallied.com\/fr\/product\/asmaco-upvc-cements-p-914\/","og_site_name":"anchoralliedfactory","article_modified_time":"2026-04-13T05:45:47+00:00","og_image":[{"width":1200,"height":1200,"url":"http:\/\/anchorallied.com\/fr\/wp-content\/uploads\/2025\/05\/PVC-_0001_UPVC-473-MlL-GREEN.jpg","type":"image\/jpeg"}],"twitter_card":"summary_large_image","twitter_misc":{"Est. reading time":"4 minutes"},"schema":{"@context":"https:\/\/schema.org","@graph":[{"@type":"WebPage","@id":"https:\/\/anchorallied.com\/fr\/product\/asmaco-upvc-cements-p-914\/","url":"https:\/\/anchorallied.com\/fr\/product\/asmaco-upvc-cements-p-914\/","name":"CIMENTS UPVC ASMACO P 914 - anchoralliedfactory","isPartOf":{"@id":"https:\/\/anchorallied.com\/fr\/#website"},"primaryImageOfPage":{"@id":"https:\/\/anchorallied.com\/fr\/product\/asmaco-upvc-cements-p-914\/#primaryimage"},"image":{"@id":"https:\/\/anchorallied.com\/fr\/product\/asmaco-upvc-cements-p-914\/#primaryimage"},"thumbnailUrl":"https:\/\/anchorallied.com\/fr\/wp-content\/uploads\/2025\/05\/PVC-_0001_UPVC-473-MlL-GREEN.jpg","datePublished":"2025-05-27T09:52:38+00:00","dateModified":"2026-04-13T05:45:47+00:00","breadcrumb":{"@id":"https:\/\/anchorallied.com\/fr\/product\/asmaco-upvc-cements-p-914\/#breadcrumb"},"inLanguage":"en","potentialAction":[{"@type":"ReadAction","target":["https:\/\/anchorallied.com\/fr\/product\/asmaco-upvc-cements-p-914\/"]}]},{"@type":"ImageObject","inLanguage":"en","@id":"https:\/\/anchorallied.com\/fr\/product\/asmaco-upvc-cements-p-914\/#primaryimage","url":"https:\/\/anchorallied.com\/fr\/wp-content\/uploads\/2025\/05\/PVC-_0001_UPVC-473-MlL-GREEN.jpg","contentUrl":"https:\/\/anchorallied.com\/fr\/wp-content\/uploads\/2025\/05\/PVC-_0001_UPVC-473-MlL-GREEN.jpg","width":1200,"height":1200},{"@type":"BreadcrumbList","@id":"https:\/\/anchorallied.com\/fr\/product\/asmaco-upvc-cements-p-914\/#breadcrumb","itemListElement":[{"@type":"ListItem","position":1,"name":"Home","item":"http:\/\/en.anchorallied.com\/fr\/"},{"@type":"ListItem","position":2,"name":"Shop","item":"https:\/\/en.anchorallied.com\/fr\/shop\/"},{"@type":"ListItem","position":3,"name":"CIMENTS UPVC ASMACO P 914"}]},{"@type":"WebSite","@id":"https:\/\/anchorallied.com\/fr\/#website","url":"https:\/\/anchorallied.com\/fr\/","name":"anchoralliedfactory","description":"","potentialAction":[{"@type":"SearchAction","target":{"@type":"EntryPoint","urlTemplate":"https:\/\/anchorallied.com\/fr\/?s={search_term_string}"},"query-input":{"@type":"PropertyValueSpecification","valueRequired":true,"valueName":"search_term_string"}}],"inLanguage":"en"}]}},"_links":{"self":[{"href":"https:\/\/anchorallied.com\/fr\/wp-json\/wp\/v2\/product\/2740","targetHints":{"allow":["GET"]}}],"collection":[{"href":"https:\/\/anchorallied.com\/fr\/wp-json\/wp\/v2\/product"}],"about":[{"href":"https:\/\/anchorallied.com\/fr\/wp-json\/wp\/v2\/types\/product"}],"replies":[{"embeddable":true,"href":"https:\/\/anchorallied.com\/fr\/wp-json\/wp\/v2\/comments?post=2740"}],"wp:featuredmedia":[{"embeddable":true,"href":"https:\/\/anchorallied.com\/fr\/wp-json\/wp\/v2\/media\/2742"}],"wp:attachment":[{"href":"https:\/\/anchorallied.com\/fr\/wp-json\/wp\/v2\/media?parent=2740"}],"wp:term":[{"taxonomy":"product_brand","embeddable":true,"href":"https:\/\/anchorallied.com\/fr\/wp-json\/wp\/v2\/product_brand?post=2740"},{"taxonomy":"product_cat","embeddable":true,"href":"https:\/\/anchorallied.com\/fr\/wp-json\/wp\/v2\/product_cat?post=2740"},{"taxonomy":"product_tag","embeddable":true,"href":"https:\/\/anchorallied.com\/fr\/wp-json\/wp\/v2\/product_tag?post=2740"}],"curies":[{"name":"wp","href":"https:\/\/api.w.org\/{rel}","templated":true}]}}