{"id":2744,"date":"2025-05-27T09:58:25","date_gmt":"2025-05-27T09:58:25","guid":{"rendered":"http:\/\/anchorallied.com\/fr\/?post_type=product&#038;p=2744"},"modified":"2026-04-13T05:42:27","modified_gmt":"2026-04-13T05:42:27","slug":"asmaco-fix-upvc-cements-p-917","status":"publish","type":"product","link":"https:\/\/anchorallied.com\/fr\/product\/asmaco-fix-upvc-cements-p-917\/","title":{"rendered":"Ciments PVC ASMACO FIX P 917"},"content":{"rendered":"<p>ASMACOFIX assure une liaison solide et durable pour les syst\u00e8mes de tuyauterie PVC rigide, id\u00e9al en plomberie r\u00e9sidentielle, commerciale et industrielle. Sa viscosit\u00e9 moyenne garantit une excellente p\u00e9n\u00e9tration et adh\u00e9sion aux joints, assurant une \u00e9tanch\u00e9it\u00e9 parfaite m\u00eame sous forte pression. S\u00fbr pour l\u2019eau potable apr\u00e8s durcissement complet, il convient \u00e0 une large gamme d\u2019installations et supporte des diam\u00e8tres jusqu\u2019\u00e0 12 pouces. Conforme aux normes internationales BS et ASTM, ASMACOFIX garantit qualit\u00e9, s\u00e9curit\u00e9 et performance en conditions exigeantes.<\/p>\n","protected":false},"excerpt":{"rendered":"<p>ASMACOFIX est un adh\u00e9sif solvant haut de gamme, sp\u00e9cialement formul\u00e9 pour le collage et l&#8217;assemblage de tuyaux et raccords en PVC rigide (U-PVC). Gr\u00e2ce \u00e0 sa viscosit\u00e9 moyenne et \u00e0 sa forte p\u00e9n\u00e9tration, il assure des liaisons solides et \u00e9tanches, r\u00e9sistant aux hautes pressions. Sans danger pour les r\u00e9seaux d&#8217;eau potable apr\u00e8s durcissement complet, ASMACOFIX est conforme aux normes internationales telles que BS et ASTM et convient aux tuyaux et raccords jusqu&#8217;\u00e0 30 cm de diam\u00e8tre.<\/p>\n","protected":false},"featured_media":2746,"comment_status":"open","ping_status":"closed","template":"","meta":{"_acf_changed":false},"product_brand":[],"product_cat":[148,145],"product_tag":[],"class_list":{"0":"post-2744","1":"product","2":"type-product","3":"status-publish","4":"has-post-thumbnail","6":"product_cat-adhesifs","7":"product_cat-ciments-pvc","9":"first","10":"instock","11":"shipping-taxable","12":"product-type-simple"},"acf":[],"yoast_head":"<!-- This site is optimized with the Yoast SEO plugin v27.3 - https:\/\/yoast.com\/product\/yoast-seo-wordpress\/ -->\n<title>Ciments PVC ASMACO FIX P 917 - anchoralliedfactory<\/title>\n<meta name=\"robots\" content=\"index, follow, max-snippet:-1, max-image-preview:large, max-video-preview:-1\" \/>\n<link rel=\"canonical\" href=\"https:\/\/anchorallied.com\/fr\/product\/asmaco-fix-upvc-cements-p-917\/\" \/>\n<meta property=\"og:locale\" content=\"en_US\" \/>\n<meta property=\"og:type\" content=\"article\" \/>\n<meta property=\"og:title\" content=\"Ciments PVC ASMACO FIX P 917 - anchoralliedfactory\" \/>\n<meta property=\"og:description\" content=\"ASMACOFIX est un adh\u00e9sif solvant haut de gamme, sp\u00e9cialement formul\u00e9 pour le collage et l&#039;assemblage de tuyaux et raccords en PVC rigide (U-PVC). Gr\u00e2ce \u00e0 sa viscosit\u00e9 moyenne et \u00e0 sa forte p\u00e9n\u00e9tration, il assure des liaisons solides et \u00e9tanches, r\u00e9sistant aux hautes pressions. Sans danger pour les r\u00e9seaux d&#039;eau potable apr\u00e8s durcissement complet, ASMACOFIX est conforme aux normes internationales telles que BS et ASTM et convient aux tuyaux et raccords jusqu&#039;\u00e0 30 cm de diam\u00e8tre.\" \/>\n<meta property=\"og:url\" content=\"https:\/\/anchorallied.com\/fr\/product\/asmaco-fix-upvc-cements-p-917\/\" \/>\n<meta property=\"og:site_name\" content=\"anchoralliedfactory\" \/>\n<meta property=\"article:modified_time\" content=\"2026-04-13T05:42:27+00:00\" \/>\n<meta property=\"og:image\" content=\"http:\/\/anchorallied.com\/fr\/wp-content\/uploads\/2025\/05\/PVC-_0005_Asmaco-Fix.jpg\" \/>\n\t<meta property=\"og:image:width\" content=\"1200\" \/>\n\t<meta property=\"og:image:height\" content=\"1200\" \/>\n\t<meta property=\"og:image:type\" content=\"image\/jpeg\" \/>\n<meta name=\"twitter:card\" content=\"summary_large_image\" \/>\n<meta name=\"twitter:label1\" content=\"Est. reading time\" \/>\n\t<meta name=\"twitter:data1\" content=\"4 minutes\" \/>\n<script type=\"application\/ld+json\" class=\"yoast-schema-graph\">{\"@context\":\"https:\\\/\\\/schema.org\",\"@graph\":[{\"@type\":\"WebPage\",\"@id\":\"https:\\\/\\\/anchorallied.com\\\/fr\\\/product\\\/asmaco-fix-upvc-cements-p-917\\\/\",\"url\":\"https:\\\/\\\/anchorallied.com\\\/fr\\\/product\\\/asmaco-fix-upvc-cements-p-917\\\/\",\"name\":\"Ciments PVC ASMACO FIX P 917 - anchoralliedfactory\",\"isPartOf\":{\"@id\":\"https:\\\/\\\/anchorallied.com\\\/fr\\\/#website\"},\"primaryImageOfPage\":{\"@id\":\"https:\\\/\\\/anchorallied.com\\\/fr\\\/product\\\/asmaco-fix-upvc-cements-p-917\\\/#primaryimage\"},\"image\":{\"@id\":\"https:\\\/\\\/anchorallied.com\\\/fr\\\/product\\\/asmaco-fix-upvc-cements-p-917\\\/#primaryimage\"},\"thumbnailUrl\":\"https:\\\/\\\/anchorallied.com\\\/fr\\\/wp-content\\\/uploads\\\/2025\\\/05\\\/PVC-_0005_Asmaco-Fix.jpg\",\"datePublished\":\"2025-05-27T09:58:25+00:00\",\"dateModified\":\"2026-04-13T05:42:27+00:00\",\"breadcrumb\":{\"@id\":\"https:\\\/\\\/anchorallied.com\\\/fr\\\/product\\\/asmaco-fix-upvc-cements-p-917\\\/#breadcrumb\"},\"inLanguage\":\"en\",\"potentialAction\":[{\"@type\":\"ReadAction\",\"target\":[\"https:\\\/\\\/anchorallied.com\\\/fr\\\/product\\\/asmaco-fix-upvc-cements-p-917\\\/\"]}]},{\"@type\":\"ImageObject\",\"inLanguage\":\"en\",\"@id\":\"https:\\\/\\\/anchorallied.com\\\/fr\\\/product\\\/asmaco-fix-upvc-cements-p-917\\\/#primaryimage\",\"url\":\"https:\\\/\\\/anchorallied.com\\\/fr\\\/wp-content\\\/uploads\\\/2025\\\/05\\\/PVC-_0005_Asmaco-Fix.jpg\",\"contentUrl\":\"https:\\\/\\\/anchorallied.com\\\/fr\\\/wp-content\\\/uploads\\\/2025\\\/05\\\/PVC-_0005_Asmaco-Fix.jpg\",\"width\":1200,\"height\":1200},{\"@type\":\"BreadcrumbList\",\"@id\":\"https:\\\/\\\/anchorallied.com\\\/fr\\\/product\\\/asmaco-fix-upvc-cements-p-917\\\/#breadcrumb\",\"itemListElement\":[{\"@type\":\"ListItem\",\"position\":1,\"name\":\"Home\",\"item\":\"http:\\\/\\\/en.anchorallied.com\\\/fr\\\/\"},{\"@type\":\"ListItem\",\"position\":2,\"name\":\"Shop\",\"item\":\"https:\\\/\\\/en.anchorallied.com\\\/fr\\\/shop\\\/\"},{\"@type\":\"ListItem\",\"position\":3,\"name\":\"Ciments PVC ASMACO FIX P 917\"}]},{\"@type\":\"WebSite\",\"@id\":\"https:\\\/\\\/anchorallied.com\\\/fr\\\/#website\",\"url\":\"https:\\\/\\\/anchorallied.com\\\/fr\\\/\",\"name\":\"anchoralliedfactory\",\"description\":\"\",\"potentialAction\":[{\"@type\":\"SearchAction\",\"target\":{\"@type\":\"EntryPoint\",\"urlTemplate\":\"https:\\\/\\\/anchorallied.com\\\/fr\\\/?s={search_term_string}\"},\"query-input\":{\"@type\":\"PropertyValueSpecification\",\"valueRequired\":true,\"valueName\":\"search_term_string\"}}],\"inLanguage\":\"en\"}]}<\/script>\n<!-- \/ Yoast SEO plugin. -->","yoast_head_json":{"title":"Ciments PVC ASMACO FIX P 917 - anchoralliedfactory","robots":{"index":"index","follow":"follow","max-snippet":"max-snippet:-1","max-image-preview":"max-image-preview:large","max-video-preview":"max-video-preview:-1"},"canonical":"https:\/\/anchorallied.com\/fr\/product\/asmaco-fix-upvc-cements-p-917\/","og_locale":"en_US","og_type":"article","og_title":"Ciments PVC ASMACO FIX P 917 - anchoralliedfactory","og_description":"ASMACOFIX est un adh\u00e9sif solvant haut de gamme, sp\u00e9cialement formul\u00e9 pour le collage et l'assemblage de tuyaux et raccords en PVC rigide (U-PVC). Gr\u00e2ce \u00e0 sa viscosit\u00e9 moyenne et \u00e0 sa forte p\u00e9n\u00e9tration, il assure des liaisons solides et \u00e9tanches, r\u00e9sistant aux hautes pressions. Sans danger pour les r\u00e9seaux d'eau potable apr\u00e8s durcissement complet, ASMACOFIX est conforme aux normes internationales telles que BS et ASTM et convient aux tuyaux et raccords jusqu'\u00e0 30 cm de diam\u00e8tre.","og_url":"https:\/\/anchorallied.com\/fr\/product\/asmaco-fix-upvc-cements-p-917\/","og_site_name":"anchoralliedfactory","article_modified_time":"2026-04-13T05:42:27+00:00","og_image":[{"width":1200,"height":1200,"url":"http:\/\/anchorallied.com\/fr\/wp-content\/uploads\/2025\/05\/PVC-_0005_Asmaco-Fix.jpg","type":"image\/jpeg"}],"twitter_card":"summary_large_image","twitter_misc":{"Est. reading time":"4 minutes"},"schema":{"@context":"https:\/\/schema.org","@graph":[{"@type":"WebPage","@id":"https:\/\/anchorallied.com\/fr\/product\/asmaco-fix-upvc-cements-p-917\/","url":"https:\/\/anchorallied.com\/fr\/product\/asmaco-fix-upvc-cements-p-917\/","name":"Ciments PVC ASMACO FIX P 917 - anchoralliedfactory","isPartOf":{"@id":"https:\/\/anchorallied.com\/fr\/#website"},"primaryImageOfPage":{"@id":"https:\/\/anchorallied.com\/fr\/product\/asmaco-fix-upvc-cements-p-917\/#primaryimage"},"image":{"@id":"https:\/\/anchorallied.com\/fr\/product\/asmaco-fix-upvc-cements-p-917\/#primaryimage"},"thumbnailUrl":"https:\/\/anchorallied.com\/fr\/wp-content\/uploads\/2025\/05\/PVC-_0005_Asmaco-Fix.jpg","datePublished":"2025-05-27T09:58:25+00:00","dateModified":"2026-04-13T05:42:27+00:00","breadcrumb":{"@id":"https:\/\/anchorallied.com\/fr\/product\/asmaco-fix-upvc-cements-p-917\/#breadcrumb"},"inLanguage":"en","potentialAction":[{"@type":"ReadAction","target":["https:\/\/anchorallied.com\/fr\/product\/asmaco-fix-upvc-cements-p-917\/"]}]},{"@type":"ImageObject","inLanguage":"en","@id":"https:\/\/anchorallied.com\/fr\/product\/asmaco-fix-upvc-cements-p-917\/#primaryimage","url":"https:\/\/anchorallied.com\/fr\/wp-content\/uploads\/2025\/05\/PVC-_0005_Asmaco-Fix.jpg","contentUrl":"https:\/\/anchorallied.com\/fr\/wp-content\/uploads\/2025\/05\/PVC-_0005_Asmaco-Fix.jpg","width":1200,"height":1200},{"@type":"BreadcrumbList","@id":"https:\/\/anchorallied.com\/fr\/product\/asmaco-fix-upvc-cements-p-917\/#breadcrumb","itemListElement":[{"@type":"ListItem","position":1,"name":"Home","item":"http:\/\/en.anchorallied.com\/fr\/"},{"@type":"ListItem","position":2,"name":"Shop","item":"https:\/\/en.anchorallied.com\/fr\/shop\/"},{"@type":"ListItem","position":3,"name":"Ciments PVC ASMACO FIX P 917"}]},{"@type":"WebSite","@id":"https:\/\/anchorallied.com\/fr\/#website","url":"https:\/\/anchorallied.com\/fr\/","name":"anchoralliedfactory","description":"","potentialAction":[{"@type":"SearchAction","target":{"@type":"EntryPoint","urlTemplate":"https:\/\/anchorallied.com\/fr\/?s={search_term_string}"},"query-input":{"@type":"PropertyValueSpecification","valueRequired":true,"valueName":"search_term_string"}}],"inLanguage":"en"}]}},"_links":{"self":[{"href":"https:\/\/anchorallied.com\/fr\/wp-json\/wp\/v2\/product\/2744","targetHints":{"allow":["GET"]}}],"collection":[{"href":"https:\/\/anchorallied.com\/fr\/wp-json\/wp\/v2\/product"}],"about":[{"href":"https:\/\/anchorallied.com\/fr\/wp-json\/wp\/v2\/types\/product"}],"replies":[{"embeddable":true,"href":"https:\/\/anchorallied.com\/fr\/wp-json\/wp\/v2\/comments?post=2744"}],"wp:featuredmedia":[{"embeddable":true,"href":"https:\/\/anchorallied.com\/fr\/wp-json\/wp\/v2\/media\/2746"}],"wp:attachment":[{"href":"https:\/\/anchorallied.com\/fr\/wp-json\/wp\/v2\/media?parent=2744"}],"wp:term":[{"taxonomy":"product_brand","embeddable":true,"href":"https:\/\/anchorallied.com\/fr\/wp-json\/wp\/v2\/product_brand?post=2744"},{"taxonomy":"product_cat","embeddable":true,"href":"https:\/\/anchorallied.com\/fr\/wp-json\/wp\/v2\/product_cat?post=2744"},{"taxonomy":"product_tag","embeddable":true,"href":"https:\/\/anchorallied.com\/fr\/wp-json\/wp\/v2\/product_tag?post=2744"}],"curies":[{"name":"wp","href":"https:\/\/api.w.org\/{rel}","templated":true}]}}