{"id":2756,"date":"2025-05-27T10:25:46","date_gmt":"2025-05-27T10:25:46","guid":{"rendered":"http:\/\/anchorallied.com\/fr\/?post_type=product&#038;p=2756"},"modified":"2026-04-13T05:39:56","modified_gmt":"2026-04-13T05:39:56","slug":"asmaco-all-purpose-pipe-lubricant","status":"publish","type":"product","link":"https:\/\/anchorallied.com\/fr\/product\/asmaco-all-purpose-pipe-lubricant\/","title":{"rendered":"Lubrifiant universel pour tuyaux ASMACO"},"content":{"rendered":"<p>ASMACO Lubrifiant Universel pour Tuyauterie offre une lubrification sup\u00e9rieure facilitant l\u2019assemblage fluide des joints \u00e0 garniture sans alt\u00e9rer les mat\u00e9riaux d\u2019\u00e9tanch\u00e9it\u00e9. Sa formule hydrosoluble et non toxique garantit un nettoyage ais\u00e9 tout en \u00e9tant compatible avec les r\u00e9seaux d\u2019eau potable. Ce lubrifiant inhibe le d\u00e9veloppement bact\u00e9rien, assurant ainsi une hygi\u00e8ne optimale, sans alt\u00e9ration du go\u00fbt ni de l\u2019odeur des fluides. Adapt\u00e9 aux surfaces s\u00e8ches comme humides, il est efficace sur tuyaux en plastique et en m\u00e9tal. Pour une performance optimale, appliquer uniform\u00e9ment en couvrant enti\u00e8rement la surface, en \u00e9vitant tout exc\u00e8s.<\/p>\n","protected":false},"excerpt":{"rendered":"<p>Le lubrifiant pour tuyaux tout usage SMACO est un lubrifiant industriel hydrosoluble de haute qualit\u00e9, sp\u00e9cialement formul\u00e9 pour l&#8217;assemblage de tuyaux \u00e0 joints. Id\u00e9al pour les tuyaux en plastique et en m\u00e9tal \u00e0 joints rapides, il assure une installation fluide et s\u00fbre avec des joints en caoutchouc naturel ou synth\u00e9tique et en plastique. Adapt\u00e9 aux r\u00e9seaux d&#8217;eau potable, d&#8217;\u00e9vacuation, d&#8217;\u00e9vacuation des eaux us\u00e9es, de ventilation et d&#8217;assainissement, ce lubrifiant non toxique est s\u00fbr, efficace et facile \u00e0 appliquer sur surfaces humides ou s\u00e8ches.<\/p>\n","protected":false},"featured_media":2758,"comment_status":"open","ping_status":"closed","template":"","meta":{"_acf_changed":false},"product_brand":[],"product_cat":[148,145],"product_tag":[],"class_list":{"0":"post-2756","1":"product","2":"type-product","3":"status-publish","4":"has-post-thumbnail","6":"product_cat-adhesifs","7":"product_cat-ciments-pvc","9":"first","10":"instock","11":"shipping-taxable","12":"product-type-simple"},"acf":[],"yoast_head":"<!-- This site is optimized with the Yoast SEO plugin v27.3 - https:\/\/yoast.com\/product\/yoast-seo-wordpress\/ -->\n<title>Lubrifiant universel pour tuyaux ASMACO - anchoralliedfactory<\/title>\n<meta name=\"robots\" content=\"index, follow, max-snippet:-1, max-image-preview:large, max-video-preview:-1\" \/>\n<link rel=\"canonical\" href=\"https:\/\/anchorallied.com\/fr\/product\/asmaco-all-purpose-pipe-lubricant\/\" \/>\n<meta property=\"og:locale\" content=\"en_US\" \/>\n<meta property=\"og:type\" content=\"article\" \/>\n<meta property=\"og:title\" content=\"Lubrifiant universel pour tuyaux ASMACO - anchoralliedfactory\" \/>\n<meta property=\"og:description\" content=\"Le lubrifiant pour tuyaux tout usage SMACO est un lubrifiant industriel hydrosoluble de haute qualit\u00e9, sp\u00e9cialement formul\u00e9 pour l&#039;assemblage de tuyaux \u00e0 joints. Id\u00e9al pour les tuyaux en plastique et en m\u00e9tal \u00e0 joints rapides, il assure une installation fluide et s\u00fbre avec des joints en caoutchouc naturel ou synth\u00e9tique et en plastique. Adapt\u00e9 aux r\u00e9seaux d&#039;eau potable, d&#039;\u00e9vacuation, d&#039;\u00e9vacuation des eaux us\u00e9es, de ventilation et d&#039;assainissement, ce lubrifiant non toxique est s\u00fbr, efficace et facile \u00e0 appliquer sur surfaces humides ou s\u00e8ches.\" \/>\n<meta property=\"og:url\" content=\"https:\/\/anchorallied.com\/fr\/product\/asmaco-all-purpose-pipe-lubricant\/\" \/>\n<meta property=\"og:site_name\" content=\"anchoralliedfactory\" \/>\n<meta property=\"article:modified_time\" content=\"2026-04-13T05:39:56+00:00\" \/>\n<meta property=\"og:image\" content=\"http:\/\/anchorallied.com\/fr\/wp-content\/uploads\/2025\/05\/cleaners_0007_ALL-PUPOSE-LUBRICANT.jpg\" \/>\n\t<meta property=\"og:image:width\" content=\"1200\" \/>\n\t<meta property=\"og:image:height\" content=\"1200\" \/>\n\t<meta property=\"og:image:type\" content=\"image\/jpeg\" \/>\n<meta name=\"twitter:card\" content=\"summary_large_image\" \/>\n<meta name=\"twitter:label1\" content=\"Est. reading time\" \/>\n\t<meta name=\"twitter:data1\" content=\"1 minute\" \/>\n<script type=\"application\/ld+json\" class=\"yoast-schema-graph\">{\"@context\":\"https:\\\/\\\/schema.org\",\"@graph\":[{\"@type\":\"WebPage\",\"@id\":\"https:\\\/\\\/anchorallied.com\\\/fr\\\/product\\\/asmaco-all-purpose-pipe-lubricant\\\/\",\"url\":\"https:\\\/\\\/anchorallied.com\\\/fr\\\/product\\\/asmaco-all-purpose-pipe-lubricant\\\/\",\"name\":\"Lubrifiant universel pour tuyaux ASMACO - anchoralliedfactory\",\"isPartOf\":{\"@id\":\"https:\\\/\\\/anchorallied.com\\\/fr\\\/#website\"},\"primaryImageOfPage\":{\"@id\":\"https:\\\/\\\/anchorallied.com\\\/fr\\\/product\\\/asmaco-all-purpose-pipe-lubricant\\\/#primaryimage\"},\"image\":{\"@id\":\"https:\\\/\\\/anchorallied.com\\\/fr\\\/product\\\/asmaco-all-purpose-pipe-lubricant\\\/#primaryimage\"},\"thumbnailUrl\":\"https:\\\/\\\/anchorallied.com\\\/fr\\\/wp-content\\\/uploads\\\/2025\\\/05\\\/cleaners_0007_ALL-PUPOSE-LUBRICANT.jpg\",\"datePublished\":\"2025-05-27T10:25:46+00:00\",\"dateModified\":\"2026-04-13T05:39:56+00:00\",\"breadcrumb\":{\"@id\":\"https:\\\/\\\/anchorallied.com\\\/fr\\\/product\\\/asmaco-all-purpose-pipe-lubricant\\\/#breadcrumb\"},\"inLanguage\":\"en\",\"potentialAction\":[{\"@type\":\"ReadAction\",\"target\":[\"https:\\\/\\\/anchorallied.com\\\/fr\\\/product\\\/asmaco-all-purpose-pipe-lubricant\\\/\"]}]},{\"@type\":\"ImageObject\",\"inLanguage\":\"en\",\"@id\":\"https:\\\/\\\/anchorallied.com\\\/fr\\\/product\\\/asmaco-all-purpose-pipe-lubricant\\\/#primaryimage\",\"url\":\"https:\\\/\\\/anchorallied.com\\\/fr\\\/wp-content\\\/uploads\\\/2025\\\/05\\\/cleaners_0007_ALL-PUPOSE-LUBRICANT.jpg\",\"contentUrl\":\"https:\\\/\\\/anchorallied.com\\\/fr\\\/wp-content\\\/uploads\\\/2025\\\/05\\\/cleaners_0007_ALL-PUPOSE-LUBRICANT.jpg\",\"width\":1200,\"height\":1200},{\"@type\":\"BreadcrumbList\",\"@id\":\"https:\\\/\\\/anchorallied.com\\\/fr\\\/product\\\/asmaco-all-purpose-pipe-lubricant\\\/#breadcrumb\",\"itemListElement\":[{\"@type\":\"ListItem\",\"position\":1,\"name\":\"Home\",\"item\":\"http:\\\/\\\/en.anchorallied.com\\\/fr\\\/\"},{\"@type\":\"ListItem\",\"position\":2,\"name\":\"Shop\",\"item\":\"https:\\\/\\\/en.anchorallied.com\\\/fr\\\/shop\\\/\"},{\"@type\":\"ListItem\",\"position\":3,\"name\":\"Lubrifiant universel pour tuyaux ASMACO\"}]},{\"@type\":\"WebSite\",\"@id\":\"https:\\\/\\\/anchorallied.com\\\/fr\\\/#website\",\"url\":\"https:\\\/\\\/anchorallied.com\\\/fr\\\/\",\"name\":\"anchoralliedfactory\",\"description\":\"\",\"potentialAction\":[{\"@type\":\"SearchAction\",\"target\":{\"@type\":\"EntryPoint\",\"urlTemplate\":\"https:\\\/\\\/anchorallied.com\\\/fr\\\/?s={search_term_string}\"},\"query-input\":{\"@type\":\"PropertyValueSpecification\",\"valueRequired\":true,\"valueName\":\"search_term_string\"}}],\"inLanguage\":\"en\"}]}<\/script>\n<!-- \/ Yoast SEO plugin. -->","yoast_head_json":{"title":"Lubrifiant universel pour tuyaux ASMACO - anchoralliedfactory","robots":{"index":"index","follow":"follow","max-snippet":"max-snippet:-1","max-image-preview":"max-image-preview:large","max-video-preview":"max-video-preview:-1"},"canonical":"https:\/\/anchorallied.com\/fr\/product\/asmaco-all-purpose-pipe-lubricant\/","og_locale":"en_US","og_type":"article","og_title":"Lubrifiant universel pour tuyaux ASMACO - anchoralliedfactory","og_description":"Le lubrifiant pour tuyaux tout usage SMACO est un lubrifiant industriel hydrosoluble de haute qualit\u00e9, sp\u00e9cialement formul\u00e9 pour l'assemblage de tuyaux \u00e0 joints. Id\u00e9al pour les tuyaux en plastique et en m\u00e9tal \u00e0 joints rapides, il assure une installation fluide et s\u00fbre avec des joints en caoutchouc naturel ou synth\u00e9tique et en plastique. Adapt\u00e9 aux r\u00e9seaux d'eau potable, d'\u00e9vacuation, d'\u00e9vacuation des eaux us\u00e9es, de ventilation et d'assainissement, ce lubrifiant non toxique est s\u00fbr, efficace et facile \u00e0 appliquer sur surfaces humides ou s\u00e8ches.","og_url":"https:\/\/anchorallied.com\/fr\/product\/asmaco-all-purpose-pipe-lubricant\/","og_site_name":"anchoralliedfactory","article_modified_time":"2026-04-13T05:39:56+00:00","og_image":[{"width":1200,"height":1200,"url":"http:\/\/anchorallied.com\/fr\/wp-content\/uploads\/2025\/05\/cleaners_0007_ALL-PUPOSE-LUBRICANT.jpg","type":"image\/jpeg"}],"twitter_card":"summary_large_image","twitter_misc":{"Est. reading time":"1 minute"},"schema":{"@context":"https:\/\/schema.org","@graph":[{"@type":"WebPage","@id":"https:\/\/anchorallied.com\/fr\/product\/asmaco-all-purpose-pipe-lubricant\/","url":"https:\/\/anchorallied.com\/fr\/product\/asmaco-all-purpose-pipe-lubricant\/","name":"Lubrifiant universel pour tuyaux ASMACO - anchoralliedfactory","isPartOf":{"@id":"https:\/\/anchorallied.com\/fr\/#website"},"primaryImageOfPage":{"@id":"https:\/\/anchorallied.com\/fr\/product\/asmaco-all-purpose-pipe-lubricant\/#primaryimage"},"image":{"@id":"https:\/\/anchorallied.com\/fr\/product\/asmaco-all-purpose-pipe-lubricant\/#primaryimage"},"thumbnailUrl":"https:\/\/anchorallied.com\/fr\/wp-content\/uploads\/2025\/05\/cleaners_0007_ALL-PUPOSE-LUBRICANT.jpg","datePublished":"2025-05-27T10:25:46+00:00","dateModified":"2026-04-13T05:39:56+00:00","breadcrumb":{"@id":"https:\/\/anchorallied.com\/fr\/product\/asmaco-all-purpose-pipe-lubricant\/#breadcrumb"},"inLanguage":"en","potentialAction":[{"@type":"ReadAction","target":["https:\/\/anchorallied.com\/fr\/product\/asmaco-all-purpose-pipe-lubricant\/"]}]},{"@type":"ImageObject","inLanguage":"en","@id":"https:\/\/anchorallied.com\/fr\/product\/asmaco-all-purpose-pipe-lubricant\/#primaryimage","url":"https:\/\/anchorallied.com\/fr\/wp-content\/uploads\/2025\/05\/cleaners_0007_ALL-PUPOSE-LUBRICANT.jpg","contentUrl":"https:\/\/anchorallied.com\/fr\/wp-content\/uploads\/2025\/05\/cleaners_0007_ALL-PUPOSE-LUBRICANT.jpg","width":1200,"height":1200},{"@type":"BreadcrumbList","@id":"https:\/\/anchorallied.com\/fr\/product\/asmaco-all-purpose-pipe-lubricant\/#breadcrumb","itemListElement":[{"@type":"ListItem","position":1,"name":"Home","item":"http:\/\/en.anchorallied.com\/fr\/"},{"@type":"ListItem","position":2,"name":"Shop","item":"https:\/\/en.anchorallied.com\/fr\/shop\/"},{"@type":"ListItem","position":3,"name":"Lubrifiant universel pour tuyaux ASMACO"}]},{"@type":"WebSite","@id":"https:\/\/anchorallied.com\/fr\/#website","url":"https:\/\/anchorallied.com\/fr\/","name":"anchoralliedfactory","description":"","potentialAction":[{"@type":"SearchAction","target":{"@type":"EntryPoint","urlTemplate":"https:\/\/anchorallied.com\/fr\/?s={search_term_string}"},"query-input":{"@type":"PropertyValueSpecification","valueRequired":true,"valueName":"search_term_string"}}],"inLanguage":"en"}]}},"_links":{"self":[{"href":"https:\/\/anchorallied.com\/fr\/wp-json\/wp\/v2\/product\/2756","targetHints":{"allow":["GET"]}}],"collection":[{"href":"https:\/\/anchorallied.com\/fr\/wp-json\/wp\/v2\/product"}],"about":[{"href":"https:\/\/anchorallied.com\/fr\/wp-json\/wp\/v2\/types\/product"}],"replies":[{"embeddable":true,"href":"https:\/\/anchorallied.com\/fr\/wp-json\/wp\/v2\/comments?post=2756"}],"wp:featuredmedia":[{"embeddable":true,"href":"https:\/\/anchorallied.com\/fr\/wp-json\/wp\/v2\/media\/2758"}],"wp:attachment":[{"href":"https:\/\/anchorallied.com\/fr\/wp-json\/wp\/v2\/media?parent=2756"}],"wp:term":[{"taxonomy":"product_brand","embeddable":true,"href":"https:\/\/anchorallied.com\/fr\/wp-json\/wp\/v2\/product_brand?post=2756"},{"taxonomy":"product_cat","embeddable":true,"href":"https:\/\/anchorallied.com\/fr\/wp-json\/wp\/v2\/product_cat?post=2756"},{"taxonomy":"product_tag","embeddable":true,"href":"https:\/\/anchorallied.com\/fr\/wp-json\/wp\/v2\/product_tag?post=2756"}],"curies":[{"name":"wp","href":"https:\/\/api.w.org\/{rel}","templated":true}]}}