{"id":2759,"date":"2025-05-27T10:31:50","date_gmt":"2025-05-27T10:31:50","guid":{"rendered":"http:\/\/anchorallied.com\/fr\/?post_type=product&#038;p=2759"},"modified":"2026-04-13T05:57:19","modified_gmt":"2026-04-13T05:57:19","slug":"asmaco-thread-joint-fill","status":"publish","type":"product","link":"https:\/\/anchorallied.com\/fr\/product\/asmaco-thread-joint-fill\/","title":{"rendered":"REMPLISSAGE DE JOINTS FILET\u00c9S ASMACO"},"content":{"rendered":"<p>ASMACO Mastic d\u2019\u00c9tanch\u00e9it\u00e9 pour Filetage offre une performance d\u2019\u00e9tanch\u00e9it\u00e9 exceptionnelle, supportant des pressions jusqu\u2019\u00e0 5000 psi et conservant son efficacit\u00e9 sur une large plage de temp\u00e9ratures allant de \u201365\u00baF \u00e0 +300\u00baF (\u201354\u00baC \u00e0 +204\u00baC). Sa formule anti-goutte assure une application propre et sans d\u00e9bordement, tout en restant souple dans le temps, r\u00e9sistant \u00e0 la fissuration et au durcissement. Ce mastic lubrifie \u00e9galement les filetages, r\u00e9duisant les frottements lors de l\u2019assemblage et pr\u00e9venant l\u2019usure, le grippage et la corrosion. Contrairement aux rubans d\u2019\u00e9tanch\u00e9it\u00e9 traditionnels, il ne se d\u00e9chire pas et ne s\u2019effiloche pas, ce qui facilite son utilisation et garantit une durabilit\u00e9 accrue dans des conditions de contraintes \u00e9lev\u00e9es.<\/p>\n","protected":false},"excerpt":{"rendered":"<p>Le mastic de remplissage pour joints filet\u00e9s ASMACO est une p\u00e2te haute performance \u00e0 action rapide, formul\u00e9e \u00e0 partir d&#8217;huiles paraffiniques, d&#8217;additifs et de charges de premi\u00e8re qualit\u00e9, pour une \u00e9tanch\u00e9it\u00e9 fiable des tuyaux, raccords et connexions filet\u00e9es. Il garantit l&#8217;\u00e9tanch\u00e9it\u00e9 des joints des syst\u00e8mes d&#8217;air, d&#8217;huile, de gaz et hydrauliques, offrant une lubrification sup\u00e9rieure pour un montage et un d\u00e9montage faciles, tout en pr\u00e9venant la corrosion et le grippage.<\/p>\n","protected":false},"featured_media":2760,"comment_status":"open","ping_status":"closed","template":"","meta":{"_acf_changed":false},"product_brand":[],"product_cat":[168,148],"product_tag":[],"class_list":{"0":"post-2759","1":"product","2":"type-product","3":"status-publish","4":"has-post-thumbnail","6":"product_cat-adhesif-filete","7":"product_cat-adhesifs","9":"first","10":"instock","11":"shipping-taxable","12":"product-type-simple"},"acf":[],"yoast_head":"<!-- This site is optimized with the Yoast SEO plugin v27.3 - https:\/\/yoast.com\/product\/yoast-seo-wordpress\/ -->\n<title>REMPLISSAGE DE JOINTS FILET\u00c9S ASMACO - anchoralliedfactory<\/title>\n<meta name=\"robots\" content=\"index, follow, max-snippet:-1, max-image-preview:large, max-video-preview:-1\" \/>\n<link rel=\"canonical\" href=\"https:\/\/anchorallied.com\/fr\/product\/asmaco-thread-joint-fill\/\" \/>\n<meta property=\"og:locale\" content=\"en_US\" \/>\n<meta property=\"og:type\" content=\"article\" \/>\n<meta property=\"og:title\" content=\"REMPLISSAGE DE JOINTS FILET\u00c9S ASMACO - anchoralliedfactory\" \/>\n<meta property=\"og:description\" content=\"Le mastic de remplissage pour joints filet\u00e9s ASMACO est une p\u00e2te haute performance \u00e0 action rapide, formul\u00e9e \u00e0 partir d&#039;huiles paraffiniques, d&#039;additifs et de charges de premi\u00e8re qualit\u00e9, pour une \u00e9tanch\u00e9it\u00e9 fiable des tuyaux, raccords et connexions filet\u00e9es. Il garantit l&#039;\u00e9tanch\u00e9it\u00e9 des joints des syst\u00e8mes d&#039;air, d&#039;huile, de gaz et hydrauliques, offrant une lubrification sup\u00e9rieure pour un montage et un d\u00e9montage faciles, tout en pr\u00e9venant la corrosion et le grippage.\" \/>\n<meta property=\"og:url\" content=\"https:\/\/anchorallied.com\/fr\/product\/asmaco-thread-joint-fill\/\" \/>\n<meta property=\"og:site_name\" content=\"anchoralliedfactory\" \/>\n<meta property=\"article:modified_time\" content=\"2026-04-13T05:57:19+00:00\" \/>\n<meta property=\"og:image\" content=\"http:\/\/anchorallied.com\/fr\/wp-content\/uploads\/2025\/05\/Anc__0022_Thread-joint-Fill.jpg\" \/>\n\t<meta property=\"og:image:width\" content=\"1200\" \/>\n\t<meta property=\"og:image:height\" content=\"1200\" \/>\n\t<meta property=\"og:image:type\" content=\"image\/jpeg\" \/>\n<meta name=\"twitter:card\" content=\"summary_large_image\" \/>\n<meta name=\"twitter:label1\" content=\"Est. reading time\" \/>\n\t<meta name=\"twitter:data1\" content=\"1 minute\" \/>\n<script type=\"application\/ld+json\" class=\"yoast-schema-graph\">{\"@context\":\"https:\\\/\\\/schema.org\",\"@graph\":[{\"@type\":\"WebPage\",\"@id\":\"https:\\\/\\\/anchorallied.com\\\/fr\\\/product\\\/asmaco-thread-joint-fill\\\/\",\"url\":\"https:\\\/\\\/anchorallied.com\\\/fr\\\/product\\\/asmaco-thread-joint-fill\\\/\",\"name\":\"REMPLISSAGE DE JOINTS FILET\u00c9S ASMACO - anchoralliedfactory\",\"isPartOf\":{\"@id\":\"https:\\\/\\\/anchorallied.com\\\/fr\\\/#website\"},\"primaryImageOfPage\":{\"@id\":\"https:\\\/\\\/anchorallied.com\\\/fr\\\/product\\\/asmaco-thread-joint-fill\\\/#primaryimage\"},\"image\":{\"@id\":\"https:\\\/\\\/anchorallied.com\\\/fr\\\/product\\\/asmaco-thread-joint-fill\\\/#primaryimage\"},\"thumbnailUrl\":\"https:\\\/\\\/anchorallied.com\\\/fr\\\/wp-content\\\/uploads\\\/2025\\\/05\\\/Anc__0022_Thread-joint-Fill.jpg\",\"datePublished\":\"2025-05-27T10:31:50+00:00\",\"dateModified\":\"2026-04-13T05:57:19+00:00\",\"breadcrumb\":{\"@id\":\"https:\\\/\\\/anchorallied.com\\\/fr\\\/product\\\/asmaco-thread-joint-fill\\\/#breadcrumb\"},\"inLanguage\":\"en\",\"potentialAction\":[{\"@type\":\"ReadAction\",\"target\":[\"https:\\\/\\\/anchorallied.com\\\/fr\\\/product\\\/asmaco-thread-joint-fill\\\/\"]}]},{\"@type\":\"ImageObject\",\"inLanguage\":\"en\",\"@id\":\"https:\\\/\\\/anchorallied.com\\\/fr\\\/product\\\/asmaco-thread-joint-fill\\\/#primaryimage\",\"url\":\"https:\\\/\\\/anchorallied.com\\\/fr\\\/wp-content\\\/uploads\\\/2025\\\/05\\\/Anc__0022_Thread-joint-Fill.jpg\",\"contentUrl\":\"https:\\\/\\\/anchorallied.com\\\/fr\\\/wp-content\\\/uploads\\\/2025\\\/05\\\/Anc__0022_Thread-joint-Fill.jpg\",\"width\":1200,\"height\":1200},{\"@type\":\"BreadcrumbList\",\"@id\":\"https:\\\/\\\/anchorallied.com\\\/fr\\\/product\\\/asmaco-thread-joint-fill\\\/#breadcrumb\",\"itemListElement\":[{\"@type\":\"ListItem\",\"position\":1,\"name\":\"Home\",\"item\":\"http:\\\/\\\/en.anchorallied.com\\\/fr\\\/\"},{\"@type\":\"ListItem\",\"position\":2,\"name\":\"Shop\",\"item\":\"https:\\\/\\\/en.anchorallied.com\\\/fr\\\/shop\\\/\"},{\"@type\":\"ListItem\",\"position\":3,\"name\":\"REMPLISSAGE DE JOINTS FILET\u00c9S ASMACO\"}]},{\"@type\":\"WebSite\",\"@id\":\"https:\\\/\\\/anchorallied.com\\\/fr\\\/#website\",\"url\":\"https:\\\/\\\/anchorallied.com\\\/fr\\\/\",\"name\":\"anchoralliedfactory\",\"description\":\"\",\"potentialAction\":[{\"@type\":\"SearchAction\",\"target\":{\"@type\":\"EntryPoint\",\"urlTemplate\":\"https:\\\/\\\/anchorallied.com\\\/fr\\\/?s={search_term_string}\"},\"query-input\":{\"@type\":\"PropertyValueSpecification\",\"valueRequired\":true,\"valueName\":\"search_term_string\"}}],\"inLanguage\":\"en\"}]}<\/script>\n<!-- \/ Yoast SEO plugin. -->","yoast_head_json":{"title":"REMPLISSAGE DE JOINTS FILET\u00c9S ASMACO - anchoralliedfactory","robots":{"index":"index","follow":"follow","max-snippet":"max-snippet:-1","max-image-preview":"max-image-preview:large","max-video-preview":"max-video-preview:-1"},"canonical":"https:\/\/anchorallied.com\/fr\/product\/asmaco-thread-joint-fill\/","og_locale":"en_US","og_type":"article","og_title":"REMPLISSAGE DE JOINTS FILET\u00c9S ASMACO - anchoralliedfactory","og_description":"Le mastic de remplissage pour joints filet\u00e9s ASMACO est une p\u00e2te haute performance \u00e0 action rapide, formul\u00e9e \u00e0 partir d'huiles paraffiniques, d'additifs et de charges de premi\u00e8re qualit\u00e9, pour une \u00e9tanch\u00e9it\u00e9 fiable des tuyaux, raccords et connexions filet\u00e9es. Il garantit l'\u00e9tanch\u00e9it\u00e9 des joints des syst\u00e8mes d'air, d'huile, de gaz et hydrauliques, offrant une lubrification sup\u00e9rieure pour un montage et un d\u00e9montage faciles, tout en pr\u00e9venant la corrosion et le grippage.","og_url":"https:\/\/anchorallied.com\/fr\/product\/asmaco-thread-joint-fill\/","og_site_name":"anchoralliedfactory","article_modified_time":"2026-04-13T05:57:19+00:00","og_image":[{"width":1200,"height":1200,"url":"http:\/\/anchorallied.com\/fr\/wp-content\/uploads\/2025\/05\/Anc__0022_Thread-joint-Fill.jpg","type":"image\/jpeg"}],"twitter_card":"summary_large_image","twitter_misc":{"Est. reading time":"1 minute"},"schema":{"@context":"https:\/\/schema.org","@graph":[{"@type":"WebPage","@id":"https:\/\/anchorallied.com\/fr\/product\/asmaco-thread-joint-fill\/","url":"https:\/\/anchorallied.com\/fr\/product\/asmaco-thread-joint-fill\/","name":"REMPLISSAGE DE JOINTS FILET\u00c9S ASMACO - anchoralliedfactory","isPartOf":{"@id":"https:\/\/anchorallied.com\/fr\/#website"},"primaryImageOfPage":{"@id":"https:\/\/anchorallied.com\/fr\/product\/asmaco-thread-joint-fill\/#primaryimage"},"image":{"@id":"https:\/\/anchorallied.com\/fr\/product\/asmaco-thread-joint-fill\/#primaryimage"},"thumbnailUrl":"https:\/\/anchorallied.com\/fr\/wp-content\/uploads\/2025\/05\/Anc__0022_Thread-joint-Fill.jpg","datePublished":"2025-05-27T10:31:50+00:00","dateModified":"2026-04-13T05:57:19+00:00","breadcrumb":{"@id":"https:\/\/anchorallied.com\/fr\/product\/asmaco-thread-joint-fill\/#breadcrumb"},"inLanguage":"en","potentialAction":[{"@type":"ReadAction","target":["https:\/\/anchorallied.com\/fr\/product\/asmaco-thread-joint-fill\/"]}]},{"@type":"ImageObject","inLanguage":"en","@id":"https:\/\/anchorallied.com\/fr\/product\/asmaco-thread-joint-fill\/#primaryimage","url":"https:\/\/anchorallied.com\/fr\/wp-content\/uploads\/2025\/05\/Anc__0022_Thread-joint-Fill.jpg","contentUrl":"https:\/\/anchorallied.com\/fr\/wp-content\/uploads\/2025\/05\/Anc__0022_Thread-joint-Fill.jpg","width":1200,"height":1200},{"@type":"BreadcrumbList","@id":"https:\/\/anchorallied.com\/fr\/product\/asmaco-thread-joint-fill\/#breadcrumb","itemListElement":[{"@type":"ListItem","position":1,"name":"Home","item":"http:\/\/en.anchorallied.com\/fr\/"},{"@type":"ListItem","position":2,"name":"Shop","item":"https:\/\/en.anchorallied.com\/fr\/shop\/"},{"@type":"ListItem","position":3,"name":"REMPLISSAGE DE JOINTS FILET\u00c9S ASMACO"}]},{"@type":"WebSite","@id":"https:\/\/anchorallied.com\/fr\/#website","url":"https:\/\/anchorallied.com\/fr\/","name":"anchoralliedfactory","description":"","potentialAction":[{"@type":"SearchAction","target":{"@type":"EntryPoint","urlTemplate":"https:\/\/anchorallied.com\/fr\/?s={search_term_string}"},"query-input":{"@type":"PropertyValueSpecification","valueRequired":true,"valueName":"search_term_string"}}],"inLanguage":"en"}]}},"_links":{"self":[{"href":"https:\/\/anchorallied.com\/fr\/wp-json\/wp\/v2\/product\/2759","targetHints":{"allow":["GET"]}}],"collection":[{"href":"https:\/\/anchorallied.com\/fr\/wp-json\/wp\/v2\/product"}],"about":[{"href":"https:\/\/anchorallied.com\/fr\/wp-json\/wp\/v2\/types\/product"}],"replies":[{"embeddable":true,"href":"https:\/\/anchorallied.com\/fr\/wp-json\/wp\/v2\/comments?post=2759"}],"wp:featuredmedia":[{"embeddable":true,"href":"https:\/\/anchorallied.com\/fr\/wp-json\/wp\/v2\/media\/2760"}],"wp:attachment":[{"href":"https:\/\/anchorallied.com\/fr\/wp-json\/wp\/v2\/media?parent=2759"}],"wp:term":[{"taxonomy":"product_brand","embeddable":true,"href":"https:\/\/anchorallied.com\/fr\/wp-json\/wp\/v2\/product_brand?post=2759"},{"taxonomy":"product_cat","embeddable":true,"href":"https:\/\/anchorallied.com\/fr\/wp-json\/wp\/v2\/product_cat?post=2759"},{"taxonomy":"product_tag","embeddable":true,"href":"https:\/\/anchorallied.com\/fr\/wp-json\/wp\/v2\/product_tag?post=2759"}],"curies":[{"name":"wp","href":"https:\/\/api.w.org\/{rel}","templated":true}]}}